{"id":999,"date":"2015-02-21T14:57:41","date_gmt":"2015-02-21T14:57:41","guid":{"rendered":"http:\/\/hostallacreu.com\/?page_id=999"},"modified":"2025-10-21T16:53:32","modified_gmt":"2025-10-21T16:53:32","slug":"auberge","status":"publish","type":"page","link":"https:\/\/hostallacreu.com\/fr\/auberge\/","title":{"rendered":"Auberge"},"content":{"rendered":"<div id=\"metaslider-id-3850\" style=\"width: 100%;\" class=\"ml-slider-3-102-0 metaslider metaslider-flex metaslider-3850 ml-slider has-dots-nav ms-theme-default-base\" role=\"region\" aria-label=\"Hostal\" data-height=\"400\" data-width=\"1180\">\n    <div id=\"metaslider_container_3850\">\n        <div id=\"metaslider_3850\">\n            <ul aria-live='off' class='slides'>\n                <li style=\"display: block; width: 100%;\" class=\"slide-3851 ms-image \" aria-roledescription=\"slide\" data-date=\"2025-10-21 16:34:15\" data-slide-type=\"image\"><img loading=\"lazy\" decoding=\"async\" src=\"https:\/\/hostallacreu.com\/wp-content\/uploads\/2015\/01\/hostal-la-creu-mora-ebre-tarragona-habitacions-2-01-01-01-1180x400.jpg\" height=\"400\" width=\"1180\" alt=\"\" class=\"slider-3850 slide-3851 msDefaultImage\" title=\"hostal la creu mora ebre tarragona habitacions 2-01-01-01\" \/><\/li>\n                <li style=\"display: none; width: 100%;\" class=\"slide-3852 ms-image \" aria-roledescription=\"slide\" data-date=\"2025-10-21 16:34:15\" data-slide-type=\"image\"><img loading=\"lazy\" decoding=\"async\" src=\"https:\/\/hostallacreu.com\/wp-content\/uploads\/2015\/01\/hostal-la-creu-mora-ebre-tarragona-habitacions-2-01-01-1180x400.jpg\" height=\"400\" width=\"1180\" alt=\"\" class=\"slider-3850 slide-3852 msDefaultImage\" title=\"hostal la creu mora ebre tarragona habitacions 2-01-01\" \/><\/li>\n                <li style=\"display: none; width: 100%;\" class=\"slide-3853 ms-image \" aria-roledescription=\"slide\" data-date=\"2025-10-21 16:34:16\" data-slide-type=\"image\"><img loading=\"lazy\" decoding=\"async\" src=\"https:\/\/hostallacreu.com\/wp-content\/uploads\/2015\/01\/hostal-la-creu-mora-ebre-tarragona-habitacions-2-01-1180x400.jpg\" height=\"400\" width=\"1180\" alt=\"\" class=\"slider-3850 slide-3853 msDefaultImage\" title=\"hostal la creu mora ebre tarragona habitacions 2-01\" \/><\/li>\n                <li style=\"display: none; width: 100%;\" class=\"slide-3854 ms-image \" aria-roledescription=\"slide\" data-date=\"2025-10-21 16:34:16\" data-slide-type=\"image\"><img loading=\"lazy\" decoding=\"async\" src=\"https:\/\/hostallacreu.com\/wp-content\/uploads\/2014\/11\/hotel-mora-ebre-terres-ebro-catalunya-01.jpg\" height=\"400\" width=\"1180\" alt=\"\" class=\"slider-3850 slide-3854 msDefaultImage\" title=\"hotel mora ebre terres ebro catalunya-01\" \/><\/li>\n                <li style=\"display: none; width: 100%;\" class=\"slide-3855 ms-image \" aria-roledescription=\"slide\" data-date=\"2025-10-21 16:34:16\" data-slide-type=\"image\"><img loading=\"lazy\" decoding=\"async\" src=\"https:\/\/hostallacreu.com\/wp-content\/uploads\/2015\/01\/hostal-la-creu-mora-ebre-tarragona-habitacions-2-01-01-01-01-1180x400.jpg\" height=\"400\" width=\"1180\" alt=\"\" class=\"slider-3850 slide-3855 msDefaultImage\" title=\"hostal la creu mora ebre tarragona habitacions 2-01-01-01-01\" \/><\/li>\n            <\/ul>\n        <\/div>\n        \n    <\/div>\n<\/div>\n\n\n<h1><strong>Un \u00e9tablissement unique \u00e0 Ribera d\u2019Ebre<\/strong><\/h1>\n<p>L\u2019auberge gastronomique La Creu est un \u00e9tablissement urbain et de dessin. Il ressort de par sa fonctionalit\u00e9, l\u2019atmosph\u00e8re familiale et la qualit\u00e9 des installations et des services qui s\u2019offrent. L\u2019auberge est un b\u00e2timent r\u00e9cent, il a \u00e9t\u00e9 inaugur\u00e9 l\u2019an 2009 et son architecture est de style avant-gardiste. Il se situe sur l\u2019art\u00e8re principale de M\u00f3ra d\u2019Ebre et jouit d\u2019un parking gratuit \u00e0 peu de m\u00e8tres.<\/p>\n<p>Il dispose de 15 chambres, dont 9 sont \u00e0 un lit, 3 \u00e0 deux lits et 3 doubles, totalement \u00e9quip\u00e9es. Les chambres ont une salle de bain, de la climatisation et du chauffage, un bureau, un frigo et des am\u00e9nagements.<\/p>\n<p>Depuis l\u2019an 2013 l\u2019auberge dispose du service de restaurant dans le m\u00eame \u00e9tablissement. Le restaurant, sp\u00e9cialis\u00e9 dans la cuisine catalane, offre un menu du jour, un menu de d\u00e9gustation, un menu gastronomique, une carte et des casse-cro\u00fbtes.<\/p>\n<div id=\"TA_cdsscrollingravenarrow500\" class=\"TA_cdsscrollingravenarrow\">\n<ul id=\"9DjaLx\" class=\"TA_links uG05CoC\">\n<li id=\"grO1Lzp\" class=\"Xo3wdTy\">Leer 13 opiniones del <a href=\"http:\/\/www.tripadvisor.es\/Hotel_Review-g1127389-d1752493-Reviews-La_Creu_Hostal_Gastronomico-Mora_d_Ebre_Terres_de_l_Ebre_Province_of_Tarragona_Catalo.html\" target=\"_blank\" rel=\"noopener\">La Creu Hostal Gastron\u00f3mico<\/a><\/li>\n<\/ul>\n<\/div>\n<p><script src=\"http:\/\/www.jscache.com\/wejs?wtype=cdsscrollingravenarrow&amp;uniq=500&amp;locationId=1752493&amp;lang=es&amp;border=true&amp;shadow=true\"><\/script><\/p>","protected":false},"excerpt":{"rendered":"<p>Un \u00e9tablissement unique \u00e0 Ribera d\u2019Ebre L\u2019auberge gastronomique La Creu est un \u00e9tablissement urbain et de dessin. Il ressort de par sa fonctionalit\u00e9, l\u2019atmosph\u00e8re familiale et la qualit\u00e9 des installations et des services qui s\u2019offrent. L\u2019auberge est un b\u00e2timent r\u00e9cent, il a \u00e9t\u00e9 inaugur\u00e9 l\u2019an 2009 et son architecture est de style avant-gardiste. Il se [&hellip;]<\/p>\n","protected":false},"author":3,"featured_media":871,"parent":0,"menu_order":0,"comment_status":"open","ping_status":"open","template":"","meta":{"_monsterinsights_skip_tracking":false,"_monsterinsights_sitenote_active":false,"_monsterinsights_sitenote_note":"","_monsterinsights_sitenote_category":0,"footnotes":""},"class_list":["post-999","page","type-page","status-publish","has-post-thumbnail","hentry"],"yoast_head":"<!-- This site is optimized with the Yoast SEO plugin v26.2 - https:\/\/yoast.com\/wordpress\/plugins\/seo\/ -->\n<title>Auberge - Hostal Gastron\u00f2mic La Creu<\/title>\n<meta name=\"robots\" content=\"index, follow, max-snippet:-1, max-image-preview:large, max-video-preview:-1\" \/>\n<link rel=\"canonical\" href=\"https:\/\/hostallacreu.com\/fr\/auberge\/\" \/>\n<meta property=\"og:locale\" content=\"fr_FR\" \/>\n<meta property=\"og:type\" content=\"article\" \/>\n<meta property=\"og:title\" content=\"Auberge - Hostal Gastron\u00f2mic La Creu\" \/>\n<meta property=\"og:description\" content=\"Un \u00e9tablissement unique \u00e0 Ribera d\u2019Ebre L\u2019auberge gastronomique La Creu est un \u00e9tablissement urbain et de dessin. Il ressort de par sa fonctionalit\u00e9, l\u2019atmosph\u00e8re familiale et la qualit\u00e9 des installations et des services qui s\u2019offrent. L\u2019auberge est un b\u00e2timent r\u00e9cent, il a \u00e9t\u00e9 inaugur\u00e9 l\u2019an 2009 et son architecture est de style avant-gardiste. Il se [&hellip;]\" \/>\n<meta property=\"og:url\" content=\"https:\/\/hostallacreu.com\/fr\/auberge\/\" \/>\n<meta property=\"og:site_name\" content=\"Hostal Gastron\u00f2mic La Creu\" \/>\n<meta property=\"article:modified_time\" content=\"2025-10-21T16:53:32+00:00\" \/>\n<meta property=\"og:image\" content=\"http:\/\/hostallacreu.com\/wp-content\/uploads\/2015\/01\/HALL-3-01-FILEminimizer.jpg\" \/>\n\t<meta property=\"og:image:width\" content=\"2265\" \/>\n\t<meta property=\"og:image:height\" content=\"768\" \/>\n\t<meta property=\"og:image:type\" content=\"image\/jpeg\" \/>\n<meta name=\"twitter:label1\" content=\"Dur\u00e9e de lecture estim\u00e9e\" \/>\n\t<meta name=\"twitter:data1\" content=\"2 minutes\" \/>\n<script type=\"application\/ld+json\" class=\"yoast-schema-graph\">{\"@context\":\"https:\/\/schema.org\",\"@graph\":[{\"@type\":\"WebPage\",\"@id\":\"https:\/\/hostallacreu.com\/fr\/auberge\/\",\"url\":\"https:\/\/hostallacreu.com\/fr\/auberge\/\",\"name\":\"Auberge - Hostal Gastron\u00f2mic La Creu\",\"isPartOf\":{\"@id\":\"https:\/\/hostallacreu.com\/#website\"},\"primaryImageOfPage\":{\"@id\":\"https:\/\/hostallacreu.com\/fr\/auberge\/#primaryimage\"},\"image\":{\"@id\":\"https:\/\/hostallacreu.com\/fr\/auberge\/#primaryimage\"},\"thumbnailUrl\":\"https:\/\/hostallacreu.com\/wp-content\/uploads\/2015\/01\/HALL-3-01-FILEminimizer.jpg\",\"datePublished\":\"2015-02-21T14:57:41+00:00\",\"dateModified\":\"2025-10-21T16:53:32+00:00\",\"breadcrumb\":{\"@id\":\"https:\/\/hostallacreu.com\/fr\/auberge\/#breadcrumb\"},\"inLanguage\":\"fr-FR\",\"potentialAction\":[{\"@type\":\"ReadAction\",\"target\":[\"https:\/\/hostallacreu.com\/fr\/auberge\/\"]}]},{\"@type\":\"ImageObject\",\"inLanguage\":\"fr-FR\",\"@id\":\"https:\/\/hostallacreu.com\/fr\/auberge\/#primaryimage\",\"url\":\"https:\/\/hostallacreu.com\/wp-content\/uploads\/2015\/01\/HALL-3-01-FILEminimizer.jpg\",\"contentUrl\":\"https:\/\/hostallacreu.com\/wp-content\/uploads\/2015\/01\/HALL-3-01-FILEminimizer.jpg\",\"width\":2265,\"height\":768},{\"@type\":\"BreadcrumbList\",\"@id\":\"https:\/\/hostallacreu.com\/fr\/auberge\/#breadcrumb\",\"itemListElement\":[{\"@type\":\"ListItem\",\"position\":1,\"name\":\"Home\",\"item\":\"https:\/\/hostallacreu.com\/fr\/\"},{\"@type\":\"ListItem\",\"position\":2,\"name\":\"Auberge\"}]},{\"@type\":\"WebSite\",\"@id\":\"https:\/\/hostallacreu.com\/#website\",\"url\":\"https:\/\/hostallacreu.com\/\",\"name\":\"Hostal Gastron\u00f2mic La Creu\",\"description\":\"El teu allotjament i restaurant a la Ribera d&#039;Ebre\",\"potentialAction\":[{\"@type\":\"SearchAction\",\"target\":{\"@type\":\"EntryPoint\",\"urlTemplate\":\"https:\/\/hostallacreu.com\/?s={search_term_string}\"},\"query-input\":{\"@type\":\"PropertyValueSpecification\",\"valueRequired\":true,\"valueName\":\"search_term_string\"}}],\"inLanguage\":\"fr-FR\"}]}<\/script>\n<!-- \/ Yoast SEO plugin. -->","yoast_head_json":{"title":"Auberge - Hostal Gastron\u00f2mic La Creu","robots":{"index":"index","follow":"follow","max-snippet":"max-snippet:-1","max-image-preview":"max-image-preview:large","max-video-preview":"max-video-preview:-1"},"canonical":"https:\/\/hostallacreu.com\/fr\/auberge\/","og_locale":"fr_FR","og_type":"article","og_title":"Auberge - Hostal Gastron\u00f2mic La Creu","og_description":"Un \u00e9tablissement unique \u00e0 Ribera d\u2019Ebre L\u2019auberge gastronomique La Creu est un \u00e9tablissement urbain et de dessin. Il ressort de par sa fonctionalit\u00e9, l\u2019atmosph\u00e8re familiale et la qualit\u00e9 des installations et des services qui s\u2019offrent. L\u2019auberge est un b\u00e2timent r\u00e9cent, il a \u00e9t\u00e9 inaugur\u00e9 l\u2019an 2009 et son architecture est de style avant-gardiste. Il se [&hellip;]","og_url":"https:\/\/hostallacreu.com\/fr\/auberge\/","og_site_name":"Hostal Gastron\u00f2mic La Creu","article_modified_time":"2025-10-21T16:53:32+00:00","og_image":[{"width":2265,"height":768,"url":"http:\/\/hostallacreu.com\/wp-content\/uploads\/2015\/01\/HALL-3-01-FILEminimizer.jpg","type":"image\/jpeg"}],"twitter_misc":{"Dur\u00e9e de lecture estim\u00e9e":"2 minutes"},"schema":{"@context":"https:\/\/schema.org","@graph":[{"@type":"WebPage","@id":"https:\/\/hostallacreu.com\/fr\/auberge\/","url":"https:\/\/hostallacreu.com\/fr\/auberge\/","name":"Auberge - Hostal Gastron\u00f2mic La Creu","isPartOf":{"@id":"https:\/\/hostallacreu.com\/#website"},"primaryImageOfPage":{"@id":"https:\/\/hostallacreu.com\/fr\/auberge\/#primaryimage"},"image":{"@id":"https:\/\/hostallacreu.com\/fr\/auberge\/#primaryimage"},"thumbnailUrl":"https:\/\/hostallacreu.com\/wp-content\/uploads\/2015\/01\/HALL-3-01-FILEminimizer.jpg","datePublished":"2015-02-21T14:57:41+00:00","dateModified":"2025-10-21T16:53:32+00:00","breadcrumb":{"@id":"https:\/\/hostallacreu.com\/fr\/auberge\/#breadcrumb"},"inLanguage":"fr-FR","potentialAction":[{"@type":"ReadAction","target":["https:\/\/hostallacreu.com\/fr\/auberge\/"]}]},{"@type":"ImageObject","inLanguage":"fr-FR","@id":"https:\/\/hostallacreu.com\/fr\/auberge\/#primaryimage","url":"https:\/\/hostallacreu.com\/wp-content\/uploads\/2015\/01\/HALL-3-01-FILEminimizer.jpg","contentUrl":"https:\/\/hostallacreu.com\/wp-content\/uploads\/2015\/01\/HALL-3-01-FILEminimizer.jpg","width":2265,"height":768},{"@type":"BreadcrumbList","@id":"https:\/\/hostallacreu.com\/fr\/auberge\/#breadcrumb","itemListElement":[{"@type":"ListItem","position":1,"name":"Home","item":"https:\/\/hostallacreu.com\/fr\/"},{"@type":"ListItem","position":2,"name":"Auberge"}]},{"@type":"WebSite","@id":"https:\/\/hostallacreu.com\/#website","url":"https:\/\/hostallacreu.com\/","name":"Hostal Gastron\u00f2mic La Creu","description":"El teu allotjament i restaurant a la Ribera d&#039;Ebre","potentialAction":[{"@type":"SearchAction","target":{"@type":"EntryPoint","urlTemplate":"https:\/\/hostallacreu.com\/?s={search_term_string}"},"query-input":{"@type":"PropertyValueSpecification","valueRequired":true,"valueName":"search_term_string"}}],"inLanguage":"fr-FR"}]}},"_links":{"self":[{"href":"https:\/\/hostallacreu.com\/fr\/wp-json\/wp\/v2\/pages\/999","targetHints":{"allow":["GET"]}}],"collection":[{"href":"https:\/\/hostallacreu.com\/fr\/wp-json\/wp\/v2\/pages"}],"about":[{"href":"https:\/\/hostallacreu.com\/fr\/wp-json\/wp\/v2\/types\/page"}],"author":[{"embeddable":true,"href":"https:\/\/hostallacreu.com\/fr\/wp-json\/wp\/v2\/users\/3"}],"replies":[{"embeddable":true,"href":"https:\/\/hostallacreu.com\/fr\/wp-json\/wp\/v2\/comments?post=999"}],"version-history":[{"count":2,"href":"https:\/\/hostallacreu.com\/fr\/wp-json\/wp\/v2\/pages\/999\/revisions"}],"predecessor-version":[{"id":3872,"href":"https:\/\/hostallacreu.com\/fr\/wp-json\/wp\/v2\/pages\/999\/revisions\/3872"}],"wp:featuredmedia":[{"embeddable":true,"href":"https:\/\/hostallacreu.com\/fr\/wp-json\/wp\/v2\/media\/871"}],"wp:attachment":[{"href":"https:\/\/hostallacreu.com\/fr\/wp-json\/wp\/v2\/media?parent=999"}],"curies":[{"name":"wp","href":"https:\/\/api.w.org\/{rel}","templated":true}]}}