{"id":565,"date":"2014-11-17T19:12:24","date_gmt":"2014-11-17T19:12:24","guid":{"rendered":"http:\/\/hostallacreu.com\/home-2\/"},"modified":"2025-10-21T16:48:24","modified_gmt":"2025-10-21T16:48:24","slug":"home","status":"publish","type":"page","link":"https:\/\/hostallacreu.com\/fr\/","title":{"rendered":"Home"},"content":{"rendered":"<p>Hostal Gastron\u00f2mic La Creu<\/p>\n\n<div id=\"metaslider-id-3859\" style=\"width: 100%;\" class=\"ml-slider-3-102-0 metaslider metaslider-flex metaslider-3859 ml-slider has-dots-nav ms-theme-default-base\" role=\"region\" aria-label=\"Home\" data-height=\"400\" data-width=\"1180\">\n    <div id=\"metaslider_container_3859\">\n        <div id=\"metaslider_3859\">\n            <ul aria-live='off' class='slides'>\n                <li style=\"display: block; width: 100%;\" class=\"slide-3860 ms-image \" aria-roledescription=\"slide\" data-date=\"2025-10-21 16:38:45\" data-slide-type=\"image\"><img loading=\"lazy\" decoding=\"async\" src=\"https:\/\/hostallacreu.com\/wp-content\/uploads\/2016\/06\/hostal-la-creu-restaurant-mora-ebre-1180x400.png\" height=\"400\" width=\"1180\" alt=\"hostal la creu restaurant mora ebre\" class=\"slider-3859 slide-3860 msDefaultImage\" title=\"hostal la creu restaurant mora ebre\" \/><\/li>\n                <li style=\"display: none; width: 100%;\" class=\"slide-3861 ms-image \" aria-roledescription=\"slide\" data-date=\"2025-10-21 16:38:45\" data-slide-type=\"image\"><img loading=\"lazy\" decoding=\"async\" src=\"https:\/\/hostallacreu.com\/wp-content\/uploads\/2015\/01\/HALL-3-01-FILEminimizer-1180x400.jpg\" height=\"400\" width=\"1180\" alt=\"\" class=\"slider-3859 slide-3861 msDefaultImage\" title=\"HALL 3-01 (FILEminimizer)\" \/><\/li>\n                <li style=\"display: none; width: 100%;\" class=\"slide-3862 ms-image \" aria-roledescription=\"slide\" data-date=\"2025-10-21 16:38:45\" data-slide-type=\"image\"><img loading=\"lazy\" decoding=\"async\" src=\"https:\/\/hostallacreu.com\/wp-content\/uploads\/2015\/01\/hostal-la-creu-mora-ebre-tarragona-habitacions-01-FILEminimizer-1180x400.jpg\" height=\"400\" width=\"1180\" alt=\"\" class=\"slider-3859 slide-3862 msDefaultImage\" title=\"hostal la creu mora ebre tarragona habitacions-01 (FILEminimizer)\" \/><\/li>\n                <li style=\"display: none; width: 100%;\" class=\"slide-3863 ms-image \" aria-roledescription=\"slide\" data-date=\"2025-10-21 16:38:45\" data-slide-type=\"image\"><img loading=\"lazy\" decoding=\"async\" src=\"https:\/\/hostallacreu.com\/wp-content\/uploads\/2016\/06\/hostal-la-creu-restaurant-mora-debre-1180x400.png\" height=\"400\" width=\"1180\" alt=\"hostal la creu restaurant mora d&#039;ebre\" class=\"slider-3859 slide-3863 msDefaultImage\" title=\"hostal la creu restaurant mora d&#039;ebre\" \/><\/li>\n                <li style=\"display: none; width: 100%;\" class=\"slide-3864 ms-image \" aria-roledescription=\"slide\" data-date=\"2025-10-21 16:38:45\" data-slide-type=\"image\"><img loading=\"lazy\" decoding=\"async\" src=\"https:\/\/hostallacreu.com\/wp-content\/uploads\/2014\/11\/hotel-mora-ebre-tarragona-catalunya-01-1180x400.jpg\" height=\"400\" width=\"1180\" alt=\"\" class=\"slider-3859 slide-3864 msDefaultImage\" title=\"hotel mora ebre tarragona catalunya-01\" \/><\/li>\n                <li style=\"display: none; width: 100%;\" class=\"slide-3865 ms-image \" aria-roledescription=\"slide\" data-date=\"2025-10-21 16:38:45\" data-slide-type=\"image\"><img loading=\"lazy\" decoding=\"async\" src=\"https:\/\/hostallacreu.com\/wp-content\/uploads\/2015\/01\/terrassa-hostal-gastronomic-la-creu-mora-ebre-tarragona-restaurant-01-FILEminimizer-1180x400.jpg\" height=\"400\" width=\"1180\" alt=\"\" class=\"slider-3859 slide-3865 msDefaultImage\" title=\"terrassa hostal gastronomic la creu mora ebre tarragona restaurant-01 (FILEminimizer)\" \/><\/li>\n            <\/ul>\n        <\/div>\n        \n    <\/div>\n<\/div>\n\n\n","protected":false},"excerpt":{"rendered":"<p>Hostal Gastron\u00f2mic La Creu<\/p>\n","protected":false},"author":3,"featured_media":0,"parent":0,"menu_order":0,"comment_status":"closed","ping_status":"closed","template":"page-templates\/front-page.php","meta":{"_monsterinsights_skip_tracking":false,"_monsterinsights_sitenote_active":false,"_monsterinsights_sitenote_note":"","_monsterinsights_sitenote_category":0,"footnotes":""},"class_list":["post-565","page","type-page","status-publish","hentry"],"yoast_head":"<!-- This site is optimized with the Yoast SEO plugin v26.2 - https:\/\/yoast.com\/wordpress\/plugins\/seo\/ -->\n<title>Hostal Gastron\u00f2mic La Creu, M\u00f3ra d&#039;Ebre<\/title>\n<meta name=\"description\" content=\"Hostal Gastron\u00f2mic la Creu \u00e9s un allotjament urb\u00e0 d&#039;arquitectura vanguardista i amb servei de restauraci\u00f3 \u00fanic a les Terres de l&#039;Ebre.\" \/>\n<meta name=\"robots\" content=\"index, follow, max-snippet:-1, max-image-preview:large, max-video-preview:-1\" \/>\n<link rel=\"canonical\" href=\"https:\/\/hostallacreu.com\/fr\/\" \/>\n<meta property=\"og:locale\" content=\"fr_FR\" \/>\n<meta property=\"og:type\" content=\"article\" \/>\n<meta property=\"og:title\" content=\"Hostal Gastron\u00f2mic La Creu, M\u00f3ra d&#039;Ebre\" \/>\n<meta property=\"og:description\" content=\"Hostal Gastron\u00f2mic la Creu \u00e9s un allotjament urb\u00e0 d&#039;arquitectura vanguardista i amb servei de restauraci\u00f3 \u00fanic a les Terres de l&#039;Ebre.\" \/>\n<meta property=\"og:url\" content=\"https:\/\/hostallacreu.com\/fr\/\" \/>\n<meta property=\"og:site_name\" content=\"Hostal Gastron\u00f2mic La Creu\" \/>\n<meta property=\"article:modified_time\" content=\"2025-10-21T16:48:24+00:00\" \/>\n<script type=\"application\/ld+json\" class=\"yoast-schema-graph\">{\"@context\":\"https:\/\/schema.org\",\"@graph\":[{\"@type\":\"WebPage\",\"@id\":\"https:\/\/hostallacreu.com\/fr\/\",\"url\":\"https:\/\/hostallacreu.com\/fr\/\",\"name\":\"Hostal Gastron\u00f2mic La Creu, M\u00f3ra d'Ebre\",\"isPartOf\":{\"@id\":\"https:\/\/hostallacreu.com\/#website\"},\"datePublished\":\"2014-11-17T19:12:24+00:00\",\"dateModified\":\"2025-10-21T16:48:24+00:00\",\"description\":\"Hostal Gastron\u00f2mic la Creu \u00e9s un allotjament urb\u00e0 d'arquitectura vanguardista i amb servei de restauraci\u00f3 \u00fanic a les Terres de l'Ebre.\",\"breadcrumb\":{\"@id\":\"https:\/\/hostallacreu.com\/fr\/#breadcrumb\"},\"inLanguage\":\"fr-FR\",\"potentialAction\":[{\"@type\":\"ReadAction\",\"target\":[\"https:\/\/hostallacreu.com\/fr\/\"]}]},{\"@type\":\"BreadcrumbList\",\"@id\":\"https:\/\/hostallacreu.com\/fr\/#breadcrumb\",\"itemListElement\":[{\"@type\":\"ListItem\",\"position\":1,\"name\":\"Home\",\"item\":\"https:\/\/hostallacreu.com\/fr\/\"},{\"@type\":\"ListItem\",\"position\":2,\"name\":\"Home\"}]},{\"@type\":\"WebSite\",\"@id\":\"https:\/\/hostallacreu.com\/#website\",\"url\":\"https:\/\/hostallacreu.com\/\",\"name\":\"Hostal Gastron\u00f2mic La Creu\",\"description\":\"El teu allotjament i restaurant a la Ribera d&#039;Ebre\",\"potentialAction\":[{\"@type\":\"SearchAction\",\"target\":{\"@type\":\"EntryPoint\",\"urlTemplate\":\"https:\/\/hostallacreu.com\/?s={search_term_string}\"},\"query-input\":{\"@type\":\"PropertyValueSpecification\",\"valueRequired\":true,\"valueName\":\"search_term_string\"}}],\"inLanguage\":\"fr-FR\"}]}<\/script>\n<!-- \/ Yoast SEO plugin. -->","yoast_head_json":{"title":"Hostal Gastron\u00f2mic La Creu, M\u00f3ra d'Ebre","description":"Hostal Gastron\u00f2mic la Creu \u00e9s un allotjament urb\u00e0 d'arquitectura vanguardista i amb servei de restauraci\u00f3 \u00fanic a les Terres de l'Ebre.","robots":{"index":"index","follow":"follow","max-snippet":"max-snippet:-1","max-image-preview":"max-image-preview:large","max-video-preview":"max-video-preview:-1"},"canonical":"https:\/\/hostallacreu.com\/fr\/","og_locale":"fr_FR","og_type":"article","og_title":"Hostal Gastron\u00f2mic La Creu, M\u00f3ra d'Ebre","og_description":"Hostal Gastron\u00f2mic la Creu \u00e9s un allotjament urb\u00e0 d'arquitectura vanguardista i amb servei de restauraci\u00f3 \u00fanic a les Terres de l'Ebre.","og_url":"https:\/\/hostallacreu.com\/fr\/","og_site_name":"Hostal Gastron\u00f2mic La Creu","article_modified_time":"2025-10-21T16:48:24+00:00","schema":{"@context":"https:\/\/schema.org","@graph":[{"@type":"WebPage","@id":"https:\/\/hostallacreu.com\/fr\/","url":"https:\/\/hostallacreu.com\/fr\/","name":"Hostal Gastron\u00f2mic La Creu, M\u00f3ra d'Ebre","isPartOf":{"@id":"https:\/\/hostallacreu.com\/#website"},"datePublished":"2014-11-17T19:12:24+00:00","dateModified":"2025-10-21T16:48:24+00:00","description":"Hostal Gastron\u00f2mic la Creu \u00e9s un allotjament urb\u00e0 d'arquitectura vanguardista i amb servei de restauraci\u00f3 \u00fanic a les Terres de l'Ebre.","breadcrumb":{"@id":"https:\/\/hostallacreu.com\/fr\/#breadcrumb"},"inLanguage":"fr-FR","potentialAction":[{"@type":"ReadAction","target":["https:\/\/hostallacreu.com\/fr\/"]}]},{"@type":"BreadcrumbList","@id":"https:\/\/hostallacreu.com\/fr\/#breadcrumb","itemListElement":[{"@type":"ListItem","position":1,"name":"Home","item":"https:\/\/hostallacreu.com\/fr\/"},{"@type":"ListItem","position":2,"name":"Home"}]},{"@type":"WebSite","@id":"https:\/\/hostallacreu.com\/#website","url":"https:\/\/hostallacreu.com\/","name":"Hostal Gastron\u00f2mic La Creu","description":"El teu allotjament i restaurant a la Ribera d&#039;Ebre","potentialAction":[{"@type":"SearchAction","target":{"@type":"EntryPoint","urlTemplate":"https:\/\/hostallacreu.com\/?s={search_term_string}"},"query-input":{"@type":"PropertyValueSpecification","valueRequired":true,"valueName":"search_term_string"}}],"inLanguage":"fr-FR"}]}},"_links":{"self":[{"href":"https:\/\/hostallacreu.com\/fr\/wp-json\/wp\/v2\/pages\/565","targetHints":{"allow":["GET"]}}],"collection":[{"href":"https:\/\/hostallacreu.com\/fr\/wp-json\/wp\/v2\/pages"}],"about":[{"href":"https:\/\/hostallacreu.com\/fr\/wp-json\/wp\/v2\/types\/page"}],"author":[{"embeddable":true,"href":"https:\/\/hostallacreu.com\/fr\/wp-json\/wp\/v2\/users\/3"}],"replies":[{"embeddable":true,"href":"https:\/\/hostallacreu.com\/fr\/wp-json\/wp\/v2\/comments?post=565"}],"version-history":[{"count":3,"href":"https:\/\/hostallacreu.com\/fr\/wp-json\/wp\/v2\/pages\/565\/revisions"}],"predecessor-version":[{"id":3868,"href":"https:\/\/hostallacreu.com\/fr\/wp-json\/wp\/v2\/pages\/565\/revisions\/3868"}],"wp:attachment":[{"href":"https:\/\/hostallacreu.com\/fr\/wp-json\/wp\/v2\/media?parent=565"}],"curies":[{"name":"wp","href":"https:\/\/api.w.org\/{rel}","templated":true}]}}