{"id":3747,"date":"2025-07-02T10:12:36","date_gmt":"2025-07-02T10:12:36","guid":{"rendered":"https:\/\/hostallacreu.com\/avis-legal\/"},"modified":"2025-07-03T09:36:25","modified_gmt":"2025-07-03T09:36:25","slug":"avis-legal","status":"publish","type":"page","link":"https:\/\/hostallacreu.com\/fr\/avis-legal\/","title":{"rendered":"Mentions l\u00e9gales"},"content":{"rendered":"\n<p><strong>PROPRI\u00c9TAIRE DU SITE WEB<\/strong><br>Conform\u00e9ment \u00e0 l&rsquo;obligation d&rsquo;information pr\u00e9vue \u00e0 l&rsquo;article 10 de la loi 34\/2002 du 11 juillet relative aux services de la soci\u00e9t\u00e9 de l&rsquo;information et au commerce \u00e9lectronique, les donn\u00e9es suivantes sont pr\u00e9sent\u00e9es ci-dessous\u00a0:<\/p>\n\n\n\n<p>Entreprise propri\u00e9taire de ce site web&nbsp;: GUIRAO MORILLO, S.L.<br>CIF&nbsp;: B43916113<br>Adresse&nbsp;: AV. COMARQUES CATALANES, 75 &#8211; 43740 &#8211; M\u00d3RA D&rsquo;EBRE (TARRAGONE)<br>Informations d&rsquo;immatriculation&nbsp;: Registre du commerce de Tarragone, tome 2359, folio 154, feuille T-37359, 1re inscription.<br>T\u00e9l\u00e9phone&nbsp;: 977400707<br>Courriel&nbsp;: info@hostallacreu.com<\/p>\n\n\n\n<p><strong>OBJET<\/strong><br>Le responsable met \u00e0 la disposition des utilisateurs ce document afin de se conformer aux dispositions de la r\u00e9glementation en vigueur en mati\u00e8re de protection des donn\u00e9es, dans le cadre du nouveau cadre r\u00e9glementaire \u00e9tabli par le R\u00e8glement (UE) 2016\/679 du Parlement europ\u00e9en et du Conseil du 27\u00a0avril\u00a02016 relatif \u00e0 la protection des personnes physiques \u00e0 l&rsquo;\u00e9gard du traitement des donn\u00e9es \u00e0 caract\u00e8re personnel et \u00e0 la libre circulation de ces donn\u00e9es (ci-apr\u00e8s, le \u00ab\u00a0RGPD\u00a0\u00bb), et la Loi organique relative \u00e0 la protection des donn\u00e9es et \u00e0 la garantie des droits num\u00e9riques (ci-apr\u00e8s, la \u00ab\u00a0LOPDGDD\u00a0\u00bb), et d&rsquo;informer tous les utilisateurs du site web de ses conditions d&rsquo;utilisation.<\/p>\n\n\n\n<p>Tout utilisateur acc\u00e9dant \u00e0 ce site web assume le r\u00f4le d&rsquo;utilisateur et s&rsquo;engage \u00e0 respecter scrupuleusement les dispositions qui y sont \u00e9nonc\u00e9es, ainsi que toute autre disposition l\u00e9gale applicable.<\/p>\n\n\n\n<p>Le Responsable se r\u00e9serve le droit de modifier toute information publi\u00e9e sur le site web, sans obligation de pr\u00e9avis ni d&rsquo;information des utilisateurs. La publication sur le site web du Responsable est consid\u00e9r\u00e9e comme suffisante.<\/p>\n\n\n\n<p><strong>RESPONSABILIT\u00c9<\/strong><br>Le Responsable d\u00e9cline toute responsabilit\u00e9 quant aux informations publi\u00e9es sur son site web qui auraient \u00e9t\u00e9 manipul\u00e9es ou saisies par un tiers \u00e9tranger.<\/p>\n\n\n\n<p><strong>ADRESSES IP<\/strong><br>Les serveurs du site web d\u00e9tectent automatiquement l&rsquo;adresse IP et le nom de domaine utilis\u00e9s par l&rsquo;utilisateur.<\/p>\n\n\n\n<p>Une adresse IP est un num\u00e9ro automatiquement attribu\u00e9 \u00e0 un ordinateur lors de sa connexion \u00e0 Internet. Toutes ces informations sont enregistr\u00e9es dans un fichier d&rsquo;activit\u00e9 du serveur, ce qui permet leur traitement ult\u00e9rieur afin d&rsquo;obtenir des mesures purement statistiques permettant de conna\u00eetre le nombre de pages vues, le nombre de visites effectu\u00e9es sur les serveurs web, l&rsquo;ordre des visites, le point d&rsquo;acc\u00e8s, etc.<\/p>\n\n\n\n<p><strong>POLITIQUE DE LIENS<\/strong><br>Depuis ce site web, il est possible d&rsquo;\u00eatre redirig\u00e9 vers des contenus de sites web tiers. \u00c9tant donn\u00e9 que le Responsable ne peut pas toujours contr\u00f4ler le contenu publi\u00e9 par des tiers sur ses sites web, il d\u00e9cline toute responsabilit\u00e9 \u00e0 cet \u00e9gard. Dans tous les cas, le Responsable d\u00e9clare qu&rsquo;il proc\u00e9dera au retrait imm\u00e9diat de tout contenu susceptible de contrevenir \u00e0 la l\u00e9gislation nationale ou internationale, aux bonnes m\u0153urs ou \u00e0 l&rsquo;ordre public, ainsi qu&rsquo;au retrait imm\u00e9diat de la redirection vers ledit site web et \u00e0 la communication du contenu aux autorit\u00e9s comp\u00e9tentes.<br>Le Responsable d\u00e9cline toute responsabilit\u00e9 quant aux informations et contenus stock\u00e9s, y compris, mais sans s&rsquo;y limiter, les forums, les chats, les g\u00e9n\u00e9rateurs de blogs, les commentaires, les r\u00e9seaux sociaux ou tout autre moyen permettant \u00e0 des tiers de publier du contenu de mani\u00e8re ind\u00e9pendante sur son site web. Toutefois, conform\u00e9ment aux dispositions des articles 11 et 16 de la LSSICE, le Responsable se tient \u00e0 la disposition de tous les utilisateurs, autorit\u00e9s et forces de s\u00e9curit\u00e9, collaborant activement au retrait ou, le cas \u00e9ch\u00e9ant, au blocage de tout contenu susceptible de porter atteinte ou de contrevenir \u00e0 la l\u00e9gislation nationale ou internationale, aux droits des tiers, aux bonnes m\u0153urs et \u00e0 l&rsquo;ordre public. Si l&rsquo;utilisateur estime que le contenu du site web pourrait \u00eatre class\u00e9 comme tel, il est pri\u00e9 d&rsquo;en informer imm\u00e9diatement l&rsquo;administrateur.<\/p>\n\n\n\n<p>Ce site web a \u00e9t\u00e9 r\u00e9vis\u00e9 et test\u00e9 afin de garantir son bon fonctionnement. Son bon fonctionnement est en principe garanti 365 jours par an, 24 heures sur 24. Toutefois, le Responsable n&rsquo;exclut pas la possibilit\u00e9 d&rsquo;erreurs de programmation, de cas de force majeure, de catastrophes naturelles, de gr\u00e8ves ou de circonstances similaires rendant l&rsquo;acc\u00e8s au site impossible.<\/p>\n\n\n\n<p><strong>PROTECTION DES DONN\u00c9ES<\/strong><br>Le Responsable se conforme aux dispositions du R\u00e8glement (UE) 2016\/679 du Parlement europ\u00e9en et du Conseil du 27 avril 2016 relatif \u00e0 la protection des personnes physiques \u00e0 l&rsquo;\u00e9gard du traitement des donn\u00e9es \u00e0 caract\u00e8re personnel et \u00e0 la libre circulation de ces donn\u00e9es (RGPD), ainsi qu&rsquo;\u00e0 la loi organique nationale relative \u00e0 la protection des donn\u00e9es et \u00e0 la garantie des droits num\u00e9riques (LOPDGDD).<\/p>\n\n\n\n<p>De m\u00eame, le Responsable se conforme \u00e0 la loi 34\/2002 du 11 juillet relative aux services de la soci\u00e9t\u00e9 de l&rsquo;information et au commerce \u00e9lectronique et vous demandera votre consentement au traitement de vos donn\u00e9es \u00e0 des fins commerciales \u00e0 tout moment.<\/p>\n\n\n\n<p><strong>PROPRI\u00c9T\u00c9 INTELLECTUELLE ET INDUSTRIELLE<\/strong><br>Le site web, y compris, mais sans s&rsquo;y limiter, sa programmation, son \u00e9dition, sa compilation et les autres \u00e9l\u00e9ments n\u00e9cessaires \u00e0 son fonctionnement, les conceptions, logos, textes et\/ou graphiques, sont la propri\u00e9t\u00e9 du responsable ou, le cas \u00e9ch\u00e9ant, font l&rsquo;objet d&rsquo;une licence ou d&rsquo;une autorisation expresse de leurs auteurs.<\/p>\n\n\n\n<p>Tous les contenus du site web sont d\u00fbment prot\u00e9g\u00e9s par la r\u00e9glementation sur la propri\u00e9t\u00e9 intellectuelle et industrielle.<\/p>\n\n\n\n<p>Quel que soit leur finalit\u00e9, la reproduction, l&rsquo;utilisation, l&rsquo;exploitation, la distribution et la commercialisation, totales ou partielles, n\u00e9cessitent dans tous les cas l&rsquo;autorisation \u00e9crite pr\u00e9alable du responsable. Toute utilisation non autoris\u00e9e au pr\u00e9alable par le responsable sera consid\u00e9r\u00e9e comme une violation grave des droits de propri\u00e9t\u00e9 intellectuelle ou industrielle de l&rsquo;auteur.<\/p>\n\n\n\n<p>Les conceptions, logos, textes et\/ou graphiques n&rsquo;appartenant pas au fournisseur et susceptibles d&rsquo;appara\u00eetre sur le site web appartiennent \u00e0 leurs propri\u00e9taires respectifs, qui sont eux-m\u00eames responsables de toute \u00e9ventuelle controverse les concernant. Dans tous les cas, le responsable dispose de leur autorisation expresse et pr\u00e9alable. Le Responsable autorise express\u00e9ment les tiers \u00e0 rediriger directement vers les contenus sp\u00e9cifiques du site web, et dans tous les cas vers la page d&rsquo;accueil de son site web.<\/p>\n\n\n\n<p>Le Responsable reconna\u00eet \u00e0 ses titulaires les droits de propri\u00e9t\u00e9 intellectuelle et industrielle correspondants. La mention ou l&rsquo;apparition de ces droits sur le site web n&rsquo;implique aucun droit ni aucune responsabilit\u00e9 du Responsable, ni aucun soutien, parrainage ou recommandation de ces droits.<\/p>\n\n\n\n<p>Pour toutes les images pour lesquelles le logiciel de conception le permet, les r\u00e9f\u00e9rences correspondantes \u00e0 la paternit\u00e9 et \u00e0 la licence correspondante ont \u00e9t\u00e9 incluses.<\/p>\n\n\n\n<p>Pour toute observation concernant d&rsquo;\u00e9ventuelles violations des droits de propri\u00e9t\u00e9 intellectuelle ou industrielle, ainsi que du contenu du site web, vous pouvez le faire par \u00e9crit ou l&rsquo;indiquer dans l&rsquo;en-t\u00eate.<\/p>\n\n\n\n<p><strong>SSL<\/strong><br>Le Responsable a souscrit un certificat SSL (\u00ab\u00a0Secure Sockets Layer\u00a0\u00bb) pour son site web.<\/p>\n\n\n\n<p>Un certificat SSL permet de prot\u00e9ger toutes les informations personnelles et confidentielles g\u00e9r\u00e9es sur un site web, quelles que soient les informations transmises, comme par exemple les donn\u00e9es des formulaires de contact du site web vers le serveur, les donn\u00e9es saisies pour s&rsquo;abonner \u00e0 des newsletters ou acc\u00e9der \u00e0 des espaces prot\u00e9g\u00e9s, etc.<\/p>\n\n\n\n<p>L&rsquo;adresse du site web appara\u00eetra en vert, activant le protocole \u00ab\u00a0https\u00a0\u00bb qui permet des connexions s\u00e9curis\u00e9es entre un serveur web et le navigateur de l&rsquo;utilisateur.<\/p>\n<p>\u00a0<\/p>\n\n\n","protected":false},"excerpt":{"rendered":"<p>PROPRI\u00c9TAIRE DU SITE WEBConform\u00e9ment \u00e0 l&rsquo;obligation d&rsquo;information pr\u00e9vue \u00e0 l&rsquo;article 10 de la loi 34\/2002 du 11 juillet relative aux services de la soci\u00e9t\u00e9 de l&rsquo;information et au commerce \u00e9lectronique, les donn\u00e9es suivantes sont pr\u00e9sent\u00e9es ci-dessous\u00a0: Entreprise propri\u00e9taire de ce site web&nbsp;: GUIRAO MORILLO, S.L.CIF&nbsp;: B43916113Adresse&nbsp;: AV. COMARQUES CATALANES, 75 &#8211; 43740 &#8211; M\u00d3RA D&rsquo;EBRE [&hellip;]<\/p>\n","protected":false},"author":4,"featured_media":0,"parent":0,"menu_order":0,"comment_status":"closed","ping_status":"closed","template":"","meta":{"_monsterinsights_skip_tracking":false,"_monsterinsights_sitenote_active":false,"_monsterinsights_sitenote_note":"","_monsterinsights_sitenote_category":0,"footnotes":""},"class_list":["post-3747","page","type-page","status-publish","hentry"],"yoast_head":"<!-- This site is optimized with the Yoast SEO plugin v26.2 - https:\/\/yoast.com\/wordpress\/plugins\/seo\/ -->\n<title>Mentions l\u00e9gales - Hostal Gastron\u00f2mic La Creu<\/title>\n<meta name=\"robots\" content=\"index, follow, max-snippet:-1, max-image-preview:large, max-video-preview:-1\" \/>\n<link rel=\"canonical\" href=\"https:\/\/hostallacreu.com\/fr\/avis-legal\/\" \/>\n<meta property=\"og:locale\" content=\"fr_FR\" \/>\n<meta property=\"og:type\" content=\"article\" \/>\n<meta property=\"og:title\" content=\"Mentions l\u00e9gales - Hostal Gastron\u00f2mic La Creu\" \/>\n<meta property=\"og:description\" content=\"PROPRI\u00c9TAIRE DU SITE WEBConform\u00e9ment \u00e0 l&rsquo;obligation d&rsquo;information pr\u00e9vue \u00e0 l&rsquo;article 10 de la loi 34\/2002 du 11 juillet relative aux services de la soci\u00e9t\u00e9 de l&rsquo;information et au commerce \u00e9lectronique, les donn\u00e9es suivantes sont pr\u00e9sent\u00e9es ci-dessous\u00a0: Entreprise propri\u00e9taire de ce site web&nbsp;: GUIRAO MORILLO, S.L.CIF&nbsp;: B43916113Adresse&nbsp;: AV. COMARQUES CATALANES, 75 &#8211; 43740 &#8211; M\u00d3RA D&rsquo;EBRE [&hellip;]\" \/>\n<meta property=\"og:url\" content=\"https:\/\/hostallacreu.com\/fr\/avis-legal\/\" \/>\n<meta property=\"og:site_name\" content=\"Hostal Gastron\u00f2mic La Creu\" \/>\n<meta property=\"article:modified_time\" content=\"2025-07-03T09:36:25+00:00\" \/>\n<meta name=\"twitter:label1\" content=\"Dur\u00e9e de lecture estim\u00e9e\" \/>\n\t<meta name=\"twitter:data1\" content=\"7 minutes\" \/>\n<script type=\"application\/ld+json\" class=\"yoast-schema-graph\">{\"@context\":\"https:\/\/schema.org\",\"@graph\":[{\"@type\":\"WebPage\",\"@id\":\"https:\/\/hostallacreu.com\/fr\/avis-legal\/\",\"url\":\"https:\/\/hostallacreu.com\/fr\/avis-legal\/\",\"name\":\"Mentions l\u00e9gales - Hostal Gastron\u00f2mic La Creu\",\"isPartOf\":{\"@id\":\"https:\/\/hostallacreu.com\/#website\"},\"datePublished\":\"2025-07-02T10:12:36+00:00\",\"dateModified\":\"2025-07-03T09:36:25+00:00\",\"breadcrumb\":{\"@id\":\"https:\/\/hostallacreu.com\/fr\/avis-legal\/#breadcrumb\"},\"inLanguage\":\"fr-FR\",\"potentialAction\":[{\"@type\":\"ReadAction\",\"target\":[\"https:\/\/hostallacreu.com\/fr\/avis-legal\/\"]}]},{\"@type\":\"BreadcrumbList\",\"@id\":\"https:\/\/hostallacreu.com\/fr\/avis-legal\/#breadcrumb\",\"itemListElement\":[{\"@type\":\"ListItem\",\"position\":1,\"name\":\"Home\",\"item\":\"https:\/\/hostallacreu.com\/fr\/\"},{\"@type\":\"ListItem\",\"position\":2,\"name\":\"Mentions l\u00e9gales\"}]},{\"@type\":\"WebSite\",\"@id\":\"https:\/\/hostallacreu.com\/#website\",\"url\":\"https:\/\/hostallacreu.com\/\",\"name\":\"Hostal Gastron\u00f2mic La Creu\",\"description\":\"El teu allotjament i restaurant a la Ribera d&#039;Ebre\",\"potentialAction\":[{\"@type\":\"SearchAction\",\"target\":{\"@type\":\"EntryPoint\",\"urlTemplate\":\"https:\/\/hostallacreu.com\/?s={search_term_string}\"},\"query-input\":{\"@type\":\"PropertyValueSpecification\",\"valueRequired\":true,\"valueName\":\"search_term_string\"}}],\"inLanguage\":\"fr-FR\"}]}<\/script>\n<!-- \/ Yoast SEO plugin. -->","yoast_head_json":{"title":"Mentions l\u00e9gales - Hostal Gastron\u00f2mic La Creu","robots":{"index":"index","follow":"follow","max-snippet":"max-snippet:-1","max-image-preview":"max-image-preview:large","max-video-preview":"max-video-preview:-1"},"canonical":"https:\/\/hostallacreu.com\/fr\/avis-legal\/","og_locale":"fr_FR","og_type":"article","og_title":"Mentions l\u00e9gales - Hostal Gastron\u00f2mic La Creu","og_description":"PROPRI\u00c9TAIRE DU SITE WEBConform\u00e9ment \u00e0 l&rsquo;obligation d&rsquo;information pr\u00e9vue \u00e0 l&rsquo;article 10 de la loi 34\/2002 du 11 juillet relative aux services de la soci\u00e9t\u00e9 de l&rsquo;information et au commerce \u00e9lectronique, les donn\u00e9es suivantes sont pr\u00e9sent\u00e9es ci-dessous\u00a0: Entreprise propri\u00e9taire de ce site web&nbsp;: GUIRAO MORILLO, S.L.CIF&nbsp;: B43916113Adresse&nbsp;: AV. COMARQUES CATALANES, 75 &#8211; 43740 &#8211; M\u00d3RA D&rsquo;EBRE [&hellip;]","og_url":"https:\/\/hostallacreu.com\/fr\/avis-legal\/","og_site_name":"Hostal Gastron\u00f2mic La Creu","article_modified_time":"2025-07-03T09:36:25+00:00","twitter_misc":{"Dur\u00e9e de lecture estim\u00e9e":"7 minutes"},"schema":{"@context":"https:\/\/schema.org","@graph":[{"@type":"WebPage","@id":"https:\/\/hostallacreu.com\/fr\/avis-legal\/","url":"https:\/\/hostallacreu.com\/fr\/avis-legal\/","name":"Mentions l\u00e9gales - Hostal Gastron\u00f2mic La Creu","isPartOf":{"@id":"https:\/\/hostallacreu.com\/#website"},"datePublished":"2025-07-02T10:12:36+00:00","dateModified":"2025-07-03T09:36:25+00:00","breadcrumb":{"@id":"https:\/\/hostallacreu.com\/fr\/avis-legal\/#breadcrumb"},"inLanguage":"fr-FR","potentialAction":[{"@type":"ReadAction","target":["https:\/\/hostallacreu.com\/fr\/avis-legal\/"]}]},{"@type":"BreadcrumbList","@id":"https:\/\/hostallacreu.com\/fr\/avis-legal\/#breadcrumb","itemListElement":[{"@type":"ListItem","position":1,"name":"Home","item":"https:\/\/hostallacreu.com\/fr\/"},{"@type":"ListItem","position":2,"name":"Mentions l\u00e9gales"}]},{"@type":"WebSite","@id":"https:\/\/hostallacreu.com\/#website","url":"https:\/\/hostallacreu.com\/","name":"Hostal Gastron\u00f2mic La Creu","description":"El teu allotjament i restaurant a la Ribera d&#039;Ebre","potentialAction":[{"@type":"SearchAction","target":{"@type":"EntryPoint","urlTemplate":"https:\/\/hostallacreu.com\/?s={search_term_string}"},"query-input":{"@type":"PropertyValueSpecification","valueRequired":true,"valueName":"search_term_string"}}],"inLanguage":"fr-FR"}]}},"_links":{"self":[{"href":"https:\/\/hostallacreu.com\/fr\/wp-json\/wp\/v2\/pages\/3747","targetHints":{"allow":["GET"]}}],"collection":[{"href":"https:\/\/hostallacreu.com\/fr\/wp-json\/wp\/v2\/pages"}],"about":[{"href":"https:\/\/hostallacreu.com\/fr\/wp-json\/wp\/v2\/types\/page"}],"author":[{"embeddable":true,"href":"https:\/\/hostallacreu.com\/fr\/wp-json\/wp\/v2\/users\/4"}],"replies":[{"embeddable":true,"href":"https:\/\/hostallacreu.com\/fr\/wp-json\/wp\/v2\/comments?post=3747"}],"version-history":[{"count":2,"href":"https:\/\/hostallacreu.com\/fr\/wp-json\/wp\/v2\/pages\/3747\/revisions"}],"predecessor-version":[{"id":3777,"href":"https:\/\/hostallacreu.com\/fr\/wp-json\/wp\/v2\/pages\/3747\/revisions\/3777"}],"wp:attachment":[{"href":"https:\/\/hostallacreu.com\/fr\/wp-json\/wp\/v2\/media?parent=3747"}],"curies":[{"name":"wp","href":"https:\/\/api.w.org\/{rel}","templated":true}]}}