{"id":3744,"date":"2025-07-02T07:44:04","date_gmt":"2025-07-02T07:44:04","guid":{"rendered":"https:\/\/hostallacreu.com\/politica-privacitat\/"},"modified":"2025-07-03T09:18:57","modified_gmt":"2025-07-03T09:18:57","slug":"politica-privacitat","status":"publish","type":"page","link":"https:\/\/hostallacreu.com\/fr\/politica-privacitat\/","title":{"rendered":"Politique de Confidentialit\u00e9"},"content":{"rendered":"\n\n\n<p>GUIRAO MORILLO, S.L. informe les utilisateurs de son site web de sa politique de traitement et de protection des donn\u00e9es personnelles des utilisateurs et clients.<\/p>\n<p>Elle garantit \u00e0 tout moment le respect int\u00e9gral des obligations pr\u00e9vues par la r\u00e9glementation relative \u00e0 la protection des donn\u00e9es et aux services de la soci\u00e9t\u00e9 de l&rsquo;information\u00a0: le R\u00e8glement (UE) 2016\/679 du Parlement europ\u00e9en et du Conseil du 27 avril 2016 relatif \u00e0 la protection des personnes physiques \u00e0 l&rsquo;\u00e9gard du traitement des donn\u00e9es \u00e0 caract\u00e8re personnel et \u00e0 la libre circulation de ces donn\u00e9es (RGPD), la loi organique 3\/2018 du 5 d\u00e9cembre relative \u00e0 la protection des donn\u00e9es personnelles et \u00e0 la garantie des droits num\u00e9riques (LOPDGDD) et la loi 34\/2002 du 11 juillet relative aux services de la soci\u00e9t\u00e9 de l&rsquo;information et au commerce \u00e9lectronique (LSSIce).<\/p>\n<p><strong>RESPONSABLE DU TRAITEMENT<\/strong><\/p>\n<p>GUIRAO MORILLO, S.L.<\/p>\n<p>C.I.F.: B43916113<\/p>\n<p>Adresse: AV. COMARQUES CATALANES, 75 &#8211; 43740 &#8211; M\u00d3RA D&rsquo;EBRE (TARRAGONE)<\/p>\n<p>Immatriculation\u00a0: Registre du commerce de Tarragone, tome 2359, folio 154, feuille T-37359, 1re inscription.<\/p>\n<p>T\u00e9l\u00e9phone\u00a0: 977400707<\/p>\n<p>Courriel\u00a0: info@hostallacreu.com<\/p>\n<p>\u00a0<\/p>\n<p><strong>FINALIT\u00c9S DU TRAITEMENT DES DONN\u00c9ES<\/strong><\/p>\n<p>Les donn\u00e9es fournies par l&rsquo;Utilisateur sont utilis\u00e9es aux fins suivantes:<\/p>\n<table width=\"584\">\n<tbody>\n<tr>\n<td width=\"291\">\n<p><strong>Finalit\u00e9 du traitement\u00a0\u00a0\u00a0\u00a0\u00a0\u00a0\u00a0\u00a0\u00a0\u00a0\u00a0\u00a0\u00a0\u00a0\u00a0 <\/strong><\/p>\n<\/td>\n<td width=\"293\">\n<p><strong>Base juridique du traitement<\/strong><\/p>\n<\/td>\n<\/tr>\n<tr>\n<td width=\"291\">\n<p>Gestion des demandes de renseignements ou de toute autre demande effectu\u00e9e via les formulaires de contact disponibles sur le site web.<\/p>\n<\/td>\n<td width=\"293\">\n<p>Int\u00e9r\u00eat l\u00e9gitime de la Soci\u00e9t\u00e9 \u00e0 r\u00e9pondre aux demandes d&rsquo;informations via le site web.<\/p>\n<p>Consentement expr\u00e8s donn\u00e9 lors de la collecte des donn\u00e9es via les formulaires web.<\/p>\n<\/td>\n<\/tr>\n<tr>\n<td width=\"291\">\n<p>Envoi de newsletters, communications commerciales et promotions.<\/p>\n<\/td>\n<td width=\"293\">\n<p>Consentement express\u00e9ment donn\u00e9 lors de la collecte de donn\u00e9es via les formulaires web.<\/p>\n<\/td>\n<\/tr>\n<tr>\n<td width=\"291\">\n<p>Cr\u00e9er et g\u00e9rer votre inscription en tant qu&rsquo;Utilisateur.<\/p>\n<p>\u00a0<\/p>\n<\/td>\n<td width=\"293\">\n<p>Consentement express\u00e9ment donn\u00e9 lors de la collecte de donn\u00e9es via les formulaires web.<\/p>\n<\/td>\n<\/tr>\n<tr>\n<td width=\"291\">\n<p>Pour le d\u00e9veloppement, l&rsquo;ex\u00e9cution et la mise en \u0153uvre du contrat d&rsquo;achat ou des services que vous avez souscrits via notre site web.<\/p>\n<\/td>\n<td width=\"293\">\n<p>Consentement express\u00e9ment donn\u00e9 lors de la collecte de donn\u00e9es via les formulaires web.<\/p>\n<\/td>\n<\/tr>\n<tr>\n<td width=\"291\">\n<p>Gestion comptable.<\/p>\n<\/td>\n<td width=\"293\">\n<p>Ex\u00e9cution d&rsquo;un contrat.<\/p>\n<\/td>\n<\/tr>\n<tr>\n<td width=\"291\">\n<p>Respect des obligations fiscales en vigueur.<\/p>\n<\/td>\n<td width=\"293\">\n<p>Respect des obligations l\u00e9gales qui nous sont applicables.<\/p>\n<\/td>\n<\/tr>\n<tr>\n<td width=\"291\">\n<p>Gestion des incidents et maintenance du site web.<\/p>\n<\/td>\n<td width=\"293\">\n<p>Int\u00e9r\u00eat l\u00e9gitime de la Soci\u00e9t\u00e9.<\/p>\n<p>\u00a0<\/p>\n<\/td>\n<\/tr>\n<\/tbody>\n<\/table>\n<p>\u00a0<\/p>\n<p><strong>DUR\u00c9E DE CONSERVATION DES DONN\u00c9ES<\/strong><\/p>\n<table width=\"584\">\n<tbody>\n<tr>\n<td width=\"291\">\n<p><strong>Finalit\u00e9 du traitement<\/strong><\/p>\n<\/td>\n<td width=\"293\">\n<p><strong>Dur\u00e9e de conservation<\/strong><\/p>\n<\/td>\n<\/tr>\n<tr>\n<td width=\"291\">\n<p>G\u00e9rer les requ\u00eates ou tout type de demande effectu\u00e9e via les formulaires de contact disponibles sur le site web.<\/p>\n<\/td>\n<td width=\"293\">\n<p>Nous traiterons vos donn\u00e9es aussi longtemps que n\u00e9cessaire pour r\u00e9pondre \u00e0 votre demande.<\/p>\n<\/td>\n<\/tr>\n<tr>\n<td width=\"291\">\n<p>Envoi de newsletters, communications commerciales et promotions.<\/p>\n<\/td>\n<td width=\"293\">\n<p>Nous traiterons vos donn\u00e9es jusqu&rsquo;\u00e0 votre d\u00e9sinscription.<\/p>\n<\/td>\n<\/tr>\n<tr>\n<td width=\"291\">\n<p>Cr\u00e9er et g\u00e9rer votre inscription en tant qu&rsquo;utilisateur.<\/p>\n<p>\u00a0<\/p>\n<\/td>\n<td width=\"293\">\n<p>Nous traiterons vos donn\u00e9es tant que vous conserverez votre statut d&rsquo;utilisateur inscrit (c&rsquo;est-\u00e0-dire jusqu&rsquo;\u00e0 votre d\u00e9sinscription).<\/p>\n<\/td>\n<\/tr>\n<tr>\n<td width=\"291\">\n<p>Pour le d\u00e9veloppement, l&rsquo;ex\u00e9cution et la mise en \u0153uvre du contrat d&rsquo;achat ou des services que vous avez souscrits via notre site web.<\/p>\n<\/td>\n<td width=\"293\">\n<p>Nous traiterons vos donn\u00e9es pendant la dur\u00e9e n\u00e9cessaire \u00e0 la gestion de l&rsquo;achat des produits ou services que vous avez achet\u00e9s, y compris les \u00e9ventuels retours, r\u00e9clamations ou r\u00e9clamations li\u00e9s \u00e0 l&rsquo;achat du produit ou service concern\u00e9.<\/p>\n<\/td>\n<\/tr>\n<tr>\n<td width=\"291\">\n<p>Gestion comptable.<\/p>\n<\/td>\n<td width=\"293\">\n<p>Nous traiterons vos donn\u00e9es pendant la dur\u00e9e n\u00e9cessaire au respect des d\u00e9lais de prescription l\u00e9gaux qui vous sont applicables.<\/p>\n<\/td>\n<\/tr>\n<tr>\n<td width=\"291\">\n<p>Respect des obligations fiscales en vigueur.<\/p>\n<\/td>\n<td width=\"293\">\n<p>Nous traiterons vos donn\u00e9es pendant la dur\u00e9e n\u00e9cessaire au respect des d\u00e9lais de prescription l\u00e9gaux qui vous sont applicables.<\/p>\n<\/td>\n<\/tr>\n<tr>\n<td width=\"291\">\n<p>Gestion des incidents et de la maintenance du site web.<\/p>\n<\/td>\n<td width=\"293\">\n<p>Nous traiterons vos donn\u00e9es pendant la dur\u00e9e n\u00e9cessaire au respect des d\u00e9lais de prescription l\u00e9gaux qui vous sont applicables.<\/p>\n<\/td>\n<\/tr>\n<\/tbody>\n<\/table>\n<p>\u00a0<\/p>\n<p><strong>DESTINATAIRES DES DONN\u00c9ES<\/strong><\/p>\n<p>Afin de respecter les finalit\u00e9s indiqu\u00e9es dans la pr\u00e9sente Politique de confidentialit\u00e9, nous devons donner acc\u00e8s \u00e0 vos donn\u00e9es personnelles \u00e0 des tiers qui nous assistent dans les services que nous vous proposons (Sous-traitants), \u00e0 savoir\u00a0:<\/p>\n<p>&#8211; Entit\u00e9s financi\u00e8res<\/p>\n<p>&#8211; Prestataires de services technologiques<\/p>\n<p>&#8211; Prestataires et collaborateurs de services de logistique, de transport et de livraison<\/p>\n<p>&#8211; Prestataires et collaborateurs de services de marketing et de publicit\u00e9<\/p>\n<p>Les sous-traitants, pour l&rsquo;ex\u00e9cution d&rsquo;un contrat ou la fourniture d&rsquo;un service au Responsable du traitement, doivent suivre ses instructions et garantir les m\u00eames niveaux de s\u00e9curit\u00e9.<\/p>\n<p><strong>COOKIES<\/strong><\/p>\n<p>Concernant l&rsquo;utilisation des cookies et autres technologies de suivi, veuillez consulter la Politique relative aux cookies de ce site. Dans ce cas, la base juridique du traitement de vos donn\u00e9es est votre consentement donn\u00e9 en acceptant le chargement de cookies dans votre navigateur.<\/p>\n<p><strong>\u00a0<\/strong><strong>DROITS DE L&rsquo;UTILISATEUR<\/strong><\/p>\n<p>L&rsquo;utilisateur a le droit de\u00a0:<\/p>\n<ul>\n<li>Demander l&rsquo;acc\u00e8s \u00e0 ses donn\u00e9es personnelles trait\u00e9es et recevoir ces informations par \u00e9crit par le moyen demand\u00e9.<\/li>\n<li>Demander la rectification des donn\u00e9es personnelles inexactes ou, le cas \u00e9ch\u00e9ant, leur suppression lorsque, entre autres raisons, les donn\u00e9es ne sont plus n\u00e9cessaires \u00e0 la finalit\u00e9 pour laquelle elles ont \u00e9t\u00e9 collect\u00e9es.<\/li>\n<li>Demander la limitation du traitement de ses donn\u00e9es.<\/li>\n<li>S&rsquo;opposer au traitement de ses donn\u00e9es personnelles, le cas \u00e9ch\u00e9ant, auquel cas ses donn\u00e9es ne seront plus trait\u00e9es, sauf pour des motifs l\u00e9gitimes.<\/li>\n<li>Droit \u00e0 la portabilit\u00e9 des donn\u00e9es. La personne concern\u00e9e a le droit de recevoir ses donn\u00e9es personnelles si elles ont \u00e9t\u00e9 fournies dans un format structur\u00e9, couramment utilis\u00e9 et lisible par machine, et de les transmettre \u00e0 un autre responsable du traitement, si les conditions suivantes sont remplies:\n<ul>\n<li>Le traitement est fond\u00e9 sur le consentement ou un contrat.<\/li>\n<li>Le traitement est effectu\u00e9 par des moyens automatis\u00e9s.<\/li>\n<\/ul>\n<\/li>\n<li>Droit de retirer le consentement donn\u00e9.<\/li>\n<li>Droit de r\u00e9clamation aupr\u00e8s de l&rsquo;Agence espagnole de protection des donn\u00e9es.<\/li>\n<\/ul>\n<p>L&rsquo;Utilisateur peut exercer les droits susmentionn\u00e9s \u00e0 l&rsquo;adresse postale ou \u00e9lectronique du Responsable du traitement, en justifiant de son identit\u00e9 par une copie scann\u00e9e de sa carte d&rsquo;identit\u00e9 ou d&rsquo;un document \u00e9quivalent, et en pr\u00e9cisant le droit qu&rsquo;il souhaite exercer..<\/p>\n<p><strong>ORIGINE DES DONN\u00c9ES <\/strong><\/p>\n<p>Les donn\u00e9es personnelles doivent \u00eatre fournies par l&rsquo;int\u00e9ress\u00e9 lui-m\u00eame, de mani\u00e8re enti\u00e8rement volontaire. L&rsquo;absence de certaines donn\u00e9es ou l&rsquo;absence de r\u00e9ponse aux questions pos\u00e9es lors des processus d&rsquo;inscription ou via les formulaires \u00e9lectroniques peut entra\u00eener l&rsquo;impossibilit\u00e9 d&rsquo;acc\u00e9der \u00e0 certains services pour lesquels la fourniture de ces donn\u00e9es est indispensable. Dans ce cas, le Responsable du traitement doit informer du caract\u00e8re obligatoire ou n\u00e9cessaire de la fourniture des donn\u00e9es personnelles pour le fonctionnement du service.<\/p>\n<p>Le Responsable du traitement garantit la confidentialit\u00e9 de vos donn\u00e9es personnelles et garantit leur s\u00e9curit\u00e9, en adoptant les mesures n\u00e9cessaires pour \u00e9viter leur alt\u00e9ration, perte, traitement ou acc\u00e8s non autoris\u00e9.<\/p>\n<p><strong>\u00a0<\/strong><strong>INFORMATIONS FOURNIES PAR LA PERSONNE INT\u00c9RESS\u00c9E<\/strong><\/p>\n<p>Les mineurs de moins de 18 ans ne peuvent transf\u00e9rer leurs donn\u00e9es personnelles sans le consentement pr\u00e9alable de leurs parents et\/ou tuteurs l\u00e9gaux.<\/p>\n<p>En saisissant leurs donn\u00e9es dans les formulaires de contact ou en les t\u00e9l\u00e9chargeant, la personne concern\u00e9e accepte express\u00e9ment, librement et sans \u00e9quivoque que ses donn\u00e9es soient n\u00e9cessaires au Responsable du traitement pour r\u00e9pondre \u00e0 sa demande. La saisie des donn\u00e9es dans les champs restants est facultative.<\/p>\n<p>La personne concern\u00e9e garantit l&rsquo;exactitude des donn\u00e9es personnelles fournies au prestataire et s&rsquo;engage \u00e0 communiquer toute modification de celles-ci.<\/p>\n<p>Toutes les donn\u00e9es demand\u00e9es via le site web sont n\u00e9cessaires \u00e0 la fourniture d&rsquo;un service optimal \u00e0 la personne concern\u00e9e. Si toutes les donn\u00e9es ne sont pas fournies, il n&rsquo;est pas garanti que les informations et services fournis par le Responsable du traitement soient parfaitement adapt\u00e9s \u00e0 ses besoins.<\/p>\n<p><strong>\u00a0<\/strong><strong>MESURES DE S\u00c9CURIT\u00c9<\/strong><\/p>\n<p>Conform\u00e9ment aux dispositions de la r\u00e9glementation en vigueur relative \u00e0 la protection des donn\u00e9es personnelles, le Responsable du traitement se conforme \u00e0 toutes les dispositions du RGPD et de la LOPDGDD relatives au traitement des donn\u00e9es personnelles sous sa responsabilit\u00e9, et notamment aux principes d\u00e9crits \u00e0 l&rsquo;article 5 du RGPD et \u00e0 l&rsquo;article 4 de la LOPDGDD, selon lesquels les donn\u00e9es personnelles sont trait\u00e9es de mani\u00e8re licite, loyale et transparente au regard de la personne concern\u00e9e, et sont ad\u00e9quates, pertinentes et limit\u00e9es \u00e0 ce qui est n\u00e9cessaire au regard des finalit\u00e9s pour lesquelles elles sont trait\u00e9es.<\/p>\n<p>Le Responsable du traitement garantit avoir mis en \u0153uvre des politiques techniques et organisationnelles appropri\u00e9es pour appliquer les mesures de s\u00e9curit\u00e9 \u00e9tablies par le RGPD et la LOPDGDD afin de prot\u00e9ger les droits et libert\u00e9s de la personne concern\u00e9e et lui avoir communiqu\u00e9 les informations n\u00e9cessaires pour qu&rsquo;elle puisse les exercer.<\/p>\n<p><strong>FAILLES DE S\u00c9CURIT\u00c9<\/strong><\/p>\n<p>Le Responsable signalera toute faille de s\u00e9curit\u00e9 affectant la base de donn\u00e9es utilis\u00e9e par ce site web, ou l&rsquo;un de nos services tiers, \u00e0 toute personne dont les donn\u00e9es pourraient avoir \u00e9t\u00e9 affect\u00e9es, ainsi qu&rsquo;aux autorit\u00e9s, dans les 72 heures suivant la d\u00e9tection de la faille.<\/p>\n<p><strong>L\u00c9GISLATION APPLICABLE ET JURIDICTION COMP\u00c9TENTE<\/strong><\/p>\n<p>Le Responsable se r\u00e9serve le droit d&rsquo;engager toute action civile ou p\u00e9nale qu&rsquo;il juge n\u00e9cessaire pour toute utilisation abusive du Site web et de ses Contenus.<\/p>\n<p>La relation entre l&rsquo;Utilisateur et le Responsable sera r\u00e9gie par la r\u00e9glementation en vigueur et applicable sur le territoire espagnol. En cas de litige relatif \u00e0 son interpr\u00e9tation et\/ou son application, les parties soumettront leurs conflits \u00e0 la juridiction de action ordinaire, en se soumettant aux juges et aux tribunaux qui correspondent selon la loi.<\/p>\n","protected":false},"excerpt":{"rendered":"<p>GUIRAO MORILLO, S.L. informe les utilisateurs de son site web de sa politique de traitement et de protection des donn\u00e9es personnelles des utilisateurs et clients. Elle garantit \u00e0 tout moment le respect int\u00e9gral des obligations pr\u00e9vues par la r\u00e9glementation relative \u00e0 la protection des donn\u00e9es et aux services de la soci\u00e9t\u00e9 de l&rsquo;information\u00a0: le R\u00e8glement [&hellip;]<\/p>\n","protected":false},"author":4,"featured_media":0,"parent":0,"menu_order":0,"comment_status":"closed","ping_status":"closed","template":"","meta":{"_monsterinsights_skip_tracking":false,"_monsterinsights_sitenote_active":false,"_monsterinsights_sitenote_note":"","_monsterinsights_sitenote_category":0,"footnotes":""},"class_list":["post-3744","page","type-page","status-publish","hentry"],"yoast_head":"<!-- This site is optimized with the Yoast SEO plugin v26.2 - https:\/\/yoast.com\/wordpress\/plugins\/seo\/ -->\n<title>Politique de Confidentialit\u00e9 - Hostal Gastron\u00f2mic La Creu<\/title>\n<meta name=\"robots\" content=\"index, follow, max-snippet:-1, max-image-preview:large, max-video-preview:-1\" \/>\n<link rel=\"canonical\" href=\"https:\/\/hostallacreu.com\/fr\/politica-privacitat\/\" \/>\n<meta property=\"og:locale\" content=\"fr_FR\" \/>\n<meta property=\"og:type\" content=\"article\" \/>\n<meta property=\"og:title\" content=\"Politique de Confidentialit\u00e9 - Hostal Gastron\u00f2mic La Creu\" \/>\n<meta property=\"og:description\" content=\"GUIRAO MORILLO, S.L. informe les utilisateurs de son site web de sa politique de traitement et de protection des donn\u00e9es personnelles des utilisateurs et clients. Elle garantit \u00e0 tout moment le respect int\u00e9gral des obligations pr\u00e9vues par la r\u00e9glementation relative \u00e0 la protection des donn\u00e9es et aux services de la soci\u00e9t\u00e9 de l&rsquo;information\u00a0: le R\u00e8glement [&hellip;]\" \/>\n<meta property=\"og:url\" content=\"https:\/\/hostallacreu.com\/fr\/politica-privacitat\/\" \/>\n<meta property=\"og:site_name\" content=\"Hostal Gastron\u00f2mic La Creu\" \/>\n<meta property=\"article:modified_time\" content=\"2025-07-03T09:18:57+00:00\" \/>\n<meta name=\"twitter:label1\" content=\"Dur\u00e9e de lecture estim\u00e9e\" \/>\n\t<meta name=\"twitter:data1\" content=\"8 minutes\" \/>\n<script type=\"application\/ld+json\" class=\"yoast-schema-graph\">{\"@context\":\"https:\/\/schema.org\",\"@graph\":[{\"@type\":\"WebPage\",\"@id\":\"https:\/\/hostallacreu.com\/fr\/politica-privacitat\/\",\"url\":\"https:\/\/hostallacreu.com\/fr\/politica-privacitat\/\",\"name\":\"Politique de Confidentialit\u00e9 - Hostal Gastron\u00f2mic La Creu\",\"isPartOf\":{\"@id\":\"https:\/\/hostallacreu.com\/#website\"},\"datePublished\":\"2025-07-02T07:44:04+00:00\",\"dateModified\":\"2025-07-03T09:18:57+00:00\",\"breadcrumb\":{\"@id\":\"https:\/\/hostallacreu.com\/fr\/politica-privacitat\/#breadcrumb\"},\"inLanguage\":\"fr-FR\",\"potentialAction\":[{\"@type\":\"ReadAction\",\"target\":[\"https:\/\/hostallacreu.com\/fr\/politica-privacitat\/\"]}]},{\"@type\":\"BreadcrumbList\",\"@id\":\"https:\/\/hostallacreu.com\/fr\/politica-privacitat\/#breadcrumb\",\"itemListElement\":[{\"@type\":\"ListItem\",\"position\":1,\"name\":\"Home\",\"item\":\"https:\/\/hostallacreu.com\/fr\/\"},{\"@type\":\"ListItem\",\"position\":2,\"name\":\"Politique de Confidentialit\u00e9\"}]},{\"@type\":\"WebSite\",\"@id\":\"https:\/\/hostallacreu.com\/#website\",\"url\":\"https:\/\/hostallacreu.com\/\",\"name\":\"Hostal Gastron\u00f2mic La Creu\",\"description\":\"El teu allotjament i restaurant a la Ribera d&#039;Ebre\",\"potentialAction\":[{\"@type\":\"SearchAction\",\"target\":{\"@type\":\"EntryPoint\",\"urlTemplate\":\"https:\/\/hostallacreu.com\/?s={search_term_string}\"},\"query-input\":{\"@type\":\"PropertyValueSpecification\",\"valueRequired\":true,\"valueName\":\"search_term_string\"}}],\"inLanguage\":\"fr-FR\"}]}<\/script>\n<!-- \/ Yoast SEO plugin. -->","yoast_head_json":{"title":"Politique de Confidentialit\u00e9 - Hostal Gastron\u00f2mic La Creu","robots":{"index":"index","follow":"follow","max-snippet":"max-snippet:-1","max-image-preview":"max-image-preview:large","max-video-preview":"max-video-preview:-1"},"canonical":"https:\/\/hostallacreu.com\/fr\/politica-privacitat\/","og_locale":"fr_FR","og_type":"article","og_title":"Politique de Confidentialit\u00e9 - Hostal Gastron\u00f2mic La Creu","og_description":"GUIRAO MORILLO, S.L. informe les utilisateurs de son site web de sa politique de traitement et de protection des donn\u00e9es personnelles des utilisateurs et clients. Elle garantit \u00e0 tout moment le respect int\u00e9gral des obligations pr\u00e9vues par la r\u00e9glementation relative \u00e0 la protection des donn\u00e9es et aux services de la soci\u00e9t\u00e9 de l&rsquo;information\u00a0: le R\u00e8glement [&hellip;]","og_url":"https:\/\/hostallacreu.com\/fr\/politica-privacitat\/","og_site_name":"Hostal Gastron\u00f2mic La Creu","article_modified_time":"2025-07-03T09:18:57+00:00","twitter_misc":{"Dur\u00e9e de lecture estim\u00e9e":"8 minutes"},"schema":{"@context":"https:\/\/schema.org","@graph":[{"@type":"WebPage","@id":"https:\/\/hostallacreu.com\/fr\/politica-privacitat\/","url":"https:\/\/hostallacreu.com\/fr\/politica-privacitat\/","name":"Politique de Confidentialit\u00e9 - Hostal Gastron\u00f2mic La Creu","isPartOf":{"@id":"https:\/\/hostallacreu.com\/#website"},"datePublished":"2025-07-02T07:44:04+00:00","dateModified":"2025-07-03T09:18:57+00:00","breadcrumb":{"@id":"https:\/\/hostallacreu.com\/fr\/politica-privacitat\/#breadcrumb"},"inLanguage":"fr-FR","potentialAction":[{"@type":"ReadAction","target":["https:\/\/hostallacreu.com\/fr\/politica-privacitat\/"]}]},{"@type":"BreadcrumbList","@id":"https:\/\/hostallacreu.com\/fr\/politica-privacitat\/#breadcrumb","itemListElement":[{"@type":"ListItem","position":1,"name":"Home","item":"https:\/\/hostallacreu.com\/fr\/"},{"@type":"ListItem","position":2,"name":"Politique de Confidentialit\u00e9"}]},{"@type":"WebSite","@id":"https:\/\/hostallacreu.com\/#website","url":"https:\/\/hostallacreu.com\/","name":"Hostal Gastron\u00f2mic La Creu","description":"El teu allotjament i restaurant a la Ribera d&#039;Ebre","potentialAction":[{"@type":"SearchAction","target":{"@type":"EntryPoint","urlTemplate":"https:\/\/hostallacreu.com\/?s={search_term_string}"},"query-input":{"@type":"PropertyValueSpecification","valueRequired":true,"valueName":"search_term_string"}}],"inLanguage":"fr-FR"}]}},"_links":{"self":[{"href":"https:\/\/hostallacreu.com\/fr\/wp-json\/wp\/v2\/pages\/3744","targetHints":{"allow":["GET"]}}],"collection":[{"href":"https:\/\/hostallacreu.com\/fr\/wp-json\/wp\/v2\/pages"}],"about":[{"href":"https:\/\/hostallacreu.com\/fr\/wp-json\/wp\/v2\/types\/page"}],"author":[{"embeddable":true,"href":"https:\/\/hostallacreu.com\/fr\/wp-json\/wp\/v2\/users\/4"}],"replies":[{"embeddable":true,"href":"https:\/\/hostallacreu.com\/fr\/wp-json\/wp\/v2\/comments?post=3744"}],"version-history":[{"count":2,"href":"https:\/\/hostallacreu.com\/fr\/wp-json\/wp\/v2\/pages\/3744\/revisions"}],"predecessor-version":[{"id":3767,"href":"https:\/\/hostallacreu.com\/fr\/wp-json\/wp\/v2\/pages\/3744\/revisions\/3767"}],"wp:attachment":[{"href":"https:\/\/hostallacreu.com\/fr\/wp-json\/wp\/v2\/media?parent=3744"}],"curies":[{"name":"wp","href":"https:\/\/api.w.org\/{rel}","templated":true}]}}