{"id":3741,"date":"2025-07-02T07:56:20","date_gmt":"2025-07-02T07:56:20","guid":{"rendered":"https:\/\/hostallacreu.com\/politica-cookies\/"},"modified":"2025-07-02T14:10:25","modified_gmt":"2025-07-02T14:10:25","slug":"politica-cookies","status":"publish","type":"page","link":"https:\/\/hostallacreu.com\/fr\/politica-cookies\/","title":{"rendered":"Politique relative aux cookies"},"content":{"rendered":"\n<p>Ce site web utilise ses propres cookies et ceux de tiers pour vous offrir une meilleure exp\u00e9rience et un meilleur service. En naviguant ou en utilisant nos services, l&rsquo;utilisateur accepte notre utilisation des cookies. Cependant, il a la possibilit\u00e9 d&#8217;emp\u00eacher la g\u00e9n\u00e9ration de cookies et de les supprimer.<\/p>\n\n\n\n<p><strong>QU&rsquo;EST-CE QU&rsquo;UN COOKIE\u00a0?<\/strong><\/p>\n\n\n\n<p>Un cookie est un petit fichier texte que les sites web envoient au navigateur et qui est stock\u00e9 sur le terminal de l&rsquo;utilisateur, qu&rsquo;il s&rsquo;agisse d&rsquo;un ordinateur, d&rsquo;un t\u00e9l\u00e9phone portable, d&rsquo;une tablette, etc. Ces fichiers permettent au site web de m\u00e9moriser des informations relatives \u00e0 votre visite, telles que la langue et les options pr\u00e9f\u00e9r\u00e9es, ce qui peut faciliter votre prochaine visite et rendre le site plus utile en personnalisant son contenu. Les cookies jouent un r\u00f4le essentiel dans l&rsquo;am\u00e9lioration de l&rsquo;exp\u00e9rience utilisateur.<\/p>\n\n\n\n<p><strong>TYPES DE COOKIES<\/strong><\/p>\n\n\n\n<p>Selon l&rsquo;entit\u00e9 qui les g\u00e8re, les cookies peuvent \u00eatre&nbsp;:<\/p>\n\n\n\n<ul class=\"wp-block-list\">\n<li><strong>Cookies internes<\/strong>: Ce sont ceux qui sont envoy\u00e9s au terminal de l&rsquo;utilisateur depuis un ordinateur ou un domaine g\u00e9r\u00e9 par l&rsquo;\u00e9diteur lui-m\u00eame et depuis lequel le service demand\u00e9 par l&rsquo;utilisateur est fourni.<\/li>\n<\/ul>\n\n\n\n<ul class=\"wp-block-list\">\n<li><strong>Cookies tiers<\/strong>: Ce sont ceux qui sont envoy\u00e9s \u00e0 l&rsquo;\u00e9quipement terminal de l&rsquo;utilisateur depuis un ordinateur ou un domaine non g\u00e9r\u00e9 par l&rsquo;\u00e9diteur, mais par une autre entit\u00e9 qui traite les donn\u00e9es obtenues gr\u00e2ce aux cookies.<\/li>\n<\/ul>\n\n\n\n<p>Selon la dur\u00e9e de leur activation&nbsp;:<\/p>\n\n\n\n<ul class=\"wp-block-list\">\n<li><strong>Cookies de session<\/strong>: Ce type de cookies est con\u00e7u pour collecter et stocker des donn\u00e9es pendant que l&rsquo;utilisateur acc\u00e8de \u00e0 une page web. Ils sont g\u00e9n\u00e9ralement utilis\u00e9s pour stocker des informations utiles \u00e0 la fourniture du service demand\u00e9 par l&rsquo;utilisateur, une seule fois.<\/li>\n\n\n\n<li><strong>Cookies persistants<\/strong>: Ce type de cookies stocke les donn\u00e9es sur le terminal et permet leur consultation et leur traitement pendant une dur\u00e9e d\u00e9finie par le responsable du cookie, allant de quelques minutes \u00e0 plusieurs ann\u00e9es.<\/li>\n<\/ul>\n\n\n\n<p>Selon la finalit\u00e9 du traitement des donn\u00e9es obtenues gr\u00e2ce aux cookies, le site web peut utiliser&nbsp;:<\/p>\n\n\n\n<p><strong>Cookies techniques<\/strong>: Ce sont ceux qui permettent \u00e0 l&rsquo;utilisateur de naviguer sur le site web ou l&rsquo;application et d&rsquo;utiliser les diff\u00e9rentes options ou services disponibles. Par exemple, contr\u00f4ler le trafic et la communication de donn\u00e9es, identifier la session, acc\u00e9der aux composants web \u00e0 acc\u00e8s restreint, m\u00e9moriser les \u00e9l\u00e9ments qui composent une commande, effectuer une demande d&rsquo;inscription ou de participation \u00e0 un \u00e9v\u00e9nement, utiliser des \u00e9l\u00e9ments de s\u00e9curit\u00e9 pendant la navigation et stocker du contenu pour la diffusion de vid\u00e9os ou de sons.<\/p>\n\n\n\n<p><strong>Cookies de personnalisation<\/strong>: ils permettent \u00e0 l&rsquo;utilisateur d&rsquo;acc\u00e9der au service avec certaines caract\u00e9ristiques g\u00e9n\u00e9rales pr\u00e9d\u00e9finies dans son terminal ou d\u00e9finies par lui-m\u00eame. Par exemple, la langue, le type de navigateur utilis\u00e9 pour acc\u00e9der au service, la conception du contenu s\u00e9lectionn\u00e9, la g\u00e9olocalisation du terminal et la configuration r\u00e9gionale depuis laquelle le service est accessible.<\/p>\n\n\n\n<p><strong>Cookies publicitaires<\/strong>: ils permettent une gestion efficace des espaces publicitaires inclus dans la page web ou l&rsquo;application depuis laquelle le service est fourni. Ils permettent d&rsquo;adapter le contenu publicitaire afin qu&rsquo;il soit pertinent pour l&rsquo;utilisateur et d&rsquo;\u00e9viter d&rsquo;afficher des publicit\u00e9s d\u00e9j\u00e0 vues.<\/p>\n\n\n\n<p><strong>Cookies d&rsquo;analyse statistique<\/strong>: ils permettent de suivre et d&rsquo;analyser le comportement des utilisateurs sur les sites web. Les informations collect\u00e9es via ce type de cookies sont utilis\u00e9es pour mesurer l&rsquo;activit\u00e9 des sites Web, de l&rsquo;application ou de la plateforme et pour cr\u00e9er des profils de navigation des utilisateurs de ces sites, afin d&rsquo;introduire des am\u00e9liorations au service en fonction des donn\u00e9es d&rsquo;utilisation effectu\u00e9es par les utilisateurs.<\/p>\n\n\n\n<p>Vous pouvez g\u00e9rer votre consentement aux cookies <a class=\"cmplz-show-banner\">en cliquant ici.<\/a><\/p>\n\n\n\n<p>Liste des cookies utilis\u00e9s:<\/p>\n<div id=\"cmplz-cookies-overview\"><\/div>\n\n\n\n<p>\u00a0<\/p>\n<p><strong>COMMENT ADMINISTRER LES COOKIES DANS LE NAVIGATEUR?<\/strong><\/p>\n<p>L&rsquo;utilisateur a la possibilit\u00e9 d&rsquo;autoriser, de bloquer ou de supprimer les cookies install\u00e9s sur son ordinateur en configurant les options du navigateur install\u00e9 sur son terminal :<\/p>\n<ul>\n<li><strong>Firefox<\/strong>: <a style=\"font-size: revert;\" href=\"http:\/\/support.mozilla.org\/es\/kb\/habilitar-y-deshabilitar-cookies-que-los-sitios-we\">http:\/\/support.mozilla.org\/es\/kb\/habilitar-y-deshabilitar-cookies-que-los-sitios-we<\/a><\/li>\n<li><strong>Chrome<\/strong>: <a style=\"font-size: revert;\" href=\"http:\/\/support.google.com\/chrome\/bin\/answer.py?hl=es&amp;answer=95647\">http:\/\/support.google.com\/chrome\/bin\/answer.py?hl=es&amp;answer=95647<\/a><\/li>\n<li><strong>Internet Explorer<\/strong>: <a style=\"font-size: revert;\" href=\"https:\/\/support.microsoft.com\/es-es\/help\/278835\/how-to-delete-cookie-files-in-internet-explorer\">https:\/\/support.microsoft.com\/es-es\/help\/278835\/how-to-delete-cookie-files-in-internet-explorer<\/a><\/li>\n<li><strong>Microsoft Edge: <\/strong><a style=\"font-size: revert;\" href=\"https:\/\/support.microsoft.com\/es-es\/help\/4468242\/microsoft-edge-browsing-data-and-privacy-microsoft-privacy\">https:\/\/support.microsoft.com\/es-es\/help\/4468242\/microsoft-edge-browsing-data-and-privacy-microsoft-privacy<\/a><\/li>\n<li><strong>Safari<\/strong>: <a style=\"font-size: revert;\" href=\"http:\/\/support.apple.com\/kb\/ph5042\">http:\/\/support.apple.com\/kb\/ph5042<\/a><\/li>\n<li><strong>Opera<\/strong>: <a style=\"font-size: revert;\" href=\"http:\/\/help.opera.com\/Windows\/11.50\/es-ES\/cookies.html\">http:\/\/help.opera.com\/Windows\/11.50\/es-ES\/cookies.html<\/a><\/li>\n<\/ul>\n<p>Certains navigateurs vous permettent de d\u00e9finir des r\u00e8gles sp\u00e9cifiques de gestion des cookies pour chaque site web, ce qui vous permet de mieux contr\u00f4ler votre confidentialit\u00e9. Vous pouvez ainsi d\u00e9sactiver les cookies de tous les sites, sauf ceux auxquels vous faites confiance.<\/p>\n","protected":false},"excerpt":{"rendered":"<p>Ce site web utilise ses propres cookies et ceux de tiers pour vous offrir une meilleure exp\u00e9rience et un meilleur service. En naviguant ou en utilisant nos services, l&rsquo;utilisateur accepte notre utilisation des cookies. Cependant, il a la possibilit\u00e9 d&#8217;emp\u00eacher la g\u00e9n\u00e9ration de cookies et de les supprimer. QU&rsquo;EST-CE QU&rsquo;UN COOKIE\u00a0? Un cookie est un [&hellip;]<\/p>\n","protected":false},"author":4,"featured_media":0,"parent":0,"menu_order":0,"comment_status":"closed","ping_status":"closed","template":"","meta":{"_monsterinsights_skip_tracking":false,"_monsterinsights_sitenote_active":false,"_monsterinsights_sitenote_note":"","_monsterinsights_sitenote_category":0,"footnotes":""},"class_list":["post-3741","page","type-page","status-publish","hentry"],"yoast_head":"<!-- This site is optimized with the Yoast SEO plugin v26.2 - https:\/\/yoast.com\/wordpress\/plugins\/seo\/ -->\n<title>Politique relative aux cookies - Hostal Gastron\u00f2mic La Creu<\/title>\n<meta name=\"robots\" content=\"index, follow, max-snippet:-1, max-image-preview:large, max-video-preview:-1\" \/>\n<link rel=\"canonical\" href=\"https:\/\/hostallacreu.com\/fr\/politica-cookies\/\" \/>\n<meta property=\"og:locale\" content=\"fr_FR\" \/>\n<meta property=\"og:type\" content=\"article\" \/>\n<meta property=\"og:title\" content=\"Politique relative aux cookies - Hostal Gastron\u00f2mic La Creu\" \/>\n<meta property=\"og:description\" content=\"Ce site web utilise ses propres cookies et ceux de tiers pour vous offrir une meilleure exp\u00e9rience et un meilleur service. En naviguant ou en utilisant nos services, l&rsquo;utilisateur accepte notre utilisation des cookies. Cependant, il a la possibilit\u00e9 d&#8217;emp\u00eacher la g\u00e9n\u00e9ration de cookies et de les supprimer. QU&rsquo;EST-CE QU&rsquo;UN COOKIE\u00a0? Un cookie est un [&hellip;]\" \/>\n<meta property=\"og:url\" content=\"https:\/\/hostallacreu.com\/fr\/politica-cookies\/\" \/>\n<meta property=\"og:site_name\" content=\"Hostal Gastron\u00f2mic La Creu\" \/>\n<meta property=\"article:modified_time\" content=\"2025-07-02T14:10:25+00:00\" \/>\n<meta name=\"twitter:label1\" content=\"Dur\u00e9e de lecture estim\u00e9e\" \/>\n\t<meta name=\"twitter:data1\" content=\"4 minutes\" \/>\n<script type=\"application\/ld+json\" class=\"yoast-schema-graph\">{\"@context\":\"https:\/\/schema.org\",\"@graph\":[{\"@type\":\"WebPage\",\"@id\":\"https:\/\/hostallacreu.com\/fr\/politica-cookies\/\",\"url\":\"https:\/\/hostallacreu.com\/fr\/politica-cookies\/\",\"name\":\"Politique relative aux cookies - Hostal Gastron\u00f2mic La Creu\",\"isPartOf\":{\"@id\":\"https:\/\/hostallacreu.com\/#website\"},\"datePublished\":\"2025-07-02T07:56:20+00:00\",\"dateModified\":\"2025-07-02T14:10:25+00:00\",\"breadcrumb\":{\"@id\":\"https:\/\/hostallacreu.com\/fr\/politica-cookies\/#breadcrumb\"},\"inLanguage\":\"fr-FR\",\"potentialAction\":[{\"@type\":\"ReadAction\",\"target\":[\"https:\/\/hostallacreu.com\/fr\/politica-cookies\/\"]}]},{\"@type\":\"BreadcrumbList\",\"@id\":\"https:\/\/hostallacreu.com\/fr\/politica-cookies\/#breadcrumb\",\"itemListElement\":[{\"@type\":\"ListItem\",\"position\":1,\"name\":\"Home\",\"item\":\"https:\/\/hostallacreu.com\/fr\/\"},{\"@type\":\"ListItem\",\"position\":2,\"name\":\"Politique relative aux cookies\"}]},{\"@type\":\"WebSite\",\"@id\":\"https:\/\/hostallacreu.com\/#website\",\"url\":\"https:\/\/hostallacreu.com\/\",\"name\":\"Hostal Gastron\u00f2mic La Creu\",\"description\":\"El teu allotjament i restaurant a la Ribera d&#039;Ebre\",\"potentialAction\":[{\"@type\":\"SearchAction\",\"target\":{\"@type\":\"EntryPoint\",\"urlTemplate\":\"https:\/\/hostallacreu.com\/?s={search_term_string}\"},\"query-input\":{\"@type\":\"PropertyValueSpecification\",\"valueRequired\":true,\"valueName\":\"search_term_string\"}}],\"inLanguage\":\"fr-FR\"}]}<\/script>\n<!-- \/ Yoast SEO plugin. -->","yoast_head_json":{"title":"Politique relative aux cookies - Hostal Gastron\u00f2mic La Creu","robots":{"index":"index","follow":"follow","max-snippet":"max-snippet:-1","max-image-preview":"max-image-preview:large","max-video-preview":"max-video-preview:-1"},"canonical":"https:\/\/hostallacreu.com\/fr\/politica-cookies\/","og_locale":"fr_FR","og_type":"article","og_title":"Politique relative aux cookies - Hostal Gastron\u00f2mic La Creu","og_description":"Ce site web utilise ses propres cookies et ceux de tiers pour vous offrir une meilleure exp\u00e9rience et un meilleur service. En naviguant ou en utilisant nos services, l&rsquo;utilisateur accepte notre utilisation des cookies. Cependant, il a la possibilit\u00e9 d&#8217;emp\u00eacher la g\u00e9n\u00e9ration de cookies et de les supprimer. QU&rsquo;EST-CE QU&rsquo;UN COOKIE\u00a0? Un cookie est un [&hellip;]","og_url":"https:\/\/hostallacreu.com\/fr\/politica-cookies\/","og_site_name":"Hostal Gastron\u00f2mic La Creu","article_modified_time":"2025-07-02T14:10:25+00:00","twitter_misc":{"Dur\u00e9e de lecture estim\u00e9e":"4 minutes"},"schema":{"@context":"https:\/\/schema.org","@graph":[{"@type":"WebPage","@id":"https:\/\/hostallacreu.com\/fr\/politica-cookies\/","url":"https:\/\/hostallacreu.com\/fr\/politica-cookies\/","name":"Politique relative aux cookies - Hostal Gastron\u00f2mic La Creu","isPartOf":{"@id":"https:\/\/hostallacreu.com\/#website"},"datePublished":"2025-07-02T07:56:20+00:00","dateModified":"2025-07-02T14:10:25+00:00","breadcrumb":{"@id":"https:\/\/hostallacreu.com\/fr\/politica-cookies\/#breadcrumb"},"inLanguage":"fr-FR","potentialAction":[{"@type":"ReadAction","target":["https:\/\/hostallacreu.com\/fr\/politica-cookies\/"]}]},{"@type":"BreadcrumbList","@id":"https:\/\/hostallacreu.com\/fr\/politica-cookies\/#breadcrumb","itemListElement":[{"@type":"ListItem","position":1,"name":"Home","item":"https:\/\/hostallacreu.com\/fr\/"},{"@type":"ListItem","position":2,"name":"Politique relative aux cookies"}]},{"@type":"WebSite","@id":"https:\/\/hostallacreu.com\/#website","url":"https:\/\/hostallacreu.com\/","name":"Hostal Gastron\u00f2mic La Creu","description":"El teu allotjament i restaurant a la Ribera d&#039;Ebre","potentialAction":[{"@type":"SearchAction","target":{"@type":"EntryPoint","urlTemplate":"https:\/\/hostallacreu.com\/?s={search_term_string}"},"query-input":{"@type":"PropertyValueSpecification","valueRequired":true,"valueName":"search_term_string"}}],"inLanguage":"fr-FR"}]}},"_links":{"self":[{"href":"https:\/\/hostallacreu.com\/fr\/wp-json\/wp\/v2\/pages\/3741","targetHints":{"allow":["GET"]}}],"collection":[{"href":"https:\/\/hostallacreu.com\/fr\/wp-json\/wp\/v2\/pages"}],"about":[{"href":"https:\/\/hostallacreu.com\/fr\/wp-json\/wp\/v2\/types\/page"}],"author":[{"embeddable":true,"href":"https:\/\/hostallacreu.com\/fr\/wp-json\/wp\/v2\/users\/4"}],"replies":[{"embeddable":true,"href":"https:\/\/hostallacreu.com\/fr\/wp-json\/wp\/v2\/comments?post=3741"}],"version-history":[{"count":5,"href":"https:\/\/hostallacreu.com\/fr\/wp-json\/wp\/v2\/pages\/3741\/revisions"}],"predecessor-version":[{"id":3759,"href":"https:\/\/hostallacreu.com\/fr\/wp-json\/wp\/v2\/pages\/3741\/revisions\/3759"}],"wp:attachment":[{"href":"https:\/\/hostallacreu.com\/fr\/wp-json\/wp\/v2\/media?parent=3741"}],"curies":[{"name":"wp","href":"https:\/\/api.w.org\/{rel}","templated":true}]}}