{"id":3137,"date":"2023-11-28T15:45:47","date_gmt":"2023-11-28T15:45:47","guid":{"rendered":"https:\/\/hostallacreu.com\/?page_id=3137"},"modified":"2025-10-21T17:01:10","modified_gmt":"2025-10-21T17:01:10","slug":"piraguisme","status":"publish","type":"page","link":"https:\/\/hostallacreu.com\/fr\/activitats\/piraguisme\/","title":{"rendered":"Pirag\u00fcisme"},"content":{"rendered":"<div id=\"metaslider-id-3837\" style=\"width: 100%;\" class=\"ml-slider-3-102-0 metaslider metaslider-flex metaslider-3837 ml-slider has-dots-nav ms-theme-default-base\" role=\"region\" aria-label=\"Piraguisme\" data-height=\"400\" data-width=\"1180\">\n    <div id=\"metaslider_container_3837\">\n        <div id=\"metaslider_3837\">\n            <ul aria-live='off' class='slides'>\n                <li style=\"display: block; width: 100%;\" class=\"slide-3838 ms-image \" aria-roledescription=\"slide\" data-date=\"2025-10-21 16:23:46\" data-slide-type=\"image\"><img loading=\"lazy\" decoding=\"async\" src=\"https:\/\/hostallacreu.com\/wp-content\/uploads\/2015\/04\/navegar-amb-piragua-o-caiac-riu-ebre-01-1180x400.jpg\" height=\"400\" width=\"1180\" alt=\"\" class=\"slider-3837 slide-3838 msDefaultImage\" title=\"navegar amb piragua o caiac riu ebre-01\" \/><\/li>\n                <li style=\"display: none; width: 100%;\" class=\"slide-3839 ms-image \" aria-roledescription=\"slide\" data-date=\"2025-10-21 16:23:46\" data-slide-type=\"image\"><img loading=\"lazy\" decoding=\"async\" src=\"https:\/\/hostallacreu.com\/wp-content\/uploads\/2015\/04\/navegar-amb-piragua-o-caiac-riu-ebre-4-01-1180x400.jpg\" height=\"400\" width=\"1180\" alt=\"\" class=\"slider-3837 slide-3839 msDefaultImage\" title=\"navegar amb piragua o caiac riu ebre 4-01\" \/><\/li>\n                <li style=\"display: none; width: 100%;\" class=\"slide-3840 ms-image \" aria-roledescription=\"slide\" data-date=\"2025-10-21 16:25:06\" data-slide-type=\"image\"><img loading=\"lazy\" decoding=\"async\" src=\"https:\/\/hostallacreu.com\/wp-content\/uploads\/2015\/04\/navegar-amb-piragua-o-caiac-riu-ebre-2-01-1180x400.jpg\" height=\"400\" width=\"1180\" alt=\"\" class=\"slider-3837 slide-3840 msDefaultImage\" title=\"navegar amb piragua o caiac riu ebre 2-01\" \/><\/li>\n            <\/ul>\n        <\/div>\n        \n    <\/div>\n<\/div>\n\n\n<p><a href=\"https:\/\/hostallacreu.com\/wp-content\/uploads\/2015\/04\/piraguisme-riu-ebre.jpg\"><img loading=\"lazy\" decoding=\"async\" class=\"alignright  wp-image-1079\" src=\"https:\/\/hostallacreu.com\/wp-content\/uploads\/2015\/04\/piraguisme-riu-ebre.jpg\" alt=\"piraguisme riu ebre\" width=\"353\" height=\"529\" srcset=\"https:\/\/hostallacreu.com\/wp-content\/uploads\/2015\/04\/piraguisme-riu-ebre.jpg 1024w, https:\/\/hostallacreu.com\/wp-content\/uploads\/2015\/04\/piraguisme-riu-ebre-200x300.jpg 200w, https:\/\/hostallacreu.com\/wp-content\/uploads\/2015\/04\/piraguisme-riu-ebre-683x1024.jpg 683w, https:\/\/hostallacreu.com\/wp-content\/uploads\/2015\/04\/piraguisme-riu-ebre-624x936.jpg 624w\" sizes=\"auto, (max-width: 353px) 100vw, 353px\" \/><\/a><span style=\"color: #000000;\"><strong>La navegaci\u00f3 fluvial a la comarca de la Ribera d&rsquo;Ebre \u00e9s l&rsquo;activitat tur\u00edstica per excel\u00b7l\u00e8ncia.<\/strong><\/span><\/p>\n<p>Recordant la intensa navegaci\u00f3 fluvial en el passat, quan el riu Ebre era una aut\u00e8ntica autopista de mercaderies, la navegaci\u00f3 fluvial actual permet assaborir el riu Ebre a trav\u00e9s de diferents propostes com creuers per la Ribera d&rsquo;Ebre amb el <span style=\"color: #008080;\"><a style=\"color: #008080;\" href=\"http:\/\/www.ascoturisme.com\/\">lla\u00fct tur\u00edstic \u00ab\u00a0Lo Roget\u00a0\u00bb<\/a><\/span>, passejades amb vaixells de motor o b\u00e9 pirag\u00fcisme.<\/p>\n<p>Per aquells que els agrada practicar esport a la natura el pirag\u00fcisme\u00a0es converteix en la millor opci\u00f3, ja que permet impregnar-nos millor de la\u00a0seva m\u00e0gia.<\/p>\n<p>Navegar per les d\u00f2cils aig\u00fces del riu Ebre \u00e9s encomanar-se de la seua tranquil\u00b7litat. El xiuxiueig del vent mentre acarona els boscos de ribera, el cant de les nombroses aus que hi habiten i la remor de l&rsquo;aigua converteix la navegaci\u00f3 en piragua o caiac en la millor opci\u00f3 per sentir com batega el riu Ebre al seu pas per la comarca.<\/p>\n<p>Us deixem amb les empreses de la comarca que ofereixen serveis de navegaci\u00f3 fluvial, aix\u00ed com altres activitats de descoberta del territori amb o sense monitor.<\/p>\n<p><strong><a href=\"http:\/\/www.enblau.cat\/index.php\/es\/\">Enblau (M\u00f3ra d&rsquo;Ebre)<\/a><\/strong><\/p>\n<p><strong><a href=\"http:\/\/www.rogles.org\/es\/\">Rogles Aventura (Flix)<\/a><\/strong><\/p>","protected":false},"excerpt":{"rendered":"<p>La navegaci\u00f3 fluvial a la comarca de la Ribera d&rsquo;Ebre \u00e9s l&rsquo;activitat tur\u00edstica per excel\u00b7l\u00e8ncia. Recordant la intensa navegaci\u00f3 fluvial en el passat, quan el riu Ebre era una aut\u00e8ntica autopista de mercaderies, la navegaci\u00f3 fluvial actual permet assaborir el riu Ebre a trav\u00e9s de diferents propostes com creuers per la Ribera d&rsquo;Ebre amb el [&hellip;]<\/p>\n","protected":false},"author":3,"featured_media":0,"parent":3134,"menu_order":0,"comment_status":"closed","ping_status":"closed","template":"","meta":{"_monsterinsights_skip_tracking":false,"_monsterinsights_sitenote_active":false,"_monsterinsights_sitenote_note":"","_monsterinsights_sitenote_category":0,"footnotes":""},"class_list":["post-3137","page","type-page","status-publish","hentry"],"yoast_head":"<!-- This site is optimized with the Yoast SEO plugin v26.2 - https:\/\/yoast.com\/wordpress\/plugins\/seo\/ -->\n<title>Pirag\u00fcisme - Hostal Gastron\u00f2mic La Creu<\/title>\n<meta name=\"robots\" content=\"index, follow, max-snippet:-1, max-image-preview:large, max-video-preview:-1\" \/>\n<link rel=\"canonical\" href=\"https:\/\/hostallacreu.com\/fr\/activitats\/piraguisme\/\" \/>\n<meta property=\"og:locale\" content=\"fr_FR\" \/>\n<meta property=\"og:type\" content=\"article\" \/>\n<meta property=\"og:title\" content=\"Pirag\u00fcisme - Hostal Gastron\u00f2mic La Creu\" \/>\n<meta property=\"og:description\" content=\"La navegaci\u00f3 fluvial a la comarca de la Ribera d&rsquo;Ebre \u00e9s l&rsquo;activitat tur\u00edstica per excel\u00b7l\u00e8ncia. Recordant la intensa navegaci\u00f3 fluvial en el passat, quan el riu Ebre era una aut\u00e8ntica autopista de mercaderies, la navegaci\u00f3 fluvial actual permet assaborir el riu Ebre a trav\u00e9s de diferents propostes com creuers per la Ribera d&rsquo;Ebre amb el [&hellip;]\" \/>\n<meta property=\"og:url\" content=\"https:\/\/hostallacreu.com\/fr\/activitats\/piraguisme\/\" \/>\n<meta property=\"og:site_name\" content=\"Hostal Gastron\u00f2mic La Creu\" \/>\n<meta property=\"article:modified_time\" content=\"2025-10-21T17:01:10+00:00\" \/>\n<meta property=\"og:image\" content=\"http:\/\/hostallacreu.com\/wp-content\/uploads\/2015\/04\/piraguisme-riu-ebre.jpg\" \/>\n<meta name=\"twitter:label1\" content=\"Dur\u00e9e de lecture estim\u00e9e\" \/>\n\t<meta name=\"twitter:data1\" content=\"2 minutes\" \/>\n<script type=\"application\/ld+json\" class=\"yoast-schema-graph\">{\"@context\":\"https:\/\/schema.org\",\"@graph\":[{\"@type\":\"WebPage\",\"@id\":\"https:\/\/hostallacreu.com\/fr\/activitats\/piraguisme\/\",\"url\":\"https:\/\/hostallacreu.com\/fr\/activitats\/piraguisme\/\",\"name\":\"Pirag\u00fcisme - Hostal Gastron\u00f2mic La Creu\",\"isPartOf\":{\"@id\":\"https:\/\/hostallacreu.com\/#website\"},\"primaryImageOfPage\":{\"@id\":\"https:\/\/hostallacreu.com\/fr\/activitats\/piraguisme\/#primaryimage\"},\"image\":{\"@id\":\"https:\/\/hostallacreu.com\/fr\/activitats\/piraguisme\/#primaryimage\"},\"thumbnailUrl\":\"http:\/\/hostallacreu.com\/wp-content\/uploads\/2015\/04\/piraguisme-riu-ebre.jpg\",\"datePublished\":\"2023-11-28T15:45:47+00:00\",\"dateModified\":\"2025-10-21T17:01:10+00:00\",\"breadcrumb\":{\"@id\":\"https:\/\/hostallacreu.com\/fr\/activitats\/piraguisme\/#breadcrumb\"},\"inLanguage\":\"fr-FR\",\"potentialAction\":[{\"@type\":\"ReadAction\",\"target\":[\"https:\/\/hostallacreu.com\/fr\/activitats\/piraguisme\/\"]}]},{\"@type\":\"ImageObject\",\"inLanguage\":\"fr-FR\",\"@id\":\"https:\/\/hostallacreu.com\/fr\/activitats\/piraguisme\/#primaryimage\",\"url\":\"http:\/\/hostallacreu.com\/wp-content\/uploads\/2015\/04\/piraguisme-riu-ebre.jpg\",\"contentUrl\":\"http:\/\/hostallacreu.com\/wp-content\/uploads\/2015\/04\/piraguisme-riu-ebre.jpg\"},{\"@type\":\"BreadcrumbList\",\"@id\":\"https:\/\/hostallacreu.com\/fr\/activitats\/piraguisme\/#breadcrumb\",\"itemListElement\":[{\"@type\":\"ListItem\",\"position\":1,\"name\":\"Home\",\"item\":\"https:\/\/hostallacreu.com\/fr\/\"},{\"@type\":\"ListItem\",\"position\":2,\"name\":\"Activitats\",\"item\":\"https:\/\/hostallacreu.com\/fr\/activitats\/\"},{\"@type\":\"ListItem\",\"position\":3,\"name\":\"Pirag\u00fcisme\"}]},{\"@type\":\"WebSite\",\"@id\":\"https:\/\/hostallacreu.com\/#website\",\"url\":\"https:\/\/hostallacreu.com\/\",\"name\":\"Hostal Gastron\u00f2mic La Creu\",\"description\":\"El teu allotjament i restaurant a la Ribera d&#039;Ebre\",\"potentialAction\":[{\"@type\":\"SearchAction\",\"target\":{\"@type\":\"EntryPoint\",\"urlTemplate\":\"https:\/\/hostallacreu.com\/?s={search_term_string}\"},\"query-input\":{\"@type\":\"PropertyValueSpecification\",\"valueRequired\":true,\"valueName\":\"search_term_string\"}}],\"inLanguage\":\"fr-FR\"}]}<\/script>\n<!-- \/ Yoast SEO plugin. -->","yoast_head_json":{"title":"Pirag\u00fcisme - Hostal Gastron\u00f2mic La Creu","robots":{"index":"index","follow":"follow","max-snippet":"max-snippet:-1","max-image-preview":"max-image-preview:large","max-video-preview":"max-video-preview:-1"},"canonical":"https:\/\/hostallacreu.com\/fr\/activitats\/piraguisme\/","og_locale":"fr_FR","og_type":"article","og_title":"Pirag\u00fcisme - Hostal Gastron\u00f2mic La Creu","og_description":"La navegaci\u00f3 fluvial a la comarca de la Ribera d&rsquo;Ebre \u00e9s l&rsquo;activitat tur\u00edstica per excel\u00b7l\u00e8ncia. Recordant la intensa navegaci\u00f3 fluvial en el passat, quan el riu Ebre era una aut\u00e8ntica autopista de mercaderies, la navegaci\u00f3 fluvial actual permet assaborir el riu Ebre a trav\u00e9s de diferents propostes com creuers per la Ribera d&rsquo;Ebre amb el [&hellip;]","og_url":"https:\/\/hostallacreu.com\/fr\/activitats\/piraguisme\/","og_site_name":"Hostal Gastron\u00f2mic La Creu","article_modified_time":"2025-10-21T17:01:10+00:00","og_image":[{"url":"http:\/\/hostallacreu.com\/wp-content\/uploads\/2015\/04\/piraguisme-riu-ebre.jpg","type":"","width":"","height":""}],"twitter_misc":{"Dur\u00e9e de lecture estim\u00e9e":"2 minutes"},"schema":{"@context":"https:\/\/schema.org","@graph":[{"@type":"WebPage","@id":"https:\/\/hostallacreu.com\/fr\/activitats\/piraguisme\/","url":"https:\/\/hostallacreu.com\/fr\/activitats\/piraguisme\/","name":"Pirag\u00fcisme - Hostal Gastron\u00f2mic La Creu","isPartOf":{"@id":"https:\/\/hostallacreu.com\/#website"},"primaryImageOfPage":{"@id":"https:\/\/hostallacreu.com\/fr\/activitats\/piraguisme\/#primaryimage"},"image":{"@id":"https:\/\/hostallacreu.com\/fr\/activitats\/piraguisme\/#primaryimage"},"thumbnailUrl":"http:\/\/hostallacreu.com\/wp-content\/uploads\/2015\/04\/piraguisme-riu-ebre.jpg","datePublished":"2023-11-28T15:45:47+00:00","dateModified":"2025-10-21T17:01:10+00:00","breadcrumb":{"@id":"https:\/\/hostallacreu.com\/fr\/activitats\/piraguisme\/#breadcrumb"},"inLanguage":"fr-FR","potentialAction":[{"@type":"ReadAction","target":["https:\/\/hostallacreu.com\/fr\/activitats\/piraguisme\/"]}]},{"@type":"ImageObject","inLanguage":"fr-FR","@id":"https:\/\/hostallacreu.com\/fr\/activitats\/piraguisme\/#primaryimage","url":"http:\/\/hostallacreu.com\/wp-content\/uploads\/2015\/04\/piraguisme-riu-ebre.jpg","contentUrl":"http:\/\/hostallacreu.com\/wp-content\/uploads\/2015\/04\/piraguisme-riu-ebre.jpg"},{"@type":"BreadcrumbList","@id":"https:\/\/hostallacreu.com\/fr\/activitats\/piraguisme\/#breadcrumb","itemListElement":[{"@type":"ListItem","position":1,"name":"Home","item":"https:\/\/hostallacreu.com\/fr\/"},{"@type":"ListItem","position":2,"name":"Activitats","item":"https:\/\/hostallacreu.com\/fr\/activitats\/"},{"@type":"ListItem","position":3,"name":"Pirag\u00fcisme"}]},{"@type":"WebSite","@id":"https:\/\/hostallacreu.com\/#website","url":"https:\/\/hostallacreu.com\/","name":"Hostal Gastron\u00f2mic La Creu","description":"El teu allotjament i restaurant a la Ribera d&#039;Ebre","potentialAction":[{"@type":"SearchAction","target":{"@type":"EntryPoint","urlTemplate":"https:\/\/hostallacreu.com\/?s={search_term_string}"},"query-input":{"@type":"PropertyValueSpecification","valueRequired":true,"valueName":"search_term_string"}}],"inLanguage":"fr-FR"}]}},"_links":{"self":[{"href":"https:\/\/hostallacreu.com\/fr\/wp-json\/wp\/v2\/pages\/3137","targetHints":{"allow":["GET"]}}],"collection":[{"href":"https:\/\/hostallacreu.com\/fr\/wp-json\/wp\/v2\/pages"}],"about":[{"href":"https:\/\/hostallacreu.com\/fr\/wp-json\/wp\/v2\/types\/page"}],"author":[{"embeddable":true,"href":"https:\/\/hostallacreu.com\/fr\/wp-json\/wp\/v2\/users\/3"}],"replies":[{"embeddable":true,"href":"https:\/\/hostallacreu.com\/fr\/wp-json\/wp\/v2\/comments?post=3137"}],"version-history":[{"count":2,"href":"https:\/\/hostallacreu.com\/fr\/wp-json\/wp\/v2\/pages\/3137\/revisions"}],"predecessor-version":[{"id":3885,"href":"https:\/\/hostallacreu.com\/fr\/wp-json\/wp\/v2\/pages\/3137\/revisions\/3885"}],"up":[{"embeddable":true,"href":"https:\/\/hostallacreu.com\/fr\/wp-json\/wp\/v2\/pages\/3134"}],"wp:attachment":[{"href":"https:\/\/hostallacreu.com\/fr\/wp-json\/wp\/v2\/media?parent=3137"}],"curies":[{"name":"wp","href":"https:\/\/api.w.org\/{rel}","templated":true}]}}