{"id":3135,"date":"2023-11-28T15:45:51","date_gmt":"2023-11-28T15:45:51","guid":{"rendered":"https:\/\/hostallacreu.com\/?page_id=3135"},"modified":"2023-11-28T15:45:52","modified_gmt":"2023-11-28T15:45:52","slug":"cami-de-sirga","status":"publish","type":"page","link":"https:\/\/hostallacreu.com\/fr\/activitats\/cami-de-sirga\/","title":{"rendered":"Cam\u00ed de Sirga"},"content":{"rendered":"<h1>Una de les propostes de cicloturisme m\u00e9s atractives de les Terres de l\u2019Ebe, juntament amb la Via Verda, \u00e9s la Via Blava o C<strong>am\u00ed de Sirga,\u00a0<\/strong>la qual transcorre pel GR-99 travessant les comarques de la Ribera d\u2019Ebre, Baix Ebre i Montsi\u00e0.<\/h1>\n<p><a href=\"https:\/\/hostallacreu.com\/wp-content\/uploads\/2014\/11\/cami-de-sirga-ribera-ebre-via-blava.jpg\"><img loading=\"lazy\" decoding=\"async\" class=\"alignright size-full wp-image-341\" src=\"https:\/\/hostallacreu.com\/wp-content\/uploads\/2014\/11\/cami-de-sirga-ribera-ebre-via-blava.jpg\" alt=\"cami de sirga ribera ebre via blava\" width=\"417\" height=\"527\" srcset=\"https:\/\/hostallacreu.com\/wp-content\/uploads\/2014\/11\/cami-de-sirga-ribera-ebre-via-blava.jpg 417w, https:\/\/hostallacreu.com\/wp-content\/uploads\/2014\/11\/cami-de-sirga-ribera-ebre-via-blava-237x300.jpg 237w\" sizes=\"auto, (max-width: 417px) 100vw, 417px\" \/><\/a><\/p>\n<p>Es tracta d\u2019un recorregut que ressegueix el curs del riu Ebre des de el seu naixement, fins a la desembocadura, prop de 1.150 quil\u00f2metres dividits en 59 trams de 20 km passant per les Comunitats Aut\u00f2nomes de Cantabria, Castella i Lle\u00f3, La Rioja, Pa\u00eds Basc, Navarra, Arag\u00f3 i Catalunya. La posada en valor del GR-99 fou incentivada pels principals actors de l\u2019excursionisme i el senderisme de l\u2019Estat Espanyol, els quals denominaren la ruta <strong>camins Naturals de l\u2019Ebre<\/strong>.<\/p>\n<p>A\u00a0 les Terres de l\u2019Ebre el GR-99 es conegut com\u00a0<b>el cam\u00ed de Sirga<\/b>. Des d\u2019antic, les aig\u00fces de l\u2019Ebre han estat solcades per les diverses civilitzacions que hi han fet estada: els ibers, els romans, els sarra\u00efns, els cristians\u2026. Habitualment les naus navegaven empeses per la for\u00e7a favorable del corrent del riu i dels vents. Per\u00f2 en cas contrari, era necess\u00e0ria l\u2019ajuda dels animals de c\u00e0rrega i els sirgadors, homes de for\u00e7a, que des dels senders que vorejaven el riu estiraven cordes per emp\u00e8nyer les embarcacions plenes de mercaderies riu amunt.<\/p>\n<p>El recorregut del GR-99 a les Terres de l\u2019Ebre, permet descobrir gran part del nostre territori a un ritme pausat i sempre acompanyats pel nostre riu. Per les Terres de l\u2019Ebre hi discorren 6 dels 59 trams, m\u00e9s concretament els trams 37, 38, 39, 40, 41 i 42.<\/p>\n<p>Trobareu informaci\u00f3 detallada dels recorreguts de l\u2019Ebre catal\u00e0 al seg\u00fcent enlla\u00e7: <a href=\"http:\/\/www.caminosnaturales.com\/ebro\/\">http:\/\/www.caminosnaturales.com\/ebro\/<\/a><\/p>\n","protected":false},"excerpt":{"rendered":"<p>Una de les propostes de cicloturisme m\u00e9s atractives de les Terres de l\u2019Ebe, juntament amb la Via Verda, \u00e9s la Via Blava o Cam\u00ed de Sirga,\u00a0la qual transcorre pel GR-99 travessant les comarques de la Ribera d\u2019Ebre, Baix Ebre i Montsi\u00e0. Es tracta d\u2019un recorregut que ressegueix el curs del riu Ebre des de el [&hellip;]<\/p>\n","protected":false},"author":3,"featured_media":0,"parent":3134,"menu_order":0,"comment_status":"closed","ping_status":"closed","template":"","meta":{"_monsterinsights_skip_tracking":false,"_monsterinsights_sitenote_active":false,"_monsterinsights_sitenote_note":"","_monsterinsights_sitenote_category":0,"footnotes":""},"class_list":["post-3135","page","type-page","status-publish","hentry"],"yoast_head":"<!-- This site is optimized with the Yoast SEO plugin v26.2 - https:\/\/yoast.com\/wordpress\/plugins\/seo\/ -->\n<title>Cam\u00ed de Sirga - Hostal Gastron\u00f2mic La Creu<\/title>\n<meta name=\"robots\" content=\"index, follow, max-snippet:-1, max-image-preview:large, max-video-preview:-1\" \/>\n<link rel=\"canonical\" href=\"https:\/\/hostallacreu.com\/fr\/activitats\/cami-de-sirga\/\" \/>\n<meta property=\"og:locale\" content=\"fr_FR\" \/>\n<meta property=\"og:type\" content=\"article\" \/>\n<meta property=\"og:title\" content=\"Cam\u00ed de Sirga - Hostal Gastron\u00f2mic La Creu\" \/>\n<meta property=\"og:description\" content=\"Una de les propostes de cicloturisme m\u00e9s atractives de les Terres de l\u2019Ebe, juntament amb la Via Verda, \u00e9s la Via Blava o Cam\u00ed de Sirga,\u00a0la qual transcorre pel GR-99 travessant les comarques de la Ribera d\u2019Ebre, Baix Ebre i Montsi\u00e0. Es tracta d\u2019un recorregut que ressegueix el curs del riu Ebre des de el [&hellip;]\" \/>\n<meta property=\"og:url\" content=\"https:\/\/hostallacreu.com\/fr\/activitats\/cami-de-sirga\/\" \/>\n<meta property=\"og:site_name\" content=\"Hostal Gastron\u00f2mic La Creu\" \/>\n<meta property=\"article:modified_time\" content=\"2023-11-28T15:45:52+00:00\" \/>\n<meta property=\"og:image\" content=\"http:\/\/hostallacreu.com\/wp-content\/uploads\/2014\/11\/cami-de-sirga-ribera-ebre-via-blava.jpg\" \/>\n<meta name=\"twitter:label1\" content=\"Dur\u00e9e de lecture estim\u00e9e\" \/>\n\t<meta name=\"twitter:data1\" content=\"2 minutes\" \/>\n<script type=\"application\/ld+json\" class=\"yoast-schema-graph\">{\"@context\":\"https:\/\/schema.org\",\"@graph\":[{\"@type\":\"WebPage\",\"@id\":\"https:\/\/hostallacreu.com\/fr\/activitats\/cami-de-sirga\/\",\"url\":\"https:\/\/hostallacreu.com\/fr\/activitats\/cami-de-sirga\/\",\"name\":\"Cam\u00ed de Sirga - Hostal Gastron\u00f2mic La Creu\",\"isPartOf\":{\"@id\":\"https:\/\/hostallacreu.com\/#website\"},\"primaryImageOfPage\":{\"@id\":\"https:\/\/hostallacreu.com\/fr\/activitats\/cami-de-sirga\/#primaryimage\"},\"image\":{\"@id\":\"https:\/\/hostallacreu.com\/fr\/activitats\/cami-de-sirga\/#primaryimage\"},\"thumbnailUrl\":\"http:\/\/hostallacreu.com\/wp-content\/uploads\/2014\/11\/cami-de-sirga-ribera-ebre-via-blava.jpg\",\"datePublished\":\"2023-11-28T15:45:51+00:00\",\"dateModified\":\"2023-11-28T15:45:52+00:00\",\"breadcrumb\":{\"@id\":\"https:\/\/hostallacreu.com\/fr\/activitats\/cami-de-sirga\/#breadcrumb\"},\"inLanguage\":\"fr-FR\",\"potentialAction\":[{\"@type\":\"ReadAction\",\"target\":[\"https:\/\/hostallacreu.com\/fr\/activitats\/cami-de-sirga\/\"]}]},{\"@type\":\"ImageObject\",\"inLanguage\":\"fr-FR\",\"@id\":\"https:\/\/hostallacreu.com\/fr\/activitats\/cami-de-sirga\/#primaryimage\",\"url\":\"http:\/\/hostallacreu.com\/wp-content\/uploads\/2014\/11\/cami-de-sirga-ribera-ebre-via-blava.jpg\",\"contentUrl\":\"http:\/\/hostallacreu.com\/wp-content\/uploads\/2014\/11\/cami-de-sirga-ribera-ebre-via-blava.jpg\"},{\"@type\":\"BreadcrumbList\",\"@id\":\"https:\/\/hostallacreu.com\/fr\/activitats\/cami-de-sirga\/#breadcrumb\",\"itemListElement\":[{\"@type\":\"ListItem\",\"position\":1,\"name\":\"Home\",\"item\":\"https:\/\/hostallacreu.com\/fr\/\"},{\"@type\":\"ListItem\",\"position\":2,\"name\":\"Activitats\",\"item\":\"https:\/\/hostallacreu.com\/fr\/activitats\/\"},{\"@type\":\"ListItem\",\"position\":3,\"name\":\"Cam\u00ed de Sirga\"}]},{\"@type\":\"WebSite\",\"@id\":\"https:\/\/hostallacreu.com\/#website\",\"url\":\"https:\/\/hostallacreu.com\/\",\"name\":\"Hostal Gastron\u00f2mic La Creu\",\"description\":\"El teu allotjament i restaurant a la Ribera d&#039;Ebre\",\"potentialAction\":[{\"@type\":\"SearchAction\",\"target\":{\"@type\":\"EntryPoint\",\"urlTemplate\":\"https:\/\/hostallacreu.com\/?s={search_term_string}\"},\"query-input\":{\"@type\":\"PropertyValueSpecification\",\"valueRequired\":true,\"valueName\":\"search_term_string\"}}],\"inLanguage\":\"fr-FR\"}]}<\/script>\n<!-- \/ Yoast SEO plugin. -->","yoast_head_json":{"title":"Cam\u00ed de Sirga - Hostal Gastron\u00f2mic La Creu","robots":{"index":"index","follow":"follow","max-snippet":"max-snippet:-1","max-image-preview":"max-image-preview:large","max-video-preview":"max-video-preview:-1"},"canonical":"https:\/\/hostallacreu.com\/fr\/activitats\/cami-de-sirga\/","og_locale":"fr_FR","og_type":"article","og_title":"Cam\u00ed de Sirga - Hostal Gastron\u00f2mic La Creu","og_description":"Una de les propostes de cicloturisme m\u00e9s atractives de les Terres de l\u2019Ebe, juntament amb la Via Verda, \u00e9s la Via Blava o Cam\u00ed de Sirga,\u00a0la qual transcorre pel GR-99 travessant les comarques de la Ribera d\u2019Ebre, Baix Ebre i Montsi\u00e0. Es tracta d\u2019un recorregut que ressegueix el curs del riu Ebre des de el [&hellip;]","og_url":"https:\/\/hostallacreu.com\/fr\/activitats\/cami-de-sirga\/","og_site_name":"Hostal Gastron\u00f2mic La Creu","article_modified_time":"2023-11-28T15:45:52+00:00","og_image":[{"url":"http:\/\/hostallacreu.com\/wp-content\/uploads\/2014\/11\/cami-de-sirga-ribera-ebre-via-blava.jpg","type":"","width":"","height":""}],"twitter_misc":{"Dur\u00e9e de lecture estim\u00e9e":"2 minutes"},"schema":{"@context":"https:\/\/schema.org","@graph":[{"@type":"WebPage","@id":"https:\/\/hostallacreu.com\/fr\/activitats\/cami-de-sirga\/","url":"https:\/\/hostallacreu.com\/fr\/activitats\/cami-de-sirga\/","name":"Cam\u00ed de Sirga - Hostal Gastron\u00f2mic La Creu","isPartOf":{"@id":"https:\/\/hostallacreu.com\/#website"},"primaryImageOfPage":{"@id":"https:\/\/hostallacreu.com\/fr\/activitats\/cami-de-sirga\/#primaryimage"},"image":{"@id":"https:\/\/hostallacreu.com\/fr\/activitats\/cami-de-sirga\/#primaryimage"},"thumbnailUrl":"http:\/\/hostallacreu.com\/wp-content\/uploads\/2014\/11\/cami-de-sirga-ribera-ebre-via-blava.jpg","datePublished":"2023-11-28T15:45:51+00:00","dateModified":"2023-11-28T15:45:52+00:00","breadcrumb":{"@id":"https:\/\/hostallacreu.com\/fr\/activitats\/cami-de-sirga\/#breadcrumb"},"inLanguage":"fr-FR","potentialAction":[{"@type":"ReadAction","target":["https:\/\/hostallacreu.com\/fr\/activitats\/cami-de-sirga\/"]}]},{"@type":"ImageObject","inLanguage":"fr-FR","@id":"https:\/\/hostallacreu.com\/fr\/activitats\/cami-de-sirga\/#primaryimage","url":"http:\/\/hostallacreu.com\/wp-content\/uploads\/2014\/11\/cami-de-sirga-ribera-ebre-via-blava.jpg","contentUrl":"http:\/\/hostallacreu.com\/wp-content\/uploads\/2014\/11\/cami-de-sirga-ribera-ebre-via-blava.jpg"},{"@type":"BreadcrumbList","@id":"https:\/\/hostallacreu.com\/fr\/activitats\/cami-de-sirga\/#breadcrumb","itemListElement":[{"@type":"ListItem","position":1,"name":"Home","item":"https:\/\/hostallacreu.com\/fr\/"},{"@type":"ListItem","position":2,"name":"Activitats","item":"https:\/\/hostallacreu.com\/fr\/activitats\/"},{"@type":"ListItem","position":3,"name":"Cam\u00ed de Sirga"}]},{"@type":"WebSite","@id":"https:\/\/hostallacreu.com\/#website","url":"https:\/\/hostallacreu.com\/","name":"Hostal Gastron\u00f2mic La Creu","description":"El teu allotjament i restaurant a la Ribera d&#039;Ebre","potentialAction":[{"@type":"SearchAction","target":{"@type":"EntryPoint","urlTemplate":"https:\/\/hostallacreu.com\/?s={search_term_string}"},"query-input":{"@type":"PropertyValueSpecification","valueRequired":true,"valueName":"search_term_string"}}],"inLanguage":"fr-FR"}]}},"_links":{"self":[{"href":"https:\/\/hostallacreu.com\/fr\/wp-json\/wp\/v2\/pages\/3135","targetHints":{"allow":["GET"]}}],"collection":[{"href":"https:\/\/hostallacreu.com\/fr\/wp-json\/wp\/v2\/pages"}],"about":[{"href":"https:\/\/hostallacreu.com\/fr\/wp-json\/wp\/v2\/types\/page"}],"author":[{"embeddable":true,"href":"https:\/\/hostallacreu.com\/fr\/wp-json\/wp\/v2\/users\/3"}],"replies":[{"embeddable":true,"href":"https:\/\/hostallacreu.com\/fr\/wp-json\/wp\/v2\/comments?post=3135"}],"version-history":[{"count":1,"href":"https:\/\/hostallacreu.com\/fr\/wp-json\/wp\/v2\/pages\/3135\/revisions"}],"predecessor-version":[{"id":3142,"href":"https:\/\/hostallacreu.com\/fr\/wp-json\/wp\/v2\/pages\/3135\/revisions\/3142"}],"up":[{"embeddable":true,"href":"https:\/\/hostallacreu.com\/fr\/wp-json\/wp\/v2\/pages\/3134"}],"wp:attachment":[{"href":"https:\/\/hostallacreu.com\/fr\/wp-json\/wp\/v2\/media?parent=3135"}],"curies":[{"name":"wp","href":"https:\/\/api.w.org\/{rel}","templated":true}]}}