{"id":3132,"date":"2023-11-28T15:45:58","date_gmt":"2023-11-28T15:45:58","guid":{"rendered":"https:\/\/hostallacreu.com\/?page_id=3132"},"modified":"2023-11-28T15:45:59","modified_gmt":"2023-11-28T15:45:59","slug":"mora-debre","status":"publish","type":"page","link":"https:\/\/hostallacreu.com\/fr\/entorn\/pobles\/mora-debre\/","title":{"rendered":"M\u00f3ra d&rsquo;Ebre"},"content":{"rendered":"<h1><strong>Visitar M\u00f3ra d\u2019Ebre \u00e9s un niu de sorpreses, la part antiga de la ciutat amaga notables edificis com el castell o l\u2019esgl\u00e9sia i la zona fluvial indrets on la vila es fusiona amb les aig\u00fces del riu.<\/strong><\/h1>\n<p><a href=\"https:\/\/hostallacreu.com\/wp-content\/uploads\/2014\/11\/mora-ebre-turisme-ribera-terres-de-lebre-1.jpg\"><img loading=\"lazy\" decoding=\"async\" class=\"alignright  wp-image-139\" src=\"https:\/\/hostallacreu.com\/wp-content\/uploads\/2014\/11\/mora-ebre-turisme-ribera-terres-de-lebre-1.jpg\" alt=\"mora ebre turisme ribera terres de lebre 1\" width=\"471\" height=\"327\" srcset=\"https:\/\/hostallacreu.com\/wp-content\/uploads\/2014\/11\/mora-ebre-turisme-ribera-terres-de-lebre-1.jpg 1105w, https:\/\/hostallacreu.com\/wp-content\/uploads\/2014\/11\/mora-ebre-turisme-ribera-terres-de-lebre-1-300x208.jpg 300w, https:\/\/hostallacreu.com\/wp-content\/uploads\/2014\/11\/mora-ebre-turisme-ribera-terres-de-lebre-1-1024x711.jpg 1024w, https:\/\/hostallacreu.com\/wp-content\/uploads\/2014\/11\/mora-ebre-turisme-ribera-terres-de-lebre-1-624x433.jpg 624w\" sizes=\"auto, (max-width: 471px) 100vw, 471px\" \/><\/a><\/p>\n<p><strong>M\u00f3ra d\u2019Ebre \u00e9s la capital de la comarca de la Ribera d\u2019Ebre<\/strong>. La ciutat d\u2019aproximadament 6.000 habitants es situa al bell mig de la cubeta de M\u00f3ra, a la riba dreta del\u00a0riu Ebre i entre el pas de l\u2019Ase i el de Barrufemes. Tot i la relativa llunyania amb el mar, la poblaci\u00f3 tan sols es troba a 38 m d\u2019altitud sobre el nivell del mar a efectes dels processos d\u2019erosi\u00f3 del riu Ebre.<\/p>\n<p>Actualment, M\u00f3ra d\u2019Ebre i M\u00f3ra la Nova, a l\u2019altra banda del riu Ebre, es troben en punt estrat\u00e8gic de comunicacions, ja que hi conflueixen les principals vies del nord de les Terres de l\u2019Ebre. Arribem a M\u00f3ra d\u2019Ebre per les carreteres\u00a0N-420,\u00a0C-12\u00a0i\u00a0T-324.<img loading=\"lazy\" decoding=\"async\" class=\"size-full wp-image-82 aligncenter\" src=\"https:\/\/hostallacreu.com\/wp-content\/uploads\/2014\/11\/hostal-gastron\u00f2mic-la-creu-turisme-ribera-ebre-terres-ebre-pont-arcades-01.jpg\" alt=\"hostal gastron\u00f2mic la creu turisme ribera ebre terres ebre pont arcades-01\" width=\"2588\" height=\"877\" srcset=\"https:\/\/hostallacreu.com\/wp-content\/uploads\/2014\/11\/hostal-gastron\u00f2mic-la-creu-turisme-ribera-ebre-terres-ebre-pont-arcades-01.jpg 2588w, https:\/\/hostallacreu.com\/wp-content\/uploads\/2014\/11\/hostal-gastron\u00f2mic-la-creu-turisme-ribera-ebre-terres-ebre-pont-arcades-01-300x101.jpg 300w, https:\/\/hostallacreu.com\/wp-content\/uploads\/2014\/11\/hostal-gastron\u00f2mic-la-creu-turisme-ribera-ebre-terres-ebre-pont-arcades-01-1024x347.jpg 1024w, https:\/\/hostallacreu.com\/wp-content\/uploads\/2014\/11\/hostal-gastron\u00f2mic-la-creu-turisme-ribera-ebre-terres-ebre-pont-arcades-01-624x211.jpg 624w, https:\/\/hostallacreu.com\/wp-content\/uploads\/2014\/11\/hostal-gastron\u00f2mic-la-creu-turisme-ribera-ebre-terres-ebre-pont-arcades-01-1180x400.jpg 1180w, https:\/\/hostallacreu.com\/wp-content\/uploads\/2014\/11\/hostal-gastron\u00f2mic-la-creu-turisme-ribera-ebre-terres-ebre-pont-arcades-01-620x210.jpg 620w, https:\/\/hostallacreu.com\/wp-content\/uploads\/2014\/11\/hostal-gastron\u00f2mic-la-creu-turisme-ribera-ebre-terres-ebre-pont-arcades-01-400x136.jpg 400w\" sizes=\"auto, (max-width: 2588px) 100vw, 2588px\" \/><\/p>\n<p>Un dels monuments m\u00e9s emblem\u00e0tics i caracter\u00edstics de M\u00f3ra d\u2019Ebre \u00e9s el\u00a0<strong>pont d\u2019Arcades<\/strong>, es tracta del pont que connecta M\u00f3ra d\u2019Ebre i M\u00f3ra la Nova i que configura avui part de l\u2019<em>skyline<\/em> de la poblaci\u00f3. El passat 7 de setembre de 2013 feu 70 anys que es va construir, despr\u00e9s de que durant la batalla de l\u2019Ebre es destru\u00eds l\u2019anterior pont de ferro.<\/p>\n<p><a href=\"https:\/\/hostallacreu.com\/wp-content\/uploads\/2014\/11\/CASTELL-DE-M\u00d3RA-DEBRE-TURISME-08.jpg\"><img loading=\"lazy\" decoding=\"async\" class=\"alignright  wp-image-129\" src=\"https:\/\/hostallacreu.com\/wp-content\/uploads\/2014\/11\/CASTELL-DE-M\u00d3RA-DEBRE-TURISME-08.jpg\" alt=\"CASTELL DE M\u00d3RA D'EBRE TURISME-08\" width=\"410\" height=\"344\" srcset=\"https:\/\/hostallacreu.com\/wp-content\/uploads\/2014\/11\/CASTELL-DE-M\u00d3RA-DEBRE-TURISME-08.jpg 765w, https:\/\/hostallacreu.com\/wp-content\/uploads\/2014\/11\/CASTELL-DE-M\u00d3RA-DEBRE-TURISME-08-300x251.jpg 300w, https:\/\/hostallacreu.com\/wp-content\/uploads\/2014\/11\/CASTELL-DE-M\u00d3RA-DEBRE-TURISME-08-624x523.jpg 624w\" sizes=\"auto, (max-width: 410px) 100vw, 410px\" \/><\/a><\/p>\n<p>El casc antic de M\u00f3ra d\u2019Ebre el presideix el <strong>castell de M\u00f3ra<\/strong>, una notable construcci\u00f3 que dominava la plana fluvial i que avui encara conserva les seves muralles i torres. A l\u2019\u00e8poca mitjana, la vila formava part de l\u2019anomenada Baronia d\u2019Enten\u00e7a, la qual sovint entrava en conflicte amb les places templeres que l\u2019envoltaven d\u2019Asc\u00f3 i Miravet. Al seu interior podem gaudir del centre interpretatiu de la Batalla de l\u2019Ebre en el qual ens contextualitza M\u00f3ra i el seu castell durant aquest per\u00edode.\u00a0<strong><a title=\"castell de m\u00f3ra d'ebre\" href=\"http:\/\/www.turismeriberaebre.org\/que-fer\/patrimoni-cultural\/monuments-i-espais-visitables\/el-castell-de-mora-debre\/\">m\u00e9s informaci\u00f3, horaris i preus de les visites guiades al castell de M\u00f3ra d\u2019Ebre<\/a>.<\/strong><\/p>\n<p><img loading=\"lazy\" decoding=\"async\" class=\" wp-image-141 alignleft\" src=\"https:\/\/hostallacreu.com\/wp-content\/uploads\/2014\/11\/club-n\u00e0utic-m\u00f3ra-ebre-8.jpg\" alt=\"club n\u00e0utic m\u00f3ra ebre 8\" width=\"362\" height=\"271\" srcset=\"https:\/\/hostallacreu.com\/wp-content\/uploads\/2014\/11\/club-n\u00e0utic-m\u00f3ra-ebre-8.jpg 1028w, https:\/\/hostallacreu.com\/wp-content\/uploads\/2014\/11\/club-n\u00e0utic-m\u00f3ra-ebre-8-300x224.jpg 300w, https:\/\/hostallacreu.com\/wp-content\/uploads\/2014\/11\/club-n\u00e0utic-m\u00f3ra-ebre-8-1024x765.jpg 1024w, https:\/\/hostallacreu.com\/wp-content\/uploads\/2014\/11\/club-n\u00e0utic-m\u00f3ra-ebre-8-624x466.jpg 624w\" sizes=\"auto, (max-width: 362px) 100vw, 362px\" \/><\/p>\n<p>Un altre dels edificis mes notoris de M\u00f3ra d\u2019Ebre \u00e9s l\u2019<strong>esgl\u00e9sia Prioral dedicada a Sant Joan Baptista<\/strong> i que amb els anys ha patit diferents modificacions arquitect\u00f2niques. L\u2019esgl\u00e9sia es troba ubicada a la pla\u00e7a de Baix on hi havia el primer port fluvial de la vila. \u00c9s un temple d\u2019una sola nau coberta amb volta de creueria i cap\u00e7ada a llevant per un absis de planta poligonal. Est\u00e0 decorada amb pilastres d\u2019estil d\u00f2ric i una cornisa de regust renaixentista.<\/p>\n<p><a href=\"https:\/\/hostallacreu.com\/wp-content\/uploads\/2014\/11\/TURISME-M\u00d3RA-DEBRE-ESGL\u00c9SIA-08.jpg\"><img loading=\"lazy\" decoding=\"async\" class=\"wp-image-131 alignright\" src=\"https:\/\/hostallacreu.com\/wp-content\/uploads\/2014\/11\/TURISME-M\u00d3RA-DEBRE-ESGL\u00c9SIA-08.jpg\" alt=\"TURISME M\u00d3RA D'EBRE ESGL\u00c9SIA-08\" width=\"302\" height=\"407\" srcset=\"https:\/\/hostallacreu.com\/wp-content\/uploads\/2014\/11\/TURISME-M\u00d3RA-DEBRE-ESGL\u00c9SIA-08.jpg 765w, https:\/\/hostallacreu.com\/wp-content\/uploads\/2014\/11\/TURISME-M\u00d3RA-DEBRE-ESGL\u00c9SIA-08-222x300.jpg 222w, https:\/\/hostallacreu.com\/wp-content\/uploads\/2014\/11\/TURISME-M\u00d3RA-DEBRE-ESGL\u00c9SIA-08-759x1024.jpg 759w, https:\/\/hostallacreu.com\/wp-content\/uploads\/2014\/11\/TURISME-M\u00d3RA-DEBRE-ESGL\u00c9SIA-08-624x841.jpg 624w\" sizes=\"auto, (max-width: 302px) 100vw, 302px\" \/><\/a><\/p>\n<p>A les escales trobem tot un conjunt de plaques que recorden fins on arribava l\u2019aigua del riu Ebre durant les riuades viscudes a la poblaci\u00f3.<\/p>\n<p>A M\u00f3ra hi trobem altres edificis religiosos destacables com el Convent de les M\u00ednimes i l\u2019esgl\u00e9sia del Sagrat Cor, el primer temple expiatori de Catalunya i d\u2019estil neog\u00f2tic o les ermites de Santa Madona, de Sant Jeroni, de Santa Magdalena i la del Calvari, aquesta \u00faltima un mirador excepcional de la zona.<\/p>\n","protected":false},"excerpt":{"rendered":"<p>Visitar M\u00f3ra d\u2019Ebre \u00e9s un niu de sorpreses, la part antiga de la ciutat amaga notables edificis com el castell o l\u2019esgl\u00e9sia i la zona fluvial indrets on la vila es fusiona amb les aig\u00fces del riu. M\u00f3ra d\u2019Ebre \u00e9s la capital de la comarca de la Ribera d\u2019Ebre. La ciutat d\u2019aproximadament 6.000 habitants es [&hellip;]<\/p>\n","protected":false},"author":3,"featured_media":0,"parent":3130,"menu_order":0,"comment_status":"closed","ping_status":"closed","template":"","meta":{"_monsterinsights_skip_tracking":false,"_monsterinsights_sitenote_active":false,"_monsterinsights_sitenote_note":"","_monsterinsights_sitenote_category":0,"footnotes":""},"class_list":["post-3132","page","type-page","status-publish","hentry"],"yoast_head":"<!-- This site is optimized with the Yoast SEO plugin v26.2 - https:\/\/yoast.com\/wordpress\/plugins\/seo\/ -->\n<title>M\u00f3ra d&#039;Ebre - Hostal Gastron\u00f2mic La Creu<\/title>\n<meta name=\"robots\" content=\"index, follow, max-snippet:-1, max-image-preview:large, max-video-preview:-1\" \/>\n<link rel=\"canonical\" href=\"https:\/\/hostallacreu.com\/fr\/entorn\/pobles\/mora-debre\/\" \/>\n<meta property=\"og:locale\" content=\"fr_FR\" \/>\n<meta property=\"og:type\" content=\"article\" \/>\n<meta property=\"og:title\" content=\"M\u00f3ra d&#039;Ebre - Hostal Gastron\u00f2mic La Creu\" \/>\n<meta property=\"og:description\" content=\"Visitar M\u00f3ra d\u2019Ebre \u00e9s un niu de sorpreses, la part antiga de la ciutat amaga notables edificis com el castell o l\u2019esgl\u00e9sia i la zona fluvial indrets on la vila es fusiona amb les aig\u00fces del riu. M\u00f3ra d\u2019Ebre \u00e9s la capital de la comarca de la Ribera d\u2019Ebre. La ciutat d\u2019aproximadament 6.000 habitants es [&hellip;]\" \/>\n<meta property=\"og:url\" content=\"https:\/\/hostallacreu.com\/fr\/entorn\/pobles\/mora-debre\/\" \/>\n<meta property=\"og:site_name\" content=\"Hostal Gastron\u00f2mic La Creu\" \/>\n<meta property=\"article:modified_time\" content=\"2023-11-28T15:45:59+00:00\" \/>\n<meta property=\"og:image\" content=\"http:\/\/hostallacreu.com\/wp-content\/uploads\/2014\/11\/mora-ebre-turisme-ribera-terres-de-lebre-1.jpg\" \/>\n<meta name=\"twitter:label1\" content=\"Dur\u00e9e de lecture estim\u00e9e\" \/>\n\t<meta name=\"twitter:data1\" content=\"4 minutes\" \/>\n<script type=\"application\/ld+json\" class=\"yoast-schema-graph\">{\"@context\":\"https:\/\/schema.org\",\"@graph\":[{\"@type\":\"WebPage\",\"@id\":\"https:\/\/hostallacreu.com\/fr\/entorn\/pobles\/mora-debre\/\",\"url\":\"https:\/\/hostallacreu.com\/fr\/entorn\/pobles\/mora-debre\/\",\"name\":\"M\u00f3ra d'Ebre - Hostal Gastron\u00f2mic La Creu\",\"isPartOf\":{\"@id\":\"https:\/\/hostallacreu.com\/#website\"},\"primaryImageOfPage\":{\"@id\":\"https:\/\/hostallacreu.com\/fr\/entorn\/pobles\/mora-debre\/#primaryimage\"},\"image\":{\"@id\":\"https:\/\/hostallacreu.com\/fr\/entorn\/pobles\/mora-debre\/#primaryimage\"},\"thumbnailUrl\":\"http:\/\/hostallacreu.com\/wp-content\/uploads\/2014\/11\/mora-ebre-turisme-ribera-terres-de-lebre-1.jpg\",\"datePublished\":\"2023-11-28T15:45:58+00:00\",\"dateModified\":\"2023-11-28T15:45:59+00:00\",\"breadcrumb\":{\"@id\":\"https:\/\/hostallacreu.com\/fr\/entorn\/pobles\/mora-debre\/#breadcrumb\"},\"inLanguage\":\"fr-FR\",\"potentialAction\":[{\"@type\":\"ReadAction\",\"target\":[\"https:\/\/hostallacreu.com\/fr\/entorn\/pobles\/mora-debre\/\"]}]},{\"@type\":\"ImageObject\",\"inLanguage\":\"fr-FR\",\"@id\":\"https:\/\/hostallacreu.com\/fr\/entorn\/pobles\/mora-debre\/#primaryimage\",\"url\":\"http:\/\/hostallacreu.com\/wp-content\/uploads\/2014\/11\/mora-ebre-turisme-ribera-terres-de-lebre-1.jpg\",\"contentUrl\":\"http:\/\/hostallacreu.com\/wp-content\/uploads\/2014\/11\/mora-ebre-turisme-ribera-terres-de-lebre-1.jpg\"},{\"@type\":\"BreadcrumbList\",\"@id\":\"https:\/\/hostallacreu.com\/fr\/entorn\/pobles\/mora-debre\/#breadcrumb\",\"itemListElement\":[{\"@type\":\"ListItem\",\"position\":1,\"name\":\"Home\",\"item\":\"https:\/\/hostallacreu.com\/fr\/\"},{\"@type\":\"ListItem\",\"position\":2,\"name\":\"Entorn\",\"item\":\"https:\/\/hostallacreu.com\/fr\/entorn\/\"},{\"@type\":\"ListItem\",\"position\":3,\"name\":\"Pobles\",\"item\":\"https:\/\/hostallacreu.com\/fr\/entorn\/pobles\/\"},{\"@type\":\"ListItem\",\"position\":4,\"name\":\"M\u00f3ra d&#8217;Ebre\"}]},{\"@type\":\"WebSite\",\"@id\":\"https:\/\/hostallacreu.com\/#website\",\"url\":\"https:\/\/hostallacreu.com\/\",\"name\":\"Hostal Gastron\u00f2mic La Creu\",\"description\":\"El teu allotjament i restaurant a la Ribera d&#039;Ebre\",\"potentialAction\":[{\"@type\":\"SearchAction\",\"target\":{\"@type\":\"EntryPoint\",\"urlTemplate\":\"https:\/\/hostallacreu.com\/?s={search_term_string}\"},\"query-input\":{\"@type\":\"PropertyValueSpecification\",\"valueRequired\":true,\"valueName\":\"search_term_string\"}}],\"inLanguage\":\"fr-FR\"}]}<\/script>\n<!-- \/ Yoast SEO plugin. -->","yoast_head_json":{"title":"M\u00f3ra d'Ebre - Hostal Gastron\u00f2mic La Creu","robots":{"index":"index","follow":"follow","max-snippet":"max-snippet:-1","max-image-preview":"max-image-preview:large","max-video-preview":"max-video-preview:-1"},"canonical":"https:\/\/hostallacreu.com\/fr\/entorn\/pobles\/mora-debre\/","og_locale":"fr_FR","og_type":"article","og_title":"M\u00f3ra d'Ebre - Hostal Gastron\u00f2mic La Creu","og_description":"Visitar M\u00f3ra d\u2019Ebre \u00e9s un niu de sorpreses, la part antiga de la ciutat amaga notables edificis com el castell o l\u2019esgl\u00e9sia i la zona fluvial indrets on la vila es fusiona amb les aig\u00fces del riu. M\u00f3ra d\u2019Ebre \u00e9s la capital de la comarca de la Ribera d\u2019Ebre. La ciutat d\u2019aproximadament 6.000 habitants es [&hellip;]","og_url":"https:\/\/hostallacreu.com\/fr\/entorn\/pobles\/mora-debre\/","og_site_name":"Hostal Gastron\u00f2mic La Creu","article_modified_time":"2023-11-28T15:45:59+00:00","og_image":[{"url":"http:\/\/hostallacreu.com\/wp-content\/uploads\/2014\/11\/mora-ebre-turisme-ribera-terres-de-lebre-1.jpg","type":"","width":"","height":""}],"twitter_misc":{"Dur\u00e9e de lecture estim\u00e9e":"4 minutes"},"schema":{"@context":"https:\/\/schema.org","@graph":[{"@type":"WebPage","@id":"https:\/\/hostallacreu.com\/fr\/entorn\/pobles\/mora-debre\/","url":"https:\/\/hostallacreu.com\/fr\/entorn\/pobles\/mora-debre\/","name":"M\u00f3ra d'Ebre - Hostal Gastron\u00f2mic La Creu","isPartOf":{"@id":"https:\/\/hostallacreu.com\/#website"},"primaryImageOfPage":{"@id":"https:\/\/hostallacreu.com\/fr\/entorn\/pobles\/mora-debre\/#primaryimage"},"image":{"@id":"https:\/\/hostallacreu.com\/fr\/entorn\/pobles\/mora-debre\/#primaryimage"},"thumbnailUrl":"http:\/\/hostallacreu.com\/wp-content\/uploads\/2014\/11\/mora-ebre-turisme-ribera-terres-de-lebre-1.jpg","datePublished":"2023-11-28T15:45:58+00:00","dateModified":"2023-11-28T15:45:59+00:00","breadcrumb":{"@id":"https:\/\/hostallacreu.com\/fr\/entorn\/pobles\/mora-debre\/#breadcrumb"},"inLanguage":"fr-FR","potentialAction":[{"@type":"ReadAction","target":["https:\/\/hostallacreu.com\/fr\/entorn\/pobles\/mora-debre\/"]}]},{"@type":"ImageObject","inLanguage":"fr-FR","@id":"https:\/\/hostallacreu.com\/fr\/entorn\/pobles\/mora-debre\/#primaryimage","url":"http:\/\/hostallacreu.com\/wp-content\/uploads\/2014\/11\/mora-ebre-turisme-ribera-terres-de-lebre-1.jpg","contentUrl":"http:\/\/hostallacreu.com\/wp-content\/uploads\/2014\/11\/mora-ebre-turisme-ribera-terres-de-lebre-1.jpg"},{"@type":"BreadcrumbList","@id":"https:\/\/hostallacreu.com\/fr\/entorn\/pobles\/mora-debre\/#breadcrumb","itemListElement":[{"@type":"ListItem","position":1,"name":"Home","item":"https:\/\/hostallacreu.com\/fr\/"},{"@type":"ListItem","position":2,"name":"Entorn","item":"https:\/\/hostallacreu.com\/fr\/entorn\/"},{"@type":"ListItem","position":3,"name":"Pobles","item":"https:\/\/hostallacreu.com\/fr\/entorn\/pobles\/"},{"@type":"ListItem","position":4,"name":"M\u00f3ra d&#8217;Ebre"}]},{"@type":"WebSite","@id":"https:\/\/hostallacreu.com\/#website","url":"https:\/\/hostallacreu.com\/","name":"Hostal Gastron\u00f2mic La Creu","description":"El teu allotjament i restaurant a la Ribera d&#039;Ebre","potentialAction":[{"@type":"SearchAction","target":{"@type":"EntryPoint","urlTemplate":"https:\/\/hostallacreu.com\/?s={search_term_string}"},"query-input":{"@type":"PropertyValueSpecification","valueRequired":true,"valueName":"search_term_string"}}],"inLanguage":"fr-FR"}]}},"_links":{"self":[{"href":"https:\/\/hostallacreu.com\/fr\/wp-json\/wp\/v2\/pages\/3132","targetHints":{"allow":["GET"]}}],"collection":[{"href":"https:\/\/hostallacreu.com\/fr\/wp-json\/wp\/v2\/pages"}],"about":[{"href":"https:\/\/hostallacreu.com\/fr\/wp-json\/wp\/v2\/types\/page"}],"author":[{"embeddable":true,"href":"https:\/\/hostallacreu.com\/fr\/wp-json\/wp\/v2\/users\/3"}],"replies":[{"embeddable":true,"href":"https:\/\/hostallacreu.com\/fr\/wp-json\/wp\/v2\/comments?post=3132"}],"version-history":[{"count":1,"href":"https:\/\/hostallacreu.com\/fr\/wp-json\/wp\/v2\/pages\/3132\/revisions"}],"predecessor-version":[{"id":3145,"href":"https:\/\/hostallacreu.com\/fr\/wp-json\/wp\/v2\/pages\/3132\/revisions\/3145"}],"up":[{"embeddable":true,"href":"https:\/\/hostallacreu.com\/fr\/wp-json\/wp\/v2\/pages\/3130"}],"wp:attachment":[{"href":"https:\/\/hostallacreu.com\/fr\/wp-json\/wp\/v2\/media?parent=3132"}],"curies":[{"name":"wp","href":"https:\/\/api.w.org\/{rel}","templated":true}]}}