{"id":3131,"date":"2023-11-28T15:46:00","date_gmt":"2023-11-28T15:46:00","guid":{"rendered":"https:\/\/hostallacreu.com\/?page_id=3131"},"modified":"2023-11-28T15:46:01","modified_gmt":"2023-11-28T15:46:01","slug":"miravet","status":"publish","type":"page","link":"https:\/\/hostallacreu.com\/fr\/entorn\/pobles\/miravet\/","title":{"rendered":"Miravet"},"content":{"rendered":"<h1><strong>Miravet \u00e9s un poble de visita obligada pels visitants i turistes de les Terres de l\u2019Ebre. Es tracta del poble m\u00e9s singular i amb encant de la comarca de la Ribera d\u2019Ebre i fam\u00f3s pel seu imponent castell.<\/strong><\/h1>\n<p><a href=\"https:\/\/hostallacreu.com\/wp-content\/uploads\/2014\/11\/miravet-terres-de-lebre-catalunya-turisme-ribera-riu-FILEminimizer.jpg\"><img loading=\"lazy\" decoding=\"async\" class=\"alignright  wp-image-113\" src=\"https:\/\/hostallacreu.com\/wp-content\/uploads\/2014\/11\/miravet-terres-de-lebre-catalunya-turisme-ribera-riu-FILEminimizer.jpg\" alt=\"miravet terres de l'ebre catalunya turisme ribera riu (FILEminimizer)\" width=\"426\" height=\"284\" srcset=\"https:\/\/hostallacreu.com\/wp-content\/uploads\/2014\/11\/miravet-terres-de-lebre-catalunya-turisme-ribera-riu-FILEminimizer.jpg 1152w, https:\/\/hostallacreu.com\/wp-content\/uploads\/2014\/11\/miravet-terres-de-lebre-catalunya-turisme-ribera-riu-FILEminimizer-300x200.jpg 300w, https:\/\/hostallacreu.com\/wp-content\/uploads\/2014\/11\/miravet-terres-de-lebre-catalunya-turisme-ribera-riu-FILEminimizer-1024x682.jpg 1024w, https:\/\/hostallacreu.com\/wp-content\/uploads\/2014\/11\/miravet-terres-de-lebre-catalunya-turisme-ribera-riu-FILEminimizer-624x416.jpg 624w\" sizes=\"auto, (max-width: 426px) 100vw, 426px\" \/><\/a><\/p>\n<p>Podem accedir-hi des de la N-420, a trav\u00e9s del<strong> pas de barca;<\/strong>\u00a0sistema de navegaci\u00f3 fluvial tradicional (format per dos lla\u00fcts i una plataforma) que serveix per a creuar el riu Ebre amb cotxe aprofitant la corrent natural, o b\u00e9, a trav\u00e9s de la carretera T-324 que connecta M\u00f3ra d\u2019Ebre amb Miravet a trav\u00e9s de Benissanet.<\/p>\n<p>Miravet gaudeix d\u2019un intens passat medieval i s\u2019ubica en un empla\u00e7ament estrat\u00e8gic de gran encant natural i paisatg\u00edstic. El <strong>poble vell o el cap de vila<\/strong>, que conserva encara la seva fisonomia medieval s\u2019aferra en un roquer que penja sobre el riu Ebre d\u2019on sobresurt t\u00edmidament l\u2019<strong>esgl\u00e9sia vella d\u2019estil renaixentista<\/strong>.<\/p>\n<p><a href=\"https:\/\/hostallacreu.com\/wp-content\/uploads\/2014\/11\/castell-de-miravet-FILEminimizer.jpg\"><img loading=\"lazy\" decoding=\"async\" class=\" wp-image-114 alignleft\" src=\"https:\/\/hostallacreu.com\/wp-content\/uploads\/2014\/11\/castell-de-miravet-FILEminimizer.jpg\" alt=\"castell de miravet (FILEminimizer)\" width=\"393\" height=\"262\" srcset=\"https:\/\/hostallacreu.com\/wp-content\/uploads\/2014\/11\/castell-de-miravet-FILEminimizer.jpg 1152w, https:\/\/hostallacreu.com\/wp-content\/uploads\/2014\/11\/castell-de-miravet-FILEminimizer-300x200.jpg 300w, https:\/\/hostallacreu.com\/wp-content\/uploads\/2014\/11\/castell-de-miravet-FILEminimizer-1024x682.jpg 1024w, https:\/\/hostallacreu.com\/wp-content\/uploads\/2014\/11\/castell-de-miravet-FILEminimizer-624x416.jpg 624w\" sizes=\"auto, (max-width: 393px) 100vw, 393px\" \/><\/a><\/p>\n<p>Al capdamunt de la muni\u00f3 de cases s\u2019erigeix el <strong>castell de Miravet<\/strong>, una impressionant fortalesa d\u2019origen \u00e0rab i considerada <strong>una de les millors obres d\u2019arquitectura rom\u00e0nico g\u00f2tica, religiosa i militar del sud de Catalunya<\/strong>. Constru\u00eft pels musulmans al segle IX, fou un dels \u00faltims reductes isl\u00e0mics de Catalunya. Amb la reconquesta, ja al segle XII, fou ocupat per Ramon Berenguer IV el qual el ced\u00ed a l\u2019ordre del Temple. Els templers foren qui ampliaren la fortificaci\u00f3 convertint-lo en un castell monestir, tot donant-li la imatge que, a grans trets, ha arribat fins als nostres dies. A inicis del segle XIV, amb la dissoluci\u00f3 dels templers, el castell pass\u00e0 en mans dels Hospitalers.<\/p>\n<p><a href=\"https:\/\/hostallacreu.com\/wp-content\/uploads\/2014\/11\/MIRAVET-CANTERERS-TURISME-TERRES-DE-EBRE-RIBERA2-FILEminimizer.jpg\"><img loading=\"lazy\" decoding=\"async\" class=\"alignright  wp-image-115\" src=\"https:\/\/hostallacreu.com\/wp-content\/uploads\/2014\/11\/MIRAVET-CANTERERS-TURISME-TERRES-DE-EBRE-RIBERA2-FILEminimizer.jpg\" alt=\"MIRAVET CANTERERS TURISME TERRES DE EBRE RIBERA2 (FILEminimizer)\" width=\"435\" height=\"290\" srcset=\"https:\/\/hostallacreu.com\/wp-content\/uploads\/2014\/11\/MIRAVET-CANTERERS-TURISME-TERRES-DE-EBRE-RIBERA2-FILEminimizer.jpg 1152w, https:\/\/hostallacreu.com\/wp-content\/uploads\/2014\/11\/MIRAVET-CANTERERS-TURISME-TERRES-DE-EBRE-RIBERA2-FILEminimizer-300x200.jpg 300w, https:\/\/hostallacreu.com\/wp-content\/uploads\/2014\/11\/MIRAVET-CANTERERS-TURISME-TERRES-DE-EBRE-RIBERA2-FILEminimizer-1024x682.jpg 1024w, https:\/\/hostallacreu.com\/wp-content\/uploads\/2014\/11\/MIRAVET-CANTERERS-TURISME-TERRES-DE-EBRE-RIBERA2-FILEminimizer-624x416.jpg 624w\" sizes=\"auto, (max-width: 435px) 100vw, 435px\" \/><\/a><\/p>\n<p>Finalment, no podem fer un rep\u00e0s dels indrets m\u00e9s emblem\u00e0tics de Miravet sense fer menci\u00f3 de la <strong>cer\u00e0mica miravetana<\/strong>. El poble t\u00e9 una llarga tradici\u00f3 de cer\u00e0mica des de l\u2019\u00e8poca musulmana i encara avui compta amb diferents tallers en actiu, ubicats al Raval dels Canterers, que el\u00b7laboren les peces t\u00edpiques de Miravet, els c\u00e0ntirs, estris que servien per anar a buscar aigua al riu.<\/p>\n<p><strong>HORARIS DE VISITA DEL CASTELL DE MIRAVET<\/strong><\/p>\n<p><strong>Els dies 5, 7, 12, 13, 14, 15, 19, 20, 21, 22, 26, 27, 28 i 29 de novembre el castell estar\u00e0 tancat per les tardes<\/strong><\/p>\n<p><strong>De dimarts a diumenge<\/strong><\/p>\n<p>(tancat els\u00a0dilluns menys els festius)<\/p>\n<p><strong>de l\u20191 de juny al 30 de setembre:<\/strong><\/p>\n<p>10:00h a 13:30 (+30min.)<\/p>\n<p>16:00h a 19:30 (+30min.)<\/p>\n<p>de l\u20191 d\u2019octubre al 31 de maig:<\/p>\n<p>10:00h a 13:00h (+30 min.)<\/p>\n<p>15:00h\u00a0a 17:00h (+30 min.)<\/p>\n<p>Tel\u00e8fon: 977407368<\/p>\n","protected":false},"excerpt":{"rendered":"<p>Miravet \u00e9s un poble de visita obligada pels visitants i turistes de les Terres de l\u2019Ebre. Es tracta del poble m\u00e9s singular i amb encant de la comarca de la Ribera d\u2019Ebre i fam\u00f3s pel seu imponent castell. Podem accedir-hi des de la N-420, a trav\u00e9s del pas de barca;\u00a0sistema de navegaci\u00f3 fluvial tradicional (format [&hellip;]<\/p>\n","protected":false},"author":3,"featured_media":0,"parent":3130,"menu_order":0,"comment_status":"closed","ping_status":"closed","template":"","meta":{"_monsterinsights_skip_tracking":false,"_monsterinsights_sitenote_active":false,"_monsterinsights_sitenote_note":"","_monsterinsights_sitenote_category":0,"footnotes":""},"class_list":["post-3131","page","type-page","status-publish","hentry"],"yoast_head":"<!-- This site is optimized with the Yoast SEO plugin v26.2 - https:\/\/yoast.com\/wordpress\/plugins\/seo\/ -->\n<title>Miravet - Hostal Gastron\u00f2mic La Creu<\/title>\n<meta name=\"robots\" content=\"index, follow, max-snippet:-1, max-image-preview:large, max-video-preview:-1\" \/>\n<link rel=\"canonical\" href=\"https:\/\/hostallacreu.com\/fr\/entorn\/pobles\/miravet\/\" \/>\n<meta property=\"og:locale\" content=\"fr_FR\" \/>\n<meta property=\"og:type\" content=\"article\" \/>\n<meta property=\"og:title\" content=\"Miravet - Hostal Gastron\u00f2mic La Creu\" \/>\n<meta property=\"og:description\" content=\"Miravet \u00e9s un poble de visita obligada pels visitants i turistes de les Terres de l\u2019Ebre. Es tracta del poble m\u00e9s singular i amb encant de la comarca de la Ribera d\u2019Ebre i fam\u00f3s pel seu imponent castell. Podem accedir-hi des de la N-420, a trav\u00e9s del pas de barca;\u00a0sistema de navegaci\u00f3 fluvial tradicional (format [&hellip;]\" \/>\n<meta property=\"og:url\" content=\"https:\/\/hostallacreu.com\/fr\/entorn\/pobles\/miravet\/\" \/>\n<meta property=\"og:site_name\" content=\"Hostal Gastron\u00f2mic La Creu\" \/>\n<meta property=\"article:modified_time\" content=\"2023-11-28T15:46:01+00:00\" \/>\n<meta property=\"og:image\" content=\"http:\/\/hostallacreu.com\/wp-content\/uploads\/2014\/11\/miravet-terres-de-lebre-catalunya-turisme-ribera-riu-FILEminimizer.jpg\" \/>\n<meta name=\"twitter:label1\" content=\"Dur\u00e9e de lecture estim\u00e9e\" \/>\n\t<meta name=\"twitter:data1\" content=\"3 minutes\" \/>\n<script type=\"application\/ld+json\" class=\"yoast-schema-graph\">{\"@context\":\"https:\/\/schema.org\",\"@graph\":[{\"@type\":\"WebPage\",\"@id\":\"https:\/\/hostallacreu.com\/fr\/entorn\/pobles\/miravet\/\",\"url\":\"https:\/\/hostallacreu.com\/fr\/entorn\/pobles\/miravet\/\",\"name\":\"Miravet - Hostal Gastron\u00f2mic La Creu\",\"isPartOf\":{\"@id\":\"https:\/\/hostallacreu.com\/#website\"},\"primaryImageOfPage\":{\"@id\":\"https:\/\/hostallacreu.com\/fr\/entorn\/pobles\/miravet\/#primaryimage\"},\"image\":{\"@id\":\"https:\/\/hostallacreu.com\/fr\/entorn\/pobles\/miravet\/#primaryimage\"},\"thumbnailUrl\":\"http:\/\/hostallacreu.com\/wp-content\/uploads\/2014\/11\/miravet-terres-de-lebre-catalunya-turisme-ribera-riu-FILEminimizer.jpg\",\"datePublished\":\"2023-11-28T15:46:00+00:00\",\"dateModified\":\"2023-11-28T15:46:01+00:00\",\"breadcrumb\":{\"@id\":\"https:\/\/hostallacreu.com\/fr\/entorn\/pobles\/miravet\/#breadcrumb\"},\"inLanguage\":\"fr-FR\",\"potentialAction\":[{\"@type\":\"ReadAction\",\"target\":[\"https:\/\/hostallacreu.com\/fr\/entorn\/pobles\/miravet\/\"]}]},{\"@type\":\"ImageObject\",\"inLanguage\":\"fr-FR\",\"@id\":\"https:\/\/hostallacreu.com\/fr\/entorn\/pobles\/miravet\/#primaryimage\",\"url\":\"http:\/\/hostallacreu.com\/wp-content\/uploads\/2014\/11\/miravet-terres-de-lebre-catalunya-turisme-ribera-riu-FILEminimizer.jpg\",\"contentUrl\":\"http:\/\/hostallacreu.com\/wp-content\/uploads\/2014\/11\/miravet-terres-de-lebre-catalunya-turisme-ribera-riu-FILEminimizer.jpg\"},{\"@type\":\"BreadcrumbList\",\"@id\":\"https:\/\/hostallacreu.com\/fr\/entorn\/pobles\/miravet\/#breadcrumb\",\"itemListElement\":[{\"@type\":\"ListItem\",\"position\":1,\"name\":\"Home\",\"item\":\"https:\/\/hostallacreu.com\/fr\/\"},{\"@type\":\"ListItem\",\"position\":2,\"name\":\"Entorn\",\"item\":\"https:\/\/hostallacreu.com\/fr\/entorn\/\"},{\"@type\":\"ListItem\",\"position\":3,\"name\":\"Pobles\",\"item\":\"https:\/\/hostallacreu.com\/fr\/entorn\/pobles\/\"},{\"@type\":\"ListItem\",\"position\":4,\"name\":\"Miravet\"}]},{\"@type\":\"WebSite\",\"@id\":\"https:\/\/hostallacreu.com\/#website\",\"url\":\"https:\/\/hostallacreu.com\/\",\"name\":\"Hostal Gastron\u00f2mic La Creu\",\"description\":\"El teu allotjament i restaurant a la Ribera d&#039;Ebre\",\"potentialAction\":[{\"@type\":\"SearchAction\",\"target\":{\"@type\":\"EntryPoint\",\"urlTemplate\":\"https:\/\/hostallacreu.com\/?s={search_term_string}\"},\"query-input\":{\"@type\":\"PropertyValueSpecification\",\"valueRequired\":true,\"valueName\":\"search_term_string\"}}],\"inLanguage\":\"fr-FR\"}]}<\/script>\n<!-- \/ Yoast SEO plugin. -->","yoast_head_json":{"title":"Miravet - Hostal Gastron\u00f2mic La Creu","robots":{"index":"index","follow":"follow","max-snippet":"max-snippet:-1","max-image-preview":"max-image-preview:large","max-video-preview":"max-video-preview:-1"},"canonical":"https:\/\/hostallacreu.com\/fr\/entorn\/pobles\/miravet\/","og_locale":"fr_FR","og_type":"article","og_title":"Miravet - Hostal Gastron\u00f2mic La Creu","og_description":"Miravet \u00e9s un poble de visita obligada pels visitants i turistes de les Terres de l\u2019Ebre. Es tracta del poble m\u00e9s singular i amb encant de la comarca de la Ribera d\u2019Ebre i fam\u00f3s pel seu imponent castell. Podem accedir-hi des de la N-420, a trav\u00e9s del pas de barca;\u00a0sistema de navegaci\u00f3 fluvial tradicional (format [&hellip;]","og_url":"https:\/\/hostallacreu.com\/fr\/entorn\/pobles\/miravet\/","og_site_name":"Hostal Gastron\u00f2mic La Creu","article_modified_time":"2023-11-28T15:46:01+00:00","og_image":[{"url":"http:\/\/hostallacreu.com\/wp-content\/uploads\/2014\/11\/miravet-terres-de-lebre-catalunya-turisme-ribera-riu-FILEminimizer.jpg","type":"","width":"","height":""}],"twitter_misc":{"Dur\u00e9e de lecture estim\u00e9e":"3 minutes"},"schema":{"@context":"https:\/\/schema.org","@graph":[{"@type":"WebPage","@id":"https:\/\/hostallacreu.com\/fr\/entorn\/pobles\/miravet\/","url":"https:\/\/hostallacreu.com\/fr\/entorn\/pobles\/miravet\/","name":"Miravet - Hostal Gastron\u00f2mic La Creu","isPartOf":{"@id":"https:\/\/hostallacreu.com\/#website"},"primaryImageOfPage":{"@id":"https:\/\/hostallacreu.com\/fr\/entorn\/pobles\/miravet\/#primaryimage"},"image":{"@id":"https:\/\/hostallacreu.com\/fr\/entorn\/pobles\/miravet\/#primaryimage"},"thumbnailUrl":"http:\/\/hostallacreu.com\/wp-content\/uploads\/2014\/11\/miravet-terres-de-lebre-catalunya-turisme-ribera-riu-FILEminimizer.jpg","datePublished":"2023-11-28T15:46:00+00:00","dateModified":"2023-11-28T15:46:01+00:00","breadcrumb":{"@id":"https:\/\/hostallacreu.com\/fr\/entorn\/pobles\/miravet\/#breadcrumb"},"inLanguage":"fr-FR","potentialAction":[{"@type":"ReadAction","target":["https:\/\/hostallacreu.com\/fr\/entorn\/pobles\/miravet\/"]}]},{"@type":"ImageObject","inLanguage":"fr-FR","@id":"https:\/\/hostallacreu.com\/fr\/entorn\/pobles\/miravet\/#primaryimage","url":"http:\/\/hostallacreu.com\/wp-content\/uploads\/2014\/11\/miravet-terres-de-lebre-catalunya-turisme-ribera-riu-FILEminimizer.jpg","contentUrl":"http:\/\/hostallacreu.com\/wp-content\/uploads\/2014\/11\/miravet-terres-de-lebre-catalunya-turisme-ribera-riu-FILEminimizer.jpg"},{"@type":"BreadcrumbList","@id":"https:\/\/hostallacreu.com\/fr\/entorn\/pobles\/miravet\/#breadcrumb","itemListElement":[{"@type":"ListItem","position":1,"name":"Home","item":"https:\/\/hostallacreu.com\/fr\/"},{"@type":"ListItem","position":2,"name":"Entorn","item":"https:\/\/hostallacreu.com\/fr\/entorn\/"},{"@type":"ListItem","position":3,"name":"Pobles","item":"https:\/\/hostallacreu.com\/fr\/entorn\/pobles\/"},{"@type":"ListItem","position":4,"name":"Miravet"}]},{"@type":"WebSite","@id":"https:\/\/hostallacreu.com\/#website","url":"https:\/\/hostallacreu.com\/","name":"Hostal Gastron\u00f2mic La Creu","description":"El teu allotjament i restaurant a la Ribera d&#039;Ebre","potentialAction":[{"@type":"SearchAction","target":{"@type":"EntryPoint","urlTemplate":"https:\/\/hostallacreu.com\/?s={search_term_string}"},"query-input":{"@type":"PropertyValueSpecification","valueRequired":true,"valueName":"search_term_string"}}],"inLanguage":"fr-FR"}]}},"_links":{"self":[{"href":"https:\/\/hostallacreu.com\/fr\/wp-json\/wp\/v2\/pages\/3131","targetHints":{"allow":["GET"]}}],"collection":[{"href":"https:\/\/hostallacreu.com\/fr\/wp-json\/wp\/v2\/pages"}],"about":[{"href":"https:\/\/hostallacreu.com\/fr\/wp-json\/wp\/v2\/types\/page"}],"author":[{"embeddable":true,"href":"https:\/\/hostallacreu.com\/fr\/wp-json\/wp\/v2\/users\/3"}],"replies":[{"embeddable":true,"href":"https:\/\/hostallacreu.com\/fr\/wp-json\/wp\/v2\/comments?post=3131"}],"version-history":[{"count":1,"href":"https:\/\/hostallacreu.com\/fr\/wp-json\/wp\/v2\/pages\/3131\/revisions"}],"predecessor-version":[{"id":3146,"href":"https:\/\/hostallacreu.com\/fr\/wp-json\/wp\/v2\/pages\/3131\/revisions\/3146"}],"up":[{"embeddable":true,"href":"https:\/\/hostallacreu.com\/fr\/wp-json\/wp\/v2\/pages\/3130"}],"wp:attachment":[{"href":"https:\/\/hostallacreu.com\/fr\/wp-json\/wp\/v2\/media?parent=3131"}],"curies":[{"name":"wp","href":"https:\/\/api.w.org\/{rel}","templated":true}]}}