{"id":3119,"date":"2023-11-28T15:44:26","date_gmt":"2023-11-28T15:44:26","guid":{"rendered":"https:\/\/hostallacreu.com\/?page_id=3119"},"modified":"2023-11-28T15:44:27","modified_gmt":"2023-11-28T15:44:27","slug":"ermita-de-berrus","status":"publish","type":"page","link":"https:\/\/hostallacreu.com\/fr\/entorn\/llocs-dinteres\/ermita-de-berrus\/","title":{"rendered":"Ermita de Berr\u00fas"},"content":{"rendered":"<h1><strong>L\u2019ermita de Santa Magdalena de Berr\u00fas, empla\u00e7ada a dalt d\u2019un tur\u00f3 molt a prop del pant\u00e0 de Riba-roja \u00e9s una construcci\u00f3 rom\u00e0nica que s\u2019acompanya d\u2019una hist\u00f2ria que la converteix en una de les m\u00e9s singulars de la Ribera d\u2019Ebre.<\/strong><\/h1>\n<p><img loading=\"lazy\" decoding=\"async\" class=\"alignright  wp-image-294\" src=\"https:\/\/hostallacreu.com\/wp-content\/uploads\/2014\/11\/ermita-berr\u00fas3.jpg\" alt=\"ermita-berr\u00fas3\" width=\"513\" height=\"342\" srcset=\"https:\/\/hostallacreu.com\/wp-content\/uploads\/2014\/11\/ermita-berr\u00fas3.jpg 1152w, https:\/\/hostallacreu.com\/wp-content\/uploads\/2014\/11\/ermita-berr\u00fas3-300x200.jpg 300w, https:\/\/hostallacreu.com\/wp-content\/uploads\/2014\/11\/ermita-berr\u00fas3-1024x682.jpg 1024w, https:\/\/hostallacreu.com\/wp-content\/uploads\/2014\/11\/ermita-berr\u00fas3-624x416.jpg 624w\" sizes=\"auto, (max-width: 513px) 100vw, 513px\" \/><\/p>\n<p>L\u2019ermita fou antigament l\u2019esgl\u00e9sia parroquial de Berr\u00fas, un petit poble, que al segle XIII pertanyia a la comanda d\u2019Asc\u00f3 i, que m\u00e9s tard, passa sota jurisdicci\u00f3 de Riba-roja d\u2019Ebre. \u00a0El poble qued\u00e0 despoblat a causa de l\u2019epid\u00e8mia de la pesta entre el segle IX i X i els supervivents l\u2019abandonaren per anar a viure als pobles del voltant, concretament a Riba-roja d\u2019Ebre, Vilalba dels Arcs i la Pobla de Massaluca. Es t\u00e9 const\u00e0ncia que abans de la guerra civil una fam\u00edlia s\u2019hi establ\u00ed de nou, a l\u2019\u00fanica casa que quedava d\u2019empeu.<\/p>\n<p>Amb la construcci\u00f3 del pant\u00e0 de Riba-roja, als anys seixanta, el poble qued\u00e0 anegat per\u00f2 l\u2019ermita fou desmuntada pedra a pedra i reempla\u00e7ada a la ubicaci\u00f3 actual, un petit turonet d\u2019on s\u2019albiren unes fant\u00e0stiques vistes del pant\u00e0 i de les muntanyes calc\u00e0ries que l\u2019envolten.<\/p>\n<p><img loading=\"lazy\" decoding=\"async\" class=\"alignright  wp-image-293\" src=\"https:\/\/hostallacreu.com\/wp-content\/uploads\/2014\/11\/ermita-berr\u00fas2.jpg\" alt=\"ermita-berr\u00fas2\" width=\"544\" height=\"363\" srcset=\"https:\/\/hostallacreu.com\/wp-content\/uploads\/2014\/11\/ermita-berr\u00fas2.jpg 1152w, https:\/\/hostallacreu.com\/wp-content\/uploads\/2014\/11\/ermita-berr\u00fas2-300x200.jpg 300w, https:\/\/hostallacreu.com\/wp-content\/uploads\/2014\/11\/ermita-berr\u00fas2-1024x682.jpg 1024w, https:\/\/hostallacreu.com\/wp-content\/uploads\/2014\/11\/ermita-berr\u00fas2-624x416.jpg 624w\" sizes=\"auto, (max-width: 544px) 100vw, 544px\" \/><\/p>\n<p>Per accedir-hi ens hem de despla\u00e7ar fins a Riba-roja d\u2019Ebre i des d\u2019all\u00ed seguir la carretera cap a\u00a0la Pobla de Massaluca, despr\u00e9s de passar les comportes del pant\u00e0 i resseguir la carretera arribem en un punt elevat on a m\u00e0 dreta ens apareix la senyalitzaci\u00f3 per agafar un cam\u00ed rural que ens porta fins l\u2019ermita.<\/p>\n<p>&nbsp;<\/p>\n","protected":false},"excerpt":{"rendered":"<p>L\u2019ermita de Santa Magdalena de Berr\u00fas, empla\u00e7ada a dalt d\u2019un tur\u00f3 molt a prop del pant\u00e0 de Riba-roja \u00e9s una construcci\u00f3 rom\u00e0nica que s\u2019acompanya d\u2019una hist\u00f2ria que la converteix en una de les m\u00e9s singulars de la Ribera d\u2019Ebre. L\u2019ermita fou antigament l\u2019esgl\u00e9sia parroquial de Berr\u00fas, un petit poble, que al segle XIII pertanyia a [&hellip;]<\/p>\n","protected":false},"author":3,"featured_media":0,"parent":3116,"menu_order":0,"comment_status":"closed","ping_status":"closed","template":"","meta":{"_monsterinsights_skip_tracking":false,"_monsterinsights_sitenote_active":false,"_monsterinsights_sitenote_note":"","_monsterinsights_sitenote_category":0,"footnotes":""},"class_list":["post-3119","page","type-page","status-publish","hentry"],"yoast_head":"<!-- This site is optimized with the Yoast SEO plugin v26.2 - https:\/\/yoast.com\/wordpress\/plugins\/seo\/ -->\n<title>Ermita de Berr\u00fas - Hostal Gastron\u00f2mic La Creu<\/title>\n<meta name=\"robots\" content=\"index, follow, max-snippet:-1, max-image-preview:large, max-video-preview:-1\" \/>\n<link rel=\"canonical\" href=\"https:\/\/hostallacreu.com\/fr\/entorn\/llocs-dinteres\/ermita-de-berrus\/\" \/>\n<meta property=\"og:locale\" content=\"fr_FR\" \/>\n<meta property=\"og:type\" content=\"article\" \/>\n<meta property=\"og:title\" content=\"Ermita de Berr\u00fas - Hostal Gastron\u00f2mic La Creu\" \/>\n<meta property=\"og:description\" content=\"L\u2019ermita de Santa Magdalena de Berr\u00fas, empla\u00e7ada a dalt d\u2019un tur\u00f3 molt a prop del pant\u00e0 de Riba-roja \u00e9s una construcci\u00f3 rom\u00e0nica que s\u2019acompanya d\u2019una hist\u00f2ria que la converteix en una de les m\u00e9s singulars de la Ribera d\u2019Ebre. L\u2019ermita fou antigament l\u2019esgl\u00e9sia parroquial de Berr\u00fas, un petit poble, que al segle XIII pertanyia a [&hellip;]\" \/>\n<meta property=\"og:url\" content=\"https:\/\/hostallacreu.com\/fr\/entorn\/llocs-dinteres\/ermita-de-berrus\/\" \/>\n<meta property=\"og:site_name\" content=\"Hostal Gastron\u00f2mic La Creu\" \/>\n<meta property=\"article:modified_time\" content=\"2023-11-28T15:44:27+00:00\" \/>\n<meta name=\"twitter:label1\" content=\"Dur\u00e9e de lecture estim\u00e9e\" \/>\n\t<meta name=\"twitter:data1\" content=\"2 minutes\" \/>\n<script type=\"application\/ld+json\" class=\"yoast-schema-graph\">{\"@context\":\"https:\/\/schema.org\",\"@graph\":[{\"@type\":\"WebPage\",\"@id\":\"https:\/\/hostallacreu.com\/fr\/entorn\/llocs-dinteres\/ermita-de-berrus\/\",\"url\":\"https:\/\/hostallacreu.com\/fr\/entorn\/llocs-dinteres\/ermita-de-berrus\/\",\"name\":\"Ermita de Berr\u00fas - Hostal Gastron\u00f2mic La Creu\",\"isPartOf\":{\"@id\":\"https:\/\/hostallacreu.com\/#website\"},\"datePublished\":\"2023-11-28T15:44:26+00:00\",\"dateModified\":\"2023-11-28T15:44:27+00:00\",\"breadcrumb\":{\"@id\":\"https:\/\/hostallacreu.com\/fr\/entorn\/llocs-dinteres\/ermita-de-berrus\/#breadcrumb\"},\"inLanguage\":\"fr-FR\",\"potentialAction\":[{\"@type\":\"ReadAction\",\"target\":[\"https:\/\/hostallacreu.com\/fr\/entorn\/llocs-dinteres\/ermita-de-berrus\/\"]}]},{\"@type\":\"BreadcrumbList\",\"@id\":\"https:\/\/hostallacreu.com\/fr\/entorn\/llocs-dinteres\/ermita-de-berrus\/#breadcrumb\",\"itemListElement\":[{\"@type\":\"ListItem\",\"position\":1,\"name\":\"Home\",\"item\":\"https:\/\/hostallacreu.com\/fr\/\"},{\"@type\":\"ListItem\",\"position\":2,\"name\":\"Entorn\",\"item\":\"https:\/\/hostallacreu.com\/fr\/entorn\/\"},{\"@type\":\"ListItem\",\"position\":3,\"name\":\"Llocs d&rsquo;inter\u00e8s\",\"item\":\"https:\/\/hostallacreu.com\/fr\/entorn\/llocs-dinteres\/\"},{\"@type\":\"ListItem\",\"position\":4,\"name\":\"Ermita de Berr\u00fas\"}]},{\"@type\":\"WebSite\",\"@id\":\"https:\/\/hostallacreu.com\/#website\",\"url\":\"https:\/\/hostallacreu.com\/\",\"name\":\"Hostal Gastron\u00f2mic La Creu\",\"description\":\"El teu allotjament i restaurant a la Ribera d&#039;Ebre\",\"potentialAction\":[{\"@type\":\"SearchAction\",\"target\":{\"@type\":\"EntryPoint\",\"urlTemplate\":\"https:\/\/hostallacreu.com\/?s={search_term_string}\"},\"query-input\":{\"@type\":\"PropertyValueSpecification\",\"valueRequired\":true,\"valueName\":\"search_term_string\"}}],\"inLanguage\":\"fr-FR\"}]}<\/script>\n<!-- \/ Yoast SEO plugin. -->","yoast_head_json":{"title":"Ermita de Berr\u00fas - Hostal Gastron\u00f2mic La Creu","robots":{"index":"index","follow":"follow","max-snippet":"max-snippet:-1","max-image-preview":"max-image-preview:large","max-video-preview":"max-video-preview:-1"},"canonical":"https:\/\/hostallacreu.com\/fr\/entorn\/llocs-dinteres\/ermita-de-berrus\/","og_locale":"fr_FR","og_type":"article","og_title":"Ermita de Berr\u00fas - Hostal Gastron\u00f2mic La Creu","og_description":"L\u2019ermita de Santa Magdalena de Berr\u00fas, empla\u00e7ada a dalt d\u2019un tur\u00f3 molt a prop del pant\u00e0 de Riba-roja \u00e9s una construcci\u00f3 rom\u00e0nica que s\u2019acompanya d\u2019una hist\u00f2ria que la converteix en una de les m\u00e9s singulars de la Ribera d\u2019Ebre. L\u2019ermita fou antigament l\u2019esgl\u00e9sia parroquial de Berr\u00fas, un petit poble, que al segle XIII pertanyia a [&hellip;]","og_url":"https:\/\/hostallacreu.com\/fr\/entorn\/llocs-dinteres\/ermita-de-berrus\/","og_site_name":"Hostal Gastron\u00f2mic La Creu","article_modified_time":"2023-11-28T15:44:27+00:00","twitter_misc":{"Dur\u00e9e de lecture estim\u00e9e":"2 minutes"},"schema":{"@context":"https:\/\/schema.org","@graph":[{"@type":"WebPage","@id":"https:\/\/hostallacreu.com\/fr\/entorn\/llocs-dinteres\/ermita-de-berrus\/","url":"https:\/\/hostallacreu.com\/fr\/entorn\/llocs-dinteres\/ermita-de-berrus\/","name":"Ermita de Berr\u00fas - Hostal Gastron\u00f2mic La Creu","isPartOf":{"@id":"https:\/\/hostallacreu.com\/#website"},"datePublished":"2023-11-28T15:44:26+00:00","dateModified":"2023-11-28T15:44:27+00:00","breadcrumb":{"@id":"https:\/\/hostallacreu.com\/fr\/entorn\/llocs-dinteres\/ermita-de-berrus\/#breadcrumb"},"inLanguage":"fr-FR","potentialAction":[{"@type":"ReadAction","target":["https:\/\/hostallacreu.com\/fr\/entorn\/llocs-dinteres\/ermita-de-berrus\/"]}]},{"@type":"BreadcrumbList","@id":"https:\/\/hostallacreu.com\/fr\/entorn\/llocs-dinteres\/ermita-de-berrus\/#breadcrumb","itemListElement":[{"@type":"ListItem","position":1,"name":"Home","item":"https:\/\/hostallacreu.com\/fr\/"},{"@type":"ListItem","position":2,"name":"Entorn","item":"https:\/\/hostallacreu.com\/fr\/entorn\/"},{"@type":"ListItem","position":3,"name":"Llocs d&rsquo;inter\u00e8s","item":"https:\/\/hostallacreu.com\/fr\/entorn\/llocs-dinteres\/"},{"@type":"ListItem","position":4,"name":"Ermita de Berr\u00fas"}]},{"@type":"WebSite","@id":"https:\/\/hostallacreu.com\/#website","url":"https:\/\/hostallacreu.com\/","name":"Hostal Gastron\u00f2mic La Creu","description":"El teu allotjament i restaurant a la Ribera d&#039;Ebre","potentialAction":[{"@type":"SearchAction","target":{"@type":"EntryPoint","urlTemplate":"https:\/\/hostallacreu.com\/?s={search_term_string}"},"query-input":{"@type":"PropertyValueSpecification","valueRequired":true,"valueName":"search_term_string"}}],"inLanguage":"fr-FR"}]}},"_links":{"self":[{"href":"https:\/\/hostallacreu.com\/fr\/wp-json\/wp\/v2\/pages\/3119","targetHints":{"allow":["GET"]}}],"collection":[{"href":"https:\/\/hostallacreu.com\/fr\/wp-json\/wp\/v2\/pages"}],"about":[{"href":"https:\/\/hostallacreu.com\/fr\/wp-json\/wp\/v2\/types\/page"}],"author":[{"embeddable":true,"href":"https:\/\/hostallacreu.com\/fr\/wp-json\/wp\/v2\/users\/3"}],"replies":[{"embeddable":true,"href":"https:\/\/hostallacreu.com\/fr\/wp-json\/wp\/v2\/comments?post=3119"}],"version-history":[{"count":1,"href":"https:\/\/hostallacreu.com\/fr\/wp-json\/wp\/v2\/pages\/3119\/revisions"}],"predecessor-version":[{"id":3125,"href":"https:\/\/hostallacreu.com\/fr\/wp-json\/wp\/v2\/pages\/3119\/revisions\/3125"}],"up":[{"embeddable":true,"href":"https:\/\/hostallacreu.com\/fr\/wp-json\/wp\/v2\/pages\/3116"}],"wp:attachment":[{"href":"https:\/\/hostallacreu.com\/fr\/wp-json\/wp\/v2\/media?parent=3119"}],"curies":[{"name":"wp","href":"https:\/\/api.w.org\/{rel}","templated":true}]}}