{"id":3100,"date":"2023-11-28T15:42:20","date_gmt":"2023-11-28T15:42:20","guid":{"rendered":"https:\/\/hostallacreu.com\/?page_id=3100"},"modified":"2023-11-28T15:42:21","modified_gmt":"2023-11-28T15:42:21","slug":"castell-de-mora-debre","status":"publish","type":"page","link":"https:\/\/hostallacreu.com\/fr\/entorn\/castells\/castell-de-mora-debre\/","title":{"rendered":"Castell de M\u00f3ra d&rsquo;Ebre"},"content":{"rendered":"<h3><span style=\"font-size: 14pt;\">El\u00a0Castell de M\u00f3ra d\u2019Ebre\u00a0\u00e9s una antigua edificaci\u00f3 militar d&rsquo;origen isl\u00e0mic situada al tur\u00f3 que encimbella el riu Ebre i domina la poblaci\u00f3. Est\u00e0 documentat des del 1060, quan el pr\u00edncep d&rsquo;Ol\u00e8rdola l&rsquo;atac\u00e0. Fou molts anys habitat pels ducs d&rsquo;Enten\u00e7a.<\/span><\/h3>\n<p><a href=\"https:\/\/hostallacreu.com\/wp-content\/uploads\/2015\/02\/castell-mora-ebre.jpg\"><img loading=\"lazy\" decoding=\"async\" class=\"alignright size-full wp-image-938\" src=\"https:\/\/hostallacreu.com\/wp-content\/uploads\/2015\/02\/castell-mora-ebre.jpg\" alt=\"castell mora ebre\" width=\"1151\" height=\"768\" srcset=\"https:\/\/hostallacreu.com\/wp-content\/uploads\/2015\/02\/castell-mora-ebre.jpg 1151w, https:\/\/hostallacreu.com\/wp-content\/uploads\/2015\/02\/castell-mora-ebre-300x200.jpg 300w, https:\/\/hostallacreu.com\/wp-content\/uploads\/2015\/02\/castell-mora-ebre-1024x683.jpg 1024w, https:\/\/hostallacreu.com\/wp-content\/uploads\/2015\/02\/castell-mora-ebre-624x416.jpg 624w\" sizes=\"auto, (max-width: 1151px) 100vw, 1151px\" \/><\/a><\/p>\n<p><span style=\"font-size: 14pt;\">Des de l&rsquo;any 1174\u00a0fins al\u00a01837\u00a0formava part de la\u00a0baronia d&rsquo;Enten\u00e7a, formada pels Castellvell, els Subirats-Sant Mart\u00ed,\u00a0els Enten\u00e7a, els Prades,\u00a0els Cardona\u00a0i els Medinaceli.<\/span><\/p>\n<p><span style=\"font-size: 12pt;\">\u00c9s al\u00a0segle XIX\u00a0quan el castell es veu destru\u00eft a poc a poc com a resultat del seu \u00fas durant les guerres carlines. Actualment es conserven uns 350 m de muralla en bon estat, una torre, una gran terrassa, l&rsquo;entrada i algunes depend\u00e8ncies.<\/span><\/p>\n<p><span style=\"font-size: 12pt;\">L&rsquo;any\u00a02002\u00a0l&rsquo;ajuntament de\u00a0M\u00f3ra d&rsquo;Ebre\u00a0obr\u00ed el castell al p\u00fablic durant l&rsquo;estiu ja com a mirador. De\u00a0<a href=\"http:\/\/ca.wikipedia.org\/wiki\/1980\">1<\/a>980\u00a0fins avui, l&rsquo;Associaci\u00f3 d&rsquo;Amics del Castell ha dut a terme m\u00faltiples obres de consolidaci\u00f3 i recuperaci\u00f3.<\/span><\/p>\n<p><span style=\"font-size: 12pt;\">Horaris:\u00a0Visites estiu: De l\u20191 dejuliol al 15 d\u2019agost: de 17.30 h a 20.30 h (dilluns tancat). Del 16 d\u2019agost al 30 de setembre de 17.00 a 20.00 h. Entrada gratu\u00efta.<\/span><\/p>\n<p><span style=\"font-size: 12pt;\">Visites guiades: Tots els dissabtes de l\u2019any per l\u2019empresa de guiatges culturals\u00a0<strong>Tarvitur<\/strong>.\u00a0<a href=\"http:\/\/tarvitur.blogspot.com.es\/2014\/06\/tots-els-dissabtes-mora-debre-les-1830h.html\">M\u00e9s informaci\u00f3.<\/a><\/span><\/p>\n<p><a href=\"https:\/\/hostallacreu.com\/wp-content\/uploads\/2015\/02\/castel-de-mora-ebre-2.jpg\"><img loading=\"lazy\" decoding=\"async\" class=\"alignright size-full wp-image-937\" src=\"https:\/\/hostallacreu.com\/wp-content\/uploads\/2015\/02\/castel-de-mora-ebre-2.jpg\" alt=\"castel de mora ebre 2\" width=\"1152\" height=\"768\" srcset=\"https:\/\/hostallacreu.com\/wp-content\/uploads\/2015\/02\/castel-de-mora-ebre-2.jpg 1152w, https:\/\/hostallacreu.com\/wp-content\/uploads\/2015\/02\/castel-de-mora-ebre-2-300x200.jpg 300w, https:\/\/hostallacreu.com\/wp-content\/uploads\/2015\/02\/castel-de-mora-ebre-2-1024x683.jpg 1024w, https:\/\/hostallacreu.com\/wp-content\/uploads\/2015\/02\/castel-de-mora-ebre-2-624x416.jpg 624w\" sizes=\"auto, (max-width: 1152px) 100vw, 1152px\" \/><\/a><\/p>\n<p>&nbsp;<\/p>\n","protected":false},"excerpt":{"rendered":"<p>El\u00a0Castell de M\u00f3ra d\u2019Ebre\u00a0\u00e9s una antigua edificaci\u00f3 militar d&rsquo;origen isl\u00e0mic situada al tur\u00f3 que encimbella el riu Ebre i domina la poblaci\u00f3. Est\u00e0 documentat des del 1060, quan el pr\u00edncep d&rsquo;Ol\u00e8rdola l&rsquo;atac\u00e0. Fou molts anys habitat pels ducs d&rsquo;Enten\u00e7a. Des de l&rsquo;any 1174\u00a0fins al\u00a01837\u00a0formava part de la\u00a0baronia d&rsquo;Enten\u00e7a, formada pels Castellvell, els Subirats-Sant Mart\u00ed,\u00a0els Enten\u00e7a, [&hellip;]<\/p>\n","protected":false},"author":3,"featured_media":0,"parent":3097,"menu_order":0,"comment_status":"closed","ping_status":"closed","template":"","meta":{"_monsterinsights_skip_tracking":false,"_monsterinsights_sitenote_active":false,"_monsterinsights_sitenote_note":"","_monsterinsights_sitenote_category":0,"footnotes":""},"class_list":["post-3100","page","type-page","status-publish","hentry"],"yoast_head":"<!-- This site is optimized with the Yoast SEO plugin v26.2 - https:\/\/yoast.com\/wordpress\/plugins\/seo\/ -->\n<title>Castell de M\u00f3ra d&#039;Ebre - Hostal Gastron\u00f2mic La Creu<\/title>\n<meta name=\"robots\" content=\"index, follow, max-snippet:-1, max-image-preview:large, max-video-preview:-1\" \/>\n<link rel=\"canonical\" href=\"https:\/\/hostallacreu.com\/fr\/entorn\/castells\/castell-de-mora-debre\/\" \/>\n<meta property=\"og:locale\" content=\"fr_FR\" \/>\n<meta property=\"og:type\" content=\"article\" \/>\n<meta property=\"og:title\" content=\"Castell de M\u00f3ra d&#039;Ebre - Hostal Gastron\u00f2mic La Creu\" \/>\n<meta property=\"og:description\" content=\"El\u00a0Castell de M\u00f3ra d\u2019Ebre\u00a0\u00e9s una antigua edificaci\u00f3 militar d&rsquo;origen isl\u00e0mic situada al tur\u00f3 que encimbella el riu Ebre i domina la poblaci\u00f3. Est\u00e0 documentat des del 1060, quan el pr\u00edncep d&rsquo;Ol\u00e8rdola l&rsquo;atac\u00e0. Fou molts anys habitat pels ducs d&rsquo;Enten\u00e7a. Des de l&rsquo;any 1174\u00a0fins al\u00a01837\u00a0formava part de la\u00a0baronia d&rsquo;Enten\u00e7a, formada pels Castellvell, els Subirats-Sant Mart\u00ed,\u00a0els Enten\u00e7a, [&hellip;]\" \/>\n<meta property=\"og:url\" content=\"https:\/\/hostallacreu.com\/fr\/entorn\/castells\/castell-de-mora-debre\/\" \/>\n<meta property=\"og:site_name\" content=\"Hostal Gastron\u00f2mic La Creu\" \/>\n<meta property=\"article:modified_time\" content=\"2023-11-28T15:42:21+00:00\" \/>\n<meta property=\"og:image\" content=\"http:\/\/hostallacreu.com\/wp-content\/uploads\/2015\/02\/castell-mora-ebre.jpg\" \/>\n<meta name=\"twitter:label1\" content=\"Dur\u00e9e de lecture estim\u00e9e\" \/>\n\t<meta name=\"twitter:data1\" content=\"2 minutes\" \/>\n<script type=\"application\/ld+json\" class=\"yoast-schema-graph\">{\"@context\":\"https:\/\/schema.org\",\"@graph\":[{\"@type\":\"WebPage\",\"@id\":\"https:\/\/hostallacreu.com\/fr\/entorn\/castells\/castell-de-mora-debre\/\",\"url\":\"https:\/\/hostallacreu.com\/fr\/entorn\/castells\/castell-de-mora-debre\/\",\"name\":\"Castell de M\u00f3ra d'Ebre - Hostal Gastron\u00f2mic La Creu\",\"isPartOf\":{\"@id\":\"https:\/\/hostallacreu.com\/#website\"},\"primaryImageOfPage\":{\"@id\":\"https:\/\/hostallacreu.com\/fr\/entorn\/castells\/castell-de-mora-debre\/#primaryimage\"},\"image\":{\"@id\":\"https:\/\/hostallacreu.com\/fr\/entorn\/castells\/castell-de-mora-debre\/#primaryimage\"},\"thumbnailUrl\":\"http:\/\/hostallacreu.com\/wp-content\/uploads\/2015\/02\/castell-mora-ebre.jpg\",\"datePublished\":\"2023-11-28T15:42:20+00:00\",\"dateModified\":\"2023-11-28T15:42:21+00:00\",\"breadcrumb\":{\"@id\":\"https:\/\/hostallacreu.com\/fr\/entorn\/castells\/castell-de-mora-debre\/#breadcrumb\"},\"inLanguage\":\"fr-FR\",\"potentialAction\":[{\"@type\":\"ReadAction\",\"target\":[\"https:\/\/hostallacreu.com\/fr\/entorn\/castells\/castell-de-mora-debre\/\"]}]},{\"@type\":\"ImageObject\",\"inLanguage\":\"fr-FR\",\"@id\":\"https:\/\/hostallacreu.com\/fr\/entorn\/castells\/castell-de-mora-debre\/#primaryimage\",\"url\":\"http:\/\/hostallacreu.com\/wp-content\/uploads\/2015\/02\/castell-mora-ebre.jpg\",\"contentUrl\":\"http:\/\/hostallacreu.com\/wp-content\/uploads\/2015\/02\/castell-mora-ebre.jpg\"},{\"@type\":\"BreadcrumbList\",\"@id\":\"https:\/\/hostallacreu.com\/fr\/entorn\/castells\/castell-de-mora-debre\/#breadcrumb\",\"itemListElement\":[{\"@type\":\"ListItem\",\"position\":1,\"name\":\"Home\",\"item\":\"https:\/\/hostallacreu.com\/fr\/\"},{\"@type\":\"ListItem\",\"position\":2,\"name\":\"Entorn\",\"item\":\"https:\/\/hostallacreu.com\/fr\/entorn\/\"},{\"@type\":\"ListItem\",\"position\":3,\"name\":\"Castells\",\"item\":\"https:\/\/hostallacreu.com\/fr\/entorn\/castells\/\"},{\"@type\":\"ListItem\",\"position\":4,\"name\":\"Castell de M\u00f3ra d&#8217;Ebre\"}]},{\"@type\":\"WebSite\",\"@id\":\"https:\/\/hostallacreu.com\/#website\",\"url\":\"https:\/\/hostallacreu.com\/\",\"name\":\"Hostal Gastron\u00f2mic La Creu\",\"description\":\"El teu allotjament i restaurant a la Ribera d&#039;Ebre\",\"potentialAction\":[{\"@type\":\"SearchAction\",\"target\":{\"@type\":\"EntryPoint\",\"urlTemplate\":\"https:\/\/hostallacreu.com\/?s={search_term_string}\"},\"query-input\":{\"@type\":\"PropertyValueSpecification\",\"valueRequired\":true,\"valueName\":\"search_term_string\"}}],\"inLanguage\":\"fr-FR\"}]}<\/script>\n<!-- \/ Yoast SEO plugin. -->","yoast_head_json":{"title":"Castell de M\u00f3ra d'Ebre - Hostal Gastron\u00f2mic La Creu","robots":{"index":"index","follow":"follow","max-snippet":"max-snippet:-1","max-image-preview":"max-image-preview:large","max-video-preview":"max-video-preview:-1"},"canonical":"https:\/\/hostallacreu.com\/fr\/entorn\/castells\/castell-de-mora-debre\/","og_locale":"fr_FR","og_type":"article","og_title":"Castell de M\u00f3ra d'Ebre - Hostal Gastron\u00f2mic La Creu","og_description":"El\u00a0Castell de M\u00f3ra d\u2019Ebre\u00a0\u00e9s una antigua edificaci\u00f3 militar d&rsquo;origen isl\u00e0mic situada al tur\u00f3 que encimbella el riu Ebre i domina la poblaci\u00f3. Est\u00e0 documentat des del 1060, quan el pr\u00edncep d&rsquo;Ol\u00e8rdola l&rsquo;atac\u00e0. Fou molts anys habitat pels ducs d&rsquo;Enten\u00e7a. Des de l&rsquo;any 1174\u00a0fins al\u00a01837\u00a0formava part de la\u00a0baronia d&rsquo;Enten\u00e7a, formada pels Castellvell, els Subirats-Sant Mart\u00ed,\u00a0els Enten\u00e7a, [&hellip;]","og_url":"https:\/\/hostallacreu.com\/fr\/entorn\/castells\/castell-de-mora-debre\/","og_site_name":"Hostal Gastron\u00f2mic La Creu","article_modified_time":"2023-11-28T15:42:21+00:00","og_image":[{"url":"http:\/\/hostallacreu.com\/wp-content\/uploads\/2015\/02\/castell-mora-ebre.jpg","type":"","width":"","height":""}],"twitter_misc":{"Dur\u00e9e de lecture estim\u00e9e":"2 minutes"},"schema":{"@context":"https:\/\/schema.org","@graph":[{"@type":"WebPage","@id":"https:\/\/hostallacreu.com\/fr\/entorn\/castells\/castell-de-mora-debre\/","url":"https:\/\/hostallacreu.com\/fr\/entorn\/castells\/castell-de-mora-debre\/","name":"Castell de M\u00f3ra d'Ebre - Hostal Gastron\u00f2mic La Creu","isPartOf":{"@id":"https:\/\/hostallacreu.com\/#website"},"primaryImageOfPage":{"@id":"https:\/\/hostallacreu.com\/fr\/entorn\/castells\/castell-de-mora-debre\/#primaryimage"},"image":{"@id":"https:\/\/hostallacreu.com\/fr\/entorn\/castells\/castell-de-mora-debre\/#primaryimage"},"thumbnailUrl":"http:\/\/hostallacreu.com\/wp-content\/uploads\/2015\/02\/castell-mora-ebre.jpg","datePublished":"2023-11-28T15:42:20+00:00","dateModified":"2023-11-28T15:42:21+00:00","breadcrumb":{"@id":"https:\/\/hostallacreu.com\/fr\/entorn\/castells\/castell-de-mora-debre\/#breadcrumb"},"inLanguage":"fr-FR","potentialAction":[{"@type":"ReadAction","target":["https:\/\/hostallacreu.com\/fr\/entorn\/castells\/castell-de-mora-debre\/"]}]},{"@type":"ImageObject","inLanguage":"fr-FR","@id":"https:\/\/hostallacreu.com\/fr\/entorn\/castells\/castell-de-mora-debre\/#primaryimage","url":"http:\/\/hostallacreu.com\/wp-content\/uploads\/2015\/02\/castell-mora-ebre.jpg","contentUrl":"http:\/\/hostallacreu.com\/wp-content\/uploads\/2015\/02\/castell-mora-ebre.jpg"},{"@type":"BreadcrumbList","@id":"https:\/\/hostallacreu.com\/fr\/entorn\/castells\/castell-de-mora-debre\/#breadcrumb","itemListElement":[{"@type":"ListItem","position":1,"name":"Home","item":"https:\/\/hostallacreu.com\/fr\/"},{"@type":"ListItem","position":2,"name":"Entorn","item":"https:\/\/hostallacreu.com\/fr\/entorn\/"},{"@type":"ListItem","position":3,"name":"Castells","item":"https:\/\/hostallacreu.com\/fr\/entorn\/castells\/"},{"@type":"ListItem","position":4,"name":"Castell de M\u00f3ra d&#8217;Ebre"}]},{"@type":"WebSite","@id":"https:\/\/hostallacreu.com\/#website","url":"https:\/\/hostallacreu.com\/","name":"Hostal Gastron\u00f2mic La Creu","description":"El teu allotjament i restaurant a la Ribera d&#039;Ebre","potentialAction":[{"@type":"SearchAction","target":{"@type":"EntryPoint","urlTemplate":"https:\/\/hostallacreu.com\/?s={search_term_string}"},"query-input":{"@type":"PropertyValueSpecification","valueRequired":true,"valueName":"search_term_string"}}],"inLanguage":"fr-FR"}]}},"_links":{"self":[{"href":"https:\/\/hostallacreu.com\/fr\/wp-json\/wp\/v2\/pages\/3100","targetHints":{"allow":["GET"]}}],"collection":[{"href":"https:\/\/hostallacreu.com\/fr\/wp-json\/wp\/v2\/pages"}],"about":[{"href":"https:\/\/hostallacreu.com\/fr\/wp-json\/wp\/v2\/types\/page"}],"author":[{"embeddable":true,"href":"https:\/\/hostallacreu.com\/fr\/wp-json\/wp\/v2\/users\/3"}],"replies":[{"embeddable":true,"href":"https:\/\/hostallacreu.com\/fr\/wp-json\/wp\/v2\/comments?post=3100"}],"version-history":[{"count":1,"href":"https:\/\/hostallacreu.com\/fr\/wp-json\/wp\/v2\/pages\/3100\/revisions"}],"predecessor-version":[{"id":3112,"href":"https:\/\/hostallacreu.com\/fr\/wp-json\/wp\/v2\/pages\/3100\/revisions\/3112"}],"up":[{"embeddable":true,"href":"https:\/\/hostallacreu.com\/fr\/wp-json\/wp\/v2\/pages\/3097"}],"wp:attachment":[{"href":"https:\/\/hostallacreu.com\/fr\/wp-json\/wp\/v2\/media?parent=3100"}],"curies":[{"name":"wp","href":"https:\/\/api.w.org\/{rel}","templated":true}]}}