{"id":1024,"date":"2015-02-21T15:52:46","date_gmt":"2015-02-21T15:52:46","guid":{"rendered":"http:\/\/hostallacreu.com\/?page_id=1024"},"modified":"2023-12-11T09:11:07","modified_gmt":"2023-12-11T09:11:07","slug":"contact","status":"publish","type":"page","link":"https:\/\/hostallacreu.com\/fr\/contact\/","title":{"rendered":"Contact"},"content":{"rendered":"<p>Phone: <span style=\"color: #008080;\"><strong>(+34) 977 40 07 07 \u00b7 665 642 713<\/span><\/strong><\/p>\n<p>Email:<span style=\"color: #008080;\"><strong> info@hostallacreu.com<\/strong><\/span><\/p>\n\n<div class=\"wpcf7 no-js\" id=\"wpcf7-f3547-o1\" lang=\"ca\" dir=\"ltr\" data-wpcf7-id=\"3547\">\n<div class=\"screen-reader-response\"><p role=\"status\" aria-live=\"polite\" aria-atomic=\"true\"><\/p> <ul><\/ul><\/div>\n<form action=\"\/fr\/wp-json\/wp\/v2\/pages\/1024#wpcf7-f3547-o1\" method=\"post\" class=\"wpcf7-form init\" aria-label=\"Formulari de contacte\" novalidate=\"novalidate\" data-status=\"init\">\n<fieldset class=\"hidden-fields-container\"><input type=\"hidden\" name=\"_wpcf7\" value=\"3547\" \/><input type=\"hidden\" name=\"_wpcf7_version\" value=\"6.1.2\" \/><input type=\"hidden\" name=\"_wpcf7_locale\" value=\"ca\" \/><input type=\"hidden\" name=\"_wpcf7_unit_tag\" value=\"wpcf7-f3547-o1\" \/><input type=\"hidden\" name=\"_wpcf7_container_post\" value=\"0\" \/><input type=\"hidden\" name=\"_wpcf7_posted_data_hash\" value=\"\" \/><input type=\"hidden\" name=\"_wpcf7_recaptcha_response\" value=\"\" \/>\n<\/fieldset>\n<p><label> Ton nom<br \/>\n<span class=\"wpcf7-form-control-wrap\" data-name=\"your-name\"><input size=\"40\" maxlength=\"400\" class=\"wpcf7-form-control wpcf7-text wpcf7-validates-as-required\" autocomplete=\"name\" aria-required=\"true\" aria-invalid=\"false\" value=\"\" type=\"text\" name=\"your-name\" \/><\/span> <\/label>\n<\/p>\n<p><label> Votre email<br \/>\n<span class=\"wpcf7-form-control-wrap\" data-name=\"your-email\"><input size=\"40\" maxlength=\"400\" class=\"wpcf7-form-control wpcf7-email wpcf7-validates-as-required wpcf7-text wpcf7-validates-as-email\" autocomplete=\"email\" aria-required=\"true\" aria-invalid=\"false\" value=\"\" type=\"email\" name=\"your-email\" \/><\/span> <\/label>\n<\/p>\n<p><label> Votre message<br \/>\n<span class=\"wpcf7-form-control-wrap\" data-name=\"your-message\"><textarea cols=\"40\" rows=\"10\" maxlength=\"2000\" class=\"wpcf7-form-control wpcf7-textarea wpcf7-validates-as-required\" aria-required=\"true\" aria-invalid=\"false\" name=\"your-message\"><\/textarea><\/span> <\/label>\n<\/p>\n<p><span class=\"wpcf7-form-control-wrap\" data-name=\"accepto-politica\"><span class=\"wpcf7-form-control wpcf7-acceptance\"><span class=\"wpcf7-list-item\"><label><input type=\"checkbox\" name=\"accepto-politica\" value=\"1\" aria-invalid=\"false\" \/><span class=\"wpcf7-list-item-label\">J'ai lu et j'accepte la <a href=\"https:\/\/hostallacreu.com\/politica-privacitat\/\" target=\"_blank\">politique de confidentialit\u00e9<\/a><\/span><\/label><\/span><\/span><\/span><br \/>\n<label style=\"font-size:12px;\"><br \/>\n<strong>INFORMATIONS G\u00c9N\u00c9RALES SUR LA PROTECTION DES DONN\u00c9ES<\/strong><br \/>\n<strong>Responsable du traitement\u00a0:<\/strong> GUIRAO MORILLO, S.L.<br \/>\n<strong>Finalit\u00e9 du traitement\u00a0:<\/strong> Maintenir une relation avec l'Utilisateur.<br \/>\n<strong>L\u00e9gitimation du traitement\u00a0:<\/strong> Int\u00e9r\u00eat l\u00e9gitime et consentement de la personne concern\u00e9e.<br \/>\n<strong>Conservation des donn\u00e9es\u00a0:<\/strong> Elles seront conserv\u00e9es aussi longtemps qu'il existe un int\u00e9r\u00eat mutuel ou aussi longtemps que n\u00e9cessaire au respect des obligations l\u00e9gales.<br \/>\n<strong>Destinataires\u00a0:<\/strong> Prestataires de services ou collaborateurs.<br \/>\n<strong>Droits\u00a0:<\/strong> Droit de retirer son consentement \u00e0 tout moment. Droit d'acc\u00e8s, de rectification, de portabilit\u00e9 et de suppression de vos donn\u00e9es, ainsi que de limitation ou d'opposition \u00e0 leur traitement. Pour exercer vos droits, veuillez contacter\u00a0: info@hostallacreu.com<br \/>\n<strong>Informations compl\u00e9mentaires\u00a0:<\/strong> Vous trouverez plus d'informations dans notre <a href=\"https:\/\/hostallacreu.com\/politica-privacitat\/\" target=\"_blank\">Politique de confidentialit\u00e9<\/a><br \/>\n<\/label>\n<\/p>\n<p><input class=\"wpcf7-form-control wpcf7-submit has-spinner\" type=\"submit\" value=\"Envoyer le formulaire\" \/>\n<\/p><div class=\"wpcf7-response-output\" aria-hidden=\"true\"><\/div>\n<\/form>\n<\/div>\n\n","protected":false},"excerpt":{"rendered":"<p>Phone: (+34) 977 40 07 07 \u00b7 665 642 713 Email: info@hostallacreu.com<\/p>\n","protected":false},"author":3,"featured_media":0,"parent":0,"menu_order":0,"comment_status":"open","ping_status":"open","template":"","meta":{"_monsterinsights_skip_tracking":false,"_monsterinsights_sitenote_active":false,"_monsterinsights_sitenote_note":"","_monsterinsights_sitenote_category":0,"footnotes":""},"class_list":["post-1024","page","type-page","status-publish","hentry"],"yoast_head":"<!-- This site is optimized with the Yoast SEO plugin v26.2 - https:\/\/yoast.com\/wordpress\/plugins\/seo\/ -->\n<title>Contact - Hostal Gastron\u00f2mic La Creu<\/title>\n<meta name=\"robots\" content=\"index, follow, max-snippet:-1, max-image-preview:large, max-video-preview:-1\" \/>\n<link rel=\"canonical\" href=\"https:\/\/hostallacreu.com\/fr\/contact\/\" \/>\n<meta property=\"og:locale\" content=\"fr_FR\" \/>\n<meta property=\"og:type\" content=\"article\" \/>\n<meta property=\"og:title\" content=\"Contact - Hostal Gastron\u00f2mic La Creu\" \/>\n<meta property=\"og:description\" content=\"Phone: (+34) 977 40 07 07 \u00b7 665 642 713 Email: info@hostallacreu.com\" \/>\n<meta property=\"og:url\" content=\"https:\/\/hostallacreu.com\/fr\/contact\/\" \/>\n<meta property=\"og:site_name\" content=\"Hostal Gastron\u00f2mic La Creu\" \/>\n<meta property=\"article:modified_time\" content=\"2023-12-11T09:11:07+00:00\" \/>\n<meta name=\"twitter:label1\" content=\"Dur\u00e9e de lecture estim\u00e9e\" \/>\n\t<meta name=\"twitter:data1\" content=\"1 minute\" \/>\n<script type=\"application\/ld+json\" class=\"yoast-schema-graph\">{\"@context\":\"https:\/\/schema.org\",\"@graph\":[{\"@type\":\"WebPage\",\"@id\":\"https:\/\/hostallacreu.com\/fr\/contact\/\",\"url\":\"https:\/\/hostallacreu.com\/fr\/contact\/\",\"name\":\"Contact - Hostal Gastron\u00f2mic La Creu\",\"isPartOf\":{\"@id\":\"https:\/\/hostallacreu.com\/#website\"},\"datePublished\":\"2015-02-21T15:52:46+00:00\",\"dateModified\":\"2023-12-11T09:11:07+00:00\",\"breadcrumb\":{\"@id\":\"https:\/\/hostallacreu.com\/fr\/contact\/#breadcrumb\"},\"inLanguage\":\"fr-FR\",\"potentialAction\":[{\"@type\":\"ReadAction\",\"target\":[\"https:\/\/hostallacreu.com\/fr\/contact\/\"]}]},{\"@type\":\"BreadcrumbList\",\"@id\":\"https:\/\/hostallacreu.com\/fr\/contact\/#breadcrumb\",\"itemListElement\":[{\"@type\":\"ListItem\",\"position\":1,\"name\":\"Home\",\"item\":\"https:\/\/hostallacreu.com\/fr\/\"},{\"@type\":\"ListItem\",\"position\":2,\"name\":\"Contact\"}]},{\"@type\":\"WebSite\",\"@id\":\"https:\/\/hostallacreu.com\/#website\",\"url\":\"https:\/\/hostallacreu.com\/\",\"name\":\"Hostal Gastron\u00f2mic La Creu\",\"description\":\"El teu allotjament i restaurant a la Ribera d&#039;Ebre\",\"potentialAction\":[{\"@type\":\"SearchAction\",\"target\":{\"@type\":\"EntryPoint\",\"urlTemplate\":\"https:\/\/hostallacreu.com\/?s={search_term_string}\"},\"query-input\":{\"@type\":\"PropertyValueSpecification\",\"valueRequired\":true,\"valueName\":\"search_term_string\"}}],\"inLanguage\":\"fr-FR\"}]}<\/script>\n<!-- \/ Yoast SEO plugin. -->","yoast_head_json":{"title":"Contact - Hostal Gastron\u00f2mic La Creu","robots":{"index":"index","follow":"follow","max-snippet":"max-snippet:-1","max-image-preview":"max-image-preview:large","max-video-preview":"max-video-preview:-1"},"canonical":"https:\/\/hostallacreu.com\/fr\/contact\/","og_locale":"fr_FR","og_type":"article","og_title":"Contact - Hostal Gastron\u00f2mic La Creu","og_description":"Phone: (+34) 977 40 07 07 \u00b7 665 642 713 Email: info@hostallacreu.com","og_url":"https:\/\/hostallacreu.com\/fr\/contact\/","og_site_name":"Hostal Gastron\u00f2mic La Creu","article_modified_time":"2023-12-11T09:11:07+00:00","twitter_misc":{"Dur\u00e9e de lecture estim\u00e9e":"1 minute"},"schema":{"@context":"https:\/\/schema.org","@graph":[{"@type":"WebPage","@id":"https:\/\/hostallacreu.com\/fr\/contact\/","url":"https:\/\/hostallacreu.com\/fr\/contact\/","name":"Contact - Hostal Gastron\u00f2mic La Creu","isPartOf":{"@id":"https:\/\/hostallacreu.com\/#website"},"datePublished":"2015-02-21T15:52:46+00:00","dateModified":"2023-12-11T09:11:07+00:00","breadcrumb":{"@id":"https:\/\/hostallacreu.com\/fr\/contact\/#breadcrumb"},"inLanguage":"fr-FR","potentialAction":[{"@type":"ReadAction","target":["https:\/\/hostallacreu.com\/fr\/contact\/"]}]},{"@type":"BreadcrumbList","@id":"https:\/\/hostallacreu.com\/fr\/contact\/#breadcrumb","itemListElement":[{"@type":"ListItem","position":1,"name":"Home","item":"https:\/\/hostallacreu.com\/fr\/"},{"@type":"ListItem","position":2,"name":"Contact"}]},{"@type":"WebSite","@id":"https:\/\/hostallacreu.com\/#website","url":"https:\/\/hostallacreu.com\/","name":"Hostal Gastron\u00f2mic La Creu","description":"El teu allotjament i restaurant a la Ribera d&#039;Ebre","potentialAction":[{"@type":"SearchAction","target":{"@type":"EntryPoint","urlTemplate":"https:\/\/hostallacreu.com\/?s={search_term_string}"},"query-input":{"@type":"PropertyValueSpecification","valueRequired":true,"valueName":"search_term_string"}}],"inLanguage":"fr-FR"}]}},"_links":{"self":[{"href":"https:\/\/hostallacreu.com\/fr\/wp-json\/wp\/v2\/pages\/1024","targetHints":{"allow":["GET"]}}],"collection":[{"href":"https:\/\/hostallacreu.com\/fr\/wp-json\/wp\/v2\/pages"}],"about":[{"href":"https:\/\/hostallacreu.com\/fr\/wp-json\/wp\/v2\/types\/page"}],"author":[{"embeddable":true,"href":"https:\/\/hostallacreu.com\/fr\/wp-json\/wp\/v2\/users\/3"}],"replies":[{"embeddable":true,"href":"https:\/\/hostallacreu.com\/fr\/wp-json\/wp\/v2\/comments?post=1024"}],"version-history":[{"count":5,"href":"https:\/\/hostallacreu.com\/fr\/wp-json\/wp\/v2\/pages\/1024\/revisions"}],"predecessor-version":[{"id":3551,"href":"https:\/\/hostallacreu.com\/fr\/wp-json\/wp\/v2\/pages\/1024\/revisions\/3551"}],"wp:attachment":[{"href":"https:\/\/hostallacreu.com\/fr\/wp-json\/wp\/v2\/media?parent=1024"}],"curies":[{"name":"wp","href":"https:\/\/api.w.org\/{rel}","templated":true}]}}