{"id":1011,"date":"2015-02-21T15:16:56","date_gmt":"2015-02-21T15:16:56","guid":{"rendered":"http:\/\/hostallacreu.com\/?page_id=1011"},"modified":"2025-12-23T12:01:11","modified_gmt":"2025-12-23T12:01:11","slug":"restaurant","status":"publish","type":"page","link":"https:\/\/hostallacreu.com\/fr\/restaurant\/","title":{"rendered":"Restaurant"},"content":{"rendered":"<div id=\"metaslider-id-3843\" style=\"width: 100%;\" class=\"ml-slider-3-102-0 metaslider metaslider-flex metaslider-3843 ml-slider has-dots-nav ms-theme-default-base\" role=\"region\" aria-label=\"Restaurant\" data-height=\"400\" data-width=\"1180\">\n    <div id=\"metaslider_container_3843\">\n        <div id=\"metaslider_3843\">\n            <ul aria-live='off' class='slides'>\n                <li style=\"display: block; width: 100%;\" class=\"slide-3844 ms-image \" aria-roledescription=\"slide\" data-date=\"2025-10-21 16:29:32\" data-slide-type=\"image\"><img loading=\"lazy\" decoding=\"async\" src=\"https:\/\/hostallacreu.com\/wp-content\/uploads\/2019\/09\/restaurant-la-creu-mora-ebre-2-1180x400.jpg\" height=\"400\" width=\"1180\" alt=\"\" class=\"slider-3843 slide-3844 msDefaultImage\" title=\"restaurant la creu mora ebre 2\" \/><\/li>\n                <li style=\"display: none; width: 100%;\" class=\"slide-3845 ms-image \" aria-roledescription=\"slide\" data-date=\"2025-10-21 16:29:32\" data-slide-type=\"image\"><img loading=\"lazy\" decoding=\"async\" src=\"https:\/\/hostallacreu.com\/wp-content\/uploads\/2019\/09\/restaurant-la-creu-mora-ebre-4-1180x400.jpg\" height=\"400\" width=\"1180\" alt=\"\" class=\"slider-3843 slide-3845 msDefaultImage\" title=\"restaurant la creu mora ebre 4\" \/><\/li>\n                <li style=\"display: none; width: 100%;\" class=\"slide-3846 ms-image \" aria-roledescription=\"slide\" data-date=\"2025-10-21 16:29:32\" data-slide-type=\"image\"><img loading=\"lazy\" decoding=\"async\" src=\"https:\/\/hostallacreu.com\/wp-content\/uploads\/2019\/09\/restaurant-la-creu-mora-ebre-1180x400.jpg\" height=\"400\" width=\"1180\" alt=\"\" class=\"slider-3843 slide-3846 msDefaultImage\" title=\"restaurant la creu mora ebre\" \/><\/li>\n                <li style=\"display: none; width: 100%;\" class=\"slide-3847 ms-image \" aria-roledescription=\"slide\" data-date=\"2025-10-21 16:29:32\" data-slide-type=\"image\"><img loading=\"lazy\" decoding=\"async\" src=\"https:\/\/hostallacreu.com\/wp-content\/uploads\/2019\/09\/restaurant-la-creu-mora-ebre-3-1180x400.jpg\" height=\"400\" width=\"1180\" alt=\"\" class=\"slider-3843 slide-3847 msDefaultImage\" title=\"restaurant la creu mora ebre 3\" \/><\/li>\n            <\/ul>\n        <\/div>\n        \n    <\/div>\n<\/div>\n\n\n<p>Nous proposons de la <strong>cuisine du march\u00e9 et cr\u00e9ative<\/strong>, form\u00e9e par des produits de qualit\u00e9 et de proximit\u00e9, sans oublier la bonne cuisine <strong>traditionnelle de nos terres<\/strong>.<\/p>\n<p>Nous accordons des <strong>services de restaurant <\/strong>pour nos h\u00f4tes et aussi <strong>pour le public g\u00e9n\u00e9ral<\/strong> moyennant une grande vari\u00e9t\u00e9 des menus, la carte et des casse-cro\u00fbtes. On \u00e9labore aussi des cartes sp\u00e9ciales, soit pour des d\u00eeners d\u2019affaires, soit pour des groupes ou des c\u00e9l\u00e9brations familiales. Notre salon, avec de l\u2019ambiance accueillante, devient un endroit id\u00e9al d\u2019intimit\u00e9 de vos c\u00e9l\u00e9brations, et en plus, nous nous occupons de tout ce dont vous avez besoin (d\u00e9coration, animations musicales, animations infantiles, etc.)<\/p>\n<p>Au m\u00eame temps, notre cuisine est accompagn\u00e9e d\u2019une carte de vins o\u00f9 vous pourrez trouver <strong>une s\u00e9lection des vins les plus repr\u00e9sentatifs des appellations d\u2019origine du sud de Catalogne<\/strong>.<\/p>\n<p>HORAIRE<\/p>\n<p><strong>INFORMATION IMPORTANTE CONCERNANT LE RESTAURANT<\/strong>: Le restaurant sera ferm\u00e9 les 24, 25, 26, 27 et 31 d\u00e9cembre 2025 ainsi que le 1er janvier 2026. Il sera \u00e9galement ferm\u00e9 les 6, 7, 8, 9, 10 et 11 janvier 2026 pour une pause hebdomadaire. Nous vous prions de nous excuser pour la g\u00eane occasionn\u00e9e.<\/p>\n<p><span class=\"_5mfr\"><span class=\"_6qdm\">\ud83d\udcc5<\/span><\/span> <strong><span style=\"color: #0000ff;\">Ouvert du jeudi au mardi\u00a0<\/span><\/strong><\/p>\n<p><span class=\"_5mfr\"><span class=\"_6qdm\">\ud83d\udcc5 <strong>Mercredi ferm\u00e9<\/strong><\/span><\/span><\/p>\n<p><span class=\"_5mfr\"><span class=\"_6qdm\">\u23f0<\/span><\/span> <strong><span style=\"color: #0000ff;\">Midi\/D\u00e9jeuner de 13h00 \u00e0 16h00<\/span><\/strong><\/p>\n<p><strong><span style=\"color: #0000ff;\">Soir\u00e9es\/D\u00eeners \u2013 ferm\u00e9<\/span><\/strong><\/p>\n<p><span class=\"_5mfr\"><span class=\"_6qdm\">\u260e\ufe0f<\/span><\/span> Si vous pr\u00e9voyez de venir, merci de r\u00e9server \u00e0 l&rsquo;avance et vous nous aiderez \u00e0 g\u00e9rer les espaces.<\/p>\n<p>Demandez-nous les menus du jour\/du week-end et nous vous les enverrons sans engagement.<\/p>\n<p>Nos num\u00e9ros de t\u00e9l\u00e9phone sont le 977 40 07 07 et le 665 642 713 (Noelia Guirao Morillo, G\u00e9rante\/Directrice).<\/p>\n<figure class=\"wp-block-image size-large\"><img decoding=\"async\" src=\"https:\/\/hostallacreu.com\/wp-content\/uploads\/2021\/07\/Guirao-Morillo-SL.jpg\" alt=\"\" \/><\/figure>\n<p><!-- \/wp:post-content --><\/p>","protected":false},"excerpt":{"rendered":"<p>Nous proposons de la cuisine du march\u00e9 et cr\u00e9ative, form\u00e9e par des produits de qualit\u00e9 et de proximit\u00e9, sans oublier la bonne cuisine traditionnelle de nos terres. Nous accordons des services de restaurant pour nos h\u00f4tes et aussi pour le public g\u00e9n\u00e9ral moyennant une grande vari\u00e9t\u00e9 des menus, la carte et des casse-cro\u00fbtes. On \u00e9labore [&hellip;]<\/p>\n","protected":false},"author":3,"featured_media":889,"parent":0,"menu_order":0,"comment_status":"open","ping_status":"open","template":"","meta":{"_monsterinsights_skip_tracking":false,"_monsterinsights_sitenote_active":false,"_monsterinsights_sitenote_note":"","_monsterinsights_sitenote_category":0,"footnotes":""},"class_list":["post-1011","page","type-page","status-publish","has-post-thumbnail","hentry"],"yoast_head":"<!-- This site is optimized with the Yoast SEO plugin v26.2 - https:\/\/yoast.com\/wordpress\/plugins\/seo\/ -->\n<title>Restaurant - Hostal Gastron\u00f2mic La Creu<\/title>\n<meta name=\"robots\" content=\"index, follow, max-snippet:-1, max-image-preview:large, max-video-preview:-1\" \/>\n<link rel=\"canonical\" href=\"https:\/\/hostallacreu.com\/fr\/restaurant\/\" \/>\n<meta property=\"og:locale\" content=\"fr_FR\" \/>\n<meta property=\"og:type\" content=\"article\" \/>\n<meta property=\"og:title\" content=\"Restaurant - Hostal Gastron\u00f2mic La Creu\" \/>\n<meta property=\"og:description\" content=\"Nous proposons de la cuisine du march\u00e9 et cr\u00e9ative, form\u00e9e par des produits de qualit\u00e9 et de proximit\u00e9, sans oublier la bonne cuisine traditionnelle de nos terres. Nous accordons des services de restaurant pour nos h\u00f4tes et aussi pour le public g\u00e9n\u00e9ral moyennant une grande vari\u00e9t\u00e9 des menus, la carte et des casse-cro\u00fbtes. On \u00e9labore [&hellip;]\" \/>\n<meta property=\"og:url\" content=\"https:\/\/hostallacreu.com\/fr\/restaurant\/\" \/>\n<meta property=\"og:site_name\" content=\"Hostal Gastron\u00f2mic La Creu\" \/>\n<meta property=\"article:modified_time\" content=\"2025-12-23T12:01:11+00:00\" \/>\n<meta property=\"og:image\" content=\"https:\/\/hostallacreu.com\/wp-content\/uploads\/2015\/01\/hostal-la-creu-mora-ebre-tarragona-restaurant-2-01-01-01-01-01.jpg\" \/>\n\t<meta property=\"og:image:width\" content=\"2588\" \/>\n\t<meta property=\"og:image:height\" content=\"877\" \/>\n\t<meta property=\"og:image:type\" content=\"image\/jpeg\" \/>\n<meta name=\"twitter:label1\" content=\"Dur\u00e9e de lecture estim\u00e9e\" \/>\n\t<meta name=\"twitter:data1\" content=\"2 minutes\" \/>\n<script type=\"application\/ld+json\" class=\"yoast-schema-graph\">{\"@context\":\"https:\/\/schema.org\",\"@graph\":[{\"@type\":\"WebPage\",\"@id\":\"https:\/\/hostallacreu.com\/fr\/restaurant\/\",\"url\":\"https:\/\/hostallacreu.com\/fr\/restaurant\/\",\"name\":\"Restaurant - Hostal Gastron\u00f2mic La Creu\",\"isPartOf\":{\"@id\":\"https:\/\/hostallacreu.com\/#website\"},\"primaryImageOfPage\":{\"@id\":\"https:\/\/hostallacreu.com\/fr\/restaurant\/#primaryimage\"},\"image\":{\"@id\":\"https:\/\/hostallacreu.com\/fr\/restaurant\/#primaryimage\"},\"thumbnailUrl\":\"https:\/\/hostallacreu.com\/wp-content\/uploads\/2015\/01\/hostal-la-creu-mora-ebre-tarragona-restaurant-2-01-01-01-01-01.jpg\",\"datePublished\":\"2015-02-21T15:16:56+00:00\",\"dateModified\":\"2025-12-23T12:01:11+00:00\",\"breadcrumb\":{\"@id\":\"https:\/\/hostallacreu.com\/fr\/restaurant\/#breadcrumb\"},\"inLanguage\":\"fr-FR\",\"potentialAction\":[{\"@type\":\"ReadAction\",\"target\":[\"https:\/\/hostallacreu.com\/fr\/restaurant\/\"]}]},{\"@type\":\"ImageObject\",\"inLanguage\":\"fr-FR\",\"@id\":\"https:\/\/hostallacreu.com\/fr\/restaurant\/#primaryimage\",\"url\":\"https:\/\/hostallacreu.com\/wp-content\/uploads\/2015\/01\/hostal-la-creu-mora-ebre-tarragona-restaurant-2-01-01-01-01-01.jpg\",\"contentUrl\":\"https:\/\/hostallacreu.com\/wp-content\/uploads\/2015\/01\/hostal-la-creu-mora-ebre-tarragona-restaurant-2-01-01-01-01-01.jpg\",\"width\":2588,\"height\":877},{\"@type\":\"BreadcrumbList\",\"@id\":\"https:\/\/hostallacreu.com\/fr\/restaurant\/#breadcrumb\",\"itemListElement\":[{\"@type\":\"ListItem\",\"position\":1,\"name\":\"Home\",\"item\":\"https:\/\/hostallacreu.com\/fr\/\"},{\"@type\":\"ListItem\",\"position\":2,\"name\":\"Restaurant\"}]},{\"@type\":\"WebSite\",\"@id\":\"https:\/\/hostallacreu.com\/#website\",\"url\":\"https:\/\/hostallacreu.com\/\",\"name\":\"Hostal Gastron\u00f2mic La Creu\",\"description\":\"El teu allotjament i restaurant a la Ribera d&#039;Ebre\",\"potentialAction\":[{\"@type\":\"SearchAction\",\"target\":{\"@type\":\"EntryPoint\",\"urlTemplate\":\"https:\/\/hostallacreu.com\/?s={search_term_string}\"},\"query-input\":{\"@type\":\"PropertyValueSpecification\",\"valueRequired\":true,\"valueName\":\"search_term_string\"}}],\"inLanguage\":\"fr-FR\"}]}<\/script>\n<!-- \/ Yoast SEO plugin. -->","yoast_head_json":{"title":"Restaurant - Hostal Gastron\u00f2mic La Creu","robots":{"index":"index","follow":"follow","max-snippet":"max-snippet:-1","max-image-preview":"max-image-preview:large","max-video-preview":"max-video-preview:-1"},"canonical":"https:\/\/hostallacreu.com\/fr\/restaurant\/","og_locale":"fr_FR","og_type":"article","og_title":"Restaurant - Hostal Gastron\u00f2mic La Creu","og_description":"Nous proposons de la cuisine du march\u00e9 et cr\u00e9ative, form\u00e9e par des produits de qualit\u00e9 et de proximit\u00e9, sans oublier la bonne cuisine traditionnelle de nos terres. Nous accordons des services de restaurant pour nos h\u00f4tes et aussi pour le public g\u00e9n\u00e9ral moyennant une grande vari\u00e9t\u00e9 des menus, la carte et des casse-cro\u00fbtes. On \u00e9labore [&hellip;]","og_url":"https:\/\/hostallacreu.com\/fr\/restaurant\/","og_site_name":"Hostal Gastron\u00f2mic La Creu","article_modified_time":"2025-12-23T12:01:11+00:00","og_image":[{"width":2588,"height":877,"url":"https:\/\/hostallacreu.com\/wp-content\/uploads\/2015\/01\/hostal-la-creu-mora-ebre-tarragona-restaurant-2-01-01-01-01-01.jpg","type":"image\/jpeg"}],"twitter_misc":{"Dur\u00e9e de lecture estim\u00e9e":"2 minutes"},"schema":{"@context":"https:\/\/schema.org","@graph":[{"@type":"WebPage","@id":"https:\/\/hostallacreu.com\/fr\/restaurant\/","url":"https:\/\/hostallacreu.com\/fr\/restaurant\/","name":"Restaurant - Hostal Gastron\u00f2mic La Creu","isPartOf":{"@id":"https:\/\/hostallacreu.com\/#website"},"primaryImageOfPage":{"@id":"https:\/\/hostallacreu.com\/fr\/restaurant\/#primaryimage"},"image":{"@id":"https:\/\/hostallacreu.com\/fr\/restaurant\/#primaryimage"},"thumbnailUrl":"https:\/\/hostallacreu.com\/wp-content\/uploads\/2015\/01\/hostal-la-creu-mora-ebre-tarragona-restaurant-2-01-01-01-01-01.jpg","datePublished":"2015-02-21T15:16:56+00:00","dateModified":"2025-12-23T12:01:11+00:00","breadcrumb":{"@id":"https:\/\/hostallacreu.com\/fr\/restaurant\/#breadcrumb"},"inLanguage":"fr-FR","potentialAction":[{"@type":"ReadAction","target":["https:\/\/hostallacreu.com\/fr\/restaurant\/"]}]},{"@type":"ImageObject","inLanguage":"fr-FR","@id":"https:\/\/hostallacreu.com\/fr\/restaurant\/#primaryimage","url":"https:\/\/hostallacreu.com\/wp-content\/uploads\/2015\/01\/hostal-la-creu-mora-ebre-tarragona-restaurant-2-01-01-01-01-01.jpg","contentUrl":"https:\/\/hostallacreu.com\/wp-content\/uploads\/2015\/01\/hostal-la-creu-mora-ebre-tarragona-restaurant-2-01-01-01-01-01.jpg","width":2588,"height":877},{"@type":"BreadcrumbList","@id":"https:\/\/hostallacreu.com\/fr\/restaurant\/#breadcrumb","itemListElement":[{"@type":"ListItem","position":1,"name":"Home","item":"https:\/\/hostallacreu.com\/fr\/"},{"@type":"ListItem","position":2,"name":"Restaurant"}]},{"@type":"WebSite","@id":"https:\/\/hostallacreu.com\/#website","url":"https:\/\/hostallacreu.com\/","name":"Hostal Gastron\u00f2mic La Creu","description":"El teu allotjament i restaurant a la Ribera d&#039;Ebre","potentialAction":[{"@type":"SearchAction","target":{"@type":"EntryPoint","urlTemplate":"https:\/\/hostallacreu.com\/?s={search_term_string}"},"query-input":{"@type":"PropertyValueSpecification","valueRequired":true,"valueName":"search_term_string"}}],"inLanguage":"fr-FR"}]}},"_links":{"self":[{"href":"https:\/\/hostallacreu.com\/fr\/wp-json\/wp\/v2\/pages\/1011","targetHints":{"allow":["GET"]}}],"collection":[{"href":"https:\/\/hostallacreu.com\/fr\/wp-json\/wp\/v2\/pages"}],"about":[{"href":"https:\/\/hostallacreu.com\/fr\/wp-json\/wp\/v2\/types\/page"}],"author":[{"embeddable":true,"href":"https:\/\/hostallacreu.com\/fr\/wp-json\/wp\/v2\/users\/3"}],"replies":[{"embeddable":true,"href":"https:\/\/hostallacreu.com\/fr\/wp-json\/wp\/v2\/comments?post=1011"}],"version-history":[{"count":10,"href":"https:\/\/hostallacreu.com\/fr\/wp-json\/wp\/v2\/pages\/1011\/revisions"}],"predecessor-version":[{"id":3903,"href":"https:\/\/hostallacreu.com\/fr\/wp-json\/wp\/v2\/pages\/1011\/revisions\/3903"}],"wp:featuredmedia":[{"embeddable":true,"href":"https:\/\/hostallacreu.com\/fr\/wp-json\/wp\/v2\/media\/889"}],"wp:attachment":[{"href":"https:\/\/hostallacreu.com\/fr\/wp-json\/wp\/v2\/media?parent=1011"}],"curies":[{"name":"wp","href":"https:\/\/api.w.org\/{rel}","templated":true}]}}