{"id":1009,"date":"2015-02-21T15:14:46","date_gmt":"2015-02-21T15:14:46","guid":{"rendered":"http:\/\/hostallacreu.com\/?page_id=1009"},"modified":"2015-02-21T15:14:46","modified_gmt":"2015-02-21T15:14:46","slug":"un-lit-9","status":"publish","type":"page","link":"https:\/\/hostallacreu.com\/fr\/auberge\/chambres\/un-lit-9\/","title":{"rendered":"Un lit (9)"},"content":{"rendered":"<p><a href=\"https:\/\/hostallacreu.com\/wp-content\/uploads\/2014\/11\/habitacio\u00a6\u00fc-09-hostal-la-creu.jpg\"><img loading=\"lazy\" decoding=\"async\" class=\"alignright  wp-image-90\" src=\"https:\/\/hostallacreu.com\/wp-content\/uploads\/2014\/11\/habitacio\u00a6\u00fc-09-hostal-la-creu.jpg\" alt=\"habitacio\u00a6\u00fc 09 - hostal la creu\" width=\"491\" height=\"326\" srcset=\"https:\/\/hostallacreu.com\/wp-content\/uploads\/2014\/11\/habitacio\u00a6\u00fc-09-hostal-la-creu.jpg 1024w, https:\/\/hostallacreu.com\/wp-content\/uploads\/2014\/11\/habitacio\u00a6\u00fc-09-hostal-la-creu-300x199.jpg 300w, https:\/\/hostallacreu.com\/wp-content\/uploads\/2014\/11\/habitacio\u00a6\u00fc-09-hostal-la-creu-624x414.jpg 624w\" sizes=\"auto, (max-width: 491px) 100vw, 491px\" \/><\/a><\/p>\n<p><span style=\"color: #99ccff;\"><strong>On propose 3 chambres \u00e0 deux lits<\/strong><\/span>.<\/p>\n<p>Noms des chambres : LA RIBERA D\u2019EBRE,  LA TORRE DE L\u2019ESPANYOL et M\u00d3RA D\u2019EBRE<br \/>\nLit d\u2019une personne, t\u00e9l\u00e9viseur, salle de bain avec douche, bureau, frigo, climatisation, fauteuil, connection \u00e0 l\u2019internet, balcon, luimi\u00e8re naturelle, am\u00e9nagements, bouteille d\u2019eau de bienvenue.<br \/>\nService de r\u00e9ception 24h, service de petit-d\u00e9jeuner, service de lessive, information touristique, disponibilit\u00e9 de s\u00e8che-cheveux sur demande, ascenseur, accessibilit\u00e9 pour les personnes handicap\u00e9es.<\/p>\n","protected":false},"excerpt":{"rendered":"<p>On propose 3 chambres \u00e0 deux lits. Noms des chambres : LA RIBERA D\u2019EBRE, LA TORRE DE L\u2019ESPANYOL et M\u00d3RA D\u2019EBRE Lit d\u2019une personne, t\u00e9l\u00e9viseur, salle de bain avec douche, bureau, frigo, climatisation, fauteuil, connection \u00e0 l\u2019internet, balcon, luimi\u00e8re naturelle, am\u00e9nagements, bouteille d\u2019eau de bienvenue. Service de r\u00e9ception 24h, service de petit-d\u00e9jeuner, service de lessive, [&hellip;]<\/p>\n","protected":false},"author":3,"featured_media":90,"parent":1003,"menu_order":0,"comment_status":"closed","ping_status":"closed","template":"","meta":{"_monsterinsights_skip_tracking":false,"_monsterinsights_sitenote_active":false,"_monsterinsights_sitenote_note":"","_monsterinsights_sitenote_category":0,"footnotes":""},"class_list":["post-1009","page","type-page","status-publish","has-post-thumbnail","hentry"],"yoast_head":"<!-- This site is optimized with the Yoast SEO plugin v26.2 - https:\/\/yoast.com\/wordpress\/plugins\/seo\/ -->\n<title>Un lit (9) - Hostal Gastron\u00f2mic La Creu<\/title>\n<meta name=\"robots\" content=\"index, follow, max-snippet:-1, max-image-preview:large, max-video-preview:-1\" \/>\n<link rel=\"canonical\" href=\"http:\/\/hostallacreu.com\/fr\/auberge\/chambres\/un-lit-9\/\" \/>\n<meta property=\"og:locale\" content=\"fr_FR\" \/>\n<meta property=\"og:type\" content=\"article\" \/>\n<meta property=\"og:title\" content=\"Un lit (9) - Hostal Gastron\u00f2mic La Creu\" \/>\n<meta property=\"og:description\" content=\"On propose 3 chambres \u00e0 deux lits. Noms des chambres : LA RIBERA D\u2019EBRE, LA TORRE DE L\u2019ESPANYOL et M\u00d3RA D\u2019EBRE Lit d\u2019une personne, t\u00e9l\u00e9viseur, salle de bain avec douche, bureau, frigo, climatisation, fauteuil, connection \u00e0 l\u2019internet, balcon, luimi\u00e8re naturelle, am\u00e9nagements, bouteille d\u2019eau de bienvenue. Service de r\u00e9ception 24h, service de petit-d\u00e9jeuner, service de lessive, [&hellip;]\" \/>\n<meta property=\"og:url\" content=\"http:\/\/hostallacreu.com\/fr\/auberge\/chambres\/un-lit-9\/\" \/>\n<meta property=\"og:site_name\" content=\"Hostal Gastron\u00f2mic La Creu\" \/>\n<meta property=\"og:image\" content=\"http:\/\/hostallacreu.com\/wp-content\/uploads\/2014\/11\/habitacio\u00a6\u00fc-09-hostal-la-creu.jpg\" \/>\n\t<meta property=\"og:image:width\" content=\"1024\" \/>\n\t<meta property=\"og:image:height\" content=\"680\" \/>\n\t<meta property=\"og:image:type\" content=\"image\/jpeg\" \/>\n<script type=\"application\/ld+json\" class=\"yoast-schema-graph\">{\"@context\":\"https:\/\/schema.org\",\"@graph\":[{\"@type\":\"WebPage\",\"@id\":\"http:\/\/hostallacreu.com\/fr\/auberge\/chambres\/un-lit-9\/\",\"url\":\"http:\/\/hostallacreu.com\/fr\/auberge\/chambres\/un-lit-9\/\",\"name\":\"Un lit (9) - Hostal Gastron\u00f2mic La Creu\",\"isPartOf\":{\"@id\":\"https:\/\/hostallacreu.com\/#website\"},\"primaryImageOfPage\":{\"@id\":\"http:\/\/hostallacreu.com\/fr\/auberge\/chambres\/un-lit-9\/#primaryimage\"},\"image\":{\"@id\":\"http:\/\/hostallacreu.com\/fr\/auberge\/chambres\/un-lit-9\/#primaryimage\"},\"thumbnailUrl\":\"https:\/\/hostallacreu.com\/wp-content\/uploads\/2014\/11\/habitacio\u00a6\u00fc-09-hostal-la-creu.jpg\",\"datePublished\":\"2015-02-21T15:14:46+00:00\",\"breadcrumb\":{\"@id\":\"http:\/\/hostallacreu.com\/fr\/auberge\/chambres\/un-lit-9\/#breadcrumb\"},\"inLanguage\":\"fr-FR\",\"potentialAction\":[{\"@type\":\"ReadAction\",\"target\":[\"http:\/\/hostallacreu.com\/fr\/auberge\/chambres\/un-lit-9\/\"]}]},{\"@type\":\"ImageObject\",\"inLanguage\":\"fr-FR\",\"@id\":\"http:\/\/hostallacreu.com\/fr\/auberge\/chambres\/un-lit-9\/#primaryimage\",\"url\":\"https:\/\/hostallacreu.com\/wp-content\/uploads\/2014\/11\/habitacio\u00a6\u00fc-09-hostal-la-creu.jpg\",\"contentUrl\":\"https:\/\/hostallacreu.com\/wp-content\/uploads\/2014\/11\/habitacio\u00a6\u00fc-09-hostal-la-creu.jpg\",\"width\":1024,\"height\":680},{\"@type\":\"BreadcrumbList\",\"@id\":\"http:\/\/hostallacreu.com\/fr\/auberge\/chambres\/un-lit-9\/#breadcrumb\",\"itemListElement\":[{\"@type\":\"ListItem\",\"position\":1,\"name\":\"Home\",\"item\":\"https:\/\/hostallacreu.com\/fr\/\"},{\"@type\":\"ListItem\",\"position\":2,\"name\":\"Auberge\",\"item\":\"https:\/\/hostallacreu.com\/fr\/auberge\/\"},{\"@type\":\"ListItem\",\"position\":3,\"name\":\"Chambres\",\"item\":\"http:\/\/hostallacreu.com\/fr\/auberge\/chambres\/\"},{\"@type\":\"ListItem\",\"position\":4,\"name\":\"Un lit (9)\"}]},{\"@type\":\"WebSite\",\"@id\":\"https:\/\/hostallacreu.com\/#website\",\"url\":\"https:\/\/hostallacreu.com\/\",\"name\":\"Hostal Gastron\u00f2mic La Creu\",\"description\":\"El teu allotjament i restaurant a la Ribera d&#039;Ebre\",\"potentialAction\":[{\"@type\":\"SearchAction\",\"target\":{\"@type\":\"EntryPoint\",\"urlTemplate\":\"https:\/\/hostallacreu.com\/?s={search_term_string}\"},\"query-input\":{\"@type\":\"PropertyValueSpecification\",\"valueRequired\":true,\"valueName\":\"search_term_string\"}}],\"inLanguage\":\"fr-FR\"}]}<\/script>\n<!-- \/ Yoast SEO plugin. -->","yoast_head_json":{"title":"Un lit (9) - Hostal Gastron\u00f2mic La Creu","robots":{"index":"index","follow":"follow","max-snippet":"max-snippet:-1","max-image-preview":"max-image-preview:large","max-video-preview":"max-video-preview:-1"},"canonical":"http:\/\/hostallacreu.com\/fr\/auberge\/chambres\/un-lit-9\/","og_locale":"fr_FR","og_type":"article","og_title":"Un lit (9) - Hostal Gastron\u00f2mic La Creu","og_description":"On propose 3 chambres \u00e0 deux lits. Noms des chambres : LA RIBERA D\u2019EBRE, LA TORRE DE L\u2019ESPANYOL et M\u00d3RA D\u2019EBRE Lit d\u2019une personne, t\u00e9l\u00e9viseur, salle de bain avec douche, bureau, frigo, climatisation, fauteuil, connection \u00e0 l\u2019internet, balcon, luimi\u00e8re naturelle, am\u00e9nagements, bouteille d\u2019eau de bienvenue. Service de r\u00e9ception 24h, service de petit-d\u00e9jeuner, service de lessive, [&hellip;]","og_url":"http:\/\/hostallacreu.com\/fr\/auberge\/chambres\/un-lit-9\/","og_site_name":"Hostal Gastron\u00f2mic La Creu","og_image":[{"width":1024,"height":680,"url":"http:\/\/hostallacreu.com\/wp-content\/uploads\/2014\/11\/habitacio\u00a6\u00fc-09-hostal-la-creu.jpg","type":"image\/jpeg"}],"schema":{"@context":"https:\/\/schema.org","@graph":[{"@type":"WebPage","@id":"http:\/\/hostallacreu.com\/fr\/auberge\/chambres\/un-lit-9\/","url":"http:\/\/hostallacreu.com\/fr\/auberge\/chambres\/un-lit-9\/","name":"Un lit (9) - Hostal Gastron\u00f2mic La Creu","isPartOf":{"@id":"https:\/\/hostallacreu.com\/#website"},"primaryImageOfPage":{"@id":"http:\/\/hostallacreu.com\/fr\/auberge\/chambres\/un-lit-9\/#primaryimage"},"image":{"@id":"http:\/\/hostallacreu.com\/fr\/auberge\/chambres\/un-lit-9\/#primaryimage"},"thumbnailUrl":"https:\/\/hostallacreu.com\/wp-content\/uploads\/2014\/11\/habitacio\u00a6\u00fc-09-hostal-la-creu.jpg","datePublished":"2015-02-21T15:14:46+00:00","breadcrumb":{"@id":"http:\/\/hostallacreu.com\/fr\/auberge\/chambres\/un-lit-9\/#breadcrumb"},"inLanguage":"fr-FR","potentialAction":[{"@type":"ReadAction","target":["http:\/\/hostallacreu.com\/fr\/auberge\/chambres\/un-lit-9\/"]}]},{"@type":"ImageObject","inLanguage":"fr-FR","@id":"http:\/\/hostallacreu.com\/fr\/auberge\/chambres\/un-lit-9\/#primaryimage","url":"https:\/\/hostallacreu.com\/wp-content\/uploads\/2014\/11\/habitacio\u00a6\u00fc-09-hostal-la-creu.jpg","contentUrl":"https:\/\/hostallacreu.com\/wp-content\/uploads\/2014\/11\/habitacio\u00a6\u00fc-09-hostal-la-creu.jpg","width":1024,"height":680},{"@type":"BreadcrumbList","@id":"http:\/\/hostallacreu.com\/fr\/auberge\/chambres\/un-lit-9\/#breadcrumb","itemListElement":[{"@type":"ListItem","position":1,"name":"Home","item":"https:\/\/hostallacreu.com\/fr\/"},{"@type":"ListItem","position":2,"name":"Auberge","item":"https:\/\/hostallacreu.com\/fr\/auberge\/"},{"@type":"ListItem","position":3,"name":"Chambres","item":"http:\/\/hostallacreu.com\/fr\/auberge\/chambres\/"},{"@type":"ListItem","position":4,"name":"Un lit (9)"}]},{"@type":"WebSite","@id":"https:\/\/hostallacreu.com\/#website","url":"https:\/\/hostallacreu.com\/","name":"Hostal Gastron\u00f2mic La Creu","description":"El teu allotjament i restaurant a la Ribera d&#039;Ebre","potentialAction":[{"@type":"SearchAction","target":{"@type":"EntryPoint","urlTemplate":"https:\/\/hostallacreu.com\/?s={search_term_string}"},"query-input":{"@type":"PropertyValueSpecification","valueRequired":true,"valueName":"search_term_string"}}],"inLanguage":"fr-FR"}]}},"_links":{"self":[{"href":"https:\/\/hostallacreu.com\/fr\/wp-json\/wp\/v2\/pages\/1009","targetHints":{"allow":["GET"]}}],"collection":[{"href":"https:\/\/hostallacreu.com\/fr\/wp-json\/wp\/v2\/pages"}],"about":[{"href":"https:\/\/hostallacreu.com\/fr\/wp-json\/wp\/v2\/types\/page"}],"author":[{"embeddable":true,"href":"https:\/\/hostallacreu.com\/fr\/wp-json\/wp\/v2\/users\/3"}],"replies":[{"embeddable":true,"href":"https:\/\/hostallacreu.com\/fr\/wp-json\/wp\/v2\/comments?post=1009"}],"version-history":[{"count":1,"href":"https:\/\/hostallacreu.com\/fr\/wp-json\/wp\/v2\/pages\/1009\/revisions"}],"predecessor-version":[{"id":1010,"href":"https:\/\/hostallacreu.com\/fr\/wp-json\/wp\/v2\/pages\/1009\/revisions\/1010"}],"up":[{"embeddable":true,"href":"https:\/\/hostallacreu.com\/fr\/wp-json\/wp\/v2\/pages\/1003"}],"wp:featuredmedia":[{"embeddable":true,"href":"https:\/\/hostallacreu.com\/fr\/wp-json\/wp\/v2\/media\/90"}],"wp:attachment":[{"href":"https:\/\/hostallacreu.com\/fr\/wp-json\/wp\/v2\/media?parent=1009"}],"curies":[{"name":"wp","href":"https:\/\/api.w.org\/{rel}","templated":true}]}}