{"id":942,"date":"2015-02-16T17:11:27","date_gmt":"2015-02-16T17:11:27","guid":{"rendered":"http:\/\/hostallacreu.com\/?page_id=942"},"modified":"2015-06-26T16:44:38","modified_gmt":"2015-06-26T16:44:38","slug":"castillo-de-mora-de-ebro","status":"publish","type":"page","link":"https:\/\/hostallacreu.com\/es\/entorno\/castillos\/castillo-de-mora-de-ebro\/","title":{"rendered":"Castillo de M\u00f3ra d&#8217;Ebre"},"content":{"rendered":"<h2>El Castillo de M\u00f3ra d&#8217;Ebre\u00a0es una antigua edificaci\u00f3n militar de origen isl\u00e1mico situada en la colina que encumbra el r\u00edo Ebro y domina la poblaci\u00f3n. Est\u00e1 documentado desde el 1060, cuando el pr\u00edncipe de Ol\u00e8rdola la atac\u00f3. Fue muchos a\u00f1os habitado por los duques de Enten\u00e7a.<\/h2>\n<p><a href=\"https:\/\/hostallacreu.com\/wp-content\/uploads\/2015\/02\/castell-mora-ebre.jpg\"><img loading=\"lazy\" decoding=\"async\" class=\"alignright size-full wp-image-938\" src=\"https:\/\/hostallacreu.com\/wp-content\/uploads\/2015\/02\/castell-mora-ebre.jpg\" alt=\"castell mora ebre\" width=\"1151\" height=\"768\" srcset=\"https:\/\/hostallacreu.com\/wp-content\/uploads\/2015\/02\/castell-mora-ebre.jpg 1151w, https:\/\/hostallacreu.com\/wp-content\/uploads\/2015\/02\/castell-mora-ebre-300x200.jpg 300w, https:\/\/hostallacreu.com\/wp-content\/uploads\/2015\/02\/castell-mora-ebre-1024x683.jpg 1024w, https:\/\/hostallacreu.com\/wp-content\/uploads\/2015\/02\/castell-mora-ebre-624x416.jpg 624w\" sizes=\"auto, (max-width: 1151px) 100vw, 1151px\" \/><\/a><\/p>\n<p><span style=\"font-size: 12pt;\">Desde el 1174 hasta 1837 formaba parte de la baron\u00eda de los Enten\u00e7a, formada por los Castellvell, los Subirats, los Enten\u00e7a, los Prades, los Cardona y los Medinaceli.<\/span><\/p>\n<p><span style=\"font-size: 12pt;\">Es en el siglo XIX cuando el castillo se ve destruido poco a poco como resultado de su uso durante las guerras carlistas. Actualmente se conservan unos 350 metros de muralla en buen estado, una torre, una gran terraza, la entrada y algunas dependencias.<\/span><\/p>\n<p><span style=\"font-size: 12pt;\">En el a\u00f1o 2002 el ayuntamiento de M\u00f3ra d&#8217;Ebre\u00a0abri\u00f3 el castillo al p\u00fablico durante el verano ya como mirador. De 1980 hasta hoy, la Asociaci\u00f3n de Amigos del Castillo, ha realizado m\u00faltiples obras de consolidaci\u00f3n y recuperaci\u00f3n.<\/span><\/p>\n<p><span style=\"font-size: 12pt;\">Horarios: Visitas verano: Del 1 dejulio al 15 de agosto: de 17.30 ha 20.30 h (lunes cerrado). Del 16 de agosto al 30 de septiembre de 17.00 a 20.00 h. Entrada gratuita.<\/span><\/p>\n<p><span style=\"font-size: 12pt;\">Visitas guiadas: Todos los s\u00e1bados del a\u00f1o por la empresa de gu\u00edas culturales Tarvitur. M\u00e1s informaci\u00f3n.\u00a0<a style=\"font-size: 12pt; line-height: 1.714285714;\" href=\"http:\/\/tarvitur.blogspot.com.es\/2014\/06\/tots-els-dissabtes-mora-debre-les-1830h.html\">M\u00e1s informaci\u00f3n.<\/a><\/span><\/p>\n<p><a href=\"https:\/\/hostallacreu.com\/wp-content\/uploads\/2015\/02\/castel-de-mora-ebre-2.jpg\"><img loading=\"lazy\" decoding=\"async\" class=\"alignright size-full wp-image-937\" src=\"https:\/\/hostallacreu.com\/wp-content\/uploads\/2015\/02\/castel-de-mora-ebre-2.jpg\" alt=\"castel de mora ebre 2\" width=\"1152\" height=\"768\" srcset=\"https:\/\/hostallacreu.com\/wp-content\/uploads\/2015\/02\/castel-de-mora-ebre-2.jpg 1152w, https:\/\/hostallacreu.com\/wp-content\/uploads\/2015\/02\/castel-de-mora-ebre-2-300x200.jpg 300w, https:\/\/hostallacreu.com\/wp-content\/uploads\/2015\/02\/castel-de-mora-ebre-2-1024x683.jpg 1024w, https:\/\/hostallacreu.com\/wp-content\/uploads\/2015\/02\/castel-de-mora-ebre-2-624x416.jpg 624w\" sizes=\"auto, (max-width: 1152px) 100vw, 1152px\" \/><\/a><\/p>\n<p>&nbsp;<\/p>\n","protected":false},"excerpt":{"rendered":"<p>El Castillo de M\u00f3ra d&#8217;Ebre\u00a0es una antigua edificaci\u00f3n militar de origen isl\u00e1mico situada en la colina que encumbra el r\u00edo Ebro y domina la poblaci\u00f3n. Est\u00e1 documentado desde el 1060, cuando el pr\u00edncipe de Ol\u00e8rdola la atac\u00f3. Fue muchos a\u00f1os habitado por los duques de Enten\u00e7a. Desde el 1174 hasta 1837 formaba parte de la [&hellip;]<\/p>\n","protected":false},"author":3,"featured_media":936,"parent":486,"menu_order":0,"comment_status":"closed","ping_status":"closed","template":"","meta":{"_monsterinsights_skip_tracking":false,"_monsterinsights_sitenote_active":false,"_monsterinsights_sitenote_note":"","_monsterinsights_sitenote_category":0,"footnotes":""},"class_list":["post-942","page","type-page","status-publish","has-post-thumbnail","hentry"],"yoast_head":"<!-- This site is optimized with the Yoast SEO plugin v26.2 - https:\/\/yoast.com\/wordpress\/plugins\/seo\/ -->\n<title>Castillo de Mora de Ebro<\/title>\n<meta name=\"description\" content=\"El Castillo de Mora de Ebro es una antigua edificaci\u00f3n militar de origen isl\u00e1mico situada en la colina que encumbra el r\u00edo Ebro y domina la poblaci\u00f3n.\" \/>\n<meta name=\"robots\" content=\"index, follow, max-snippet:-1, max-image-preview:large, max-video-preview:-1\" \/>\n<link rel=\"canonical\" href=\"https:\/\/hostallacreu.com\/es\/entorno\/castillos\/castillo-de-mora-de-ebro\/\" \/>\n<meta property=\"og:locale\" content=\"es_ES\" \/>\n<meta property=\"og:type\" content=\"article\" \/>\n<meta property=\"og:title\" content=\"Castillo de Mora de Ebro\" \/>\n<meta property=\"og:description\" content=\"El Castillo de Mora de Ebro es una antigua edificaci\u00f3n militar de origen isl\u00e1mico situada en la colina que encumbra el r\u00edo Ebro y domina la poblaci\u00f3n.\" \/>\n<meta property=\"og:url\" content=\"https:\/\/hostallacreu.com\/es\/entorno\/castillos\/castillo-de-mora-de-ebro\/\" \/>\n<meta property=\"og:site_name\" content=\"Hostal Gastron\u00f2mic La Creu\" \/>\n<meta property=\"article:modified_time\" content=\"2015-06-26T16:44:38+00:00\" \/>\n<meta property=\"og:image\" content=\"https:\/\/hostallacreu.com\/wp-content\/uploads\/2015\/02\/castell-mora-ebre-3-01.jpg\" \/>\n\t<meta property=\"og:image:width\" content=\"2588\" \/>\n\t<meta property=\"og:image:height\" content=\"877\" \/>\n\t<meta property=\"og:image:type\" content=\"image\/jpeg\" \/>\n<meta name=\"twitter:label1\" content=\"Tiempo de lectura\" \/>\n\t<meta name=\"twitter:data1\" content=\"1 minuto\" \/>\n<script type=\"application\/ld+json\" class=\"yoast-schema-graph\">{\"@context\":\"https:\/\/schema.org\",\"@graph\":[{\"@type\":\"WebPage\",\"@id\":\"https:\/\/hostallacreu.com\/es\/entorno\/castillos\/castillo-de-mora-de-ebro\/\",\"url\":\"https:\/\/hostallacreu.com\/es\/entorno\/castillos\/castillo-de-mora-de-ebro\/\",\"name\":\"Castillo de Mora de Ebro\",\"isPartOf\":{\"@id\":\"https:\/\/hostallacreu.com\/#website\"},\"primaryImageOfPage\":{\"@id\":\"https:\/\/hostallacreu.com\/es\/entorno\/castillos\/castillo-de-mora-de-ebro\/#primaryimage\"},\"image\":{\"@id\":\"https:\/\/hostallacreu.com\/es\/entorno\/castillos\/castillo-de-mora-de-ebro\/#primaryimage\"},\"thumbnailUrl\":\"https:\/\/hostallacreu.com\/wp-content\/uploads\/2015\/02\/castell-mora-ebre-3-01.jpg\",\"datePublished\":\"2015-02-16T17:11:27+00:00\",\"dateModified\":\"2015-06-26T16:44:38+00:00\",\"description\":\"El Castillo de Mora de Ebro es una antigua edificaci\u00f3n militar de origen isl\u00e1mico situada en la colina que encumbra el r\u00edo Ebro y domina la poblaci\u00f3n.\",\"breadcrumb\":{\"@id\":\"https:\/\/hostallacreu.com\/es\/entorno\/castillos\/castillo-de-mora-de-ebro\/#breadcrumb\"},\"inLanguage\":\"es\",\"potentialAction\":[{\"@type\":\"ReadAction\",\"target\":[\"https:\/\/hostallacreu.com\/es\/entorno\/castillos\/castillo-de-mora-de-ebro\/\"]}]},{\"@type\":\"ImageObject\",\"inLanguage\":\"es\",\"@id\":\"https:\/\/hostallacreu.com\/es\/entorno\/castillos\/castillo-de-mora-de-ebro\/#primaryimage\",\"url\":\"https:\/\/hostallacreu.com\/wp-content\/uploads\/2015\/02\/castell-mora-ebre-3-01.jpg\",\"contentUrl\":\"https:\/\/hostallacreu.com\/wp-content\/uploads\/2015\/02\/castell-mora-ebre-3-01.jpg\",\"width\":2588,\"height\":877},{\"@type\":\"BreadcrumbList\",\"@id\":\"https:\/\/hostallacreu.com\/es\/entorno\/castillos\/castillo-de-mora-de-ebro\/#breadcrumb\",\"itemListElement\":[{\"@type\":\"ListItem\",\"position\":1,\"name\":\"Home\",\"item\":\"https:\/\/hostallacreu.com\/es\/\"},{\"@type\":\"ListItem\",\"position\":2,\"name\":\"Entorno\",\"item\":\"https:\/\/hostallacreu.com\/es\/entorno\/\"},{\"@type\":\"ListItem\",\"position\":3,\"name\":\"Castillos\",\"item\":\"https:\/\/hostallacreu.com\/es\/entorno\/castillos\/\"},{\"@type\":\"ListItem\",\"position\":4,\"name\":\"Castillo de M\u00f3ra d&#8217;Ebre\"}]},{\"@type\":\"WebSite\",\"@id\":\"https:\/\/hostallacreu.com\/#website\",\"url\":\"https:\/\/hostallacreu.com\/\",\"name\":\"Hostal Gastron\u00f2mic La Creu\",\"description\":\"El teu allotjament i restaurant a la Ribera d&#039;Ebre\",\"potentialAction\":[{\"@type\":\"SearchAction\",\"target\":{\"@type\":\"EntryPoint\",\"urlTemplate\":\"https:\/\/hostallacreu.com\/?s={search_term_string}\"},\"query-input\":{\"@type\":\"PropertyValueSpecification\",\"valueRequired\":true,\"valueName\":\"search_term_string\"}}],\"inLanguage\":\"es\"}]}<\/script>\n<!-- \/ Yoast SEO plugin. -->","yoast_head_json":{"title":"Castillo de Mora de Ebro","description":"El Castillo de Mora de Ebro es una antigua edificaci\u00f3n militar de origen isl\u00e1mico situada en la colina que encumbra el r\u00edo Ebro y domina la poblaci\u00f3n.","robots":{"index":"index","follow":"follow","max-snippet":"max-snippet:-1","max-image-preview":"max-image-preview:large","max-video-preview":"max-video-preview:-1"},"canonical":"https:\/\/hostallacreu.com\/es\/entorno\/castillos\/castillo-de-mora-de-ebro\/","og_locale":"es_ES","og_type":"article","og_title":"Castillo de Mora de Ebro","og_description":"El Castillo de Mora de Ebro es una antigua edificaci\u00f3n militar de origen isl\u00e1mico situada en la colina que encumbra el r\u00edo Ebro y domina la poblaci\u00f3n.","og_url":"https:\/\/hostallacreu.com\/es\/entorno\/castillos\/castillo-de-mora-de-ebro\/","og_site_name":"Hostal Gastron\u00f2mic La Creu","article_modified_time":"2015-06-26T16:44:38+00:00","og_image":[{"width":2588,"height":877,"url":"https:\/\/hostallacreu.com\/wp-content\/uploads\/2015\/02\/castell-mora-ebre-3-01.jpg","type":"image\/jpeg"}],"twitter_misc":{"Tiempo de lectura":"1 minuto"},"schema":{"@context":"https:\/\/schema.org","@graph":[{"@type":"WebPage","@id":"https:\/\/hostallacreu.com\/es\/entorno\/castillos\/castillo-de-mora-de-ebro\/","url":"https:\/\/hostallacreu.com\/es\/entorno\/castillos\/castillo-de-mora-de-ebro\/","name":"Castillo de Mora de Ebro","isPartOf":{"@id":"https:\/\/hostallacreu.com\/#website"},"primaryImageOfPage":{"@id":"https:\/\/hostallacreu.com\/es\/entorno\/castillos\/castillo-de-mora-de-ebro\/#primaryimage"},"image":{"@id":"https:\/\/hostallacreu.com\/es\/entorno\/castillos\/castillo-de-mora-de-ebro\/#primaryimage"},"thumbnailUrl":"https:\/\/hostallacreu.com\/wp-content\/uploads\/2015\/02\/castell-mora-ebre-3-01.jpg","datePublished":"2015-02-16T17:11:27+00:00","dateModified":"2015-06-26T16:44:38+00:00","description":"El Castillo de Mora de Ebro es una antigua edificaci\u00f3n militar de origen isl\u00e1mico situada en la colina que encumbra el r\u00edo Ebro y domina la poblaci\u00f3n.","breadcrumb":{"@id":"https:\/\/hostallacreu.com\/es\/entorno\/castillos\/castillo-de-mora-de-ebro\/#breadcrumb"},"inLanguage":"es","potentialAction":[{"@type":"ReadAction","target":["https:\/\/hostallacreu.com\/es\/entorno\/castillos\/castillo-de-mora-de-ebro\/"]}]},{"@type":"ImageObject","inLanguage":"es","@id":"https:\/\/hostallacreu.com\/es\/entorno\/castillos\/castillo-de-mora-de-ebro\/#primaryimage","url":"https:\/\/hostallacreu.com\/wp-content\/uploads\/2015\/02\/castell-mora-ebre-3-01.jpg","contentUrl":"https:\/\/hostallacreu.com\/wp-content\/uploads\/2015\/02\/castell-mora-ebre-3-01.jpg","width":2588,"height":877},{"@type":"BreadcrumbList","@id":"https:\/\/hostallacreu.com\/es\/entorno\/castillos\/castillo-de-mora-de-ebro\/#breadcrumb","itemListElement":[{"@type":"ListItem","position":1,"name":"Home","item":"https:\/\/hostallacreu.com\/es\/"},{"@type":"ListItem","position":2,"name":"Entorno","item":"https:\/\/hostallacreu.com\/es\/entorno\/"},{"@type":"ListItem","position":3,"name":"Castillos","item":"https:\/\/hostallacreu.com\/es\/entorno\/castillos\/"},{"@type":"ListItem","position":4,"name":"Castillo de M\u00f3ra d&#8217;Ebre"}]},{"@type":"WebSite","@id":"https:\/\/hostallacreu.com\/#website","url":"https:\/\/hostallacreu.com\/","name":"Hostal Gastron\u00f2mic La Creu","description":"El teu allotjament i restaurant a la Ribera d&#039;Ebre","potentialAction":[{"@type":"SearchAction","target":{"@type":"EntryPoint","urlTemplate":"https:\/\/hostallacreu.com\/?s={search_term_string}"},"query-input":{"@type":"PropertyValueSpecification","valueRequired":true,"valueName":"search_term_string"}}],"inLanguage":"es"}]}},"_links":{"self":[{"href":"https:\/\/hostallacreu.com\/es\/wp-json\/wp\/v2\/pages\/942","targetHints":{"allow":["GET"]}}],"collection":[{"href":"https:\/\/hostallacreu.com\/es\/wp-json\/wp\/v2\/pages"}],"about":[{"href":"https:\/\/hostallacreu.com\/es\/wp-json\/wp\/v2\/types\/page"}],"author":[{"embeddable":true,"href":"https:\/\/hostallacreu.com\/es\/wp-json\/wp\/v2\/users\/3"}],"replies":[{"embeddable":true,"href":"https:\/\/hostallacreu.com\/es\/wp-json\/wp\/v2\/comments?post=942"}],"version-history":[{"count":2,"href":"https:\/\/hostallacreu.com\/es\/wp-json\/wp\/v2\/pages\/942\/revisions"}],"predecessor-version":[{"id":1150,"href":"https:\/\/hostallacreu.com\/es\/wp-json\/wp\/v2\/pages\/942\/revisions\/1150"}],"up":[{"embeddable":true,"href":"https:\/\/hostallacreu.com\/es\/wp-json\/wp\/v2\/pages\/486"}],"wp:featuredmedia":[{"embeddable":true,"href":"https:\/\/hostallacreu.com\/es\/wp-json\/wp\/v2\/media\/936"}],"wp:attachment":[{"href":"https:\/\/hostallacreu.com\/es\/wp-json\/wp\/v2\/media?parent=942"}],"curies":[{"name":"wp","href":"https:\/\/api.w.org\/{rel}","templated":true}]}}