{"id":534,"date":"2014-11-25T15:24:53","date_gmt":"2014-11-25T15:24:53","guid":{"rendered":"http:\/\/hostallacreu.com\/?page_id=534"},"modified":"2014-11-25T15:25:38","modified_gmt":"2014-11-25T15:25:38","slug":"camino-de-sirga","status":"publish","type":"page","link":"https:\/\/hostallacreu.com\/es\/actividades\/camino-de-sirga\/","title":{"rendered":"Camino de Sirga"},"content":{"rendered":"<h1>Una de las propuestas de cicloturismo m\u00e1s atractivas de las Tierras del Ebe, junto con la V\u00eda Verde, es la V\u00eda Azul o Camino de Sirga, la cual transcurre por el GR-99 atravesando las comarcas de la Ribera de Ebro, Baix Ebre\u00a0y Montsi\u00e0.<\/h1>\n<p><a href=\"https:\/\/hostallacreu.com\/wp-content\/uploads\/2014\/11\/cami-de-sirga-ribera-ebre-via-blava.jpg\"><img loading=\"lazy\" decoding=\"async\" class=\"alignright size-full wp-image-341\" src=\"https:\/\/hostallacreu.com\/wp-content\/uploads\/2014\/11\/cami-de-sirga-ribera-ebre-via-blava.jpg\" alt=\"cami de sirga ribera ebre via blava\" width=\"417\" height=\"527\" srcset=\"https:\/\/hostallacreu.com\/wp-content\/uploads\/2014\/11\/cami-de-sirga-ribera-ebre-via-blava.jpg 417w, https:\/\/hostallacreu.com\/wp-content\/uploads\/2014\/11\/cami-de-sirga-ribera-ebre-via-blava-237x300.jpg 237w\" sizes=\"auto, (max-width: 417px) 100vw, 417px\" \/><\/a><\/p>\n<p>Se trata de un recorrido que sigue el curso del r\u00edo Ebro desde su nacimiento, hasta la desembocadura, cerca de 1.150 kil\u00f3metros divididos en 59 tramos de 20 km pasando por las Comunidades Aut\u00f3nomas de Cantabria, Castilla y Le\u00f3n, La Rioja, pa\u00eds Vasco, Navarra, Arag\u00f3n y Catalu\u00f1a. La puesta en valor del GR-99 fue incentivada por los principales actores del excursionismo y el senderismo de Espa\u00f1a, los cuales denominaron la ruta caminos Naturales del Ebro.<\/p>\n<p>En las Tierras del Ebro el GR-99 es conocido como el camino de Sirga. Desde antiguo, las aguas del Ebro han sido surcadas por las diversas civilizaciones que han hecho estancia: los \u00edberos, los romanos, los sarracenos, los cristianos &#8230;. Habitualmente las naves navegaban empujadas por la fuerza favorable de la corriente del r\u00edo y de los vientos. Pero en caso contrario, era necesaria la ayuda de los animales de carga y los sirgadors, hombres de fuerza, que desde los senderos que bordeaban el r\u00edo estiraban cuerdas para empujar las embarcaciones llenas de mercanc\u00edas r\u00edo arriba.<\/p>\n<p>El recorrido del GR-99 en las Tierras del Ebro, permite descubrir gran parte de nuestro territorio a un ritmo pausado y siempre acompa\u00f1ados por nuestro r\u00edo. Por las Tierras del Ebro discurren 6 de los 59 tramos, m\u00e1s concretamente los tramos 37, 38, 39, 40, 41 y 42.<\/p>\n<p>Encontrar\u00e1 informaci\u00f3n detallada de los recorridos del Ebro catal\u00e1n en el siguiente enlace:\u00a0<a style=\"line-height: 1.714285714; font-size: 1rem;\" href=\"http:\/\/www.caminosnaturales.com\/ebro\/\">http:\/\/www.caminosnaturales.com\/ebro\/<\/a><\/p>\n","protected":false},"excerpt":{"rendered":"<p>Una de las propuestas de cicloturismo m\u00e1s atractivas de las Tierras del Ebe, junto con la V\u00eda Verde, es la V\u00eda Azul o Camino de Sirga, la cual transcurre por el GR-99 atravesando las comarcas de la Ribera de Ebro, Baix Ebre\u00a0y Montsi\u00e0. Se trata de un recorrido que sigue el curso del r\u00edo Ebro [&hellip;]<\/p>\n","protected":false},"author":3,"featured_media":340,"parent":529,"menu_order":0,"comment_status":"closed","ping_status":"closed","template":"","meta":{"_monsterinsights_skip_tracking":false,"_monsterinsights_sitenote_active":false,"_monsterinsights_sitenote_note":"","_monsterinsights_sitenote_category":0,"footnotes":""},"class_list":["post-534","page","type-page","status-publish","has-post-thumbnail","hentry"],"yoast_head":"<!-- This site is optimized with the Yoast SEO plugin v26.2 - https:\/\/yoast.com\/wordpress\/plugins\/seo\/ -->\n<title>Camino de Sirga - Hostal Gastron\u00f2mic La Creu<\/title>\n<meta name=\"robots\" content=\"index, follow, max-snippet:-1, max-image-preview:large, max-video-preview:-1\" \/>\n<link rel=\"canonical\" href=\"https:\/\/hostallacreu.com\/es\/actividades\/camino-de-sirga\/\" \/>\n<meta property=\"og:locale\" content=\"es_ES\" \/>\n<meta property=\"og:type\" content=\"article\" \/>\n<meta property=\"og:title\" content=\"Camino de Sirga - Hostal Gastron\u00f2mic La Creu\" \/>\n<meta property=\"og:description\" content=\"Una de las propuestas de cicloturismo m\u00e1s atractivas de las Tierras del Ebe, junto con la V\u00eda Verde, es la V\u00eda Azul o Camino de Sirga, la cual transcurre por el GR-99 atravesando las comarcas de la Ribera de Ebro, Baix Ebre\u00a0y Montsi\u00e0. Se trata de un recorrido que sigue el curso del r\u00edo Ebro [&hellip;]\" \/>\n<meta property=\"og:url\" content=\"https:\/\/hostallacreu.com\/es\/actividades\/camino-de-sirga\/\" \/>\n<meta property=\"og:site_name\" content=\"Hostal Gastron\u00f2mic La Creu\" \/>\n<meta property=\"article:modified_time\" content=\"2014-11-25T15:25:38+00:00\" \/>\n<meta property=\"og:image\" content=\"https:\/\/hostallacreu.com\/wp-content\/uploads\/2014\/11\/cami-de-sirga-via-blava-ribera-ebre-01-01.jpg\" \/>\n\t<meta property=\"og:image:width\" content=\"2588\" \/>\n\t<meta property=\"og:image:height\" content=\"877\" \/>\n\t<meta property=\"og:image:type\" content=\"image\/jpeg\" \/>\n<meta name=\"twitter:label1\" content=\"Tiempo de lectura\" \/>\n\t<meta name=\"twitter:data1\" content=\"1 minuto\" \/>\n<script type=\"application\/ld+json\" class=\"yoast-schema-graph\">{\"@context\":\"https:\/\/schema.org\",\"@graph\":[{\"@type\":\"WebPage\",\"@id\":\"https:\/\/hostallacreu.com\/es\/actividades\/camino-de-sirga\/\",\"url\":\"https:\/\/hostallacreu.com\/es\/actividades\/camino-de-sirga\/\",\"name\":\"Camino de Sirga - Hostal Gastron\u00f2mic La Creu\",\"isPartOf\":{\"@id\":\"https:\/\/hostallacreu.com\/#website\"},\"primaryImageOfPage\":{\"@id\":\"https:\/\/hostallacreu.com\/es\/actividades\/camino-de-sirga\/#primaryimage\"},\"image\":{\"@id\":\"https:\/\/hostallacreu.com\/es\/actividades\/camino-de-sirga\/#primaryimage\"},\"thumbnailUrl\":\"https:\/\/hostallacreu.com\/wp-content\/uploads\/2014\/11\/cami-de-sirga-via-blava-ribera-ebre-01-01.jpg\",\"datePublished\":\"2014-11-25T15:24:53+00:00\",\"dateModified\":\"2014-11-25T15:25:38+00:00\",\"breadcrumb\":{\"@id\":\"https:\/\/hostallacreu.com\/es\/actividades\/camino-de-sirga\/#breadcrumb\"},\"inLanguage\":\"es\",\"potentialAction\":[{\"@type\":\"ReadAction\",\"target\":[\"https:\/\/hostallacreu.com\/es\/actividades\/camino-de-sirga\/\"]}]},{\"@type\":\"ImageObject\",\"inLanguage\":\"es\",\"@id\":\"https:\/\/hostallacreu.com\/es\/actividades\/camino-de-sirga\/#primaryimage\",\"url\":\"https:\/\/hostallacreu.com\/wp-content\/uploads\/2014\/11\/cami-de-sirga-via-blava-ribera-ebre-01-01.jpg\",\"contentUrl\":\"https:\/\/hostallacreu.com\/wp-content\/uploads\/2014\/11\/cami-de-sirga-via-blava-ribera-ebre-01-01.jpg\",\"width\":2588,\"height\":877},{\"@type\":\"BreadcrumbList\",\"@id\":\"https:\/\/hostallacreu.com\/es\/actividades\/camino-de-sirga\/#breadcrumb\",\"itemListElement\":[{\"@type\":\"ListItem\",\"position\":1,\"name\":\"Home\",\"item\":\"https:\/\/hostallacreu.com\/es\/\"},{\"@type\":\"ListItem\",\"position\":2,\"name\":\"Actividades\",\"item\":\"https:\/\/hostallacreu.com\/es\/actividades\/\"},{\"@type\":\"ListItem\",\"position\":3,\"name\":\"Camino de Sirga\"}]},{\"@type\":\"WebSite\",\"@id\":\"https:\/\/hostallacreu.com\/#website\",\"url\":\"https:\/\/hostallacreu.com\/\",\"name\":\"Hostal Gastron\u00f2mic La Creu\",\"description\":\"El teu allotjament i restaurant a la Ribera d&#039;Ebre\",\"potentialAction\":[{\"@type\":\"SearchAction\",\"target\":{\"@type\":\"EntryPoint\",\"urlTemplate\":\"https:\/\/hostallacreu.com\/?s={search_term_string}\"},\"query-input\":{\"@type\":\"PropertyValueSpecification\",\"valueRequired\":true,\"valueName\":\"search_term_string\"}}],\"inLanguage\":\"es\"}]}<\/script>\n<!-- \/ Yoast SEO plugin. -->","yoast_head_json":{"title":"Camino de Sirga - Hostal Gastron\u00f2mic La Creu","robots":{"index":"index","follow":"follow","max-snippet":"max-snippet:-1","max-image-preview":"max-image-preview:large","max-video-preview":"max-video-preview:-1"},"canonical":"https:\/\/hostallacreu.com\/es\/actividades\/camino-de-sirga\/","og_locale":"es_ES","og_type":"article","og_title":"Camino de Sirga - Hostal Gastron\u00f2mic La Creu","og_description":"Una de las propuestas de cicloturismo m\u00e1s atractivas de las Tierras del Ebe, junto con la V\u00eda Verde, es la V\u00eda Azul o Camino de Sirga, la cual transcurre por el GR-99 atravesando las comarcas de la Ribera de Ebro, Baix Ebre\u00a0y Montsi\u00e0. Se trata de un recorrido que sigue el curso del r\u00edo Ebro [&hellip;]","og_url":"https:\/\/hostallacreu.com\/es\/actividades\/camino-de-sirga\/","og_site_name":"Hostal Gastron\u00f2mic La Creu","article_modified_time":"2014-11-25T15:25:38+00:00","og_image":[{"width":2588,"height":877,"url":"https:\/\/hostallacreu.com\/wp-content\/uploads\/2014\/11\/cami-de-sirga-via-blava-ribera-ebre-01-01.jpg","type":"image\/jpeg"}],"twitter_misc":{"Tiempo de lectura":"1 minuto"},"schema":{"@context":"https:\/\/schema.org","@graph":[{"@type":"WebPage","@id":"https:\/\/hostallacreu.com\/es\/actividades\/camino-de-sirga\/","url":"https:\/\/hostallacreu.com\/es\/actividades\/camino-de-sirga\/","name":"Camino de Sirga - Hostal Gastron\u00f2mic La Creu","isPartOf":{"@id":"https:\/\/hostallacreu.com\/#website"},"primaryImageOfPage":{"@id":"https:\/\/hostallacreu.com\/es\/actividades\/camino-de-sirga\/#primaryimage"},"image":{"@id":"https:\/\/hostallacreu.com\/es\/actividades\/camino-de-sirga\/#primaryimage"},"thumbnailUrl":"https:\/\/hostallacreu.com\/wp-content\/uploads\/2014\/11\/cami-de-sirga-via-blava-ribera-ebre-01-01.jpg","datePublished":"2014-11-25T15:24:53+00:00","dateModified":"2014-11-25T15:25:38+00:00","breadcrumb":{"@id":"https:\/\/hostallacreu.com\/es\/actividades\/camino-de-sirga\/#breadcrumb"},"inLanguage":"es","potentialAction":[{"@type":"ReadAction","target":["https:\/\/hostallacreu.com\/es\/actividades\/camino-de-sirga\/"]}]},{"@type":"ImageObject","inLanguage":"es","@id":"https:\/\/hostallacreu.com\/es\/actividades\/camino-de-sirga\/#primaryimage","url":"https:\/\/hostallacreu.com\/wp-content\/uploads\/2014\/11\/cami-de-sirga-via-blava-ribera-ebre-01-01.jpg","contentUrl":"https:\/\/hostallacreu.com\/wp-content\/uploads\/2014\/11\/cami-de-sirga-via-blava-ribera-ebre-01-01.jpg","width":2588,"height":877},{"@type":"BreadcrumbList","@id":"https:\/\/hostallacreu.com\/es\/actividades\/camino-de-sirga\/#breadcrumb","itemListElement":[{"@type":"ListItem","position":1,"name":"Home","item":"https:\/\/hostallacreu.com\/es\/"},{"@type":"ListItem","position":2,"name":"Actividades","item":"https:\/\/hostallacreu.com\/es\/actividades\/"},{"@type":"ListItem","position":3,"name":"Camino de Sirga"}]},{"@type":"WebSite","@id":"https:\/\/hostallacreu.com\/#website","url":"https:\/\/hostallacreu.com\/","name":"Hostal Gastron\u00f2mic La Creu","description":"El teu allotjament i restaurant a la Ribera d&#039;Ebre","potentialAction":[{"@type":"SearchAction","target":{"@type":"EntryPoint","urlTemplate":"https:\/\/hostallacreu.com\/?s={search_term_string}"},"query-input":{"@type":"PropertyValueSpecification","valueRequired":true,"valueName":"search_term_string"}}],"inLanguage":"es"}]}},"_links":{"self":[{"href":"https:\/\/hostallacreu.com\/es\/wp-json\/wp\/v2\/pages\/534","targetHints":{"allow":["GET"]}}],"collection":[{"href":"https:\/\/hostallacreu.com\/es\/wp-json\/wp\/v2\/pages"}],"about":[{"href":"https:\/\/hostallacreu.com\/es\/wp-json\/wp\/v2\/types\/page"}],"author":[{"embeddable":true,"href":"https:\/\/hostallacreu.com\/es\/wp-json\/wp\/v2\/users\/3"}],"replies":[{"embeddable":true,"href":"https:\/\/hostallacreu.com\/es\/wp-json\/wp\/v2\/comments?post=534"}],"version-history":[{"count":2,"href":"https:\/\/hostallacreu.com\/es\/wp-json\/wp\/v2\/pages\/534\/revisions"}],"predecessor-version":[{"id":536,"href":"https:\/\/hostallacreu.com\/es\/wp-json\/wp\/v2\/pages\/534\/revisions\/536"}],"up":[{"embeddable":true,"href":"https:\/\/hostallacreu.com\/es\/wp-json\/wp\/v2\/pages\/529"}],"wp:featuredmedia":[{"embeddable":true,"href":"https:\/\/hostallacreu.com\/es\/wp-json\/wp\/v2\/media\/340"}],"wp:attachment":[{"href":"https:\/\/hostallacreu.com\/es\/wp-json\/wp\/v2\/media?parent=534"}],"curies":[{"name":"wp","href":"https:\/\/api.w.org\/{rel}","templated":true}]}}