{"id":529,"date":"2014-11-25T15:20:05","date_gmt":"2014-11-25T15:20:05","guid":{"rendered":"http:\/\/hostallacreu.com\/?page_id=529"},"modified":"2025-10-21T16:59:22","modified_gmt":"2025-10-21T16:59:22","slug":"actividades","status":"publish","type":"page","link":"https:\/\/hostallacreu.com\/es\/actividades\/","title":{"rendered":"Actividades"},"content":{"rendered":"<div id=\"metaslider-id-3830\" style=\"width: 100%;\" class=\"ml-slider-3-102-0 metaslider metaslider-flex metaslider-3830 ml-slider has-dots-nav ms-theme-default-base\" role=\"region\" aria-label=\"Activitats\" data-height=\"400\" data-width=\"1180\">\n    <div id=\"metaslider_container_3830\">\n        <div id=\"metaslider_3830\">\n            <ul aria-live='off' class='slides'>\n                <li style=\"display: block; width: 100%;\" class=\"slide-3832 ms-image \" aria-roledescription=\"slide\" data-date=\"2025-10-21 16:21:46\" data-slide-type=\"image\"><img loading=\"lazy\" decoding=\"async\" src=\"https:\/\/hostallacreu.com\/wp-content\/uploads\/2014\/11\/llaut-turistic-lo-roget-asco-navegar-ebre-01.jpg\" height=\"400\" width=\"1180\" alt=\"\" class=\"slider-3830 slide-3832 msDefaultImage\" title=\"llaut turistic lo roget asco navegar ebre-01\" \/><\/li>\n                <li style=\"display: none; width: 100%;\" class=\"slide-3834 ms-image \" aria-roledescription=\"slide\" data-date=\"2025-10-21 16:21:46\" data-slide-type=\"image\"><img loading=\"lazy\" decoding=\"async\" src=\"https:\/\/hostallacreu.com\/wp-content\/uploads\/2014\/11\/cami-de-sirga-via-blava-ribera-ebre-01-01.jpg\" height=\"400\" width=\"1180\" alt=\"\" class=\"slider-3830 slide-3834 msDefaultImage\" title=\"cami de sirga via blava ribera ebre-01-01\" \/><\/li>\n            <\/ul>\n        <\/div>\n        \n    <\/div>\n<\/div>\n\n\n<p>La comarca de la Ribera d&#8217;Ebre y las Tierras del Ebro permiten ser descubiertas a trav\u00e9s de multitud de actividades tur\u00edsticas donde el visitante podr\u00e1 vivir experiencias \u00fanicas y muy enriquecedoras. Podemos realizar turismo rural, turismo de naturaleza, turismo cultural, turismo fluvial, turismo de aventura con la pr\u00e1ctica del senderismo, la escalada, el cicloturismo, el tiro con arco oa trav\u00e9s de paseos a caballo, as\u00ed como, turismo ornitol\u00f3gico y de pesca. Todo un abanico de posibilidades que desde el Hostal Gastron\u00f3mico La Cruz os iremos proponiendo para que seleccione aquellas actividades que m\u00e1s le interesen o se adapten a sus motivaciones de visita.<\/p>","protected":false},"excerpt":{"rendered":"<p>La comarca de la Ribera d&#8217;Ebre y las Tierras del Ebro permiten ser descubiertas a trav\u00e9s de multitud de actividades tur\u00edsticas donde el visitante podr\u00e1 vivir experiencias \u00fanicas y muy enriquecedoras. Podemos realizar turismo rural, turismo de naturaleza, turismo cultural, turismo fluvial, turismo de aventura con la pr\u00e1ctica del senderismo, la escalada, el cicloturismo, el [&hellip;]<\/p>\n","protected":false},"author":3,"featured_media":336,"parent":0,"menu_order":40,"comment_status":"open","ping_status":"closed","template":"","meta":{"_monsterinsights_skip_tracking":false,"_monsterinsights_sitenote_active":false,"_monsterinsights_sitenote_note":"","_monsterinsights_sitenote_category":0,"footnotes":""},"class_list":["post-529","page","type-page","status-publish","has-post-thumbnail","hentry"],"yoast_head":"<!-- This site is optimized with the Yoast SEO plugin v26.2 - https:\/\/yoast.com\/wordpress\/plugins\/seo\/ -->\n<title>Actividades - Hostal Gastron\u00f2mic La Creu<\/title>\n<meta name=\"robots\" content=\"index, follow, max-snippet:-1, max-image-preview:large, max-video-preview:-1\" \/>\n<link rel=\"canonical\" href=\"https:\/\/hostallacreu.com\/es\/actividades\/\" \/>\n<meta property=\"og:locale\" content=\"es_ES\" \/>\n<meta property=\"og:type\" content=\"article\" \/>\n<meta property=\"og:title\" content=\"Actividades - Hostal Gastron\u00f2mic La Creu\" \/>\n<meta property=\"og:description\" content=\"La comarca de la Ribera d&#8217;Ebre y las Tierras del Ebro permiten ser descubiertas a trav\u00e9s de multitud de actividades tur\u00edsticas donde el visitante podr\u00e1 vivir experiencias \u00fanicas y muy enriquecedoras. Podemos realizar turismo rural, turismo de naturaleza, turismo cultural, turismo fluvial, turismo de aventura con la pr\u00e1ctica del senderismo, la escalada, el cicloturismo, el [&hellip;]\" \/>\n<meta property=\"og:url\" content=\"https:\/\/hostallacreu.com\/es\/actividades\/\" \/>\n<meta property=\"og:site_name\" content=\"Hostal Gastron\u00f2mic La Creu\" \/>\n<meta property=\"article:modified_time\" content=\"2025-10-21T16:59:22+00:00\" \/>\n<meta property=\"og:image\" content=\"http:\/\/hostallacreu.com\/wp-content\/uploads\/2014\/11\/llaut-turistic-lo-roget-asco-navegar-ebre-01.jpg\" \/>\n\t<meta property=\"og:image:width\" content=\"2588\" \/>\n\t<meta property=\"og:image:height\" content=\"877\" \/>\n\t<meta property=\"og:image:type\" content=\"image\/jpeg\" \/>\n<meta name=\"twitter:label1\" content=\"Tiempo de lectura\" \/>\n\t<meta name=\"twitter:data1\" content=\"1 minuto\" \/>\n<script type=\"application\/ld+json\" class=\"yoast-schema-graph\">{\"@context\":\"https:\/\/schema.org\",\"@graph\":[{\"@type\":\"WebPage\",\"@id\":\"https:\/\/hostallacreu.com\/es\/actividades\/\",\"url\":\"https:\/\/hostallacreu.com\/es\/actividades\/\",\"name\":\"Actividades - Hostal Gastron\u00f2mic La Creu\",\"isPartOf\":{\"@id\":\"https:\/\/hostallacreu.com\/#website\"},\"primaryImageOfPage\":{\"@id\":\"https:\/\/hostallacreu.com\/es\/actividades\/#primaryimage\"},\"image\":{\"@id\":\"https:\/\/hostallacreu.com\/es\/actividades\/#primaryimage\"},\"thumbnailUrl\":\"https:\/\/hostallacreu.com\/wp-content\/uploads\/2014\/11\/llaut-turistic-lo-roget-asco-navegar-ebre-01.jpg\",\"datePublished\":\"2014-11-25T15:20:05+00:00\",\"dateModified\":\"2025-10-21T16:59:22+00:00\",\"breadcrumb\":{\"@id\":\"https:\/\/hostallacreu.com\/es\/actividades\/#breadcrumb\"},\"inLanguage\":\"es\",\"potentialAction\":[{\"@type\":\"ReadAction\",\"target\":[\"https:\/\/hostallacreu.com\/es\/actividades\/\"]}]},{\"@type\":\"ImageObject\",\"inLanguage\":\"es\",\"@id\":\"https:\/\/hostallacreu.com\/es\/actividades\/#primaryimage\",\"url\":\"https:\/\/hostallacreu.com\/wp-content\/uploads\/2014\/11\/llaut-turistic-lo-roget-asco-navegar-ebre-01.jpg\",\"contentUrl\":\"https:\/\/hostallacreu.com\/wp-content\/uploads\/2014\/11\/llaut-turistic-lo-roget-asco-navegar-ebre-01.jpg\",\"width\":2588,\"height\":877},{\"@type\":\"BreadcrumbList\",\"@id\":\"https:\/\/hostallacreu.com\/es\/actividades\/#breadcrumb\",\"itemListElement\":[{\"@type\":\"ListItem\",\"position\":1,\"name\":\"Home\",\"item\":\"https:\/\/hostallacreu.com\/es\/\"},{\"@type\":\"ListItem\",\"position\":2,\"name\":\"Actividades\"}]},{\"@type\":\"WebSite\",\"@id\":\"https:\/\/hostallacreu.com\/#website\",\"url\":\"https:\/\/hostallacreu.com\/\",\"name\":\"Hostal Gastron\u00f2mic La Creu\",\"description\":\"El teu allotjament i restaurant a la Ribera d&#039;Ebre\",\"potentialAction\":[{\"@type\":\"SearchAction\",\"target\":{\"@type\":\"EntryPoint\",\"urlTemplate\":\"https:\/\/hostallacreu.com\/?s={search_term_string}\"},\"query-input\":{\"@type\":\"PropertyValueSpecification\",\"valueRequired\":true,\"valueName\":\"search_term_string\"}}],\"inLanguage\":\"es\"}]}<\/script>\n<!-- \/ Yoast SEO plugin. -->","yoast_head_json":{"title":"Actividades - Hostal Gastron\u00f2mic La Creu","robots":{"index":"index","follow":"follow","max-snippet":"max-snippet:-1","max-image-preview":"max-image-preview:large","max-video-preview":"max-video-preview:-1"},"canonical":"https:\/\/hostallacreu.com\/es\/actividades\/","og_locale":"es_ES","og_type":"article","og_title":"Actividades - Hostal Gastron\u00f2mic La Creu","og_description":"La comarca de la Ribera d&#8217;Ebre y las Tierras del Ebro permiten ser descubiertas a trav\u00e9s de multitud de actividades tur\u00edsticas donde el visitante podr\u00e1 vivir experiencias \u00fanicas y muy enriquecedoras. Podemos realizar turismo rural, turismo de naturaleza, turismo cultural, turismo fluvial, turismo de aventura con la pr\u00e1ctica del senderismo, la escalada, el cicloturismo, el [&hellip;]","og_url":"https:\/\/hostallacreu.com\/es\/actividades\/","og_site_name":"Hostal Gastron\u00f2mic La Creu","article_modified_time":"2025-10-21T16:59:22+00:00","og_image":[{"width":2588,"height":877,"url":"http:\/\/hostallacreu.com\/wp-content\/uploads\/2014\/11\/llaut-turistic-lo-roget-asco-navegar-ebre-01.jpg","type":"image\/jpeg"}],"twitter_misc":{"Tiempo de lectura":"1 minuto"},"schema":{"@context":"https:\/\/schema.org","@graph":[{"@type":"WebPage","@id":"https:\/\/hostallacreu.com\/es\/actividades\/","url":"https:\/\/hostallacreu.com\/es\/actividades\/","name":"Actividades - Hostal Gastron\u00f2mic La Creu","isPartOf":{"@id":"https:\/\/hostallacreu.com\/#website"},"primaryImageOfPage":{"@id":"https:\/\/hostallacreu.com\/es\/actividades\/#primaryimage"},"image":{"@id":"https:\/\/hostallacreu.com\/es\/actividades\/#primaryimage"},"thumbnailUrl":"https:\/\/hostallacreu.com\/wp-content\/uploads\/2014\/11\/llaut-turistic-lo-roget-asco-navegar-ebre-01.jpg","datePublished":"2014-11-25T15:20:05+00:00","dateModified":"2025-10-21T16:59:22+00:00","breadcrumb":{"@id":"https:\/\/hostallacreu.com\/es\/actividades\/#breadcrumb"},"inLanguage":"es","potentialAction":[{"@type":"ReadAction","target":["https:\/\/hostallacreu.com\/es\/actividades\/"]}]},{"@type":"ImageObject","inLanguage":"es","@id":"https:\/\/hostallacreu.com\/es\/actividades\/#primaryimage","url":"https:\/\/hostallacreu.com\/wp-content\/uploads\/2014\/11\/llaut-turistic-lo-roget-asco-navegar-ebre-01.jpg","contentUrl":"https:\/\/hostallacreu.com\/wp-content\/uploads\/2014\/11\/llaut-turistic-lo-roget-asco-navegar-ebre-01.jpg","width":2588,"height":877},{"@type":"BreadcrumbList","@id":"https:\/\/hostallacreu.com\/es\/actividades\/#breadcrumb","itemListElement":[{"@type":"ListItem","position":1,"name":"Home","item":"https:\/\/hostallacreu.com\/es\/"},{"@type":"ListItem","position":2,"name":"Actividades"}]},{"@type":"WebSite","@id":"https:\/\/hostallacreu.com\/#website","url":"https:\/\/hostallacreu.com\/","name":"Hostal Gastron\u00f2mic La Creu","description":"El teu allotjament i restaurant a la Ribera d&#039;Ebre","potentialAction":[{"@type":"SearchAction","target":{"@type":"EntryPoint","urlTemplate":"https:\/\/hostallacreu.com\/?s={search_term_string}"},"query-input":{"@type":"PropertyValueSpecification","valueRequired":true,"valueName":"search_term_string"}}],"inLanguage":"es"}]}},"_links":{"self":[{"href":"https:\/\/hostallacreu.com\/es\/wp-json\/wp\/v2\/pages\/529","targetHints":{"allow":["GET"]}}],"collection":[{"href":"https:\/\/hostallacreu.com\/es\/wp-json\/wp\/v2\/pages"}],"about":[{"href":"https:\/\/hostallacreu.com\/es\/wp-json\/wp\/v2\/types\/page"}],"author":[{"embeddable":true,"href":"https:\/\/hostallacreu.com\/es\/wp-json\/wp\/v2\/users\/3"}],"replies":[{"embeddable":true,"href":"https:\/\/hostallacreu.com\/es\/wp-json\/wp\/v2\/comments?post=529"}],"version-history":[{"count":2,"href":"https:\/\/hostallacreu.com\/es\/wp-json\/wp\/v2\/pages\/529\/revisions"}],"predecessor-version":[{"id":3881,"href":"https:\/\/hostallacreu.com\/es\/wp-json\/wp\/v2\/pages\/529\/revisions\/3881"}],"wp:featuredmedia":[{"embeddable":true,"href":"https:\/\/hostallacreu.com\/es\/wp-json\/wp\/v2\/media\/336"}],"wp:attachment":[{"href":"https:\/\/hostallacreu.com\/es\/wp-json\/wp\/v2\/media?parent=529"}],"curies":[{"name":"wp","href":"https:\/\/api.w.org\/{rel}","templated":true}]}}