{"id":525,"date":"2014-11-25T15:14:34","date_gmt":"2014-11-25T15:14:34","guid":{"rendered":"http:\/\/hostallacreu.com\/?page_id=525"},"modified":"2014-11-25T15:14:34","modified_gmt":"2014-11-25T15:14:34","slug":"centro-del-ferrocarril","status":"publish","type":"page","link":"https:\/\/hostallacreu.com\/es\/entorno\/museos\/centro-del-ferrocarril\/","title":{"rendered":"Centro del Ferrocarril"},"content":{"rendered":"<h1><strong>Hasta finales del siglo XX la estaci\u00f3n de Mora fue una de las m\u00e1s importantes de Catalu\u00f1a. Descubre el por qu\u00e9 el Centro de Interpretaci\u00f3n del Ferrocarril de M\u00f3ra la Nova.<\/strong><\/h1>\n<p><a href=\"https:\/\/hostallacreu.com\/wp-content\/uploads\/2014\/11\/centre-del-ferrocarril-mora-la-nova-4.jpg\"><img loading=\"lazy\" decoding=\"async\" class=\"alignright  wp-image-260\" src=\"https:\/\/hostallacreu.com\/wp-content\/uploads\/2014\/11\/centre-del-ferrocarril-mora-la-nova-4.jpg\" alt=\"centre del ferrocarril mora la nova 4\" width=\"484\" height=\"372\" srcset=\"https:\/\/hostallacreu.com\/wp-content\/uploads\/2014\/11\/centre-del-ferrocarril-mora-la-nova-4.jpg 960w, https:\/\/hostallacreu.com\/wp-content\/uploads\/2014\/11\/centre-del-ferrocarril-mora-la-nova-4-300x230.jpg 300w, https:\/\/hostallacreu.com\/wp-content\/uploads\/2014\/11\/centre-del-ferrocarril-mora-la-nova-4-624x479.jpg 624w\" sizes=\"auto, (max-width: 484px) 100vw, 484px\" \/><\/a><\/p>\n<p>Ya a finales del siglo XIX Mora la Nova se reconoce como estaci\u00f3n de primera categor\u00eda, gozaba de una situaci\u00f3n estrat\u00e9gica \u00fanica, ya que conflu\u00eda la l\u00ednea Reus &#8211; Zaragoza y la l\u00ednea Lleida &#8211; Tortosa (eje del Ebro). Adem\u00e1s, era la \u00fanica estaci\u00f3n existente entre Reus y Zaragoza.<\/p>\n<p><img loading=\"lazy\" decoding=\"async\" class=\"wp-image-258 alignleft\" src=\"https:\/\/hostallacreu.com\/wp-content\/uploads\/2014\/11\/centre-del-ferrocarril-mora-la-nova-2.jpg\" alt=\"centre del ferrocarril mora la nova 2\" width=\"450\" height=\"300\" srcset=\"https:\/\/hostallacreu.com\/wp-content\/uploads\/2014\/11\/centre-del-ferrocarril-mora-la-nova-2.jpg 960w, https:\/\/hostallacreu.com\/wp-content\/uploads\/2014\/11\/centre-del-ferrocarril-mora-la-nova-2-300x200.jpg 300w, https:\/\/hostallacreu.com\/wp-content\/uploads\/2014\/11\/centre-del-ferrocarril-mora-la-nova-2-624x416.jpg 624w\" sizes=\"auto, (max-width: 450px) 100vw, 450px\" \/>Durante la primera mitad del siglo XIX aparte de ser la l\u00ednea principal de conexi\u00f3n de los directos con el resto del estado, la estaci\u00f3n de Mora convierte en punto de relevo de locomotoras para ser equidistante de Barcelona y Zaragoza, es por eso que se &#8216;instal\u00f3 el dep\u00f3sito de locomotoras y el taller de media intervenci\u00f3n, los cuales generaron desde entonces una intensa actividad. Con los a\u00f1os la tecnificaci\u00f3n, la modernizaci\u00f3n y la adaptaci\u00f3n a las necesidades del sector ferroviario fueron constantes, as\u00ed como el n\u00famero de personas que trabajaban y el engrandecimiento de sus instalaciones, llegando a su punto m\u00e1s \u00e1lgido en los a\u00f1os 50 del siglo XX cuando generaba empleo para 1.000 personas.<\/p>\n<p><a href=\"https:\/\/hostallacreu.com\/wp-content\/uploads\/2014\/11\/centre-del-ferrocarril-mora-la-nova.jpg\"><img loading=\"lazy\" decoding=\"async\" class=\"alignright  wp-image-261\" src=\"https:\/\/hostallacreu.com\/wp-content\/uploads\/2014\/11\/centre-del-ferrocarril-mora-la-nova.jpg\" alt=\"centre del ferrocarril mora la nova\" width=\"477\" height=\"318\" srcset=\"https:\/\/hostallacreu.com\/wp-content\/uploads\/2014\/11\/centre-del-ferrocarril-mora-la-nova.jpg 960w, https:\/\/hostallacreu.com\/wp-content\/uploads\/2014\/11\/centre-del-ferrocarril-mora-la-nova-300x200.jpg 300w, https:\/\/hostallacreu.com\/wp-content\/uploads\/2014\/11\/centre-del-ferrocarril-mora-la-nova-624x416.jpg 624w\" sizes=\"auto, (max-width: 477px) 100vw, 477px\" \/><\/a><\/p>\n<p>La llegada de la electricidad a la totalidad de la l\u00ednea inici\u00f3 el declive y la desaparici\u00f3n de la actividad ferroviaria en Mora. Cuando en 1981 entr\u00f3 en servicio la electrificaci\u00f3n de Mora en Zaragoza se cerr\u00f3 el dep\u00f3sito y se retiraron las locomotoras diesel. Con la electricidad los trenes ya no ten\u00edan que cambiar de m\u00e1quina ni hacer maniobras de clasificaci\u00f3n. La estaci\u00f3n de Mora dejaba de ser funcional y estrat\u00e9gica.<\/p>\n<p><a href=\"https:\/\/hostallacreu.com\/wp-content\/uploads\/2014\/11\/centre-del-ferrocarril-mora-la-nova-3.jpg\"><img loading=\"lazy\" decoding=\"async\" class=\"alignright  wp-image-259\" src=\"https:\/\/hostallacreu.com\/wp-content\/uploads\/2014\/11\/centre-del-ferrocarril-mora-la-nova-3.jpg\" alt=\"centre del ferrocarril mora la nova 3\" width=\"504\" height=\"336\" srcset=\"https:\/\/hostallacreu.com\/wp-content\/uploads\/2014\/11\/centre-del-ferrocarril-mora-la-nova-3.jpg 960w, https:\/\/hostallacreu.com\/wp-content\/uploads\/2014\/11\/centre-del-ferrocarril-mora-la-nova-3-300x200.jpg 300w, https:\/\/hostallacreu.com\/wp-content\/uploads\/2014\/11\/centre-del-ferrocarril-mora-la-nova-3-624x416.jpg 624w\" sizes=\"auto, (max-width: 504px) 100vw, 504px\" \/><\/a><\/p>\n<p>El conjunto arquitect\u00f3nico que ha dejado la intensa actividad ferroviaria en Mora es notable, es por ello, que la Asociaci\u00f3n para la preservaci\u00f3n del patrimonio Ferroviario e Industrial, trabaja para recuperarlo y musealizar a trav\u00e9s de un proyecto de centro de Interpretaci\u00f3n del Ferrocarril. Actualmente, ya se ha puesto en valor el antiguo edificio de enclaves de la estaci\u00f3n. Este antiguo edificio, que fue construido en 1928 para controlar la circulaci\u00f3n de los trenes, forma parte del proyecto de Centro de Interpretaci\u00f3n del Ferrocarril, y se puede contemplar y experimentar a trav\u00e9s de objetos, fotograf\u00edas, planos y un audiovisual, el evoluci\u00f3n de los sistemas de se\u00f1alizaci\u00f3n y comunicaci\u00f3n ferroviaria a lo largo de la historia. En el exterior del edificio se pueden visitar el puente giratorio y el taller de locomotoras.<\/p>\n<p><a href=\"https:\/\/hostallacreu.com\/wp-content\/uploads\/2014\/11\/pont-giratori-centre-del-ferrocarril-de-mora-la-nova.jpg\"><img loading=\"lazy\" decoding=\"async\" class=\"wp-image-263 aligncenter\" src=\"https:\/\/hostallacreu.com\/wp-content\/uploads\/2014\/11\/pont-giratori-centre-del-ferrocarril-de-mora-la-nova.jpg\" alt=\"pont giratori centre del ferrocarril de mora la nova\" width=\"420\" height=\"280\" srcset=\"https:\/\/hostallacreu.com\/wp-content\/uploads\/2014\/11\/pont-giratori-centre-del-ferrocarril-de-mora-la-nova.jpg 960w, https:\/\/hostallacreu.com\/wp-content\/uploads\/2014\/11\/pont-giratori-centre-del-ferrocarril-de-mora-la-nova-300x200.jpg 300w, https:\/\/hostallacreu.com\/wp-content\/uploads\/2014\/11\/pont-giratori-centre-del-ferrocarril-de-mora-la-nova-624x416.jpg 624w\" sizes=\"auto, (max-width: 420px) 100vw, 420px\" \/><\/a><\/p>\n","protected":false},"excerpt":{"rendered":"<p>Hasta finales del siglo XX la estaci\u00f3n de Mora fue una de las m\u00e1s importantes de Catalu\u00f1a. Descubre el por qu\u00e9 el Centro de Interpretaci\u00f3n del Ferrocarril de M\u00f3ra la Nova. Ya a finales del siglo XIX Mora la Nova se reconoce como estaci\u00f3n de primera categor\u00eda, gozaba de una situaci\u00f3n estrat\u00e9gica \u00fanica, ya que [&hellip;]<\/p>\n","protected":false},"author":3,"featured_media":262,"parent":492,"menu_order":0,"comment_status":"closed","ping_status":"closed","template":"","meta":{"_monsterinsights_skip_tracking":false,"_monsterinsights_sitenote_active":false,"_monsterinsights_sitenote_note":"","_monsterinsights_sitenote_category":0,"footnotes":""},"class_list":["post-525","page","type-page","status-publish","has-post-thumbnail","hentry"],"yoast_head":"<!-- This site is optimized with the Yoast SEO plugin v26.2 - https:\/\/yoast.com\/wordpress\/plugins\/seo\/ -->\n<title>Centro del Ferrocarril - Hostal Gastron\u00f2mic La Creu<\/title>\n<meta name=\"robots\" content=\"index, follow, max-snippet:-1, max-image-preview:large, max-video-preview:-1\" \/>\n<link rel=\"canonical\" href=\"http:\/\/hostallacreu.com\/es\/entorno\/museos\/centro-del-ferrocarril\/\" \/>\n<meta property=\"og:locale\" content=\"es_ES\" \/>\n<meta property=\"og:type\" content=\"article\" \/>\n<meta property=\"og:title\" content=\"Centro del Ferrocarril - Hostal Gastron\u00f2mic La Creu\" \/>\n<meta property=\"og:description\" content=\"Hasta finales del siglo XX la estaci\u00f3n de Mora fue una de las m\u00e1s importantes de Catalu\u00f1a. Descubre el por qu\u00e9 el Centro de Interpretaci\u00f3n del Ferrocarril de M\u00f3ra la Nova. Ya a finales del siglo XIX Mora la Nova se reconoce como estaci\u00f3n de primera categor\u00eda, gozaba de una situaci\u00f3n estrat\u00e9gica \u00fanica, ya que [&hellip;]\" \/>\n<meta property=\"og:url\" content=\"http:\/\/hostallacreu.com\/es\/entorno\/museos\/centro-del-ferrocarril\/\" \/>\n<meta property=\"og:site_name\" content=\"Hostal Gastron\u00f2mic La Creu\" \/>\n<meta property=\"og:image\" content=\"http:\/\/hostallacreu.com\/wp-content\/uploads\/2014\/11\/centre-del-ferrocarril-mora-la-nova-6-01.jpg\" \/>\n\t<meta property=\"og:image:width\" content=\"2588\" \/>\n\t<meta property=\"og:image:height\" content=\"877\" \/>\n\t<meta property=\"og:image:type\" content=\"image\/jpeg\" \/>\n<meta name=\"twitter:label1\" content=\"Tiempo de lectura\" \/>\n\t<meta name=\"twitter:data1\" content=\"2 minutos\" \/>\n<script type=\"application\/ld+json\" class=\"yoast-schema-graph\">{\"@context\":\"https:\/\/schema.org\",\"@graph\":[{\"@type\":\"WebPage\",\"@id\":\"http:\/\/hostallacreu.com\/es\/entorno\/museos\/centro-del-ferrocarril\/\",\"url\":\"http:\/\/hostallacreu.com\/es\/entorno\/museos\/centro-del-ferrocarril\/\",\"name\":\"Centro del Ferrocarril - Hostal Gastron\u00f2mic La Creu\",\"isPartOf\":{\"@id\":\"https:\/\/hostallacreu.com\/#website\"},\"primaryImageOfPage\":{\"@id\":\"http:\/\/hostallacreu.com\/es\/entorno\/museos\/centro-del-ferrocarril\/#primaryimage\"},\"image\":{\"@id\":\"http:\/\/hostallacreu.com\/es\/entorno\/museos\/centro-del-ferrocarril\/#primaryimage\"},\"thumbnailUrl\":\"https:\/\/hostallacreu.com\/wp-content\/uploads\/2014\/11\/centre-del-ferrocarril-mora-la-nova-6-01.jpg\",\"datePublished\":\"2014-11-25T15:14:34+00:00\",\"breadcrumb\":{\"@id\":\"http:\/\/hostallacreu.com\/es\/entorno\/museos\/centro-del-ferrocarril\/#breadcrumb\"},\"inLanguage\":\"es\",\"potentialAction\":[{\"@type\":\"ReadAction\",\"target\":[\"http:\/\/hostallacreu.com\/es\/entorno\/museos\/centro-del-ferrocarril\/\"]}]},{\"@type\":\"ImageObject\",\"inLanguage\":\"es\",\"@id\":\"http:\/\/hostallacreu.com\/es\/entorno\/museos\/centro-del-ferrocarril\/#primaryimage\",\"url\":\"https:\/\/hostallacreu.com\/wp-content\/uploads\/2014\/11\/centre-del-ferrocarril-mora-la-nova-6-01.jpg\",\"contentUrl\":\"https:\/\/hostallacreu.com\/wp-content\/uploads\/2014\/11\/centre-del-ferrocarril-mora-la-nova-6-01.jpg\",\"width\":2588,\"height\":877},{\"@type\":\"BreadcrumbList\",\"@id\":\"http:\/\/hostallacreu.com\/es\/entorno\/museos\/centro-del-ferrocarril\/#breadcrumb\",\"itemListElement\":[{\"@type\":\"ListItem\",\"position\":1,\"name\":\"Home\",\"item\":\"https:\/\/hostallacreu.com\/es\/\"},{\"@type\":\"ListItem\",\"position\":2,\"name\":\"Entorno\",\"item\":\"https:\/\/hostallacreu.com\/es\/entorno\/\"},{\"@type\":\"ListItem\",\"position\":3,\"name\":\"Museos\",\"item\":\"http:\/\/hostallacreu.com\/es\/entorno\/museos\/\"},{\"@type\":\"ListItem\",\"position\":4,\"name\":\"Centro del Ferrocarril\"}]},{\"@type\":\"WebSite\",\"@id\":\"https:\/\/hostallacreu.com\/#website\",\"url\":\"https:\/\/hostallacreu.com\/\",\"name\":\"Hostal Gastron\u00f2mic La Creu\",\"description\":\"El teu allotjament i restaurant a la Ribera d&#039;Ebre\",\"potentialAction\":[{\"@type\":\"SearchAction\",\"target\":{\"@type\":\"EntryPoint\",\"urlTemplate\":\"https:\/\/hostallacreu.com\/?s={search_term_string}\"},\"query-input\":{\"@type\":\"PropertyValueSpecification\",\"valueRequired\":true,\"valueName\":\"search_term_string\"}}],\"inLanguage\":\"es\"}]}<\/script>\n<!-- \/ Yoast SEO plugin. -->","yoast_head_json":{"title":"Centro del Ferrocarril - Hostal Gastron\u00f2mic La Creu","robots":{"index":"index","follow":"follow","max-snippet":"max-snippet:-1","max-image-preview":"max-image-preview:large","max-video-preview":"max-video-preview:-1"},"canonical":"http:\/\/hostallacreu.com\/es\/entorno\/museos\/centro-del-ferrocarril\/","og_locale":"es_ES","og_type":"article","og_title":"Centro del Ferrocarril - Hostal Gastron\u00f2mic La Creu","og_description":"Hasta finales del siglo XX la estaci\u00f3n de Mora fue una de las m\u00e1s importantes de Catalu\u00f1a. Descubre el por qu\u00e9 el Centro de Interpretaci\u00f3n del Ferrocarril de M\u00f3ra la Nova. Ya a finales del siglo XIX Mora la Nova se reconoce como estaci\u00f3n de primera categor\u00eda, gozaba de una situaci\u00f3n estrat\u00e9gica \u00fanica, ya que [&hellip;]","og_url":"http:\/\/hostallacreu.com\/es\/entorno\/museos\/centro-del-ferrocarril\/","og_site_name":"Hostal Gastron\u00f2mic La Creu","og_image":[{"width":2588,"height":877,"url":"http:\/\/hostallacreu.com\/wp-content\/uploads\/2014\/11\/centre-del-ferrocarril-mora-la-nova-6-01.jpg","type":"image\/jpeg"}],"twitter_misc":{"Tiempo de lectura":"2 minutos"},"schema":{"@context":"https:\/\/schema.org","@graph":[{"@type":"WebPage","@id":"http:\/\/hostallacreu.com\/es\/entorno\/museos\/centro-del-ferrocarril\/","url":"http:\/\/hostallacreu.com\/es\/entorno\/museos\/centro-del-ferrocarril\/","name":"Centro del Ferrocarril - Hostal Gastron\u00f2mic La Creu","isPartOf":{"@id":"https:\/\/hostallacreu.com\/#website"},"primaryImageOfPage":{"@id":"http:\/\/hostallacreu.com\/es\/entorno\/museos\/centro-del-ferrocarril\/#primaryimage"},"image":{"@id":"http:\/\/hostallacreu.com\/es\/entorno\/museos\/centro-del-ferrocarril\/#primaryimage"},"thumbnailUrl":"https:\/\/hostallacreu.com\/wp-content\/uploads\/2014\/11\/centre-del-ferrocarril-mora-la-nova-6-01.jpg","datePublished":"2014-11-25T15:14:34+00:00","breadcrumb":{"@id":"http:\/\/hostallacreu.com\/es\/entorno\/museos\/centro-del-ferrocarril\/#breadcrumb"},"inLanguage":"es","potentialAction":[{"@type":"ReadAction","target":["http:\/\/hostallacreu.com\/es\/entorno\/museos\/centro-del-ferrocarril\/"]}]},{"@type":"ImageObject","inLanguage":"es","@id":"http:\/\/hostallacreu.com\/es\/entorno\/museos\/centro-del-ferrocarril\/#primaryimage","url":"https:\/\/hostallacreu.com\/wp-content\/uploads\/2014\/11\/centre-del-ferrocarril-mora-la-nova-6-01.jpg","contentUrl":"https:\/\/hostallacreu.com\/wp-content\/uploads\/2014\/11\/centre-del-ferrocarril-mora-la-nova-6-01.jpg","width":2588,"height":877},{"@type":"BreadcrumbList","@id":"http:\/\/hostallacreu.com\/es\/entorno\/museos\/centro-del-ferrocarril\/#breadcrumb","itemListElement":[{"@type":"ListItem","position":1,"name":"Home","item":"https:\/\/hostallacreu.com\/es\/"},{"@type":"ListItem","position":2,"name":"Entorno","item":"https:\/\/hostallacreu.com\/es\/entorno\/"},{"@type":"ListItem","position":3,"name":"Museos","item":"http:\/\/hostallacreu.com\/es\/entorno\/museos\/"},{"@type":"ListItem","position":4,"name":"Centro del Ferrocarril"}]},{"@type":"WebSite","@id":"https:\/\/hostallacreu.com\/#website","url":"https:\/\/hostallacreu.com\/","name":"Hostal Gastron\u00f2mic La Creu","description":"El teu allotjament i restaurant a la Ribera d&#039;Ebre","potentialAction":[{"@type":"SearchAction","target":{"@type":"EntryPoint","urlTemplate":"https:\/\/hostallacreu.com\/?s={search_term_string}"},"query-input":{"@type":"PropertyValueSpecification","valueRequired":true,"valueName":"search_term_string"}}],"inLanguage":"es"}]}},"_links":{"self":[{"href":"https:\/\/hostallacreu.com\/es\/wp-json\/wp\/v2\/pages\/525","targetHints":{"allow":["GET"]}}],"collection":[{"href":"https:\/\/hostallacreu.com\/es\/wp-json\/wp\/v2\/pages"}],"about":[{"href":"https:\/\/hostallacreu.com\/es\/wp-json\/wp\/v2\/types\/page"}],"author":[{"embeddable":true,"href":"https:\/\/hostallacreu.com\/es\/wp-json\/wp\/v2\/users\/3"}],"replies":[{"embeddable":true,"href":"https:\/\/hostallacreu.com\/es\/wp-json\/wp\/v2\/comments?post=525"}],"version-history":[{"count":1,"href":"https:\/\/hostallacreu.com\/es\/wp-json\/wp\/v2\/pages\/525\/revisions"}],"predecessor-version":[{"id":526,"href":"https:\/\/hostallacreu.com\/es\/wp-json\/wp\/v2\/pages\/525\/revisions\/526"}],"up":[{"embeddable":true,"href":"https:\/\/hostallacreu.com\/es\/wp-json\/wp\/v2\/pages\/492"}],"wp:featuredmedia":[{"embeddable":true,"href":"https:\/\/hostallacreu.com\/es\/wp-json\/wp\/v2\/media\/262"}],"wp:attachment":[{"href":"https:\/\/hostallacreu.com\/es\/wp-json\/wp\/v2\/media?parent=525"}],"curies":[{"name":"wp","href":"https:\/\/api.w.org\/{rel}","templated":true}]}}