{"id":520,"date":"2014-11-25T15:10:46","date_gmt":"2014-11-25T15:10:46","guid":{"rendered":"http:\/\/hostallacreu.com\/?page_id=520"},"modified":"2014-11-25T15:10:46","modified_gmt":"2014-11-25T15:10:46","slug":"convento-de-las-minimas","status":"publish","type":"page","link":"https:\/\/hostallacreu.com\/es\/entorno\/lugares-de-interes\/convento-de-las-minimas\/","title":{"rendered":"Convento de las M\u00ednimas"},"content":{"rendered":"<h1><strong>El Convento de las Monjas M\u00ednimas, situado en el centro hist\u00f3rico de Mora de Ebro, es un majestuoso complejo formado por la iglesia dedicada al Sagrado Coraz\u00f3n de Jes\u00fas y las dependencias monacales.<\/strong><\/h1>\n<p><a href=\"https:\/\/hostallacreu.com\/wp-content\/uploads\/2014\/11\/Convent-de-les-M\u00ednimes-M\u00f3ra-dEbre-Turisme-Ribera-dEbre-11-06.jpg\"><img loading=\"lazy\" decoding=\"async\" class=\"alignright  wp-image-289\" src=\"https:\/\/hostallacreu.com\/wp-content\/uploads\/2014\/11\/Convent-de-les-M\u00ednimes-M\u00f3ra-dEbre-Turisme-Ribera-dEbre-11-06.jpg\" alt=\"Convent-de-les-M\u00ednimes-M\u00f3ra-dEbre-Turisme-Ribera-dEbre-11-06\" width=\"452\" height=\"304\" srcset=\"https:\/\/hostallacreu.com\/wp-content\/uploads\/2014\/11\/Convent-de-les-M\u00ednimes-M\u00f3ra-dEbre-Turisme-Ribera-dEbre-11-06.jpg 1738w, https:\/\/hostallacreu.com\/wp-content\/uploads\/2014\/11\/Convent-de-les-M\u00ednimes-M\u00f3ra-dEbre-Turisme-Ribera-dEbre-11-06-300x201.jpg 300w, https:\/\/hostallacreu.com\/wp-content\/uploads\/2014\/11\/Convent-de-les-M\u00ednimes-M\u00f3ra-dEbre-Turisme-Ribera-dEbre-11-06-1024x688.jpg 1024w, https:\/\/hostallacreu.com\/wp-content\/uploads\/2014\/11\/Convent-de-les-M\u00ednimes-M\u00f3ra-dEbre-Turisme-Ribera-dEbre-11-06-624x419.jpg 624w\" sizes=\"auto, (max-width: 452px) 100vw, 452px\" \/><\/a><\/p>\n<p>Se trata del primer templo expiatorio de Espa\u00f1a y fue construido en 1894. El edificio, de estilo neog\u00f3tico y de notables dimensiones, fue dise\u00f1ado por Joan Abril, arquitecto tortosino y que tambi\u00e9n dise\u00f1\u00f3 el matadero modernista de Tortosa e impulsado por sor Filomena Ferrer Galzeran, hija del escultor local F\u00e9lix Ferrer, el cual se encuentra en proceso de beatificaci\u00f3n desde el siglo XIX. Despu\u00e9s de la sesi\u00f3n por parte de Magdalena Grau y el conde de Samitier los terrenos, la obra se forj\u00f3 gracias, principalmente, a las donaciones populares.<\/p>\n","protected":false},"excerpt":{"rendered":"<p>El Convento de las Monjas M\u00ednimas, situado en el centro hist\u00f3rico de Mora de Ebro, es un majestuoso complejo formado por la iglesia dedicada al Sagrado Coraz\u00f3n de Jes\u00fas y las dependencias monacales. Se trata del primer templo expiatorio de Espa\u00f1a y fue construido en 1894. El edificio, de estilo neog\u00f3tico y de notables dimensiones, [&hellip;]<\/p>\n","protected":false},"author":3,"featured_media":288,"parent":490,"menu_order":0,"comment_status":"closed","ping_status":"closed","template":"","meta":{"_monsterinsights_skip_tracking":false,"_monsterinsights_sitenote_active":false,"_monsterinsights_sitenote_note":"","_monsterinsights_sitenote_category":0,"footnotes":""},"class_list":["post-520","page","type-page","status-publish","has-post-thumbnail","hentry"],"yoast_head":"<!-- This site is optimized with the Yoast SEO plugin v26.2 - https:\/\/yoast.com\/wordpress\/plugins\/seo\/ -->\n<title>Convento de las M\u00ednimas - Hostal Gastron\u00f2mic La Creu<\/title>\n<meta name=\"robots\" content=\"index, follow, max-snippet:-1, max-image-preview:large, max-video-preview:-1\" \/>\n<link rel=\"canonical\" href=\"https:\/\/hostallacreu.com\/es\/entorno\/lugares-de-interes\/convento-de-las-minimas\/\" \/>\n<meta property=\"og:locale\" content=\"es_ES\" \/>\n<meta property=\"og:type\" content=\"article\" \/>\n<meta property=\"og:title\" content=\"Convento de las M\u00ednimas - Hostal Gastron\u00f2mic La Creu\" \/>\n<meta property=\"og:description\" content=\"El Convento de las Monjas M\u00ednimas, situado en el centro hist\u00f3rico de Mora de Ebro, es un majestuoso complejo formado por la iglesia dedicada al Sagrado Coraz\u00f3n de Jes\u00fas y las dependencias monacales. Se trata del primer templo expiatorio de Espa\u00f1a y fue construido en 1894. El edificio, de estilo neog\u00f3tico y de notables dimensiones, [&hellip;]\" \/>\n<meta property=\"og:url\" content=\"https:\/\/hostallacreu.com\/es\/entorno\/lugares-de-interes\/convento-de-las-minimas\/\" \/>\n<meta property=\"og:site_name\" content=\"Hostal Gastron\u00f2mic La Creu\" \/>\n<meta property=\"og:image\" content=\"https:\/\/hostallacreu.com\/wp-content\/uploads\/2014\/11\/convent-de-les-m\u00ednimes-mora-ebre-01.jpg\" \/>\n\t<meta property=\"og:image:width\" content=\"2588\" \/>\n\t<meta property=\"og:image:height\" content=\"877\" \/>\n\t<meta property=\"og:image:type\" content=\"image\/jpeg\" \/>\n<meta name=\"twitter:label1\" content=\"Tiempo de lectura\" \/>\n\t<meta name=\"twitter:data1\" content=\"1 minuto\" \/>\n<script type=\"application\/ld+json\" class=\"yoast-schema-graph\">{\"@context\":\"https:\/\/schema.org\",\"@graph\":[{\"@type\":\"WebPage\",\"@id\":\"https:\/\/hostallacreu.com\/es\/entorno\/lugares-de-interes\/convento-de-las-minimas\/\",\"url\":\"https:\/\/hostallacreu.com\/es\/entorno\/lugares-de-interes\/convento-de-las-minimas\/\",\"name\":\"Convento de las M\u00ednimas - Hostal Gastron\u00f2mic La Creu\",\"isPartOf\":{\"@id\":\"https:\/\/hostallacreu.com\/#website\"},\"primaryImageOfPage\":{\"@id\":\"https:\/\/hostallacreu.com\/es\/entorno\/lugares-de-interes\/convento-de-las-minimas\/#primaryimage\"},\"image\":{\"@id\":\"https:\/\/hostallacreu.com\/es\/entorno\/lugares-de-interes\/convento-de-las-minimas\/#primaryimage\"},\"thumbnailUrl\":\"https:\/\/hostallacreu.com\/wp-content\/uploads\/2014\/11\/convent-de-les-m\u00ednimes-mora-ebre-01.jpg\",\"datePublished\":\"2014-11-25T15:10:46+00:00\",\"breadcrumb\":{\"@id\":\"https:\/\/hostallacreu.com\/es\/entorno\/lugares-de-interes\/convento-de-las-minimas\/#breadcrumb\"},\"inLanguage\":\"es\",\"potentialAction\":[{\"@type\":\"ReadAction\",\"target\":[\"https:\/\/hostallacreu.com\/es\/entorno\/lugares-de-interes\/convento-de-las-minimas\/\"]}]},{\"@type\":\"ImageObject\",\"inLanguage\":\"es\",\"@id\":\"https:\/\/hostallacreu.com\/es\/entorno\/lugares-de-interes\/convento-de-las-minimas\/#primaryimage\",\"url\":\"https:\/\/hostallacreu.com\/wp-content\/uploads\/2014\/11\/convent-de-les-m\u00ednimes-mora-ebre-01.jpg\",\"contentUrl\":\"https:\/\/hostallacreu.com\/wp-content\/uploads\/2014\/11\/convent-de-les-m\u00ednimes-mora-ebre-01.jpg\",\"width\":2588,\"height\":877},{\"@type\":\"BreadcrumbList\",\"@id\":\"https:\/\/hostallacreu.com\/es\/entorno\/lugares-de-interes\/convento-de-las-minimas\/#breadcrumb\",\"itemListElement\":[{\"@type\":\"ListItem\",\"position\":1,\"name\":\"Home\",\"item\":\"https:\/\/hostallacreu.com\/es\/\"},{\"@type\":\"ListItem\",\"position\":2,\"name\":\"Entorno\",\"item\":\"https:\/\/hostallacreu.com\/es\/entorno\/\"},{\"@type\":\"ListItem\",\"position\":3,\"name\":\"Lugares de inter\u00e9s\",\"item\":\"https:\/\/hostallacreu.com\/es\/entorno\/lugares-de-interes\/\"},{\"@type\":\"ListItem\",\"position\":4,\"name\":\"Convento de las M\u00ednimas\"}]},{\"@type\":\"WebSite\",\"@id\":\"https:\/\/hostallacreu.com\/#website\",\"url\":\"https:\/\/hostallacreu.com\/\",\"name\":\"Hostal Gastron\u00f2mic La Creu\",\"description\":\"El teu allotjament i restaurant a la Ribera d&#039;Ebre\",\"potentialAction\":[{\"@type\":\"SearchAction\",\"target\":{\"@type\":\"EntryPoint\",\"urlTemplate\":\"https:\/\/hostallacreu.com\/?s={search_term_string}\"},\"query-input\":{\"@type\":\"PropertyValueSpecification\",\"valueRequired\":true,\"valueName\":\"search_term_string\"}}],\"inLanguage\":\"es\"}]}<\/script>\n<!-- \/ Yoast SEO plugin. -->","yoast_head_json":{"title":"Convento de las M\u00ednimas - Hostal Gastron\u00f2mic La Creu","robots":{"index":"index","follow":"follow","max-snippet":"max-snippet:-1","max-image-preview":"max-image-preview:large","max-video-preview":"max-video-preview:-1"},"canonical":"https:\/\/hostallacreu.com\/es\/entorno\/lugares-de-interes\/convento-de-las-minimas\/","og_locale":"es_ES","og_type":"article","og_title":"Convento de las M\u00ednimas - Hostal Gastron\u00f2mic La Creu","og_description":"El Convento de las Monjas M\u00ednimas, situado en el centro hist\u00f3rico de Mora de Ebro, es un majestuoso complejo formado por la iglesia dedicada al Sagrado Coraz\u00f3n de Jes\u00fas y las dependencias monacales. Se trata del primer templo expiatorio de Espa\u00f1a y fue construido en 1894. El edificio, de estilo neog\u00f3tico y de notables dimensiones, [&hellip;]","og_url":"https:\/\/hostallacreu.com\/es\/entorno\/lugares-de-interes\/convento-de-las-minimas\/","og_site_name":"Hostal Gastron\u00f2mic La Creu","og_image":[{"width":2588,"height":877,"url":"https:\/\/hostallacreu.com\/wp-content\/uploads\/2014\/11\/convent-de-les-m\u00ednimes-mora-ebre-01.jpg","type":"image\/jpeg"}],"twitter_misc":{"Tiempo de lectura":"1 minuto"},"schema":{"@context":"https:\/\/schema.org","@graph":[{"@type":"WebPage","@id":"https:\/\/hostallacreu.com\/es\/entorno\/lugares-de-interes\/convento-de-las-minimas\/","url":"https:\/\/hostallacreu.com\/es\/entorno\/lugares-de-interes\/convento-de-las-minimas\/","name":"Convento de las M\u00ednimas - Hostal Gastron\u00f2mic La Creu","isPartOf":{"@id":"https:\/\/hostallacreu.com\/#website"},"primaryImageOfPage":{"@id":"https:\/\/hostallacreu.com\/es\/entorno\/lugares-de-interes\/convento-de-las-minimas\/#primaryimage"},"image":{"@id":"https:\/\/hostallacreu.com\/es\/entorno\/lugares-de-interes\/convento-de-las-minimas\/#primaryimage"},"thumbnailUrl":"https:\/\/hostallacreu.com\/wp-content\/uploads\/2014\/11\/convent-de-les-m\u00ednimes-mora-ebre-01.jpg","datePublished":"2014-11-25T15:10:46+00:00","breadcrumb":{"@id":"https:\/\/hostallacreu.com\/es\/entorno\/lugares-de-interes\/convento-de-las-minimas\/#breadcrumb"},"inLanguage":"es","potentialAction":[{"@type":"ReadAction","target":["https:\/\/hostallacreu.com\/es\/entorno\/lugares-de-interes\/convento-de-las-minimas\/"]}]},{"@type":"ImageObject","inLanguage":"es","@id":"https:\/\/hostallacreu.com\/es\/entorno\/lugares-de-interes\/convento-de-las-minimas\/#primaryimage","url":"https:\/\/hostallacreu.com\/wp-content\/uploads\/2014\/11\/convent-de-les-m\u00ednimes-mora-ebre-01.jpg","contentUrl":"https:\/\/hostallacreu.com\/wp-content\/uploads\/2014\/11\/convent-de-les-m\u00ednimes-mora-ebre-01.jpg","width":2588,"height":877},{"@type":"BreadcrumbList","@id":"https:\/\/hostallacreu.com\/es\/entorno\/lugares-de-interes\/convento-de-las-minimas\/#breadcrumb","itemListElement":[{"@type":"ListItem","position":1,"name":"Home","item":"https:\/\/hostallacreu.com\/es\/"},{"@type":"ListItem","position":2,"name":"Entorno","item":"https:\/\/hostallacreu.com\/es\/entorno\/"},{"@type":"ListItem","position":3,"name":"Lugares de inter\u00e9s","item":"https:\/\/hostallacreu.com\/es\/entorno\/lugares-de-interes\/"},{"@type":"ListItem","position":4,"name":"Convento de las M\u00ednimas"}]},{"@type":"WebSite","@id":"https:\/\/hostallacreu.com\/#website","url":"https:\/\/hostallacreu.com\/","name":"Hostal Gastron\u00f2mic La Creu","description":"El teu allotjament i restaurant a la Ribera d&#039;Ebre","potentialAction":[{"@type":"SearchAction","target":{"@type":"EntryPoint","urlTemplate":"https:\/\/hostallacreu.com\/?s={search_term_string}"},"query-input":{"@type":"PropertyValueSpecification","valueRequired":true,"valueName":"search_term_string"}}],"inLanguage":"es"}]}},"_links":{"self":[{"href":"https:\/\/hostallacreu.com\/es\/wp-json\/wp\/v2\/pages\/520","targetHints":{"allow":["GET"]}}],"collection":[{"href":"https:\/\/hostallacreu.com\/es\/wp-json\/wp\/v2\/pages"}],"about":[{"href":"https:\/\/hostallacreu.com\/es\/wp-json\/wp\/v2\/types\/page"}],"author":[{"embeddable":true,"href":"https:\/\/hostallacreu.com\/es\/wp-json\/wp\/v2\/users\/3"}],"replies":[{"embeddable":true,"href":"https:\/\/hostallacreu.com\/es\/wp-json\/wp\/v2\/comments?post=520"}],"version-history":[{"count":1,"href":"https:\/\/hostallacreu.com\/es\/wp-json\/wp\/v2\/pages\/520\/revisions"}],"predecessor-version":[{"id":521,"href":"https:\/\/hostallacreu.com\/es\/wp-json\/wp\/v2\/pages\/520\/revisions\/521"}],"up":[{"embeddable":true,"href":"https:\/\/hostallacreu.com\/es\/wp-json\/wp\/v2\/pages\/490"}],"wp:featuredmedia":[{"embeddable":true,"href":"https:\/\/hostallacreu.com\/es\/wp-json\/wp\/v2\/media\/288"}],"wp:attachment":[{"href":"https:\/\/hostallacreu.com\/es\/wp-json\/wp\/v2\/media?parent=520"}],"curies":[{"name":"wp","href":"https:\/\/api.w.org\/{rel}","templated":true}]}}