{"id":517,"date":"2014-11-25T15:09:00","date_gmt":"2014-11-25T15:09:00","guid":{"rendered":"http:\/\/hostallacreu.com\/?page_id=517"},"modified":"2014-11-25T15:09:00","modified_gmt":"2014-11-25T15:09:00","slug":"ermita-de-berrus","status":"publish","type":"page","link":"https:\/\/hostallacreu.com\/es\/entorno\/lugares-de-interes\/ermita-de-berrus\/","title":{"rendered":"Ermita de Berr\u00fas"},"content":{"rendered":"<h1><strong>La ermita de Santa Magdalena de Berr\u00fas, emplazada en una colina muy cerca del pantano de Ribarroja es una construcci\u00f3n rom\u00e1nica que se acompa\u00f1a de una historia que la convierte en una de las m\u00e1s singulares de la Ribera d Ebro.<\/strong><\/h1>\n<p><img loading=\"lazy\" decoding=\"async\" class=\"alignright  wp-image-294\" src=\"https:\/\/hostallacreu.com\/wp-content\/uploads\/2014\/11\/ermita-berr\u00fas3.jpg\" alt=\"ermita-berr\u00fas3\" width=\"513\" height=\"342\" srcset=\"https:\/\/hostallacreu.com\/wp-content\/uploads\/2014\/11\/ermita-berr\u00fas3.jpg 1152w, https:\/\/hostallacreu.com\/wp-content\/uploads\/2014\/11\/ermita-berr\u00fas3-300x200.jpg 300w, https:\/\/hostallacreu.com\/wp-content\/uploads\/2014\/11\/ermita-berr\u00fas3-1024x682.jpg 1024w, https:\/\/hostallacreu.com\/wp-content\/uploads\/2014\/11\/ermita-berr\u00fas3-624x416.jpg 624w\" sizes=\"auto, (max-width: 513px) 100vw, 513px\" \/><\/p>\n<p>La ermita fue antiguamente la iglesia parroquial de Berr\u00fas, un peque\u00f1o pueblo, que en el siglo XIII pertenec\u00eda al pedido de Asc\u00f3 y, que m\u00e1s tarde, pasa bajo jurisdicci\u00f3n de Ribarroja de Ebro. El pueblo qued\u00f3 despoblado debido a la epidemia de la peste entre el siglo IX y X y los supervivientes lo abandonaron para ir a vivir a los pueblos de alrededor, concretamente en Ribarroja de Ebro, Villalba y la Puebla de Massaluca. Se tiene constancia de que antes de la guerra civil una familia se estableci\u00f3 de nuevo, en la \u00fanica casa que quedaba en pie.<\/p>\n<p>Con la construcci\u00f3n del pantano de Ribarroja, en los a\u00f1os sesenta, el pueblo qued\u00f3 anegado pero la ermita fue desmontada piedra a piedra y reemplazada en la ubicaci\u00f3n actual, una peque\u00f1a colina donde se divisan unas fant\u00e1sticas vistas del pantano y de las monta\u00f1as calizas que lo rodean.<\/p>\n<p><img loading=\"lazy\" decoding=\"async\" class=\"alignright  wp-image-293\" src=\"https:\/\/hostallacreu.com\/wp-content\/uploads\/2014\/11\/ermita-berr\u00fas2.jpg\" alt=\"ermita-berr\u00fas2\" width=\"544\" height=\"363\" srcset=\"https:\/\/hostallacreu.com\/wp-content\/uploads\/2014\/11\/ermita-berr\u00fas2.jpg 1152w, https:\/\/hostallacreu.com\/wp-content\/uploads\/2014\/11\/ermita-berr\u00fas2-300x200.jpg 300w, https:\/\/hostallacreu.com\/wp-content\/uploads\/2014\/11\/ermita-berr\u00fas2-1024x682.jpg 1024w, https:\/\/hostallacreu.com\/wp-content\/uploads\/2014\/11\/ermita-berr\u00fas2-624x416.jpg 624w\" sizes=\"auto, (max-width: 544px) 100vw, 544px\" \/><\/p>\n<p>Para acceder a ella hay que desplazarse hasta Ribarroja de Ebro y desde all\u00ed seguir la carretera hacia La Pobla de Massaluca, tras pasar las compuertas del pantano y seguir la carretera llegamos en un punto elevado donde a mano derecha nos aparece la se\u00f1alizaci\u00f3n para coger un camino rural que nos lleva hasta la ermita.<\/p>\n<p>&nbsp;<\/p>\n","protected":false},"excerpt":{"rendered":"<p>La ermita de Santa Magdalena de Berr\u00fas, emplazada en una colina muy cerca del pantano de Ribarroja es una construcci\u00f3n rom\u00e1nica que se acompa\u00f1a de una historia que la convierte en una de las m\u00e1s singulares de la Ribera d Ebro. La ermita fue antiguamente la iglesia parroquial de Berr\u00fas, un peque\u00f1o pueblo, que en [&hellip;]<\/p>\n","protected":false},"author":3,"featured_media":292,"parent":490,"menu_order":0,"comment_status":"closed","ping_status":"closed","template":"","meta":{"_monsterinsights_skip_tracking":false,"_monsterinsights_sitenote_active":false,"_monsterinsights_sitenote_note":"","_monsterinsights_sitenote_category":0,"footnotes":""},"class_list":["post-517","page","type-page","status-publish","has-post-thumbnail","hentry"],"yoast_head":"<!-- This site is optimized with the Yoast SEO plugin v26.2 - https:\/\/yoast.com\/wordpress\/plugins\/seo\/ -->\n<title>Ermita de Berr\u00fas - Hostal Gastron\u00f2mic La Creu<\/title>\n<meta name=\"robots\" content=\"index, follow, max-snippet:-1, max-image-preview:large, max-video-preview:-1\" \/>\n<link rel=\"canonical\" href=\"https:\/\/hostallacreu.com\/es\/entorno\/lugares-de-interes\/ermita-de-berrus\/\" \/>\n<meta property=\"og:locale\" content=\"es_ES\" \/>\n<meta property=\"og:type\" content=\"article\" \/>\n<meta property=\"og:title\" content=\"Ermita de Berr\u00fas - Hostal Gastron\u00f2mic La Creu\" \/>\n<meta property=\"og:description\" content=\"La ermita de Santa Magdalena de Berr\u00fas, emplazada en una colina muy cerca del pantano de Ribarroja es una construcci\u00f3n rom\u00e1nica que se acompa\u00f1a de una historia que la convierte en una de las m\u00e1s singulares de la Ribera d Ebro. La ermita fue antiguamente la iglesia parroquial de Berr\u00fas, un peque\u00f1o pueblo, que en [&hellip;]\" \/>\n<meta property=\"og:url\" content=\"https:\/\/hostallacreu.com\/es\/entorno\/lugares-de-interes\/ermita-de-berrus\/\" \/>\n<meta property=\"og:site_name\" content=\"Hostal Gastron\u00f2mic La Creu\" \/>\n<meta property=\"og:image\" content=\"https:\/\/hostallacreu.com\/wp-content\/uploads\/2014\/11\/ermita-de-berrus-ribera-ebre-01.jpg\" \/>\n\t<meta property=\"og:image:width\" content=\"2588\" \/>\n\t<meta property=\"og:image:height\" content=\"877\" \/>\n\t<meta property=\"og:image:type\" content=\"image\/jpeg\" \/>\n<meta name=\"twitter:label1\" content=\"Tiempo de lectura\" \/>\n\t<meta name=\"twitter:data1\" content=\"1 minuto\" \/>\n<script type=\"application\/ld+json\" class=\"yoast-schema-graph\">{\"@context\":\"https:\/\/schema.org\",\"@graph\":[{\"@type\":\"WebPage\",\"@id\":\"https:\/\/hostallacreu.com\/es\/entorno\/lugares-de-interes\/ermita-de-berrus\/\",\"url\":\"https:\/\/hostallacreu.com\/es\/entorno\/lugares-de-interes\/ermita-de-berrus\/\",\"name\":\"Ermita de Berr\u00fas - Hostal Gastron\u00f2mic La Creu\",\"isPartOf\":{\"@id\":\"https:\/\/hostallacreu.com\/#website\"},\"primaryImageOfPage\":{\"@id\":\"https:\/\/hostallacreu.com\/es\/entorno\/lugares-de-interes\/ermita-de-berrus\/#primaryimage\"},\"image\":{\"@id\":\"https:\/\/hostallacreu.com\/es\/entorno\/lugares-de-interes\/ermita-de-berrus\/#primaryimage\"},\"thumbnailUrl\":\"https:\/\/hostallacreu.com\/wp-content\/uploads\/2014\/11\/ermita-de-berrus-ribera-ebre-01.jpg\",\"datePublished\":\"2014-11-25T15:09:00+00:00\",\"breadcrumb\":{\"@id\":\"https:\/\/hostallacreu.com\/es\/entorno\/lugares-de-interes\/ermita-de-berrus\/#breadcrumb\"},\"inLanguage\":\"es\",\"potentialAction\":[{\"@type\":\"ReadAction\",\"target\":[\"https:\/\/hostallacreu.com\/es\/entorno\/lugares-de-interes\/ermita-de-berrus\/\"]}]},{\"@type\":\"ImageObject\",\"inLanguage\":\"es\",\"@id\":\"https:\/\/hostallacreu.com\/es\/entorno\/lugares-de-interes\/ermita-de-berrus\/#primaryimage\",\"url\":\"https:\/\/hostallacreu.com\/wp-content\/uploads\/2014\/11\/ermita-de-berrus-ribera-ebre-01.jpg\",\"contentUrl\":\"https:\/\/hostallacreu.com\/wp-content\/uploads\/2014\/11\/ermita-de-berrus-ribera-ebre-01.jpg\",\"width\":2588,\"height\":877},{\"@type\":\"BreadcrumbList\",\"@id\":\"https:\/\/hostallacreu.com\/es\/entorno\/lugares-de-interes\/ermita-de-berrus\/#breadcrumb\",\"itemListElement\":[{\"@type\":\"ListItem\",\"position\":1,\"name\":\"Home\",\"item\":\"https:\/\/hostallacreu.com\/es\/\"},{\"@type\":\"ListItem\",\"position\":2,\"name\":\"Entorno\",\"item\":\"https:\/\/hostallacreu.com\/es\/entorno\/\"},{\"@type\":\"ListItem\",\"position\":3,\"name\":\"Lugares de inter\u00e9s\",\"item\":\"https:\/\/hostallacreu.com\/es\/entorno\/lugares-de-interes\/\"},{\"@type\":\"ListItem\",\"position\":4,\"name\":\"Ermita de Berr\u00fas\"}]},{\"@type\":\"WebSite\",\"@id\":\"https:\/\/hostallacreu.com\/#website\",\"url\":\"https:\/\/hostallacreu.com\/\",\"name\":\"Hostal Gastron\u00f2mic La Creu\",\"description\":\"El teu allotjament i restaurant a la Ribera d&#039;Ebre\",\"potentialAction\":[{\"@type\":\"SearchAction\",\"target\":{\"@type\":\"EntryPoint\",\"urlTemplate\":\"https:\/\/hostallacreu.com\/?s={search_term_string}\"},\"query-input\":{\"@type\":\"PropertyValueSpecification\",\"valueRequired\":true,\"valueName\":\"search_term_string\"}}],\"inLanguage\":\"es\"}]}<\/script>\n<!-- \/ Yoast SEO plugin. -->","yoast_head_json":{"title":"Ermita de Berr\u00fas - Hostal Gastron\u00f2mic La Creu","robots":{"index":"index","follow":"follow","max-snippet":"max-snippet:-1","max-image-preview":"max-image-preview:large","max-video-preview":"max-video-preview:-1"},"canonical":"https:\/\/hostallacreu.com\/es\/entorno\/lugares-de-interes\/ermita-de-berrus\/","og_locale":"es_ES","og_type":"article","og_title":"Ermita de Berr\u00fas - Hostal Gastron\u00f2mic La Creu","og_description":"La ermita de Santa Magdalena de Berr\u00fas, emplazada en una colina muy cerca del pantano de Ribarroja es una construcci\u00f3n rom\u00e1nica que se acompa\u00f1a de una historia que la convierte en una de las m\u00e1s singulares de la Ribera d Ebro. La ermita fue antiguamente la iglesia parroquial de Berr\u00fas, un peque\u00f1o pueblo, que en [&hellip;]","og_url":"https:\/\/hostallacreu.com\/es\/entorno\/lugares-de-interes\/ermita-de-berrus\/","og_site_name":"Hostal Gastron\u00f2mic La Creu","og_image":[{"width":2588,"height":877,"url":"https:\/\/hostallacreu.com\/wp-content\/uploads\/2014\/11\/ermita-de-berrus-ribera-ebre-01.jpg","type":"image\/jpeg"}],"twitter_misc":{"Tiempo de lectura":"1 minuto"},"schema":{"@context":"https:\/\/schema.org","@graph":[{"@type":"WebPage","@id":"https:\/\/hostallacreu.com\/es\/entorno\/lugares-de-interes\/ermita-de-berrus\/","url":"https:\/\/hostallacreu.com\/es\/entorno\/lugares-de-interes\/ermita-de-berrus\/","name":"Ermita de Berr\u00fas - Hostal Gastron\u00f2mic La Creu","isPartOf":{"@id":"https:\/\/hostallacreu.com\/#website"},"primaryImageOfPage":{"@id":"https:\/\/hostallacreu.com\/es\/entorno\/lugares-de-interes\/ermita-de-berrus\/#primaryimage"},"image":{"@id":"https:\/\/hostallacreu.com\/es\/entorno\/lugares-de-interes\/ermita-de-berrus\/#primaryimage"},"thumbnailUrl":"https:\/\/hostallacreu.com\/wp-content\/uploads\/2014\/11\/ermita-de-berrus-ribera-ebre-01.jpg","datePublished":"2014-11-25T15:09:00+00:00","breadcrumb":{"@id":"https:\/\/hostallacreu.com\/es\/entorno\/lugares-de-interes\/ermita-de-berrus\/#breadcrumb"},"inLanguage":"es","potentialAction":[{"@type":"ReadAction","target":["https:\/\/hostallacreu.com\/es\/entorno\/lugares-de-interes\/ermita-de-berrus\/"]}]},{"@type":"ImageObject","inLanguage":"es","@id":"https:\/\/hostallacreu.com\/es\/entorno\/lugares-de-interes\/ermita-de-berrus\/#primaryimage","url":"https:\/\/hostallacreu.com\/wp-content\/uploads\/2014\/11\/ermita-de-berrus-ribera-ebre-01.jpg","contentUrl":"https:\/\/hostallacreu.com\/wp-content\/uploads\/2014\/11\/ermita-de-berrus-ribera-ebre-01.jpg","width":2588,"height":877},{"@type":"BreadcrumbList","@id":"https:\/\/hostallacreu.com\/es\/entorno\/lugares-de-interes\/ermita-de-berrus\/#breadcrumb","itemListElement":[{"@type":"ListItem","position":1,"name":"Home","item":"https:\/\/hostallacreu.com\/es\/"},{"@type":"ListItem","position":2,"name":"Entorno","item":"https:\/\/hostallacreu.com\/es\/entorno\/"},{"@type":"ListItem","position":3,"name":"Lugares de inter\u00e9s","item":"https:\/\/hostallacreu.com\/es\/entorno\/lugares-de-interes\/"},{"@type":"ListItem","position":4,"name":"Ermita de Berr\u00fas"}]},{"@type":"WebSite","@id":"https:\/\/hostallacreu.com\/#website","url":"https:\/\/hostallacreu.com\/","name":"Hostal Gastron\u00f2mic La Creu","description":"El teu allotjament i restaurant a la Ribera d&#039;Ebre","potentialAction":[{"@type":"SearchAction","target":{"@type":"EntryPoint","urlTemplate":"https:\/\/hostallacreu.com\/?s={search_term_string}"},"query-input":{"@type":"PropertyValueSpecification","valueRequired":true,"valueName":"search_term_string"}}],"inLanguage":"es"}]}},"_links":{"self":[{"href":"https:\/\/hostallacreu.com\/es\/wp-json\/wp\/v2\/pages\/517","targetHints":{"allow":["GET"]}}],"collection":[{"href":"https:\/\/hostallacreu.com\/es\/wp-json\/wp\/v2\/pages"}],"about":[{"href":"https:\/\/hostallacreu.com\/es\/wp-json\/wp\/v2\/types\/page"}],"author":[{"embeddable":true,"href":"https:\/\/hostallacreu.com\/es\/wp-json\/wp\/v2\/users\/3"}],"replies":[{"embeddable":true,"href":"https:\/\/hostallacreu.com\/es\/wp-json\/wp\/v2\/comments?post=517"}],"version-history":[{"count":1,"href":"https:\/\/hostallacreu.com\/es\/wp-json\/wp\/v2\/pages\/517\/revisions"}],"predecessor-version":[{"id":518,"href":"https:\/\/hostallacreu.com\/es\/wp-json\/wp\/v2\/pages\/517\/revisions\/518"}],"up":[{"embeddable":true,"href":"https:\/\/hostallacreu.com\/es\/wp-json\/wp\/v2\/pages\/490"}],"wp:featuredmedia":[{"embeddable":true,"href":"https:\/\/hostallacreu.com\/es\/wp-json\/wp\/v2\/media\/292"}],"wp:attachment":[{"href":"https:\/\/hostallacreu.com\/es\/wp-json\/wp\/v2\/media?parent=517"}],"curies":[{"name":"wp","href":"https:\/\/api.w.org\/{rel}","templated":true}]}}