{"id":515,"date":"2014-11-25T15:07:22","date_gmt":"2014-11-25T15:07:22","guid":{"rendered":"http:\/\/hostallacreu.com\/?page_id=515"},"modified":"2014-11-25T15:07:22","modified_gmt":"2014-11-25T15:07:22","slug":"iglesia-de-mora-de-ebro","status":"publish","type":"page","link":"https:\/\/hostallacreu.com\/es\/entorno\/lugares-de-interes\/iglesia-de-mora-de-ebro\/","title":{"rendered":"Iglesia de Mora de Ebro"},"content":{"rendered":"<p><a href=\"https:\/\/hostallacreu.com\/wp-content\/uploads\/2014\/11\/TURISME-M\u00d3RA-DEBRE-ESGL\u00c9SIA-08.jpg\"><img loading=\"lazy\" decoding=\"async\" class=\"alignright  wp-image-131\" src=\"https:\/\/hostallacreu.com\/wp-content\/uploads\/2014\/11\/TURISME-M\u00d3RA-DEBRE-ESGL\u00c9SIA-08.jpg\" alt=\"TURISME M\u00d3RA D'EBRE ESGL\u00c9SIA-08\" width=\"528\" height=\"712\" srcset=\"https:\/\/hostallacreu.com\/wp-content\/uploads\/2014\/11\/TURISME-M\u00d3RA-DEBRE-ESGL\u00c9SIA-08.jpg 765w, https:\/\/hostallacreu.com\/wp-content\/uploads\/2014\/11\/TURISME-M\u00d3RA-DEBRE-ESGL\u00c9SIA-08-222x300.jpg 222w, https:\/\/hostallacreu.com\/wp-content\/uploads\/2014\/11\/TURISME-M\u00d3RA-DEBRE-ESGL\u00c9SIA-08-759x1024.jpg 759w, https:\/\/hostallacreu.com\/wp-content\/uploads\/2014\/11\/TURISME-M\u00d3RA-DEBRE-ESGL\u00c9SIA-08-624x841.jpg 624w\" sizes=\"auto, (max-width: 528px) 100vw, 528px\" \/><\/a><\/p>\n<p>La iglesia de San Juan Bautista, es uno de los edificios m\u00e1s notables de Mora de Ebro. Se encuentra ubicada en la plaza de Baix lugar donde hab\u00eda estado el primer puerto fluvial, quedando hoy a unos metros m\u00e1s elevada que el curso del r\u00edo Ebro. El actual templo se contru\u00ed sobre la antica iglesia, fechada ya desde el siglo XII, dedicada a Santa Mar\u00eda y despu\u00e9s de ser destruida durante la Primera Guerra Carlista.<\/p>\n<p>Es un templo de una sola nave cubierta con b\u00f3veda de crucer\u00eda y rematada a levante por un \u00e1bside de planta poligonal. Est\u00e1 decorada con pilastras de estilo d\u00f3rico y una cornisa renacentista. En el a\u00f1o 1733 se construy\u00f3 el coraz\u00f3n, la magn\u00edfica capilla neocl\u00e1sica del sagrario y una fachada nueva. Dentro de una hornacina, una escultura del patr\u00f3n preside la portada principal y otra de San Antonio Abad, la puerta lateral que ocupa posiblemente una anterior rom\u00e1nica.<\/p>\n","protected":false},"excerpt":{"rendered":"<p>La iglesia de San Juan Bautista, es uno de los edificios m\u00e1s notables de Mora de Ebro. Se encuentra ubicada en la plaza de Baix lugar donde hab\u00eda estado el primer puerto fluvial, quedando hoy a unos metros m\u00e1s elevada que el curso del r\u00edo Ebro. El actual templo se contru\u00ed sobre la antica iglesia, [&hellip;]<\/p>\n","protected":false},"author":3,"featured_media":285,"parent":490,"menu_order":0,"comment_status":"closed","ping_status":"closed","template":"","meta":{"_monsterinsights_skip_tracking":false,"_monsterinsights_sitenote_active":false,"_monsterinsights_sitenote_note":"","_monsterinsights_sitenote_category":0,"footnotes":""},"class_list":["post-515","page","type-page","status-publish","has-post-thumbnail","hentry"],"yoast_head":"<!-- This site is optimized with the Yoast SEO plugin v26.2 - https:\/\/yoast.com\/wordpress\/plugins\/seo\/ -->\n<title>Iglesia de Mora de Ebro - Hostal Gastron\u00f2mic La Creu<\/title>\n<meta name=\"robots\" content=\"index, follow, max-snippet:-1, max-image-preview:large, max-video-preview:-1\" \/>\n<link rel=\"canonical\" href=\"https:\/\/hostallacreu.com\/es\/entorno\/lugares-de-interes\/iglesia-de-mora-de-ebro\/\" \/>\n<meta property=\"og:locale\" content=\"es_ES\" \/>\n<meta property=\"og:type\" content=\"article\" \/>\n<meta property=\"og:title\" content=\"Iglesia de Mora de Ebro - Hostal Gastron\u00f2mic La Creu\" \/>\n<meta property=\"og:description\" content=\"La iglesia de San Juan Bautista, es uno de los edificios m\u00e1s notables de Mora de Ebro. Se encuentra ubicada en la plaza de Baix lugar donde hab\u00eda estado el primer puerto fluvial, quedando hoy a unos metros m\u00e1s elevada que el curso del r\u00edo Ebro. El actual templo se contru\u00ed sobre la antica iglesia, [&hellip;]\" \/>\n<meta property=\"og:url\" content=\"https:\/\/hostallacreu.com\/es\/entorno\/lugares-de-interes\/iglesia-de-mora-de-ebro\/\" \/>\n<meta property=\"og:site_name\" content=\"Hostal Gastron\u00f2mic La Creu\" \/>\n<meta property=\"og:image\" content=\"https:\/\/hostallacreu.com\/wp-content\/uploads\/2014\/11\/esglesia-mora-ebre-01.jpg\" \/>\n\t<meta property=\"og:image:width\" content=\"2588\" \/>\n\t<meta property=\"og:image:height\" content=\"877\" \/>\n\t<meta property=\"og:image:type\" content=\"image\/jpeg\" \/>\n<meta name=\"twitter:label1\" content=\"Tiempo de lectura\" \/>\n\t<meta name=\"twitter:data1\" content=\"1 minuto\" \/>\n<script type=\"application\/ld+json\" class=\"yoast-schema-graph\">{\"@context\":\"https:\/\/schema.org\",\"@graph\":[{\"@type\":\"WebPage\",\"@id\":\"https:\/\/hostallacreu.com\/es\/entorno\/lugares-de-interes\/iglesia-de-mora-de-ebro\/\",\"url\":\"https:\/\/hostallacreu.com\/es\/entorno\/lugares-de-interes\/iglesia-de-mora-de-ebro\/\",\"name\":\"Iglesia de Mora de Ebro - Hostal Gastron\u00f2mic La Creu\",\"isPartOf\":{\"@id\":\"https:\/\/hostallacreu.com\/#website\"},\"primaryImageOfPage\":{\"@id\":\"https:\/\/hostallacreu.com\/es\/entorno\/lugares-de-interes\/iglesia-de-mora-de-ebro\/#primaryimage\"},\"image\":{\"@id\":\"https:\/\/hostallacreu.com\/es\/entorno\/lugares-de-interes\/iglesia-de-mora-de-ebro\/#primaryimage\"},\"thumbnailUrl\":\"https:\/\/hostallacreu.com\/wp-content\/uploads\/2014\/11\/esglesia-mora-ebre-01.jpg\",\"datePublished\":\"2014-11-25T15:07:22+00:00\",\"breadcrumb\":{\"@id\":\"https:\/\/hostallacreu.com\/es\/entorno\/lugares-de-interes\/iglesia-de-mora-de-ebro\/#breadcrumb\"},\"inLanguage\":\"es\",\"potentialAction\":[{\"@type\":\"ReadAction\",\"target\":[\"https:\/\/hostallacreu.com\/es\/entorno\/lugares-de-interes\/iglesia-de-mora-de-ebro\/\"]}]},{\"@type\":\"ImageObject\",\"inLanguage\":\"es\",\"@id\":\"https:\/\/hostallacreu.com\/es\/entorno\/lugares-de-interes\/iglesia-de-mora-de-ebro\/#primaryimage\",\"url\":\"https:\/\/hostallacreu.com\/wp-content\/uploads\/2014\/11\/esglesia-mora-ebre-01.jpg\",\"contentUrl\":\"https:\/\/hostallacreu.com\/wp-content\/uploads\/2014\/11\/esglesia-mora-ebre-01.jpg\",\"width\":2588,\"height\":877},{\"@type\":\"BreadcrumbList\",\"@id\":\"https:\/\/hostallacreu.com\/es\/entorno\/lugares-de-interes\/iglesia-de-mora-de-ebro\/#breadcrumb\",\"itemListElement\":[{\"@type\":\"ListItem\",\"position\":1,\"name\":\"Home\",\"item\":\"https:\/\/hostallacreu.com\/es\/\"},{\"@type\":\"ListItem\",\"position\":2,\"name\":\"Entorno\",\"item\":\"https:\/\/hostallacreu.com\/es\/entorno\/\"},{\"@type\":\"ListItem\",\"position\":3,\"name\":\"Lugares de inter\u00e9s\",\"item\":\"https:\/\/hostallacreu.com\/es\/entorno\/lugares-de-interes\/\"},{\"@type\":\"ListItem\",\"position\":4,\"name\":\"Iglesia de Mora de Ebro\"}]},{\"@type\":\"WebSite\",\"@id\":\"https:\/\/hostallacreu.com\/#website\",\"url\":\"https:\/\/hostallacreu.com\/\",\"name\":\"Hostal Gastron\u00f2mic La Creu\",\"description\":\"El teu allotjament i restaurant a la Ribera d&#039;Ebre\",\"potentialAction\":[{\"@type\":\"SearchAction\",\"target\":{\"@type\":\"EntryPoint\",\"urlTemplate\":\"https:\/\/hostallacreu.com\/?s={search_term_string}\"},\"query-input\":{\"@type\":\"PropertyValueSpecification\",\"valueRequired\":true,\"valueName\":\"search_term_string\"}}],\"inLanguage\":\"es\"}]}<\/script>\n<!-- \/ Yoast SEO plugin. -->","yoast_head_json":{"title":"Iglesia de Mora de Ebro - Hostal Gastron\u00f2mic La Creu","robots":{"index":"index","follow":"follow","max-snippet":"max-snippet:-1","max-image-preview":"max-image-preview:large","max-video-preview":"max-video-preview:-1"},"canonical":"https:\/\/hostallacreu.com\/es\/entorno\/lugares-de-interes\/iglesia-de-mora-de-ebro\/","og_locale":"es_ES","og_type":"article","og_title":"Iglesia de Mora de Ebro - Hostal Gastron\u00f2mic La Creu","og_description":"La iglesia de San Juan Bautista, es uno de los edificios m\u00e1s notables de Mora de Ebro. Se encuentra ubicada en la plaza de Baix lugar donde hab\u00eda estado el primer puerto fluvial, quedando hoy a unos metros m\u00e1s elevada que el curso del r\u00edo Ebro. El actual templo se contru\u00ed sobre la antica iglesia, [&hellip;]","og_url":"https:\/\/hostallacreu.com\/es\/entorno\/lugares-de-interes\/iglesia-de-mora-de-ebro\/","og_site_name":"Hostal Gastron\u00f2mic La Creu","og_image":[{"width":2588,"height":877,"url":"https:\/\/hostallacreu.com\/wp-content\/uploads\/2014\/11\/esglesia-mora-ebre-01.jpg","type":"image\/jpeg"}],"twitter_misc":{"Tiempo de lectura":"1 minuto"},"schema":{"@context":"https:\/\/schema.org","@graph":[{"@type":"WebPage","@id":"https:\/\/hostallacreu.com\/es\/entorno\/lugares-de-interes\/iglesia-de-mora-de-ebro\/","url":"https:\/\/hostallacreu.com\/es\/entorno\/lugares-de-interes\/iglesia-de-mora-de-ebro\/","name":"Iglesia de Mora de Ebro - Hostal Gastron\u00f2mic La Creu","isPartOf":{"@id":"https:\/\/hostallacreu.com\/#website"},"primaryImageOfPage":{"@id":"https:\/\/hostallacreu.com\/es\/entorno\/lugares-de-interes\/iglesia-de-mora-de-ebro\/#primaryimage"},"image":{"@id":"https:\/\/hostallacreu.com\/es\/entorno\/lugares-de-interes\/iglesia-de-mora-de-ebro\/#primaryimage"},"thumbnailUrl":"https:\/\/hostallacreu.com\/wp-content\/uploads\/2014\/11\/esglesia-mora-ebre-01.jpg","datePublished":"2014-11-25T15:07:22+00:00","breadcrumb":{"@id":"https:\/\/hostallacreu.com\/es\/entorno\/lugares-de-interes\/iglesia-de-mora-de-ebro\/#breadcrumb"},"inLanguage":"es","potentialAction":[{"@type":"ReadAction","target":["https:\/\/hostallacreu.com\/es\/entorno\/lugares-de-interes\/iglesia-de-mora-de-ebro\/"]}]},{"@type":"ImageObject","inLanguage":"es","@id":"https:\/\/hostallacreu.com\/es\/entorno\/lugares-de-interes\/iglesia-de-mora-de-ebro\/#primaryimage","url":"https:\/\/hostallacreu.com\/wp-content\/uploads\/2014\/11\/esglesia-mora-ebre-01.jpg","contentUrl":"https:\/\/hostallacreu.com\/wp-content\/uploads\/2014\/11\/esglesia-mora-ebre-01.jpg","width":2588,"height":877},{"@type":"BreadcrumbList","@id":"https:\/\/hostallacreu.com\/es\/entorno\/lugares-de-interes\/iglesia-de-mora-de-ebro\/#breadcrumb","itemListElement":[{"@type":"ListItem","position":1,"name":"Home","item":"https:\/\/hostallacreu.com\/es\/"},{"@type":"ListItem","position":2,"name":"Entorno","item":"https:\/\/hostallacreu.com\/es\/entorno\/"},{"@type":"ListItem","position":3,"name":"Lugares de inter\u00e9s","item":"https:\/\/hostallacreu.com\/es\/entorno\/lugares-de-interes\/"},{"@type":"ListItem","position":4,"name":"Iglesia de Mora de Ebro"}]},{"@type":"WebSite","@id":"https:\/\/hostallacreu.com\/#website","url":"https:\/\/hostallacreu.com\/","name":"Hostal Gastron\u00f2mic La Creu","description":"El teu allotjament i restaurant a la Ribera d&#039;Ebre","potentialAction":[{"@type":"SearchAction","target":{"@type":"EntryPoint","urlTemplate":"https:\/\/hostallacreu.com\/?s={search_term_string}"},"query-input":{"@type":"PropertyValueSpecification","valueRequired":true,"valueName":"search_term_string"}}],"inLanguage":"es"}]}},"_links":{"self":[{"href":"https:\/\/hostallacreu.com\/es\/wp-json\/wp\/v2\/pages\/515","targetHints":{"allow":["GET"]}}],"collection":[{"href":"https:\/\/hostallacreu.com\/es\/wp-json\/wp\/v2\/pages"}],"about":[{"href":"https:\/\/hostallacreu.com\/es\/wp-json\/wp\/v2\/types\/page"}],"author":[{"embeddable":true,"href":"https:\/\/hostallacreu.com\/es\/wp-json\/wp\/v2\/users\/3"}],"replies":[{"embeddable":true,"href":"https:\/\/hostallacreu.com\/es\/wp-json\/wp\/v2\/comments?post=515"}],"version-history":[{"count":1,"href":"https:\/\/hostallacreu.com\/es\/wp-json\/wp\/v2\/pages\/515\/revisions"}],"predecessor-version":[{"id":516,"href":"https:\/\/hostallacreu.com\/es\/wp-json\/wp\/v2\/pages\/515\/revisions\/516"}],"up":[{"embeddable":true,"href":"https:\/\/hostallacreu.com\/es\/wp-json\/wp\/v2\/pages\/490"}],"wp:featuredmedia":[{"embeddable":true,"href":"https:\/\/hostallacreu.com\/es\/wp-json\/wp\/v2\/media\/285"}],"wp:attachment":[{"href":"https:\/\/hostallacreu.com\/es\/wp-json\/wp\/v2\/media?parent=515"}],"curies":[{"name":"wp","href":"https:\/\/api.w.org\/{rel}","templated":true}]}}