{"id":512,"date":"2014-11-25T15:04:55","date_gmt":"2014-11-25T15:04:55","guid":{"rendered":"http:\/\/hostallacreu.com\/?page_id=512"},"modified":"2014-11-25T15:06:03","modified_gmt":"2014-11-25T15:06:03","slug":"puente-de-arcadas","status":"publish","type":"page","link":"https:\/\/hostallacreu.com\/es\/entorno\/lugares-de-interes\/puente-de-arcadas\/","title":{"rendered":"Puente de arcadas"},"content":{"rendered":"<p><strong>Cuando se llega a Mora de Ebro o bien se la divisa desde la lejan\u00eda uno fija su mirada sobre el puente de arcadas que la preside. El puente, destaca por la singular belleza y forma de sus arcadas.\u00a0<a href=\"https:\/\/hostallacreu.com\/wp-content\/uploads\/2014\/11\/pont-arcades-mora-ebre-turisme-ribera-terres-catalunya-01.jpg\"><img loading=\"lazy\" decoding=\"async\" class=\"alignright size-full wp-image-266\" src=\"https:\/\/hostallacreu.com\/wp-content\/uploads\/2014\/11\/pont-arcades-mora-ebre-turisme-ribera-terres-catalunya-01.jpg\" alt=\"pont arcades mora ebre turisme ribera terres catalunya-01\" width=\"2588\" height=\"877\" srcset=\"https:\/\/hostallacreu.com\/wp-content\/uploads\/2014\/11\/pont-arcades-mora-ebre-turisme-ribera-terres-catalunya-01.jpg 2588w, https:\/\/hostallacreu.com\/wp-content\/uploads\/2014\/11\/pont-arcades-mora-ebre-turisme-ribera-terres-catalunya-01-300x101.jpg 300w, https:\/\/hostallacreu.com\/wp-content\/uploads\/2014\/11\/pont-arcades-mora-ebre-turisme-ribera-terres-catalunya-01-1024x347.jpg 1024w, https:\/\/hostallacreu.com\/wp-content\/uploads\/2014\/11\/pont-arcades-mora-ebre-turisme-ribera-terres-catalunya-01-624x211.jpg 624w\" sizes=\"auto, (max-width: 2588px) 100vw, 2588px\" \/><\/a><\/strong><\/p>\n<p>El puente une los dos lados del r\u00edo Ebro, m\u00e1s concretamente, el t\u00e9rmino municipal de Mora de Ebro y M\u00f3ra la Nova, y se ha convertido con los a\u00f1os en un s\u00edmbolo identitario e inconfundible de la comarca de la Ribera d&#8217;Ebre. Para atravesar el Ebro a la altura de Mora de Ebro tambi\u00e9n lo podemos hacer a trav\u00e9s de la carretera N-420 que enlaza Gandesa y Alca\u00f1iz con Falset y Reus.<\/p>\n<p>La estructura de hormig\u00f3n armado fue dise\u00f1ada por el ingeniero Eduardo Serrano. Su construcci\u00f3n se inici\u00f3 en 1940 y fue inaugurada el 7 de septiembre de 1943. Antes del actual puente de Arcadas estaba el famoso Puente de Hierro promovido por Joan Caball\u00e9 Goieneche (conocido como el diputado del puente), construido por la Maquinista Terrestre y Mar\u00edtima e inaugurado en 1918. el Puente de Hierro fue destruido al igual que muchas otras infraestructuras de la Ribera del Ebro durante la Guerra Civil Espa\u00f1ola. En el caso del Puente de Hierro fue el ej\u00e9rcito republicano en retirada que lo derroc\u00f3 el 3 de abril de 1938.<\/p>\n<p>Para conmemorar la efem\u00e9ride de la construcci\u00f3n de esta infraestructura tan representativa de la comarca, el Archivo Comarcal de la Ribera de Ebro (ACRE) ha hecho una exposici\u00f3n que pretende poner luz sobre el proceso de gestaci\u00f3n del puente y como \u00e9ste se ha convertido en un s\u00edmbolo identitario de la comarca. Actualmente la exposici\u00f3n se puede ver en M\u00f3ra la Nova hasta el 18 de mayo.\u00a0<a title=\"exposici\u00f3\" href=\"http:\/\/www.ebredigital.cat\/event\/696_exposicio-mora-nova-pont-les-arcades.php\" target=\"_blank\">M\u00e1s informaci\u00f3n<\/a>.<\/p>\n","protected":false},"excerpt":{"rendered":"<p>Cuando se llega a Mora de Ebro o bien se la divisa desde la lejan\u00eda uno fija su mirada sobre el puente de arcadas que la preside. El puente, destaca por la singular belleza y forma de sus arcadas.\u00a0 El puente une los dos lados del r\u00edo Ebro, m\u00e1s concretamente, el t\u00e9rmino municipal de Mora [&hellip;]<\/p>\n","protected":false},"author":3,"featured_media":82,"parent":490,"menu_order":0,"comment_status":"closed","ping_status":"closed","template":"","meta":{"_monsterinsights_skip_tracking":false,"_monsterinsights_sitenote_active":false,"_monsterinsights_sitenote_note":"","_monsterinsights_sitenote_category":0,"footnotes":""},"class_list":["post-512","page","type-page","status-publish","has-post-thumbnail","hentry"],"yoast_head":"<!-- This site is optimized with the Yoast SEO plugin v26.2 - https:\/\/yoast.com\/wordpress\/plugins\/seo\/ -->\n<title>Puente de arcadas - Hostal Gastron\u00f2mic La Creu<\/title>\n<meta name=\"robots\" content=\"index, follow, max-snippet:-1, max-image-preview:large, max-video-preview:-1\" \/>\n<link rel=\"canonical\" href=\"http:\/\/hostallacreu.com\/es\/entorno\/lugares-de-interes\/puente-de-arcadas\/\" \/>\n<meta property=\"og:locale\" content=\"es_ES\" \/>\n<meta property=\"og:type\" content=\"article\" \/>\n<meta property=\"og:title\" content=\"Puente de arcadas - Hostal Gastron\u00f2mic La Creu\" \/>\n<meta property=\"og:description\" content=\"Cuando se llega a Mora de Ebro o bien se la divisa desde la lejan\u00eda uno fija su mirada sobre el puente de arcadas que la preside. El puente, destaca por la singular belleza y forma de sus arcadas.\u00a0 El puente une los dos lados del r\u00edo Ebro, m\u00e1s concretamente, el t\u00e9rmino municipal de Mora [&hellip;]\" \/>\n<meta property=\"og:url\" content=\"http:\/\/hostallacreu.com\/es\/entorno\/lugares-de-interes\/puente-de-arcadas\/\" \/>\n<meta property=\"og:site_name\" content=\"Hostal Gastron\u00f2mic La Creu\" \/>\n<meta property=\"article:modified_time\" content=\"2014-11-25T15:06:03+00:00\" \/>\n<meta property=\"og:image\" content=\"http:\/\/hostallacreu.com\/wp-content\/uploads\/2014\/11\/hostal-gastron\u00f2mic-la-creu-turisme-ribera-ebre-terres-ebre-pont-arcades-01.jpg\" \/>\n\t<meta property=\"og:image:width\" content=\"2588\" \/>\n\t<meta property=\"og:image:height\" content=\"877\" \/>\n\t<meta property=\"og:image:type\" content=\"image\/jpeg\" \/>\n<meta name=\"twitter:label1\" content=\"Tiempo de lectura\" \/>\n\t<meta name=\"twitter:data1\" content=\"2 minutos\" \/>\n<script type=\"application\/ld+json\" class=\"yoast-schema-graph\">{\"@context\":\"https:\/\/schema.org\",\"@graph\":[{\"@type\":\"WebPage\",\"@id\":\"http:\/\/hostallacreu.com\/es\/entorno\/lugares-de-interes\/puente-de-arcadas\/\",\"url\":\"http:\/\/hostallacreu.com\/es\/entorno\/lugares-de-interes\/puente-de-arcadas\/\",\"name\":\"Puente de arcadas - Hostal Gastron\u00f2mic La Creu\",\"isPartOf\":{\"@id\":\"https:\/\/hostallacreu.com\/#website\"},\"primaryImageOfPage\":{\"@id\":\"http:\/\/hostallacreu.com\/es\/entorno\/lugares-de-interes\/puente-de-arcadas\/#primaryimage\"},\"image\":{\"@id\":\"http:\/\/hostallacreu.com\/es\/entorno\/lugares-de-interes\/puente-de-arcadas\/#primaryimage\"},\"thumbnailUrl\":\"https:\/\/hostallacreu.com\/wp-content\/uploads\/2014\/11\/hostal-gastron\u00f2mic-la-creu-turisme-ribera-ebre-terres-ebre-pont-arcades-01.jpg\",\"datePublished\":\"2014-11-25T15:04:55+00:00\",\"dateModified\":\"2014-11-25T15:06:03+00:00\",\"breadcrumb\":{\"@id\":\"http:\/\/hostallacreu.com\/es\/entorno\/lugares-de-interes\/puente-de-arcadas\/#breadcrumb\"},\"inLanguage\":\"es\",\"potentialAction\":[{\"@type\":\"ReadAction\",\"target\":[\"http:\/\/hostallacreu.com\/es\/entorno\/lugares-de-interes\/puente-de-arcadas\/\"]}]},{\"@type\":\"ImageObject\",\"inLanguage\":\"es\",\"@id\":\"http:\/\/hostallacreu.com\/es\/entorno\/lugares-de-interes\/puente-de-arcadas\/#primaryimage\",\"url\":\"https:\/\/hostallacreu.com\/wp-content\/uploads\/2014\/11\/hostal-gastron\u00f2mic-la-creu-turisme-ribera-ebre-terres-ebre-pont-arcades-01.jpg\",\"contentUrl\":\"https:\/\/hostallacreu.com\/wp-content\/uploads\/2014\/11\/hostal-gastron\u00f2mic-la-creu-turisme-ribera-ebre-terres-ebre-pont-arcades-01.jpg\",\"width\":2588,\"height\":877},{\"@type\":\"BreadcrumbList\",\"@id\":\"http:\/\/hostallacreu.com\/es\/entorno\/lugares-de-interes\/puente-de-arcadas\/#breadcrumb\",\"itemListElement\":[{\"@type\":\"ListItem\",\"position\":1,\"name\":\"Home\",\"item\":\"https:\/\/hostallacreu.com\/es\/\"},{\"@type\":\"ListItem\",\"position\":2,\"name\":\"Entorno\",\"item\":\"https:\/\/hostallacreu.com\/es\/entorno\/\"},{\"@type\":\"ListItem\",\"position\":3,\"name\":\"Lugares de inter\u00e9s\",\"item\":\"https:\/\/hostallacreu.com\/es\/entorno\/lugares-de-interes\/\"},{\"@type\":\"ListItem\",\"position\":4,\"name\":\"Puente de arcadas\"}]},{\"@type\":\"WebSite\",\"@id\":\"https:\/\/hostallacreu.com\/#website\",\"url\":\"https:\/\/hostallacreu.com\/\",\"name\":\"Hostal Gastron\u00f2mic La Creu\",\"description\":\"El teu allotjament i restaurant a la Ribera d&#039;Ebre\",\"potentialAction\":[{\"@type\":\"SearchAction\",\"target\":{\"@type\":\"EntryPoint\",\"urlTemplate\":\"https:\/\/hostallacreu.com\/?s={search_term_string}\"},\"query-input\":{\"@type\":\"PropertyValueSpecification\",\"valueRequired\":true,\"valueName\":\"search_term_string\"}}],\"inLanguage\":\"es\"}]}<\/script>\n<!-- \/ Yoast SEO plugin. -->","yoast_head_json":{"title":"Puente de arcadas - Hostal Gastron\u00f2mic La Creu","robots":{"index":"index","follow":"follow","max-snippet":"max-snippet:-1","max-image-preview":"max-image-preview:large","max-video-preview":"max-video-preview:-1"},"canonical":"http:\/\/hostallacreu.com\/es\/entorno\/lugares-de-interes\/puente-de-arcadas\/","og_locale":"es_ES","og_type":"article","og_title":"Puente de arcadas - Hostal Gastron\u00f2mic La Creu","og_description":"Cuando se llega a Mora de Ebro o bien se la divisa desde la lejan\u00eda uno fija su mirada sobre el puente de arcadas que la preside. El puente, destaca por la singular belleza y forma de sus arcadas.\u00a0 El puente une los dos lados del r\u00edo Ebro, m\u00e1s concretamente, el t\u00e9rmino municipal de Mora [&hellip;]","og_url":"http:\/\/hostallacreu.com\/es\/entorno\/lugares-de-interes\/puente-de-arcadas\/","og_site_name":"Hostal Gastron\u00f2mic La Creu","article_modified_time":"2014-11-25T15:06:03+00:00","og_image":[{"width":2588,"height":877,"url":"http:\/\/hostallacreu.com\/wp-content\/uploads\/2014\/11\/hostal-gastron\u00f2mic-la-creu-turisme-ribera-ebre-terres-ebre-pont-arcades-01.jpg","type":"image\/jpeg"}],"twitter_misc":{"Tiempo de lectura":"2 minutos"},"schema":{"@context":"https:\/\/schema.org","@graph":[{"@type":"WebPage","@id":"http:\/\/hostallacreu.com\/es\/entorno\/lugares-de-interes\/puente-de-arcadas\/","url":"http:\/\/hostallacreu.com\/es\/entorno\/lugares-de-interes\/puente-de-arcadas\/","name":"Puente de arcadas - Hostal Gastron\u00f2mic La Creu","isPartOf":{"@id":"https:\/\/hostallacreu.com\/#website"},"primaryImageOfPage":{"@id":"http:\/\/hostallacreu.com\/es\/entorno\/lugares-de-interes\/puente-de-arcadas\/#primaryimage"},"image":{"@id":"http:\/\/hostallacreu.com\/es\/entorno\/lugares-de-interes\/puente-de-arcadas\/#primaryimage"},"thumbnailUrl":"https:\/\/hostallacreu.com\/wp-content\/uploads\/2014\/11\/hostal-gastron\u00f2mic-la-creu-turisme-ribera-ebre-terres-ebre-pont-arcades-01.jpg","datePublished":"2014-11-25T15:04:55+00:00","dateModified":"2014-11-25T15:06:03+00:00","breadcrumb":{"@id":"http:\/\/hostallacreu.com\/es\/entorno\/lugares-de-interes\/puente-de-arcadas\/#breadcrumb"},"inLanguage":"es","potentialAction":[{"@type":"ReadAction","target":["http:\/\/hostallacreu.com\/es\/entorno\/lugares-de-interes\/puente-de-arcadas\/"]}]},{"@type":"ImageObject","inLanguage":"es","@id":"http:\/\/hostallacreu.com\/es\/entorno\/lugares-de-interes\/puente-de-arcadas\/#primaryimage","url":"https:\/\/hostallacreu.com\/wp-content\/uploads\/2014\/11\/hostal-gastron\u00f2mic-la-creu-turisme-ribera-ebre-terres-ebre-pont-arcades-01.jpg","contentUrl":"https:\/\/hostallacreu.com\/wp-content\/uploads\/2014\/11\/hostal-gastron\u00f2mic-la-creu-turisme-ribera-ebre-terres-ebre-pont-arcades-01.jpg","width":2588,"height":877},{"@type":"BreadcrumbList","@id":"http:\/\/hostallacreu.com\/es\/entorno\/lugares-de-interes\/puente-de-arcadas\/#breadcrumb","itemListElement":[{"@type":"ListItem","position":1,"name":"Home","item":"https:\/\/hostallacreu.com\/es\/"},{"@type":"ListItem","position":2,"name":"Entorno","item":"https:\/\/hostallacreu.com\/es\/entorno\/"},{"@type":"ListItem","position":3,"name":"Lugares de inter\u00e9s","item":"https:\/\/hostallacreu.com\/es\/entorno\/lugares-de-interes\/"},{"@type":"ListItem","position":4,"name":"Puente de arcadas"}]},{"@type":"WebSite","@id":"https:\/\/hostallacreu.com\/#website","url":"https:\/\/hostallacreu.com\/","name":"Hostal Gastron\u00f2mic La Creu","description":"El teu allotjament i restaurant a la Ribera d&#039;Ebre","potentialAction":[{"@type":"SearchAction","target":{"@type":"EntryPoint","urlTemplate":"https:\/\/hostallacreu.com\/?s={search_term_string}"},"query-input":{"@type":"PropertyValueSpecification","valueRequired":true,"valueName":"search_term_string"}}],"inLanguage":"es"}]}},"_links":{"self":[{"href":"https:\/\/hostallacreu.com\/es\/wp-json\/wp\/v2\/pages\/512","targetHints":{"allow":["GET"]}}],"collection":[{"href":"https:\/\/hostallacreu.com\/es\/wp-json\/wp\/v2\/pages"}],"about":[{"href":"https:\/\/hostallacreu.com\/es\/wp-json\/wp\/v2\/types\/page"}],"author":[{"embeddable":true,"href":"https:\/\/hostallacreu.com\/es\/wp-json\/wp\/v2\/users\/3"}],"replies":[{"embeddable":true,"href":"https:\/\/hostallacreu.com\/es\/wp-json\/wp\/v2\/comments?post=512"}],"version-history":[{"count":2,"href":"https:\/\/hostallacreu.com\/es\/wp-json\/wp\/v2\/pages\/512\/revisions"}],"predecessor-version":[{"id":514,"href":"https:\/\/hostallacreu.com\/es\/wp-json\/wp\/v2\/pages\/512\/revisions\/514"}],"up":[{"embeddable":true,"href":"https:\/\/hostallacreu.com\/es\/wp-json\/wp\/v2\/pages\/490"}],"wp:featuredmedia":[{"embeddable":true,"href":"https:\/\/hostallacreu.com\/es\/wp-json\/wp\/v2\/media\/82"}],"wp:attachment":[{"href":"https:\/\/hostallacreu.com\/es\/wp-json\/wp\/v2\/media?parent=512"}],"curies":[{"name":"wp","href":"https:\/\/api.w.org\/{rel}","templated":true}]}}