{"id":508,"date":"2014-11-25T15:00:25","date_gmt":"2014-11-25T15:00:25","guid":{"rendered":"http:\/\/hostallacreu.com\/?page_id=508"},"modified":"2014-12-12T21:38:45","modified_gmt":"2014-12-12T21:38:45","slug":"sierra-de-llaberia","status":"publish","type":"page","link":"https:\/\/hostallacreu.com\/es\/entorno\/espacios-naturales\/sierra-de-llaberia\/","title":{"rendered":"Sierra de Llaberia"},"content":{"rendered":"<h1><strong>La inacessibilitat, el aislamiento y el bajo grado de antropizaci\u00f3n han permitido conservar sus valores m\u00e1s esenciales, convirti\u00e9ndolo en uno de los espacios naturales de mayor valor natural y paisaj\u00edstico del sur de Catalu\u00f1a.<\/strong><\/h1>\n<p><a href=\"https:\/\/hostallacreu.com\/wp-content\/uploads\/2014\/11\/SERRA-DE-LLABERIA-RIBERA-DEBRE-TURISME-01.jpg\"><img loading=\"lazy\" decoding=\"async\" class=\"alignright size-full wp-image-310\" src=\"https:\/\/hostallacreu.com\/wp-content\/uploads\/2014\/11\/SERRA-DE-LLABERIA-RIBERA-DEBRE-TURISME-01.jpg\" alt=\"SERRA-DE-LLABERIA-RIBERA-DEBRE-TURISME-01\" width=\"1225\" height=\"468\" srcset=\"https:\/\/hostallacreu.com\/wp-content\/uploads\/2014\/11\/SERRA-DE-LLABERIA-RIBERA-DEBRE-TURISME-01.jpg 1225w, https:\/\/hostallacreu.com\/wp-content\/uploads\/2014\/11\/SERRA-DE-LLABERIA-RIBERA-DEBRE-TURISME-01-300x114.jpg 300w, https:\/\/hostallacreu.com\/wp-content\/uploads\/2014\/11\/SERRA-DE-LLABERIA-RIBERA-DEBRE-TURISME-01-1024x391.jpg 1024w, https:\/\/hostallacreu.com\/wp-content\/uploads\/2014\/11\/SERRA-DE-LLABERIA-RIBERA-DEBRE-TURISME-01-624x238.jpg 624w\" sizes=\"auto, (max-width: 1225px) 100vw, 1225px\" \/><\/a><\/p>\n<p>La sierra de Llaberia la comparten tres comarcas catalanas, la Ribera de Ebro, el Priorat y el Baix Camp y hace de frontera natural entre la Costa Dorada y las Tierras del Ebro.<\/p>\n<p><a href=\"https:\/\/hostallacreu.com\/wp-content\/uploads\/2014\/11\/Panor\u00e0mica-des-de-Llaberia-Ribera-dEbre-Turisme-08.jpg\"><img loading=\"lazy\" decoding=\"async\" class=\"alignright size-full wp-image-309\" src=\"https:\/\/hostallacreu.com\/wp-content\/uploads\/2014\/11\/Panor\u00e0mica-des-de-Llaberia-Ribera-dEbre-Turisme-08.jpg\" alt=\"Panor\u00e0mica-des-de-Llaberia-Ribera-dEbre-Turisme-08\" width=\"1419\" height=\"427\" srcset=\"https:\/\/hostallacreu.com\/wp-content\/uploads\/2014\/11\/Panor\u00e0mica-des-de-Llaberia-Ribera-dEbre-Turisme-08.jpg 1419w, https:\/\/hostallacreu.com\/wp-content\/uploads\/2014\/11\/Panor\u00e0mica-des-de-Llaberia-Ribera-dEbre-Turisme-08-300x90.jpg 300w, https:\/\/hostallacreu.com\/wp-content\/uploads\/2014\/11\/Panor\u00e0mica-des-de-Llaberia-Ribera-dEbre-Turisme-08-1024x308.jpg 1024w, https:\/\/hostallacreu.com\/wp-content\/uploads\/2014\/11\/Panor\u00e0mica-des-de-Llaberia-Ribera-dEbre-Turisme-08-624x187.jpg 624w\" sizes=\"auto, (max-width: 1419px) 100vw, 1419px\" \/><\/a><\/p>\n<p>La Sierra de Llaberia destaca por la proximidad con el mar, convirti\u00e9ndola en un magn\u00edfico mirador del Mediterr\u00e1neo y el Camp de Tarragona, por las singulars formaciones geol\u00f3gicas (grandes acantilados, caballos garza, cuevas, simas, rocas agujereadas) la diversidad y representatividad biogeogr\u00e1fica (flora adaptada a acantilados y zonas ventosas), la presencia de numerosas aves como el \u00e1guila real o la corneja del pico rojo, por ser el h\u00e1bito natural de la tortuga mediterr\u00e1nea o para desafiar al visitante con los dips, los perros vampiro que seg\u00fan la leyenda habita estas monta\u00f1as.<\/p>\n<p><a href=\"https:\/\/hostallacreu.com\/wp-content\/uploads\/2014\/11\/LLABERIA-TURISME-RIBERA-DEBRE-06.jpg\"><img loading=\"lazy\" decoding=\"async\" class=\"alignright  wp-image-312\" src=\"https:\/\/hostallacreu.com\/wp-content\/uploads\/2014\/11\/LLABERIA-TURISME-RIBERA-DEBRE-06.jpg\" alt=\"LLABERIA-TURISME-RIBERA-DEBRE-06\" width=\"479\" height=\"487\" srcset=\"https:\/\/hostallacreu.com\/wp-content\/uploads\/2014\/11\/LLABERIA-TURISME-RIBERA-DEBRE-06.jpg 915w, https:\/\/hostallacreu.com\/wp-content\/uploads\/2014\/11\/LLABERIA-TURISME-RIBERA-DEBRE-06-295x300.jpg 295w, https:\/\/hostallacreu.com\/wp-content\/uploads\/2014\/11\/LLABERIA-TURISME-RIBERA-DEBRE-06-624x633.jpg 624w\" sizes=\"auto, (max-width: 479px) 100vw, 479px\" \/><\/a><\/p>\n<p>Podemos descubrir la sierra de Llaberia a trav\u00e9s de la aldea que le da nombre, Llaberia. El n\u00facleo de Llaberia a 680 metros sobre el nivel del mar, a rasero de monta\u00f1as como la Miranada de 918 metros o Mont-redondo de 846, es un peque\u00f1o pueblo de monta\u00f1a que conserva de manera fidedigna la sevafisonomia medieval, se acompa\u00f1a de la iglesia rom\u00e1nica m\u00e1s meridional de Catalu\u00f1a, dedicada a San Juan Bautista, y del \u00fanico museo dedicado al transporte a basto.<\/p>\n<p><a href=\"https:\/\/hostallacreu.com\/wp-content\/uploads\/2014\/11\/vista-panoramica-costa-daurada-serra-llaberia-01.jpg\"><img loading=\"lazy\" decoding=\"async\" class=\"alignright size-full wp-image-311\" src=\"https:\/\/hostallacreu.com\/wp-content\/uploads\/2014\/11\/vista-panoramica-costa-daurada-serra-llaberia-01.jpg\" alt=\"vista panoramica costa daurada serra llaberia-01\" width=\"2588\" height=\"877\" srcset=\"https:\/\/hostallacreu.com\/wp-content\/uploads\/2014\/11\/vista-panoramica-costa-daurada-serra-llaberia-01.jpg 2588w, https:\/\/hostallacreu.com\/wp-content\/uploads\/2014\/11\/vista-panoramica-costa-daurada-serra-llaberia-01-300x101.jpg 300w, https:\/\/hostallacreu.com\/wp-content\/uploads\/2014\/11\/vista-panoramica-costa-daurada-serra-llaberia-01-1024x347.jpg 1024w, https:\/\/hostallacreu.com\/wp-content\/uploads\/2014\/11\/vista-panoramica-costa-daurada-serra-llaberia-01-624x211.jpg 624w\" sizes=\"auto, (max-width: 2588px) 100vw, 2588px\" \/><\/a><\/p>\n<p>Para llegar a Llaberia tendremos que tomar la carretera C-44 que conecta Mora de Ebro con el de los Infantes. Tras dejar el pueblo de Tivissa y en lo alto del Coll de Fatxes nos desviamos hacia la T-311. Seguidamente tendremos que coger la T-3111 para ascender con el coche hasta Llaberia. Son carreteras de monta\u00f1a muy estrechas y tortuosas pero que cautivan por la belleza del paisaje.<\/p>\n<p>Una vez en Llaberia dejamos el coche en la misma entrada ya pie nos adentramos en el casco antiguo. Recomendamos pasear por sus calles, observar los detalles art\u00edsticos de las puertas y ventanas, admirar la perfecta armon\u00eda entre las piedras de las casas y la naturaleza que lo rodea y disfrutar de su iglesia rom\u00e1nica.<\/p>\n<p>Para aquellos m\u00e1s activos os proponemos realizar la ascensi\u00f3n a la Miranda de Llaberia, la cima m\u00e1s elevada de la sierra, el cual se encuentra a 30 minutos andando del pueblo. El itinerario es lineal y tiene una dificultad baja.<\/p>\n","protected":false},"excerpt":{"rendered":"<p>La inacessibilitat, el aislamiento y el bajo grado de antropizaci\u00f3n han permitido conservar sus valores m\u00e1s esenciales, convirti\u00e9ndolo en uno de los espacios naturales de mayor valor natural y paisaj\u00edstico del sur de Catalu\u00f1a. La sierra de Llaberia la comparten tres comarcas catalanas, la Ribera de Ebro, el Priorat y el Baix Camp y hace [&hellip;]<\/p>\n","protected":false},"author":3,"featured_media":311,"parent":488,"menu_order":0,"comment_status":"closed","ping_status":"closed","template":"","meta":{"_monsterinsights_skip_tracking":false,"_monsterinsights_sitenote_active":false,"_monsterinsights_sitenote_note":"","_monsterinsights_sitenote_category":0,"footnotes":""},"class_list":["post-508","page","type-page","status-publish","has-post-thumbnail","hentry"],"yoast_head":"<!-- This site is optimized with the Yoast SEO plugin v26.2 - https:\/\/yoast.com\/wordpress\/plugins\/seo\/ -->\n<title>Sierra de Llaberia - Hostal Gastron\u00f2mic La Creu<\/title>\n<meta name=\"robots\" content=\"index, follow, max-snippet:-1, max-image-preview:large, max-video-preview:-1\" \/>\n<link rel=\"canonical\" href=\"http:\/\/hostallacreu.com\/es\/entorno\/espacios-naturales\/sierra-de-llaberia\/\" \/>\n<meta property=\"og:locale\" content=\"es_ES\" \/>\n<meta property=\"og:type\" content=\"article\" \/>\n<meta property=\"og:title\" content=\"Sierra de Llaberia - Hostal Gastron\u00f2mic La Creu\" \/>\n<meta property=\"og:description\" content=\"La inacessibilitat, el aislamiento y el bajo grado de antropizaci\u00f3n han permitido conservar sus valores m\u00e1s esenciales, convirti\u00e9ndolo en uno de los espacios naturales de mayor valor natural y paisaj\u00edstico del sur de Catalu\u00f1a. La sierra de Llaberia la comparten tres comarcas catalanas, la Ribera de Ebro, el Priorat y el Baix Camp y hace [&hellip;]\" \/>\n<meta property=\"og:url\" content=\"http:\/\/hostallacreu.com\/es\/entorno\/espacios-naturales\/sierra-de-llaberia\/\" \/>\n<meta property=\"og:site_name\" content=\"Hostal Gastron\u00f2mic La Creu\" \/>\n<meta property=\"article:modified_time\" content=\"2014-12-12T21:38:45+00:00\" \/>\n<meta property=\"og:image\" content=\"http:\/\/hostallacreu.com\/wp-content\/uploads\/2014\/11\/vista-panoramica-costa-daurada-serra-llaberia-01.jpg\" \/>\n\t<meta property=\"og:image:width\" content=\"2588\" \/>\n\t<meta property=\"og:image:height\" content=\"877\" \/>\n\t<meta property=\"og:image:type\" content=\"image\/jpeg\" \/>\n<meta name=\"twitter:label1\" content=\"Tiempo de lectura\" \/>\n\t<meta name=\"twitter:data1\" content=\"2 minutos\" \/>\n<script type=\"application\/ld+json\" class=\"yoast-schema-graph\">{\"@context\":\"https:\/\/schema.org\",\"@graph\":[{\"@type\":\"WebPage\",\"@id\":\"http:\/\/hostallacreu.com\/es\/entorno\/espacios-naturales\/sierra-de-llaberia\/\",\"url\":\"http:\/\/hostallacreu.com\/es\/entorno\/espacios-naturales\/sierra-de-llaberia\/\",\"name\":\"Sierra de Llaberia - Hostal Gastron\u00f2mic La Creu\",\"isPartOf\":{\"@id\":\"https:\/\/hostallacreu.com\/#website\"},\"primaryImageOfPage\":{\"@id\":\"http:\/\/hostallacreu.com\/es\/entorno\/espacios-naturales\/sierra-de-llaberia\/#primaryimage\"},\"image\":{\"@id\":\"http:\/\/hostallacreu.com\/es\/entorno\/espacios-naturales\/sierra-de-llaberia\/#primaryimage\"},\"thumbnailUrl\":\"https:\/\/hostallacreu.com\/wp-content\/uploads\/2014\/11\/vista-panoramica-costa-daurada-serra-llaberia-01.jpg\",\"datePublished\":\"2014-11-25T15:00:25+00:00\",\"dateModified\":\"2014-12-12T21:38:45+00:00\",\"breadcrumb\":{\"@id\":\"http:\/\/hostallacreu.com\/es\/entorno\/espacios-naturales\/sierra-de-llaberia\/#breadcrumb\"},\"inLanguage\":\"es\",\"potentialAction\":[{\"@type\":\"ReadAction\",\"target\":[\"http:\/\/hostallacreu.com\/es\/entorno\/espacios-naturales\/sierra-de-llaberia\/\"]}]},{\"@type\":\"ImageObject\",\"inLanguage\":\"es\",\"@id\":\"http:\/\/hostallacreu.com\/es\/entorno\/espacios-naturales\/sierra-de-llaberia\/#primaryimage\",\"url\":\"https:\/\/hostallacreu.com\/wp-content\/uploads\/2014\/11\/vista-panoramica-costa-daurada-serra-llaberia-01.jpg\",\"contentUrl\":\"https:\/\/hostallacreu.com\/wp-content\/uploads\/2014\/11\/vista-panoramica-costa-daurada-serra-llaberia-01.jpg\",\"width\":2588,\"height\":877},{\"@type\":\"BreadcrumbList\",\"@id\":\"http:\/\/hostallacreu.com\/es\/entorno\/espacios-naturales\/sierra-de-llaberia\/#breadcrumb\",\"itemListElement\":[{\"@type\":\"ListItem\",\"position\":1,\"name\":\"Home\",\"item\":\"https:\/\/hostallacreu.com\/es\/\"},{\"@type\":\"ListItem\",\"position\":2,\"name\":\"Entorno\",\"item\":\"https:\/\/hostallacreu.com\/es\/entorno\/\"},{\"@type\":\"ListItem\",\"position\":3,\"name\":\"Espacios naturales\",\"item\":\"https:\/\/hostallacreu.com\/es\/entorno\/espacios-naturales\/\"},{\"@type\":\"ListItem\",\"position\":4,\"name\":\"Sierra de Llaberia\"}]},{\"@type\":\"WebSite\",\"@id\":\"https:\/\/hostallacreu.com\/#website\",\"url\":\"https:\/\/hostallacreu.com\/\",\"name\":\"Hostal Gastron\u00f2mic La Creu\",\"description\":\"El teu allotjament i restaurant a la Ribera d&#039;Ebre\",\"potentialAction\":[{\"@type\":\"SearchAction\",\"target\":{\"@type\":\"EntryPoint\",\"urlTemplate\":\"https:\/\/hostallacreu.com\/?s={search_term_string}\"},\"query-input\":{\"@type\":\"PropertyValueSpecification\",\"valueRequired\":true,\"valueName\":\"search_term_string\"}}],\"inLanguage\":\"es\"}]}<\/script>\n<!-- \/ Yoast SEO plugin. -->","yoast_head_json":{"title":"Sierra de Llaberia - Hostal Gastron\u00f2mic La Creu","robots":{"index":"index","follow":"follow","max-snippet":"max-snippet:-1","max-image-preview":"max-image-preview:large","max-video-preview":"max-video-preview:-1"},"canonical":"http:\/\/hostallacreu.com\/es\/entorno\/espacios-naturales\/sierra-de-llaberia\/","og_locale":"es_ES","og_type":"article","og_title":"Sierra de Llaberia - Hostal Gastron\u00f2mic La Creu","og_description":"La inacessibilitat, el aislamiento y el bajo grado de antropizaci\u00f3n han permitido conservar sus valores m\u00e1s esenciales, convirti\u00e9ndolo en uno de los espacios naturales de mayor valor natural y paisaj\u00edstico del sur de Catalu\u00f1a. La sierra de Llaberia la comparten tres comarcas catalanas, la Ribera de Ebro, el Priorat y el Baix Camp y hace [&hellip;]","og_url":"http:\/\/hostallacreu.com\/es\/entorno\/espacios-naturales\/sierra-de-llaberia\/","og_site_name":"Hostal Gastron\u00f2mic La Creu","article_modified_time":"2014-12-12T21:38:45+00:00","og_image":[{"width":2588,"height":877,"url":"http:\/\/hostallacreu.com\/wp-content\/uploads\/2014\/11\/vista-panoramica-costa-daurada-serra-llaberia-01.jpg","type":"image\/jpeg"}],"twitter_misc":{"Tiempo de lectura":"2 minutos"},"schema":{"@context":"https:\/\/schema.org","@graph":[{"@type":"WebPage","@id":"http:\/\/hostallacreu.com\/es\/entorno\/espacios-naturales\/sierra-de-llaberia\/","url":"http:\/\/hostallacreu.com\/es\/entorno\/espacios-naturales\/sierra-de-llaberia\/","name":"Sierra de Llaberia - Hostal Gastron\u00f2mic La Creu","isPartOf":{"@id":"https:\/\/hostallacreu.com\/#website"},"primaryImageOfPage":{"@id":"http:\/\/hostallacreu.com\/es\/entorno\/espacios-naturales\/sierra-de-llaberia\/#primaryimage"},"image":{"@id":"http:\/\/hostallacreu.com\/es\/entorno\/espacios-naturales\/sierra-de-llaberia\/#primaryimage"},"thumbnailUrl":"https:\/\/hostallacreu.com\/wp-content\/uploads\/2014\/11\/vista-panoramica-costa-daurada-serra-llaberia-01.jpg","datePublished":"2014-11-25T15:00:25+00:00","dateModified":"2014-12-12T21:38:45+00:00","breadcrumb":{"@id":"http:\/\/hostallacreu.com\/es\/entorno\/espacios-naturales\/sierra-de-llaberia\/#breadcrumb"},"inLanguage":"es","potentialAction":[{"@type":"ReadAction","target":["http:\/\/hostallacreu.com\/es\/entorno\/espacios-naturales\/sierra-de-llaberia\/"]}]},{"@type":"ImageObject","inLanguage":"es","@id":"http:\/\/hostallacreu.com\/es\/entorno\/espacios-naturales\/sierra-de-llaberia\/#primaryimage","url":"https:\/\/hostallacreu.com\/wp-content\/uploads\/2014\/11\/vista-panoramica-costa-daurada-serra-llaberia-01.jpg","contentUrl":"https:\/\/hostallacreu.com\/wp-content\/uploads\/2014\/11\/vista-panoramica-costa-daurada-serra-llaberia-01.jpg","width":2588,"height":877},{"@type":"BreadcrumbList","@id":"http:\/\/hostallacreu.com\/es\/entorno\/espacios-naturales\/sierra-de-llaberia\/#breadcrumb","itemListElement":[{"@type":"ListItem","position":1,"name":"Home","item":"https:\/\/hostallacreu.com\/es\/"},{"@type":"ListItem","position":2,"name":"Entorno","item":"https:\/\/hostallacreu.com\/es\/entorno\/"},{"@type":"ListItem","position":3,"name":"Espacios naturales","item":"https:\/\/hostallacreu.com\/es\/entorno\/espacios-naturales\/"},{"@type":"ListItem","position":4,"name":"Sierra de Llaberia"}]},{"@type":"WebSite","@id":"https:\/\/hostallacreu.com\/#website","url":"https:\/\/hostallacreu.com\/","name":"Hostal Gastron\u00f2mic La Creu","description":"El teu allotjament i restaurant a la Ribera d&#039;Ebre","potentialAction":[{"@type":"SearchAction","target":{"@type":"EntryPoint","urlTemplate":"https:\/\/hostallacreu.com\/?s={search_term_string}"},"query-input":{"@type":"PropertyValueSpecification","valueRequired":true,"valueName":"search_term_string"}}],"inLanguage":"es"}]}},"_links":{"self":[{"href":"https:\/\/hostallacreu.com\/es\/wp-json\/wp\/v2\/pages\/508","targetHints":{"allow":["GET"]}}],"collection":[{"href":"https:\/\/hostallacreu.com\/es\/wp-json\/wp\/v2\/pages"}],"about":[{"href":"https:\/\/hostallacreu.com\/es\/wp-json\/wp\/v2\/types\/page"}],"author":[{"embeddable":true,"href":"https:\/\/hostallacreu.com\/es\/wp-json\/wp\/v2\/users\/3"}],"replies":[{"embeddable":true,"href":"https:\/\/hostallacreu.com\/es\/wp-json\/wp\/v2\/comments?post=508"}],"version-history":[{"count":2,"href":"https:\/\/hostallacreu.com\/es\/wp-json\/wp\/v2\/pages\/508\/revisions"}],"predecessor-version":[{"id":762,"href":"https:\/\/hostallacreu.com\/es\/wp-json\/wp\/v2\/pages\/508\/revisions\/762"}],"up":[{"embeddable":true,"href":"https:\/\/hostallacreu.com\/es\/wp-json\/wp\/v2\/pages\/488"}],"wp:featuredmedia":[{"embeddable":true,"href":"https:\/\/hostallacreu.com\/es\/wp-json\/wp\/v2\/media\/311"}],"wp:attachment":[{"href":"https:\/\/hostallacreu.com\/es\/wp-json\/wp\/v2\/media?parent=508"}],"curies":[{"name":"wp","href":"https:\/\/api.w.org\/{rel}","templated":true}]}}