{"id":506,"date":"2014-11-25T14:58:10","date_gmt":"2014-11-25T14:58:10","guid":{"rendered":"http:\/\/hostallacreu.com\/?page_id=506"},"modified":"2014-11-25T14:58:10","modified_gmt":"2014-11-25T14:58:10","slug":"castillo-de-flix","status":"publish","type":"page","link":"https:\/\/hostallacreu.com\/es\/entorno\/castillos\/castillo-de-flix\/","title":{"rendered":"Castillo de Flix"},"content":{"rendered":"<h1><strong>La villa de Flix dispone de dos castillos, el viejo y el nuevo, pero en este caso nos ocuparemos del castillo nuevo, de \u00e9poca carlista y con mejor estado de conservaci\u00f3n.<\/strong><\/h1>\n<p><a href=\"https:\/\/hostallacreu.com\/wp-content\/uploads\/2014\/11\/castell-flix-terres-ebre-turisme-ribera-hotel-011.jpg\"><img loading=\"lazy\" decoding=\"async\" class=\"alignright size-full wp-image-324\" src=\"https:\/\/hostallacreu.com\/wp-content\/uploads\/2014\/11\/castell-flix-terres-ebre-turisme-ribera-hotel-011.jpg\" alt=\"castell flix terres ebre turisme ribera hotel-01\" width=\"2588\" height=\"877\" srcset=\"https:\/\/hostallacreu.com\/wp-content\/uploads\/2014\/11\/castell-flix-terres-ebre-turisme-ribera-hotel-011.jpg 2588w, https:\/\/hostallacreu.com\/wp-content\/uploads\/2014\/11\/castell-flix-terres-ebre-turisme-ribera-hotel-011-300x101.jpg 300w, https:\/\/hostallacreu.com\/wp-content\/uploads\/2014\/11\/castell-flix-terres-ebre-turisme-ribera-hotel-011-1024x347.jpg 1024w, https:\/\/hostallacreu.com\/wp-content\/uploads\/2014\/11\/castell-flix-terres-ebre-turisme-ribera-hotel-011-624x211.jpg 624w\" sizes=\"auto, (max-width: 2588px) 100vw, 2588px\" \/><\/a><\/p>\n<p>Se ubica al noreste del casco urbano, en lo alto de un cerro situado dentro del meandro que conforma el r\u00edo Ebro y muy cerca del cementerio del pueblo. Es visible desde buena parte de las proximidades de Flix y la se\u00f1alizaci\u00f3n direccional para llegar es buena, tanto desde Lleida como desde Asc\u00f3 y Tortosa.<\/p>\n<p><a href=\"https:\/\/hostallacreu.com\/wp-content\/uploads\/2014\/11\/castell-de-flix-01.jpg\"><img loading=\"lazy\" decoding=\"async\" class=\"alignright size-full wp-image-323\" src=\"https:\/\/hostallacreu.com\/wp-content\/uploads\/2014\/11\/castell-de-flix-01.jpg\" alt=\"castell de flix-01\" width=\"2588\" height=\"877\" srcset=\"https:\/\/hostallacreu.com\/wp-content\/uploads\/2014\/11\/castell-de-flix-01.jpg 2588w, https:\/\/hostallacreu.com\/wp-content\/uploads\/2014\/11\/castell-de-flix-01-300x101.jpg 300w, https:\/\/hostallacreu.com\/wp-content\/uploads\/2014\/11\/castell-de-flix-01-1024x347.jpg 1024w, https:\/\/hostallacreu.com\/wp-content\/uploads\/2014\/11\/castell-de-flix-01-624x211.jpg 624w\" sizes=\"auto, (max-width: 2588px) 100vw, 2588px\" \/><\/a><\/p>\n<p>El castillo de Flix es de peque\u00f1as dimensiones, se levanta bajo antiguos vestigios romanos e \u00edberos. Erigi\u00f3 en 1874, despu\u00e9s de que el castillo viejo o sarraceno de en la ciudad fuera destruido durante la Guerra de Sucesi\u00f3n. El conde de Morella orden\u00f3 construir el castillo con el objetivo de proteger la derecha del Ebro durante la tercera guerra carlista. La construcci\u00f3n la dirigi\u00f3 el maestro de obras tortosino Gaet\u00e0 Blanch Sebasti\u00e1n y en su construcci\u00f3n colaboraron de manera forzosa habitantes de Flix y de pueblos de los alrededores.<\/p>\n<p><a href=\"https:\/\/hostallacreu.com\/wp-content\/uploads\/2014\/11\/castell-de-flix-turisme-ribera-debre-7_opt.jpg\"><img loading=\"lazy\" decoding=\"async\" class=\"alignright size-full wp-image-326\" src=\"https:\/\/hostallacreu.com\/wp-content\/uploads\/2014\/11\/castell-de-flix-turisme-ribera-debre-7_opt.jpg\" alt=\"castell-de-flix-turisme-ribera-debre-7_opt\" width=\"400\" height=\"299\" srcset=\"https:\/\/hostallacreu.com\/wp-content\/uploads\/2014\/11\/castell-de-flix-turisme-ribera-debre-7_opt.jpg 400w, https:\/\/hostallacreu.com\/wp-content\/uploads\/2014\/11\/castell-de-flix-turisme-ribera-debre-7_opt-300x224.jpg 300w\" sizes=\"auto, (max-width: 400px) 100vw, 400px\" \/><\/a><\/p>\n<p>La fortificaci\u00f3n presenta una planta irregular formada por tres torres circulares, unidas por muros y con un patio interior que conserva una gran cisterna de planta ovalada.<\/p>\n<p>Desde el castillo se observan unas magn\u00edficas vistas del meandro de Flix, la poblaci\u00f3n y el pantano de Flix.<\/p>\n<p><strong>VISITAS<\/strong><\/p>\n<p><em>Hay que concertar las, llamando a las oficinas del Ayuntamiento de Flix, de lunes a viernes de 9 h. a 14 h, tel. 977410153, o bien dirigiendo la solicitud al correo associaciolacana@gmail.com. Para poder garantizarlo, se recomienda hacer la concertaci\u00f3n con una antelaci\u00f3n de dos d\u00edas antes de la visita.<\/em><\/p>\n<p><strong>Precio entrada<\/strong>: general 2 \u20ac; reducida, 1 \u20ac.<\/p>\n<p><strong>Entrada reducida:<\/strong> Grupos de 10 personas o m\u00e1s y socios de la Asociaci\u00f3n La Cana.<\/p>\n<p><strong>Entrada gratuita:<\/strong> Grupos de asociaciones culturales, grupos escolares, menores de 12 a\u00f1os y mayores de 65 a\u00f1os.<\/p>\n<p><strong>Fuente:<\/strong> Ayuntamiento de Flix<\/p>\n","protected":false},"excerpt":{"rendered":"<p>La villa de Flix dispone de dos castillos, el viejo y el nuevo, pero en este caso nos ocuparemos del castillo nuevo, de \u00e9poca carlista y con mejor estado de conservaci\u00f3n. Se ubica al noreste del casco urbano, en lo alto de un cerro situado dentro del meandro que conforma el r\u00edo Ebro y muy [&hellip;]<\/p>\n","protected":false},"author":3,"featured_media":102,"parent":486,"menu_order":0,"comment_status":"closed","ping_status":"closed","template":"","meta":{"_monsterinsights_skip_tracking":false,"_monsterinsights_sitenote_active":false,"_monsterinsights_sitenote_note":"","_monsterinsights_sitenote_category":0,"footnotes":""},"class_list":["post-506","page","type-page","status-publish","has-post-thumbnail","hentry"],"yoast_head":"<!-- This site is optimized with the Yoast SEO plugin v26.2 - https:\/\/yoast.com\/wordpress\/plugins\/seo\/ -->\n<title>Castillo de Flix - Hostal Gastron\u00f2mic La Creu<\/title>\n<meta name=\"robots\" content=\"index, follow, max-snippet:-1, max-image-preview:large, max-video-preview:-1\" \/>\n<link rel=\"canonical\" href=\"http:\/\/hostallacreu.com\/es\/entorno\/castillos\/castillo-de-flix\/\" \/>\n<meta property=\"og:locale\" content=\"es_ES\" \/>\n<meta property=\"og:type\" content=\"article\" \/>\n<meta property=\"og:title\" content=\"Castillo de Flix - Hostal Gastron\u00f2mic La Creu\" \/>\n<meta property=\"og:description\" content=\"La villa de Flix dispone de dos castillos, el viejo y el nuevo, pero en este caso nos ocuparemos del castillo nuevo, de \u00e9poca carlista y con mejor estado de conservaci\u00f3n. Se ubica al noreste del casco urbano, en lo alto de un cerro situado dentro del meandro que conforma el r\u00edo Ebro y muy [&hellip;]\" \/>\n<meta property=\"og:url\" content=\"http:\/\/hostallacreu.com\/es\/entorno\/castillos\/castillo-de-flix\/\" \/>\n<meta property=\"og:site_name\" content=\"Hostal Gastron\u00f2mic La Creu\" \/>\n<meta property=\"og:image\" content=\"http:\/\/hostallacreu.com\/wp-content\/uploads\/2014\/11\/castell-flix-terres-ebre-turisme-ribera-hotel-01.jpg\" \/>\n\t<meta property=\"og:image:width\" content=\"2588\" \/>\n\t<meta property=\"og:image:height\" content=\"877\" \/>\n\t<meta property=\"og:image:type\" content=\"image\/jpeg\" \/>\n<meta name=\"twitter:label1\" content=\"Tiempo de lectura\" \/>\n\t<meta name=\"twitter:data1\" content=\"2 minutos\" \/>\n<script type=\"application\/ld+json\" class=\"yoast-schema-graph\">{\"@context\":\"https:\/\/schema.org\",\"@graph\":[{\"@type\":\"WebPage\",\"@id\":\"http:\/\/hostallacreu.com\/es\/entorno\/castillos\/castillo-de-flix\/\",\"url\":\"http:\/\/hostallacreu.com\/es\/entorno\/castillos\/castillo-de-flix\/\",\"name\":\"Castillo de Flix - Hostal Gastron\u00f2mic La Creu\",\"isPartOf\":{\"@id\":\"https:\/\/hostallacreu.com\/#website\"},\"primaryImageOfPage\":{\"@id\":\"http:\/\/hostallacreu.com\/es\/entorno\/castillos\/castillo-de-flix\/#primaryimage\"},\"image\":{\"@id\":\"http:\/\/hostallacreu.com\/es\/entorno\/castillos\/castillo-de-flix\/#primaryimage\"},\"thumbnailUrl\":\"https:\/\/hostallacreu.com\/wp-content\/uploads\/2014\/11\/castell-flix-terres-ebre-turisme-ribera-hotel-01.jpg\",\"datePublished\":\"2014-11-25T14:58:10+00:00\",\"breadcrumb\":{\"@id\":\"http:\/\/hostallacreu.com\/es\/entorno\/castillos\/castillo-de-flix\/#breadcrumb\"},\"inLanguage\":\"es\",\"potentialAction\":[{\"@type\":\"ReadAction\",\"target\":[\"http:\/\/hostallacreu.com\/es\/entorno\/castillos\/castillo-de-flix\/\"]}]},{\"@type\":\"ImageObject\",\"inLanguage\":\"es\",\"@id\":\"http:\/\/hostallacreu.com\/es\/entorno\/castillos\/castillo-de-flix\/#primaryimage\",\"url\":\"https:\/\/hostallacreu.com\/wp-content\/uploads\/2014\/11\/castell-flix-terres-ebre-turisme-ribera-hotel-01.jpg\",\"contentUrl\":\"https:\/\/hostallacreu.com\/wp-content\/uploads\/2014\/11\/castell-flix-terres-ebre-turisme-ribera-hotel-01.jpg\",\"width\":2588,\"height\":877},{\"@type\":\"BreadcrumbList\",\"@id\":\"http:\/\/hostallacreu.com\/es\/entorno\/castillos\/castillo-de-flix\/#breadcrumb\",\"itemListElement\":[{\"@type\":\"ListItem\",\"position\":1,\"name\":\"Home\",\"item\":\"https:\/\/hostallacreu.com\/es\/\"},{\"@type\":\"ListItem\",\"position\":2,\"name\":\"Entorno\",\"item\":\"https:\/\/hostallacreu.com\/es\/entorno\/\"},{\"@type\":\"ListItem\",\"position\":3,\"name\":\"Castillos\",\"item\":\"https:\/\/hostallacreu.com\/es\/entorno\/castillos\/\"},{\"@type\":\"ListItem\",\"position\":4,\"name\":\"Castillo de Flix\"}]},{\"@type\":\"WebSite\",\"@id\":\"https:\/\/hostallacreu.com\/#website\",\"url\":\"https:\/\/hostallacreu.com\/\",\"name\":\"Hostal Gastron\u00f2mic La Creu\",\"description\":\"El teu allotjament i restaurant a la Ribera d&#039;Ebre\",\"potentialAction\":[{\"@type\":\"SearchAction\",\"target\":{\"@type\":\"EntryPoint\",\"urlTemplate\":\"https:\/\/hostallacreu.com\/?s={search_term_string}\"},\"query-input\":{\"@type\":\"PropertyValueSpecification\",\"valueRequired\":true,\"valueName\":\"search_term_string\"}}],\"inLanguage\":\"es\"}]}<\/script>\n<!-- \/ Yoast SEO plugin. -->","yoast_head_json":{"title":"Castillo de Flix - Hostal Gastron\u00f2mic La Creu","robots":{"index":"index","follow":"follow","max-snippet":"max-snippet:-1","max-image-preview":"max-image-preview:large","max-video-preview":"max-video-preview:-1"},"canonical":"http:\/\/hostallacreu.com\/es\/entorno\/castillos\/castillo-de-flix\/","og_locale":"es_ES","og_type":"article","og_title":"Castillo de Flix - Hostal Gastron\u00f2mic La Creu","og_description":"La villa de Flix dispone de dos castillos, el viejo y el nuevo, pero en este caso nos ocuparemos del castillo nuevo, de \u00e9poca carlista y con mejor estado de conservaci\u00f3n. Se ubica al noreste del casco urbano, en lo alto de un cerro situado dentro del meandro que conforma el r\u00edo Ebro y muy [&hellip;]","og_url":"http:\/\/hostallacreu.com\/es\/entorno\/castillos\/castillo-de-flix\/","og_site_name":"Hostal Gastron\u00f2mic La Creu","og_image":[{"width":2588,"height":877,"url":"http:\/\/hostallacreu.com\/wp-content\/uploads\/2014\/11\/castell-flix-terres-ebre-turisme-ribera-hotel-01.jpg","type":"image\/jpeg"}],"twitter_misc":{"Tiempo de lectura":"2 minutos"},"schema":{"@context":"https:\/\/schema.org","@graph":[{"@type":"WebPage","@id":"http:\/\/hostallacreu.com\/es\/entorno\/castillos\/castillo-de-flix\/","url":"http:\/\/hostallacreu.com\/es\/entorno\/castillos\/castillo-de-flix\/","name":"Castillo de Flix - Hostal Gastron\u00f2mic La Creu","isPartOf":{"@id":"https:\/\/hostallacreu.com\/#website"},"primaryImageOfPage":{"@id":"http:\/\/hostallacreu.com\/es\/entorno\/castillos\/castillo-de-flix\/#primaryimage"},"image":{"@id":"http:\/\/hostallacreu.com\/es\/entorno\/castillos\/castillo-de-flix\/#primaryimage"},"thumbnailUrl":"https:\/\/hostallacreu.com\/wp-content\/uploads\/2014\/11\/castell-flix-terres-ebre-turisme-ribera-hotel-01.jpg","datePublished":"2014-11-25T14:58:10+00:00","breadcrumb":{"@id":"http:\/\/hostallacreu.com\/es\/entorno\/castillos\/castillo-de-flix\/#breadcrumb"},"inLanguage":"es","potentialAction":[{"@type":"ReadAction","target":["http:\/\/hostallacreu.com\/es\/entorno\/castillos\/castillo-de-flix\/"]}]},{"@type":"ImageObject","inLanguage":"es","@id":"http:\/\/hostallacreu.com\/es\/entorno\/castillos\/castillo-de-flix\/#primaryimage","url":"https:\/\/hostallacreu.com\/wp-content\/uploads\/2014\/11\/castell-flix-terres-ebre-turisme-ribera-hotel-01.jpg","contentUrl":"https:\/\/hostallacreu.com\/wp-content\/uploads\/2014\/11\/castell-flix-terres-ebre-turisme-ribera-hotel-01.jpg","width":2588,"height":877},{"@type":"BreadcrumbList","@id":"http:\/\/hostallacreu.com\/es\/entorno\/castillos\/castillo-de-flix\/#breadcrumb","itemListElement":[{"@type":"ListItem","position":1,"name":"Home","item":"https:\/\/hostallacreu.com\/es\/"},{"@type":"ListItem","position":2,"name":"Entorno","item":"https:\/\/hostallacreu.com\/es\/entorno\/"},{"@type":"ListItem","position":3,"name":"Castillos","item":"https:\/\/hostallacreu.com\/es\/entorno\/castillos\/"},{"@type":"ListItem","position":4,"name":"Castillo de Flix"}]},{"@type":"WebSite","@id":"https:\/\/hostallacreu.com\/#website","url":"https:\/\/hostallacreu.com\/","name":"Hostal Gastron\u00f2mic La Creu","description":"El teu allotjament i restaurant a la Ribera d&#039;Ebre","potentialAction":[{"@type":"SearchAction","target":{"@type":"EntryPoint","urlTemplate":"https:\/\/hostallacreu.com\/?s={search_term_string}"},"query-input":{"@type":"PropertyValueSpecification","valueRequired":true,"valueName":"search_term_string"}}],"inLanguage":"es"}]}},"_links":{"self":[{"href":"https:\/\/hostallacreu.com\/es\/wp-json\/wp\/v2\/pages\/506","targetHints":{"allow":["GET"]}}],"collection":[{"href":"https:\/\/hostallacreu.com\/es\/wp-json\/wp\/v2\/pages"}],"about":[{"href":"https:\/\/hostallacreu.com\/es\/wp-json\/wp\/v2\/types\/page"}],"author":[{"embeddable":true,"href":"https:\/\/hostallacreu.com\/es\/wp-json\/wp\/v2\/users\/3"}],"replies":[{"embeddable":true,"href":"https:\/\/hostallacreu.com\/es\/wp-json\/wp\/v2\/comments?post=506"}],"version-history":[{"count":1,"href":"https:\/\/hostallacreu.com\/es\/wp-json\/wp\/v2\/pages\/506\/revisions"}],"predecessor-version":[{"id":507,"href":"https:\/\/hostallacreu.com\/es\/wp-json\/wp\/v2\/pages\/506\/revisions\/507"}],"up":[{"embeddable":true,"href":"https:\/\/hostallacreu.com\/es\/wp-json\/wp\/v2\/pages\/486"}],"wp:featuredmedia":[{"embeddable":true,"href":"https:\/\/hostallacreu.com\/es\/wp-json\/wp\/v2\/media\/102"}],"wp:attachment":[{"href":"https:\/\/hostallacreu.com\/es\/wp-json\/wp\/v2\/media?parent=506"}],"curies":[{"name":"wp","href":"https:\/\/api.w.org\/{rel}","templated":true}]}}