{"id":502,"date":"2014-11-25T14:52:50","date_gmt":"2014-11-25T14:52:50","guid":{"rendered":"http:\/\/hostallacreu.com\/?page_id=502"},"modified":"2014-11-25T14:52:50","modified_gmt":"2014-11-25T14:52:50","slug":"miravet","status":"publish","type":"page","link":"https:\/\/hostallacreu.com\/es\/entorno\/pueblos\/miravet\/","title":{"rendered":"Miravet"},"content":{"rendered":"<h1><strong>Miravet es un pueblo de visita obligada para los visitantes y turistas de las Tierras del Ebro. Se trata del pueblo m\u00e1s singular y con encanto de la comarca de la Ribera d&#8217;Ebre y famoso por su imponente castillo.<\/strong><\/h1>\n<p><a href=\"https:\/\/hostallacreu.com\/wp-content\/uploads\/2014\/11\/miravet-terres-de-lebre-catalunya-turisme-ribera-riu-FILEminimizer.jpg\"><img loading=\"lazy\" decoding=\"async\" class=\"alignright  wp-image-113\" src=\"https:\/\/hostallacreu.com\/wp-content\/uploads\/2014\/11\/miravet-terres-de-lebre-catalunya-turisme-ribera-riu-FILEminimizer.jpg\" alt=\"miravet terres de l'ebre catalunya turisme ribera riu (FILEminimizer)\" width=\"426\" height=\"284\" srcset=\"https:\/\/hostallacreu.com\/wp-content\/uploads\/2014\/11\/miravet-terres-de-lebre-catalunya-turisme-ribera-riu-FILEminimizer.jpg 1152w, https:\/\/hostallacreu.com\/wp-content\/uploads\/2014\/11\/miravet-terres-de-lebre-catalunya-turisme-ribera-riu-FILEminimizer-300x200.jpg 300w, https:\/\/hostallacreu.com\/wp-content\/uploads\/2014\/11\/miravet-terres-de-lebre-catalunya-turisme-ribera-riu-FILEminimizer-1024x682.jpg 1024w, https:\/\/hostallacreu.com\/wp-content\/uploads\/2014\/11\/miravet-terres-de-lebre-catalunya-turisme-ribera-riu-FILEminimizer-624x416.jpg 624w\" sizes=\"auto, (max-width: 426px) 100vw, 426px\" \/><\/a><\/p>\n<p>Podemos acceder desde la N-420, a trav\u00e9s del paso de barca; sistema de navegaci\u00f3n fluvial tradicional (formado por dos la\u00fades y una plataforma) que sirve para cruzar el r\u00edo Ebro en coche aprovechando la corriente natural, o bien, a trav\u00e9s de la carretera T-324 que conecta Mora de Ebro con Miravet a trav\u00e9s de Benissanet.<\/p>\n<p>Miravet disfruta de un intenso pasado medieval y se ubica en un emplazamiento estrat\u00e9gico de gran encanto natural y paisaj\u00edstico. El pueblo viejo o el jefe de villa, que conserva a\u00fan su fisonom\u00eda medieval aferra en un roquero que cuelga sobre el r\u00edo Ebro de donde sobresale t\u00edmidamente la iglesia vieja de estilo renacentista.<\/p>\n<p><a href=\"https:\/\/hostallacreu.com\/wp-content\/uploads\/2014\/11\/castell-de-miravet-FILEminimizer.jpg\"><img loading=\"lazy\" decoding=\"async\" class=\" wp-image-114 alignleft\" src=\"https:\/\/hostallacreu.com\/wp-content\/uploads\/2014\/11\/castell-de-miravet-FILEminimizer.jpg\" alt=\"castell de miravet (FILEminimizer)\" width=\"393\" height=\"262\" srcset=\"https:\/\/hostallacreu.com\/wp-content\/uploads\/2014\/11\/castell-de-miravet-FILEminimizer.jpg 1152w, https:\/\/hostallacreu.com\/wp-content\/uploads\/2014\/11\/castell-de-miravet-FILEminimizer-300x200.jpg 300w, https:\/\/hostallacreu.com\/wp-content\/uploads\/2014\/11\/castell-de-miravet-FILEminimizer-1024x682.jpg 1024w, https:\/\/hostallacreu.com\/wp-content\/uploads\/2014\/11\/castell-de-miravet-FILEminimizer-624x416.jpg 624w\" sizes=\"auto, (max-width: 393px) 100vw, 393px\" \/><\/a><\/p>\n<p>En lo alto de la multitud de casas se erige el castillo de Miravet, una impresionante fortaleza de origen \u00e1rabe y considerada una de las mejores obras de arquitectura rom\u00e1nico g\u00f3tica, religiosa y militar del sur de Catalu\u00f1a. Construido por los musulmanes en el siglo IX, fue uno de los \u00faltimos reductos isl\u00e1micos de Catalu\u00f1a. Con la reconquista, ya en el siglo XII, fue ocupado por Ram\u00f3n Berenguer IV el cual lo cedi\u00f3 a la orden del Temple. Los templarios fueron quienes ampliaron la fortificaci\u00f3n convirti\u00e9ndolo en un castillo monasterio, d\u00e1ndole la imagen que, a grandes rasgos, ha llegado hasta nuestros d\u00edas. A inicios del siglo XIV, con la disoluci\u00f3n de los templarios, el castillo pas\u00f3 en manos de los hospitalarios.<\/p>\n<p><a href=\"https:\/\/hostallacreu.com\/wp-content\/uploads\/2014\/11\/MIRAVET-CANTERERS-TURISME-TERRES-DE-EBRE-RIBERA2-FILEminimizer.jpg\"><img loading=\"lazy\" decoding=\"async\" class=\"alignright  wp-image-115\" src=\"https:\/\/hostallacreu.com\/wp-content\/uploads\/2014\/11\/MIRAVET-CANTERERS-TURISME-TERRES-DE-EBRE-RIBERA2-FILEminimizer.jpg\" alt=\"MIRAVET CANTERERS TURISME TERRES DE EBRE RIBERA2 (FILEminimizer)\" width=\"435\" height=\"290\" srcset=\"https:\/\/hostallacreu.com\/wp-content\/uploads\/2014\/11\/MIRAVET-CANTERERS-TURISME-TERRES-DE-EBRE-RIBERA2-FILEminimizer.jpg 1152w, https:\/\/hostallacreu.com\/wp-content\/uploads\/2014\/11\/MIRAVET-CANTERERS-TURISME-TERRES-DE-EBRE-RIBERA2-FILEminimizer-300x200.jpg 300w, https:\/\/hostallacreu.com\/wp-content\/uploads\/2014\/11\/MIRAVET-CANTERERS-TURISME-TERRES-DE-EBRE-RIBERA2-FILEminimizer-1024x682.jpg 1024w, https:\/\/hostallacreu.com\/wp-content\/uploads\/2014\/11\/MIRAVET-CANTERERS-TURISME-TERRES-DE-EBRE-RIBERA2-FILEminimizer-624x416.jpg 624w\" sizes=\"auto, (max-width: 435px) 100vw, 435px\" \/><\/a><\/p>\n<p>Finalmente, no podemos hacer un repaso de los lugares m\u00e1s emblem\u00e1ticos de Miravet sin hacer menci\u00f3n de la cer\u00e1mica miravetana. El pueblo tiene una larga tradici\u00f3n de cer\u00e1mica desde la \u00e9poca musulmana y a\u00fan hoy cuenta con diferentes talleres en activo, ubicados en el Raval de los Canterers, que elaboran las piezas t\u00edpicas de Miravet, los c\u00e1ntaros, utensilios que serv\u00edan para ir a buscar agua en el r\u00edo.<\/p>\n<p><strong>HORARIOS DE VISITA DEL CASTILLO DE MIRAVET<\/strong><\/p>\n<p>Los d\u00edas 5, 7, 12, 13, 14, 15, 19, 20, 21, 22, 26, 27, 28 y 29 de noviembre el castillo estar\u00e1 cerrado por las tardes<\/p>\n<p><strong>De martes a domingo<\/strong><\/p>\n<p>(cerrado los lunes menos los festivos)<\/p>\n<p>del 1 de junio al 30 de septiembre:<\/p>\n<p>10: 00h a 13:30 (+ 30 min.)<\/p>\n<p>16: 00h a 19:30 (+ 30 min.)<\/p>\n<p>del 1 de octubre al 31 de mayo:<\/p>\n<p>10: 00h a 13: 00h (+30 min.)<\/p>\n<p>15: 00h a 17: 00h (+30 min.)<\/p>\n<p>Tel\u00e9fono: 977407368<\/p>\n","protected":false},"excerpt":{"rendered":"<p>Miravet es un pueblo de visita obligada para los visitantes y turistas de las Tierras del Ebro. Se trata del pueblo m\u00e1s singular y con encanto de la comarca de la Ribera d&#8217;Ebre y famoso por su imponente castillo. Podemos acceder desde la N-420, a trav\u00e9s del paso de barca; sistema de navegaci\u00f3n fluvial tradicional [&hellip;]<\/p>\n","protected":false},"author":3,"featured_media":97,"parent":484,"menu_order":0,"comment_status":"closed","ping_status":"closed","template":"","meta":{"_monsterinsights_skip_tracking":false,"_monsterinsights_sitenote_active":false,"_monsterinsights_sitenote_note":"","_monsterinsights_sitenote_category":0,"footnotes":""},"class_list":["post-502","page","type-page","status-publish","has-post-thumbnail","hentry"],"yoast_head":"<!-- This site is optimized with the Yoast SEO plugin v26.2 - https:\/\/yoast.com\/wordpress\/plugins\/seo\/ -->\n<title>Miravet - Hostal Gastron\u00f2mic La Creu<\/title>\n<meta name=\"robots\" content=\"index, follow, max-snippet:-1, max-image-preview:large, max-video-preview:-1\" \/>\n<link rel=\"canonical\" href=\"https:\/\/hostallacreu.com\/es\/entorno\/pueblos\/miravet\/\" \/>\n<meta property=\"og:locale\" content=\"es_ES\" \/>\n<meta property=\"og:type\" content=\"article\" \/>\n<meta property=\"og:title\" content=\"Miravet - Hostal Gastron\u00f2mic La Creu\" \/>\n<meta property=\"og:description\" content=\"Miravet es un pueblo de visita obligada para los visitantes y turistas de las Tierras del Ebro. Se trata del pueblo m\u00e1s singular y con encanto de la comarca de la Ribera d&#8217;Ebre y famoso por su imponente castillo. Podemos acceder desde la N-420, a trav\u00e9s del paso de barca; sistema de navegaci\u00f3n fluvial tradicional [&hellip;]\" \/>\n<meta property=\"og:url\" content=\"https:\/\/hostallacreu.com\/es\/entorno\/pueblos\/miravet\/\" \/>\n<meta property=\"og:site_name\" content=\"Hostal Gastron\u00f2mic La Creu\" \/>\n<meta property=\"og:image\" content=\"https:\/\/hostallacreu.com\/wp-content\/uploads\/2014\/11\/miravet-terres-ebre-catalunya-hotel-01.jpg\" \/>\n\t<meta property=\"og:image:width\" content=\"2588\" \/>\n\t<meta property=\"og:image:height\" content=\"877\" \/>\n\t<meta property=\"og:image:type\" content=\"image\/jpeg\" \/>\n<meta name=\"twitter:label1\" content=\"Tiempo de lectura\" \/>\n\t<meta name=\"twitter:data1\" content=\"2 minutos\" \/>\n<script type=\"application\/ld+json\" class=\"yoast-schema-graph\">{\"@context\":\"https:\/\/schema.org\",\"@graph\":[{\"@type\":\"WebPage\",\"@id\":\"https:\/\/hostallacreu.com\/es\/entorno\/pueblos\/miravet\/\",\"url\":\"https:\/\/hostallacreu.com\/es\/entorno\/pueblos\/miravet\/\",\"name\":\"Miravet - Hostal Gastron\u00f2mic La Creu\",\"isPartOf\":{\"@id\":\"https:\/\/hostallacreu.com\/#website\"},\"primaryImageOfPage\":{\"@id\":\"https:\/\/hostallacreu.com\/es\/entorno\/pueblos\/miravet\/#primaryimage\"},\"image\":{\"@id\":\"https:\/\/hostallacreu.com\/es\/entorno\/pueblos\/miravet\/#primaryimage\"},\"thumbnailUrl\":\"https:\/\/hostallacreu.com\/wp-content\/uploads\/2014\/11\/miravet-terres-ebre-catalunya-hotel-01.jpg\",\"datePublished\":\"2014-11-25T14:52:50+00:00\",\"breadcrumb\":{\"@id\":\"https:\/\/hostallacreu.com\/es\/entorno\/pueblos\/miravet\/#breadcrumb\"},\"inLanguage\":\"es\",\"potentialAction\":[{\"@type\":\"ReadAction\",\"target\":[\"https:\/\/hostallacreu.com\/es\/entorno\/pueblos\/miravet\/\"]}]},{\"@type\":\"ImageObject\",\"inLanguage\":\"es\",\"@id\":\"https:\/\/hostallacreu.com\/es\/entorno\/pueblos\/miravet\/#primaryimage\",\"url\":\"https:\/\/hostallacreu.com\/wp-content\/uploads\/2014\/11\/miravet-terres-ebre-catalunya-hotel-01.jpg\",\"contentUrl\":\"https:\/\/hostallacreu.com\/wp-content\/uploads\/2014\/11\/miravet-terres-ebre-catalunya-hotel-01.jpg\",\"width\":2588,\"height\":877},{\"@type\":\"BreadcrumbList\",\"@id\":\"https:\/\/hostallacreu.com\/es\/entorno\/pueblos\/miravet\/#breadcrumb\",\"itemListElement\":[{\"@type\":\"ListItem\",\"position\":1,\"name\":\"Home\",\"item\":\"https:\/\/hostallacreu.com\/es\/\"},{\"@type\":\"ListItem\",\"position\":2,\"name\":\"Entorno\",\"item\":\"https:\/\/hostallacreu.com\/es\/entorno\/\"},{\"@type\":\"ListItem\",\"position\":3,\"name\":\"Pueblos\",\"item\":\"https:\/\/hostallacreu.com\/es\/entorno\/pueblos\/\"},{\"@type\":\"ListItem\",\"position\":4,\"name\":\"Miravet\"}]},{\"@type\":\"WebSite\",\"@id\":\"https:\/\/hostallacreu.com\/#website\",\"url\":\"https:\/\/hostallacreu.com\/\",\"name\":\"Hostal Gastron\u00f2mic La Creu\",\"description\":\"El teu allotjament i restaurant a la Ribera d&#039;Ebre\",\"potentialAction\":[{\"@type\":\"SearchAction\",\"target\":{\"@type\":\"EntryPoint\",\"urlTemplate\":\"https:\/\/hostallacreu.com\/?s={search_term_string}\"},\"query-input\":{\"@type\":\"PropertyValueSpecification\",\"valueRequired\":true,\"valueName\":\"search_term_string\"}}],\"inLanguage\":\"es\"}]}<\/script>\n<!-- \/ Yoast SEO plugin. -->","yoast_head_json":{"title":"Miravet - Hostal Gastron\u00f2mic La Creu","robots":{"index":"index","follow":"follow","max-snippet":"max-snippet:-1","max-image-preview":"max-image-preview:large","max-video-preview":"max-video-preview:-1"},"canonical":"https:\/\/hostallacreu.com\/es\/entorno\/pueblos\/miravet\/","og_locale":"es_ES","og_type":"article","og_title":"Miravet - Hostal Gastron\u00f2mic La Creu","og_description":"Miravet es un pueblo de visita obligada para los visitantes y turistas de las Tierras del Ebro. Se trata del pueblo m\u00e1s singular y con encanto de la comarca de la Ribera d&#8217;Ebre y famoso por su imponente castillo. Podemos acceder desde la N-420, a trav\u00e9s del paso de barca; sistema de navegaci\u00f3n fluvial tradicional [&hellip;]","og_url":"https:\/\/hostallacreu.com\/es\/entorno\/pueblos\/miravet\/","og_site_name":"Hostal Gastron\u00f2mic La Creu","og_image":[{"width":2588,"height":877,"url":"https:\/\/hostallacreu.com\/wp-content\/uploads\/2014\/11\/miravet-terres-ebre-catalunya-hotel-01.jpg","type":"image\/jpeg"}],"twitter_misc":{"Tiempo de lectura":"2 minutos"},"schema":{"@context":"https:\/\/schema.org","@graph":[{"@type":"WebPage","@id":"https:\/\/hostallacreu.com\/es\/entorno\/pueblos\/miravet\/","url":"https:\/\/hostallacreu.com\/es\/entorno\/pueblos\/miravet\/","name":"Miravet - Hostal Gastron\u00f2mic La Creu","isPartOf":{"@id":"https:\/\/hostallacreu.com\/#website"},"primaryImageOfPage":{"@id":"https:\/\/hostallacreu.com\/es\/entorno\/pueblos\/miravet\/#primaryimage"},"image":{"@id":"https:\/\/hostallacreu.com\/es\/entorno\/pueblos\/miravet\/#primaryimage"},"thumbnailUrl":"https:\/\/hostallacreu.com\/wp-content\/uploads\/2014\/11\/miravet-terres-ebre-catalunya-hotel-01.jpg","datePublished":"2014-11-25T14:52:50+00:00","breadcrumb":{"@id":"https:\/\/hostallacreu.com\/es\/entorno\/pueblos\/miravet\/#breadcrumb"},"inLanguage":"es","potentialAction":[{"@type":"ReadAction","target":["https:\/\/hostallacreu.com\/es\/entorno\/pueblos\/miravet\/"]}]},{"@type":"ImageObject","inLanguage":"es","@id":"https:\/\/hostallacreu.com\/es\/entorno\/pueblos\/miravet\/#primaryimage","url":"https:\/\/hostallacreu.com\/wp-content\/uploads\/2014\/11\/miravet-terres-ebre-catalunya-hotel-01.jpg","contentUrl":"https:\/\/hostallacreu.com\/wp-content\/uploads\/2014\/11\/miravet-terres-ebre-catalunya-hotel-01.jpg","width":2588,"height":877},{"@type":"BreadcrumbList","@id":"https:\/\/hostallacreu.com\/es\/entorno\/pueblos\/miravet\/#breadcrumb","itemListElement":[{"@type":"ListItem","position":1,"name":"Home","item":"https:\/\/hostallacreu.com\/es\/"},{"@type":"ListItem","position":2,"name":"Entorno","item":"https:\/\/hostallacreu.com\/es\/entorno\/"},{"@type":"ListItem","position":3,"name":"Pueblos","item":"https:\/\/hostallacreu.com\/es\/entorno\/pueblos\/"},{"@type":"ListItem","position":4,"name":"Miravet"}]},{"@type":"WebSite","@id":"https:\/\/hostallacreu.com\/#website","url":"https:\/\/hostallacreu.com\/","name":"Hostal Gastron\u00f2mic La Creu","description":"El teu allotjament i restaurant a la Ribera d&#039;Ebre","potentialAction":[{"@type":"SearchAction","target":{"@type":"EntryPoint","urlTemplate":"https:\/\/hostallacreu.com\/?s={search_term_string}"},"query-input":{"@type":"PropertyValueSpecification","valueRequired":true,"valueName":"search_term_string"}}],"inLanguage":"es"}]}},"_links":{"self":[{"href":"https:\/\/hostallacreu.com\/es\/wp-json\/wp\/v2\/pages\/502","targetHints":{"allow":["GET"]}}],"collection":[{"href":"https:\/\/hostallacreu.com\/es\/wp-json\/wp\/v2\/pages"}],"about":[{"href":"https:\/\/hostallacreu.com\/es\/wp-json\/wp\/v2\/types\/page"}],"author":[{"embeddable":true,"href":"https:\/\/hostallacreu.com\/es\/wp-json\/wp\/v2\/users\/3"}],"replies":[{"embeddable":true,"href":"https:\/\/hostallacreu.com\/es\/wp-json\/wp\/v2\/comments?post=502"}],"version-history":[{"count":1,"href":"https:\/\/hostallacreu.com\/es\/wp-json\/wp\/v2\/pages\/502\/revisions"}],"predecessor-version":[{"id":503,"href":"https:\/\/hostallacreu.com\/es\/wp-json\/wp\/v2\/pages\/502\/revisions\/503"}],"up":[{"embeddable":true,"href":"https:\/\/hostallacreu.com\/es\/wp-json\/wp\/v2\/pages\/484"}],"wp:featuredmedia":[{"embeddable":true,"href":"https:\/\/hostallacreu.com\/es\/wp-json\/wp\/v2\/media\/97"}],"wp:attachment":[{"href":"https:\/\/hostallacreu.com\/es\/wp-json\/wp\/v2\/media?parent=502"}],"curies":[{"name":"wp","href":"https:\/\/api.w.org\/{rel}","templated":true}]}}