{"id":481,"date":"2014-11-25T14:36:02","date_gmt":"2014-11-25T14:36:02","guid":{"rendered":"http:\/\/hostallacreu.com\/?page_id=481"},"modified":"2025-10-21T16:57:36","modified_gmt":"2025-10-21T16:57:36","slug":"entorno","status":"publish","type":"page","link":"https:\/\/hostallacreu.com\/es\/entorno\/","title":{"rendered":"Entorno"},"content":{"rendered":"<div id=\"metaslider-id-3819\" style=\"width: 100%;\" class=\"ml-slider-3-102-0 metaslider metaslider-flex metaslider-3819 ml-slider has-dots-nav ms-theme-default-base\" role=\"region\" aria-label=\"Entorn\" data-height=\"400\" data-width=\"1180\">\n    <div id=\"metaslider_container_3819\">\n        <div id=\"metaslider_3819\">\n            <ul aria-live='off' class='slides'>\n                <li style=\"display: block; width: 100%;\" class=\"slide-3820 ms-image \" aria-roledescription=\"slide\" data-date=\"2025-10-21 16:07:22\" data-slide-type=\"image\"><img loading=\"lazy\" decoding=\"async\" src=\"https:\/\/hostallacreu.com\/wp-content\/uploads\/2014\/11\/hostal-gastron\u00f2mic-la-creu-turisme-ribera-ebre-terres-ebre-pont-arcades-01.jpg\" height=\"400\" width=\"1180\" alt=\"\" class=\"slider-3819 slide-3820 msDefaultImage\" title=\"hostal gastron\u00f2mic la creu turisme ribera ebre terres ebre pont arcades-01\" \/><\/li>\n                <li style=\"display: none; width: 100%;\" class=\"slide-3821 ms-image \" aria-roledescription=\"slide\" data-date=\"2025-10-21 16:07:23\" data-slide-type=\"image\"><img loading=\"lazy\" decoding=\"async\" src=\"https:\/\/hostallacreu.com\/wp-content\/uploads\/2014\/11\/hotel-la-creu-mora-ebre-tarragona-01.jpg\" height=\"400\" width=\"1180\" alt=\"\" class=\"slider-3819 slide-3821 msDefaultImage\" title=\"hotel la creu mora ebre tarragona-01\" \/><\/li>\n                <li style=\"display: none; width: 100%;\" class=\"slide-3822 ms-image \" aria-roledescription=\"slide\" data-date=\"2025-10-21 16:07:23\" data-slide-type=\"image\"><img loading=\"lazy\" decoding=\"async\" src=\"https:\/\/hostallacreu.com\/wp-content\/uploads\/2014\/11\/navegar-caiac-kaiak-riu-ebro-ribera-ebre-terres-ebre-catalunya-01.jpg\" height=\"400\" width=\"1180\" alt=\"\" class=\"slider-3819 slide-3822 msDefaultImage\" title=\"navegar caiac kaiak riu ebro ribera ebre terres ebre catalunya-01\" \/><\/li>\n                <li style=\"display: none; width: 100%;\" class=\"slide-3823 ms-image \" aria-roledescription=\"slide\" data-date=\"2025-10-21 16:07:23\" data-slide-type=\"image\"><img loading=\"lazy\" decoding=\"async\" src=\"https:\/\/hostallacreu.com\/wp-content\/uploads\/2014\/11\/miravet-turisme-terres-ebre-catalunya-ribera-ebre-hotel-01.jpg\" height=\"400\" width=\"1180\" alt=\"\" class=\"slider-3819 slide-3823 msDefaultImage\" title=\"miravet turisme terres ebre catalunya ribera ebre hotel-01\" \/><\/li>\n                <li style=\"display: none; width: 100%;\" class=\"slide-3826 ms-image \" aria-roledescription=\"slide\" data-date=\"2025-10-21 16:11:45\" data-slide-type=\"image\"><img loading=\"lazy\" decoding=\"async\" src=\"https:\/\/hostallacreu.com\/wp-content\/uploads\/2014\/11\/mora-ebre-turisme-ribera-ebre-terres-catalunya-01.jpg\" height=\"400\" width=\"1180\" alt=\"\" class=\"slider-3819 slide-3826 msDefaultImage\" title=\"mora ebre turisme ribera ebre terres catalunya-01\" \/><\/li>\n                <li style=\"display: none; width: 100%;\" class=\"slide-3827 ms-image \" aria-roledescription=\"slide\" data-date=\"2025-10-21 16:12:04\" data-slide-type=\"image\"><img loading=\"lazy\" decoding=\"async\" src=\"https:\/\/hostallacreu.com\/wp-content\/uploads\/2014\/11\/balneari-de-cardo-01.jpg\" height=\"400\" width=\"1180\" alt=\"\" class=\"slider-3819 slide-3827 msDefaultImage\" title=\"balneari de cardo-01\" \/><\/li>\n            <\/ul>\n        <\/div>\n        \n    <\/div>\n<\/div>\n\n\n<p>Desde el Hostal Gastron\u00f3mico La Creu os proponemos una serie de lugares que hay que visitar de la Ribera del Ebro y las Tierras del Ebro como pueblos, lugares de inter\u00e9s, centros de interpretaci\u00f3n, museos y espacios naturales con el objetivo de que nuestros hu\u00e9spedes y clientes dispongan de informaci\u00f3n tur\u00edstica \u00fatil para organizar sus viajes.<\/p>","protected":false},"excerpt":{"rendered":"<p>Desde el Hostal Gastron\u00f3mico La Creu os proponemos una serie de lugares que hay que visitar de la Ribera del Ebro y las Tierras del Ebro como pueblos, lugares de inter\u00e9s, centros de interpretaci\u00f3n, museos y espacios naturales con el objetivo de que nuestros hu\u00e9spedes y clientes dispongan de informaci\u00f3n tur\u00edstica \u00fatil para organizar sus [&hellip;]<\/p>\n","protected":false},"author":3,"featured_media":83,"parent":0,"menu_order":30,"comment_status":"open","ping_status":"closed","template":"","meta":{"_monsterinsights_skip_tracking":false,"_monsterinsights_sitenote_active":false,"_monsterinsights_sitenote_note":"","_monsterinsights_sitenote_category":0,"footnotes":""},"class_list":["post-481","page","type-page","status-publish","has-post-thumbnail","hentry"],"yoast_head":"<!-- This site is optimized with the Yoast SEO plugin v26.2 - https:\/\/yoast.com\/wordpress\/plugins\/seo\/ -->\n<title>Entorno - Hostal Gastron\u00f2mic La Creu<\/title>\n<meta name=\"robots\" content=\"index, follow, max-snippet:-1, max-image-preview:large, max-video-preview:-1\" \/>\n<link rel=\"canonical\" href=\"https:\/\/hostallacreu.com\/es\/entorno\/\" \/>\n<meta property=\"og:locale\" content=\"es_ES\" \/>\n<meta property=\"og:type\" content=\"article\" \/>\n<meta property=\"og:title\" content=\"Entorno - Hostal Gastron\u00f2mic La Creu\" \/>\n<meta property=\"og:description\" content=\"Desde el Hostal Gastron\u00f3mico La Creu os proponemos una serie de lugares que hay que visitar de la Ribera del Ebro y las Tierras del Ebro como pueblos, lugares de inter\u00e9s, centros de interpretaci\u00f3n, museos y espacios naturales con el objetivo de que nuestros hu\u00e9spedes y clientes dispongan de informaci\u00f3n tur\u00edstica \u00fatil para organizar sus [&hellip;]\" \/>\n<meta property=\"og:url\" content=\"https:\/\/hostallacreu.com\/es\/entorno\/\" \/>\n<meta property=\"og:site_name\" content=\"Hostal Gastron\u00f2mic La Creu\" \/>\n<meta property=\"article:modified_time\" content=\"2025-10-21T16:57:36+00:00\" \/>\n<meta property=\"og:image\" content=\"http:\/\/hostallacreu.com\/wp-content\/uploads\/2014\/11\/miravet-turisme-terres-ebre-catalunya-ribera-ebre-hotel-01.jpg\" \/>\n\t<meta property=\"og:image:width\" content=\"2588\" \/>\n\t<meta property=\"og:image:height\" content=\"877\" \/>\n\t<meta property=\"og:image:type\" content=\"image\/jpeg\" \/>\n<meta name=\"twitter:label1\" content=\"Tiempo de lectura\" \/>\n\t<meta name=\"twitter:data1\" content=\"1 minuto\" \/>\n<script type=\"application\/ld+json\" class=\"yoast-schema-graph\">{\"@context\":\"https:\/\/schema.org\",\"@graph\":[{\"@type\":\"WebPage\",\"@id\":\"https:\/\/hostallacreu.com\/es\/entorno\/\",\"url\":\"https:\/\/hostallacreu.com\/es\/entorno\/\",\"name\":\"Entorno - Hostal Gastron\u00f2mic La Creu\",\"isPartOf\":{\"@id\":\"https:\/\/hostallacreu.com\/#website\"},\"primaryImageOfPage\":{\"@id\":\"https:\/\/hostallacreu.com\/es\/entorno\/#primaryimage\"},\"image\":{\"@id\":\"https:\/\/hostallacreu.com\/es\/entorno\/#primaryimage\"},\"thumbnailUrl\":\"https:\/\/hostallacreu.com\/wp-content\/uploads\/2014\/11\/miravet-turisme-terres-ebre-catalunya-ribera-ebre-hotel-01.jpg\",\"datePublished\":\"2014-11-25T14:36:02+00:00\",\"dateModified\":\"2025-10-21T16:57:36+00:00\",\"breadcrumb\":{\"@id\":\"https:\/\/hostallacreu.com\/es\/entorno\/#breadcrumb\"},\"inLanguage\":\"es\",\"potentialAction\":[{\"@type\":\"ReadAction\",\"target\":[\"https:\/\/hostallacreu.com\/es\/entorno\/\"]}]},{\"@type\":\"ImageObject\",\"inLanguage\":\"es\",\"@id\":\"https:\/\/hostallacreu.com\/es\/entorno\/#primaryimage\",\"url\":\"https:\/\/hostallacreu.com\/wp-content\/uploads\/2014\/11\/miravet-turisme-terres-ebre-catalunya-ribera-ebre-hotel-01.jpg\",\"contentUrl\":\"https:\/\/hostallacreu.com\/wp-content\/uploads\/2014\/11\/miravet-turisme-terres-ebre-catalunya-ribera-ebre-hotel-01.jpg\",\"width\":2588,\"height\":877},{\"@type\":\"BreadcrumbList\",\"@id\":\"https:\/\/hostallacreu.com\/es\/entorno\/#breadcrumb\",\"itemListElement\":[{\"@type\":\"ListItem\",\"position\":1,\"name\":\"Home\",\"item\":\"https:\/\/hostallacreu.com\/es\/\"},{\"@type\":\"ListItem\",\"position\":2,\"name\":\"Entorno\"}]},{\"@type\":\"WebSite\",\"@id\":\"https:\/\/hostallacreu.com\/#website\",\"url\":\"https:\/\/hostallacreu.com\/\",\"name\":\"Hostal Gastron\u00f2mic La Creu\",\"description\":\"El teu allotjament i restaurant a la Ribera d&#039;Ebre\",\"potentialAction\":[{\"@type\":\"SearchAction\",\"target\":{\"@type\":\"EntryPoint\",\"urlTemplate\":\"https:\/\/hostallacreu.com\/?s={search_term_string}\"},\"query-input\":{\"@type\":\"PropertyValueSpecification\",\"valueRequired\":true,\"valueName\":\"search_term_string\"}}],\"inLanguage\":\"es\"}]}<\/script>\n<!-- \/ Yoast SEO plugin. -->","yoast_head_json":{"title":"Entorno - Hostal Gastron\u00f2mic La Creu","robots":{"index":"index","follow":"follow","max-snippet":"max-snippet:-1","max-image-preview":"max-image-preview:large","max-video-preview":"max-video-preview:-1"},"canonical":"https:\/\/hostallacreu.com\/es\/entorno\/","og_locale":"es_ES","og_type":"article","og_title":"Entorno - Hostal Gastron\u00f2mic La Creu","og_description":"Desde el Hostal Gastron\u00f3mico La Creu os proponemos una serie de lugares que hay que visitar de la Ribera del Ebro y las Tierras del Ebro como pueblos, lugares de inter\u00e9s, centros de interpretaci\u00f3n, museos y espacios naturales con el objetivo de que nuestros hu\u00e9spedes y clientes dispongan de informaci\u00f3n tur\u00edstica \u00fatil para organizar sus [&hellip;]","og_url":"https:\/\/hostallacreu.com\/es\/entorno\/","og_site_name":"Hostal Gastron\u00f2mic La Creu","article_modified_time":"2025-10-21T16:57:36+00:00","og_image":[{"width":2588,"height":877,"url":"http:\/\/hostallacreu.com\/wp-content\/uploads\/2014\/11\/miravet-turisme-terres-ebre-catalunya-ribera-ebre-hotel-01.jpg","type":"image\/jpeg"}],"twitter_misc":{"Tiempo de lectura":"1 minuto"},"schema":{"@context":"https:\/\/schema.org","@graph":[{"@type":"WebPage","@id":"https:\/\/hostallacreu.com\/es\/entorno\/","url":"https:\/\/hostallacreu.com\/es\/entorno\/","name":"Entorno - Hostal Gastron\u00f2mic La Creu","isPartOf":{"@id":"https:\/\/hostallacreu.com\/#website"},"primaryImageOfPage":{"@id":"https:\/\/hostallacreu.com\/es\/entorno\/#primaryimage"},"image":{"@id":"https:\/\/hostallacreu.com\/es\/entorno\/#primaryimage"},"thumbnailUrl":"https:\/\/hostallacreu.com\/wp-content\/uploads\/2014\/11\/miravet-turisme-terres-ebre-catalunya-ribera-ebre-hotel-01.jpg","datePublished":"2014-11-25T14:36:02+00:00","dateModified":"2025-10-21T16:57:36+00:00","breadcrumb":{"@id":"https:\/\/hostallacreu.com\/es\/entorno\/#breadcrumb"},"inLanguage":"es","potentialAction":[{"@type":"ReadAction","target":["https:\/\/hostallacreu.com\/es\/entorno\/"]}]},{"@type":"ImageObject","inLanguage":"es","@id":"https:\/\/hostallacreu.com\/es\/entorno\/#primaryimage","url":"https:\/\/hostallacreu.com\/wp-content\/uploads\/2014\/11\/miravet-turisme-terres-ebre-catalunya-ribera-ebre-hotel-01.jpg","contentUrl":"https:\/\/hostallacreu.com\/wp-content\/uploads\/2014\/11\/miravet-turisme-terres-ebre-catalunya-ribera-ebre-hotel-01.jpg","width":2588,"height":877},{"@type":"BreadcrumbList","@id":"https:\/\/hostallacreu.com\/es\/entorno\/#breadcrumb","itemListElement":[{"@type":"ListItem","position":1,"name":"Home","item":"https:\/\/hostallacreu.com\/es\/"},{"@type":"ListItem","position":2,"name":"Entorno"}]},{"@type":"WebSite","@id":"https:\/\/hostallacreu.com\/#website","url":"https:\/\/hostallacreu.com\/","name":"Hostal Gastron\u00f2mic La Creu","description":"El teu allotjament i restaurant a la Ribera d&#039;Ebre","potentialAction":[{"@type":"SearchAction","target":{"@type":"EntryPoint","urlTemplate":"https:\/\/hostallacreu.com\/?s={search_term_string}"},"query-input":{"@type":"PropertyValueSpecification","valueRequired":true,"valueName":"search_term_string"}}],"inLanguage":"es"}]}},"_links":{"self":[{"href":"https:\/\/hostallacreu.com\/es\/wp-json\/wp\/v2\/pages\/481","targetHints":{"allow":["GET"]}}],"collection":[{"href":"https:\/\/hostallacreu.com\/es\/wp-json\/wp\/v2\/pages"}],"about":[{"href":"https:\/\/hostallacreu.com\/es\/wp-json\/wp\/v2\/types\/page"}],"author":[{"embeddable":true,"href":"https:\/\/hostallacreu.com\/es\/wp-json\/wp\/v2\/users\/3"}],"replies":[{"embeddable":true,"href":"https:\/\/hostallacreu.com\/es\/wp-json\/wp\/v2\/comments?post=481"}],"version-history":[{"count":4,"href":"https:\/\/hostallacreu.com\/es\/wp-json\/wp\/v2\/pages\/481\/revisions"}],"predecessor-version":[{"id":3878,"href":"https:\/\/hostallacreu.com\/es\/wp-json\/wp\/v2\/pages\/481\/revisions\/3878"}],"wp:featuredmedia":[{"embeddable":true,"href":"https:\/\/hostallacreu.com\/es\/wp-json\/wp\/v2\/media\/83"}],"wp:attachment":[{"href":"https:\/\/hostallacreu.com\/es\/wp-json\/wp\/v2\/media?parent=481"}],"curies":[{"name":"wp","href":"https:\/\/api.w.org\/{rel}","templated":true}]}}