{"id":456,"date":"2014-11-25T13:46:58","date_gmt":"2014-11-25T13:46:58","guid":{"rendered":"http:\/\/hostallacreu.com\/?page_id=456"},"modified":"2025-12-23T12:00:26","modified_gmt":"2025-12-23T12:00:26","slug":"restaurante","status":"publish","type":"page","link":"https:\/\/hostallacreu.com\/es\/restaurante\/","title":{"rendered":"Restaurante"},"content":{"rendered":"<div id=\"metaslider-id-3843\" style=\"width: 100%;\" class=\"ml-slider-3-102-0 metaslider metaslider-flex metaslider-3843 ml-slider has-dots-nav ms-theme-default-base\" role=\"region\" aria-label=\"Restaurant\" data-height=\"400\" data-width=\"1180\">\n    <div id=\"metaslider_container_3843\">\n        <div id=\"metaslider_3843\">\n            <ul aria-live='off' class='slides'>\n                <li style=\"display: block; width: 100%;\" class=\"slide-3844 ms-image \" aria-roledescription=\"slide\" data-date=\"2025-10-21 16:29:32\" data-slide-type=\"image\"><img loading=\"lazy\" decoding=\"async\" src=\"https:\/\/hostallacreu.com\/wp-content\/uploads\/2019\/09\/restaurant-la-creu-mora-ebre-2-1180x400.jpg\" height=\"400\" width=\"1180\" alt=\"\" class=\"slider-3843 slide-3844 msDefaultImage\" title=\"restaurant la creu mora ebre 2\" \/><\/li>\n                <li style=\"display: none; width: 100%;\" class=\"slide-3845 ms-image \" aria-roledescription=\"slide\" data-date=\"2025-10-21 16:29:32\" data-slide-type=\"image\"><img loading=\"lazy\" decoding=\"async\" src=\"https:\/\/hostallacreu.com\/wp-content\/uploads\/2019\/09\/restaurant-la-creu-mora-ebre-4-1180x400.jpg\" height=\"400\" width=\"1180\" alt=\"\" class=\"slider-3843 slide-3845 msDefaultImage\" title=\"restaurant la creu mora ebre 4\" \/><\/li>\n                <li style=\"display: none; width: 100%;\" class=\"slide-3846 ms-image \" aria-roledescription=\"slide\" data-date=\"2025-10-21 16:29:32\" data-slide-type=\"image\"><img loading=\"lazy\" decoding=\"async\" src=\"https:\/\/hostallacreu.com\/wp-content\/uploads\/2019\/09\/restaurant-la-creu-mora-ebre-1180x400.jpg\" height=\"400\" width=\"1180\" alt=\"\" class=\"slider-3843 slide-3846 msDefaultImage\" title=\"restaurant la creu mora ebre\" \/><\/li>\n                <li style=\"display: none; width: 100%;\" class=\"slide-3847 ms-image \" aria-roledescription=\"slide\" data-date=\"2025-10-21 16:29:32\" data-slide-type=\"image\"><img loading=\"lazy\" decoding=\"async\" src=\"https:\/\/hostallacreu.com\/wp-content\/uploads\/2019\/09\/restaurant-la-creu-mora-ebre-3-1180x400.jpg\" height=\"400\" width=\"1180\" alt=\"\" class=\"slider-3843 slide-3847 msDefaultImage\" title=\"restaurant la creu mora ebre 3\" \/><\/li>\n            <\/ul>\n        <\/div>\n        \n    <\/div>\n<\/div>\n\n\n<p>Ofrecemos una cocina de mercado y creativa, marcada por los productos de calidad y de proximidad, sin olvidar la rica cocina tradicional de nuestras tierras.<\/p>\n<p>En nuestro restaurante podr\u00e1 degustar la cocina tradicional de las Tierras del Ebro con un toque creativo, moderno, original y de acuerdo a los requerimientos de los paladares m\u00e1s exigentes.<\/p>\n<p>Ofrecemos servicio de restaurante para nuestros hu\u00e9spedes pero tambi\u00e9n para el p\u00fablico en general a trav\u00e9s de una extensa variedad de men\u00fas, carta y picaditas. Tambi\u00e9n elaboramos men\u00fas especiales, ya sea para cenas de empresa, de grupos o celebraciones familiares. Nuestro sal\u00f3n, con un ambiente acogedor se convierte en un lugar id\u00f3neo para la intimidad de tus celebraciones, adem\u00e1s nosotros nos encargamos de todo lo que necesitas (decoraci\u00f3n, animaciones musicales, animaciones infantiles, etc.)<\/p>\n<p>Al mismo tiempo, nuestra cocina se acompa\u00f1a de una carta de vinos donde podr\u00e1 encontrar una selecci\u00f3n de los vinos m\u00e1s representativos de las denominaciones de origen del sur de Catalu\u00f1a.<\/p>\n<p><strong>HORARIOS\u00a0\u00a0<\/strong><\/p>\n<p><strong>NOTA INFORMATIVA RESTAURANTE<\/strong>: El restaurante permanecer\u00e1 cerrado los d\u00edas 24, 25, 26, 27 y 31 de Diciembre de 2025 y el d\u00eda 1 de Enero de 2026. Tambi\u00e9n permanecer\u00e1 cerrado los d\u00edas 6, 7, 8, 9, 10 y 11 de Enero de 2026 por descanso semanal. Disculpad las molestias.<\/p>\n<p><span class=\"_5mfr\"><span class=\"_6qdm\">\ud83d\udcc5<\/span><\/span> <span style=\"color: #0000ff;\"><strong>Abierto de jueves a martes<\/strong><\/span><\/p>\n<p><span class=\"_5mfr\"><span class=\"_6qdm\">\ud83d\udcc5<\/span><\/span> <strong>Mi\u00e9rcoles cerrado por descanso semanal<\/strong><\/p>\n<p><span class=\"_5mfr\"><span class=\"_6qdm\">\u23f0<\/span><\/span> <span style=\"color: #0000ff;\"><strong>Mediod\u00eda\/Almuerzos de 13.00h a 16.00h\u00a0<\/strong><\/span><\/p>\n<p><span style=\"color: #0000ff;\"><strong>\u00a0 \u00a0 \u00a0 Noches\/Cenas \u2013 cerrado<\/strong><\/span><\/p>\n<p><span class=\"_5mfr\"><span class=\"_6qdm\">\u260e\ufe0f<\/span><\/span> Si tiene previsto venir, rogamos reserve antes y nos ayudar\u00e1 a gestionar los espacios.<\/p>\n<p>P\u00eddanos por los men\u00fas diario\/fin de semana-festivo y se los enviaremos sin compromiso.<\/p>\n<p>Nuestros tel\u00e9fonos son 977 40 07 07 y 665 642 713 (Noelia Guirao Morillo, Gerente\/Directora).<\/p>\n\n\n<figure class=\"wp-block-image size-large\"><img decoding=\"async\" src=\"https:\/\/hostallacreu.com\/wp-content\/uploads\/2021\/07\/Guirao-Morillo-SL.jpg\" alt=\"\"\/><\/figure>\n","protected":false},"excerpt":{"rendered":"<p>Ofrecemos una cocina de mercado y creativa, marcada por los productos de calidad y de proximidad, sin olvidar la rica cocina tradicional de nuestras tierras. En nuestro restaurante podr\u00e1 degustar la cocina tradicional de las Tierras del Ebro con un toque creativo, moderno, original y de acuerdo a los requerimientos de los paladares m\u00e1s exigentes. [&hellip;]<\/p>\n","protected":false},"author":3,"featured_media":79,"parent":0,"menu_order":0,"comment_status":"open","ping_status":"open","template":"","meta":{"_monsterinsights_skip_tracking":false,"_monsterinsights_sitenote_active":false,"_monsterinsights_sitenote_note":"","_monsterinsights_sitenote_category":0,"footnotes":""},"class_list":["post-456","page","type-page","status-publish","has-post-thumbnail","hentry"],"yoast_head":"<!-- This site is optimized with the Yoast SEO plugin v26.2 - https:\/\/yoast.com\/wordpress\/plugins\/seo\/ -->\n<title>Restaurante - Hostal Gastron\u00f2mic La Creu<\/title>\n<meta name=\"robots\" content=\"index, follow, max-snippet:-1, max-image-preview:large, max-video-preview:-1\" \/>\n<link rel=\"canonical\" href=\"https:\/\/hostallacreu.com\/es\/restaurante\/\" \/>\n<meta property=\"og:locale\" content=\"es_ES\" \/>\n<meta property=\"og:type\" content=\"article\" \/>\n<meta property=\"og:title\" content=\"Restaurante - Hostal Gastron\u00f2mic La Creu\" \/>\n<meta property=\"og:description\" content=\"Ofrecemos una cocina de mercado y creativa, marcada por los productos de calidad y de proximidad, sin olvidar la rica cocina tradicional de nuestras tierras. En nuestro restaurante podr\u00e1 degustar la cocina tradicional de las Tierras del Ebro con un toque creativo, moderno, original y de acuerdo a los requerimientos de los paladares m\u00e1s exigentes. [&hellip;]\" \/>\n<meta property=\"og:url\" content=\"https:\/\/hostallacreu.com\/es\/restaurante\/\" \/>\n<meta property=\"og:site_name\" content=\"Hostal Gastron\u00f2mic La Creu\" \/>\n<meta property=\"article:modified_time\" content=\"2025-12-23T12:00:26+00:00\" \/>\n<meta property=\"og:image\" content=\"https:\/\/hostallacreu.com\/wp-content\/uploads\/2014\/11\/restaurant-hostal-la-creu-m\u00f3ra-ebre-ribera-terres-catalunya-01-01-01-01-01.jpg\" \/>\n\t<meta property=\"og:image:width\" content=\"2588\" \/>\n\t<meta property=\"og:image:height\" content=\"877\" \/>\n\t<meta property=\"og:image:type\" content=\"image\/jpeg\" \/>\n<meta name=\"twitter:label1\" content=\"Tiempo de lectura\" \/>\n\t<meta name=\"twitter:data1\" content=\"2 minutos\" \/>\n<script type=\"application\/ld+json\" class=\"yoast-schema-graph\">{\"@context\":\"https:\/\/schema.org\",\"@graph\":[{\"@type\":\"WebPage\",\"@id\":\"https:\/\/hostallacreu.com\/es\/restaurante\/\",\"url\":\"https:\/\/hostallacreu.com\/es\/restaurante\/\",\"name\":\"Restaurante - Hostal Gastron\u00f2mic La Creu\",\"isPartOf\":{\"@id\":\"https:\/\/hostallacreu.com\/#website\"},\"primaryImageOfPage\":{\"@id\":\"https:\/\/hostallacreu.com\/es\/restaurante\/#primaryimage\"},\"image\":{\"@id\":\"https:\/\/hostallacreu.com\/es\/restaurante\/#primaryimage\"},\"thumbnailUrl\":\"https:\/\/hostallacreu.com\/wp-content\/uploads\/2014\/11\/restaurant-hostal-la-creu-m\u00f3ra-ebre-ribera-terres-catalunya-01-01-01-01-01.jpg\",\"datePublished\":\"2014-11-25T13:46:58+00:00\",\"dateModified\":\"2025-12-23T12:00:26+00:00\",\"breadcrumb\":{\"@id\":\"https:\/\/hostallacreu.com\/es\/restaurante\/#breadcrumb\"},\"inLanguage\":\"es\",\"potentialAction\":[{\"@type\":\"ReadAction\",\"target\":[\"https:\/\/hostallacreu.com\/es\/restaurante\/\"]}]},{\"@type\":\"ImageObject\",\"inLanguage\":\"es\",\"@id\":\"https:\/\/hostallacreu.com\/es\/restaurante\/#primaryimage\",\"url\":\"https:\/\/hostallacreu.com\/wp-content\/uploads\/2014\/11\/restaurant-hostal-la-creu-m\u00f3ra-ebre-ribera-terres-catalunya-01-01-01-01-01.jpg\",\"contentUrl\":\"https:\/\/hostallacreu.com\/wp-content\/uploads\/2014\/11\/restaurant-hostal-la-creu-m\u00f3ra-ebre-ribera-terres-catalunya-01-01-01-01-01.jpg\",\"width\":2588,\"height\":877},{\"@type\":\"BreadcrumbList\",\"@id\":\"https:\/\/hostallacreu.com\/es\/restaurante\/#breadcrumb\",\"itemListElement\":[{\"@type\":\"ListItem\",\"position\":1,\"name\":\"Home\",\"item\":\"https:\/\/hostallacreu.com\/es\/\"},{\"@type\":\"ListItem\",\"position\":2,\"name\":\"Restaurante\"}]},{\"@type\":\"WebSite\",\"@id\":\"https:\/\/hostallacreu.com\/#website\",\"url\":\"https:\/\/hostallacreu.com\/\",\"name\":\"Hostal Gastron\u00f2mic La Creu\",\"description\":\"El teu allotjament i restaurant a la Ribera d&#039;Ebre\",\"potentialAction\":[{\"@type\":\"SearchAction\",\"target\":{\"@type\":\"EntryPoint\",\"urlTemplate\":\"https:\/\/hostallacreu.com\/?s={search_term_string}\"},\"query-input\":{\"@type\":\"PropertyValueSpecification\",\"valueRequired\":true,\"valueName\":\"search_term_string\"}}],\"inLanguage\":\"es\"}]}<\/script>\n<!-- \/ Yoast SEO plugin. -->","yoast_head_json":{"title":"Restaurante - Hostal Gastron\u00f2mic La Creu","robots":{"index":"index","follow":"follow","max-snippet":"max-snippet:-1","max-image-preview":"max-image-preview:large","max-video-preview":"max-video-preview:-1"},"canonical":"https:\/\/hostallacreu.com\/es\/restaurante\/","og_locale":"es_ES","og_type":"article","og_title":"Restaurante - Hostal Gastron\u00f2mic La Creu","og_description":"Ofrecemos una cocina de mercado y creativa, marcada por los productos de calidad y de proximidad, sin olvidar la rica cocina tradicional de nuestras tierras. En nuestro restaurante podr\u00e1 degustar la cocina tradicional de las Tierras del Ebro con un toque creativo, moderno, original y de acuerdo a los requerimientos de los paladares m\u00e1s exigentes. [&hellip;]","og_url":"https:\/\/hostallacreu.com\/es\/restaurante\/","og_site_name":"Hostal Gastron\u00f2mic La Creu","article_modified_time":"2025-12-23T12:00:26+00:00","og_image":[{"width":2588,"height":877,"url":"https:\/\/hostallacreu.com\/wp-content\/uploads\/2014\/11\/restaurant-hostal-la-creu-m\u00f3ra-ebre-ribera-terres-catalunya-01-01-01-01-01.jpg","type":"image\/jpeg"}],"twitter_misc":{"Tiempo de lectura":"2 minutos"},"schema":{"@context":"https:\/\/schema.org","@graph":[{"@type":"WebPage","@id":"https:\/\/hostallacreu.com\/es\/restaurante\/","url":"https:\/\/hostallacreu.com\/es\/restaurante\/","name":"Restaurante - Hostal Gastron\u00f2mic La Creu","isPartOf":{"@id":"https:\/\/hostallacreu.com\/#website"},"primaryImageOfPage":{"@id":"https:\/\/hostallacreu.com\/es\/restaurante\/#primaryimage"},"image":{"@id":"https:\/\/hostallacreu.com\/es\/restaurante\/#primaryimage"},"thumbnailUrl":"https:\/\/hostallacreu.com\/wp-content\/uploads\/2014\/11\/restaurant-hostal-la-creu-m\u00f3ra-ebre-ribera-terres-catalunya-01-01-01-01-01.jpg","datePublished":"2014-11-25T13:46:58+00:00","dateModified":"2025-12-23T12:00:26+00:00","breadcrumb":{"@id":"https:\/\/hostallacreu.com\/es\/restaurante\/#breadcrumb"},"inLanguage":"es","potentialAction":[{"@type":"ReadAction","target":["https:\/\/hostallacreu.com\/es\/restaurante\/"]}]},{"@type":"ImageObject","inLanguage":"es","@id":"https:\/\/hostallacreu.com\/es\/restaurante\/#primaryimage","url":"https:\/\/hostallacreu.com\/wp-content\/uploads\/2014\/11\/restaurant-hostal-la-creu-m\u00f3ra-ebre-ribera-terres-catalunya-01-01-01-01-01.jpg","contentUrl":"https:\/\/hostallacreu.com\/wp-content\/uploads\/2014\/11\/restaurant-hostal-la-creu-m\u00f3ra-ebre-ribera-terres-catalunya-01-01-01-01-01.jpg","width":2588,"height":877},{"@type":"BreadcrumbList","@id":"https:\/\/hostallacreu.com\/es\/restaurante\/#breadcrumb","itemListElement":[{"@type":"ListItem","position":1,"name":"Home","item":"https:\/\/hostallacreu.com\/es\/"},{"@type":"ListItem","position":2,"name":"Restaurante"}]},{"@type":"WebSite","@id":"https:\/\/hostallacreu.com\/#website","url":"https:\/\/hostallacreu.com\/","name":"Hostal Gastron\u00f2mic La Creu","description":"El teu allotjament i restaurant a la Ribera d&#039;Ebre","potentialAction":[{"@type":"SearchAction","target":{"@type":"EntryPoint","urlTemplate":"https:\/\/hostallacreu.com\/?s={search_term_string}"},"query-input":{"@type":"PropertyValueSpecification","valueRequired":true,"valueName":"search_term_string"}}],"inLanguage":"es"}]}},"_links":{"self":[{"href":"https:\/\/hostallacreu.com\/es\/wp-json\/wp\/v2\/pages\/456","targetHints":{"allow":["GET"]}}],"collection":[{"href":"https:\/\/hostallacreu.com\/es\/wp-json\/wp\/v2\/pages"}],"about":[{"href":"https:\/\/hostallacreu.com\/es\/wp-json\/wp\/v2\/types\/page"}],"author":[{"embeddable":true,"href":"https:\/\/hostallacreu.com\/es\/wp-json\/wp\/v2\/users\/3"}],"replies":[{"embeddable":true,"href":"https:\/\/hostallacreu.com\/es\/wp-json\/wp\/v2\/comments?post=456"}],"version-history":[{"count":18,"href":"https:\/\/hostallacreu.com\/es\/wp-json\/wp\/v2\/pages\/456\/revisions"}],"predecessor-version":[{"id":3901,"href":"https:\/\/hostallacreu.com\/es\/wp-json\/wp\/v2\/pages\/456\/revisions\/3901"}],"wp:featuredmedia":[{"embeddable":true,"href":"https:\/\/hostallacreu.com\/es\/wp-json\/wp\/v2\/media\/79"}],"wp:attachment":[{"href":"https:\/\/hostallacreu.com\/es\/wp-json\/wp\/v2\/media?parent=456"}],"curies":[{"name":"wp","href":"https:\/\/api.w.org\/{rel}","templated":true}]}}