{"id":428,"date":"2014-11-25T13:02:01","date_gmt":"2014-11-25T13:02:01","guid":{"rendered":"http:\/\/hostallacreu.com\/?page_id=428"},"modified":"2014-11-25T13:03:02","modified_gmt":"2014-11-25T13:03:02","slug":"428-2","status":"publish","type":"page","link":"https:\/\/hostallacreu.com\/es\/hostal-2\/habitaciones\/428-2\/","title":{"rendered":"Doble (3)"},"content":{"rendered":"<p><a href=\"https:\/\/hostallacreu.com\/wp-content\/uploads\/2014\/11\/habitacio\u00a6\u00fc-12-hostal-la-creu.jpg\"><img loading=\"lazy\" decoding=\"async\" class=\"alignright  wp-image-91\" src=\"https:\/\/hostallacreu.com\/wp-content\/uploads\/2014\/11\/habitacio\u00a6\u00fc-12-hostal-la-creu.jpg\" alt=\"habitacio\u00a6\u00fc 12 - hostal la creu\" width=\"539\" height=\"358\" srcset=\"https:\/\/hostallacreu.com\/wp-content\/uploads\/2014\/11\/habitacio\u00a6\u00fc-12-hostal-la-creu.jpg 1024w, https:\/\/hostallacreu.com\/wp-content\/uploads\/2014\/11\/habitacio\u00a6\u00fc-12-hostal-la-creu-300x199.jpg 300w, https:\/\/hostallacreu.com\/wp-content\/uploads\/2014\/11\/habitacio\u00a6\u00fc-12-hostal-la-creu-624x414.jpg 624w\" sizes=\"auto, (max-width: 539px) 100vw, 539px\" \/><\/a><\/p>\n<p><span style=\"color: #99ccff;\"><strong>Disponemos de 3 habitaciones\u00a0dobles o twin.<\/strong><\/span><\/p>\n<p>Son:\u00a0LA RIBERA D\u2019EBRE, \u00a0LA TORRE DE L\u2019ESPANYOL i \u00a0M\u00d3RA D\u2019EBRE<\/p>\n<p>Camas individuales, TV, ba\u00f1o con ducha, escritorio, frigor\u00edfico, climatizaci\u00f3n, sill\u00f3n, conexi\u00f3n a internet, exterior, balc\u00f3n, luz natural, amenities, botella de agua de bienvenida<\/p>\n<p>Servicio de recepci\u00f3n 24 horas, servicio de desayuno en las habitaciones, servicio de lavander\u00eda, informaci\u00f3n tur\u00edstica, disponibilidad de secador de pelo, ascensor, accesibilidad adaptada para minusv\u00e1lidos.<\/p>\n","protected":false},"excerpt":{"rendered":"<p>Disponemos de 3 habitaciones\u00a0dobles o twin. Son:\u00a0LA RIBERA D\u2019EBRE, \u00a0LA TORRE DE L\u2019ESPANYOL i \u00a0M\u00d3RA D\u2019EBRE Camas individuales, TV, ba\u00f1o con ducha, escritorio, frigor\u00edfico, climatizaci\u00f3n, sill\u00f3n, conexi\u00f3n a internet, exterior, balc\u00f3n, luz natural, amenities, botella de agua de bienvenida Servicio de recepci\u00f3n 24 horas, servicio de desayuno en las habitaciones, servicio de lavander\u00eda, informaci\u00f3n tur\u00edstica, [&hellip;]<\/p>\n","protected":false},"author":3,"featured_media":91,"parent":422,"menu_order":2,"comment_status":"closed","ping_status":"closed","template":"","meta":{"_monsterinsights_skip_tracking":false,"_monsterinsights_sitenote_active":false,"_monsterinsights_sitenote_note":"","_monsterinsights_sitenote_category":0,"footnotes":""},"class_list":["post-428","page","type-page","status-publish","has-post-thumbnail","hentry"],"yoast_head":"<!-- This site is optimized with the Yoast SEO plugin v26.2 - https:\/\/yoast.com\/wordpress\/plugins\/seo\/ -->\n<title>Doble (3) - Hostal Gastron\u00f2mic La Creu<\/title>\n<meta name=\"robots\" content=\"index, follow, max-snippet:-1, max-image-preview:large, max-video-preview:-1\" \/>\n<link rel=\"canonical\" href=\"http:\/\/hostallacreu.com\/es\/hostal-2\/habitaciones\/428-2\/\" \/>\n<meta property=\"og:locale\" content=\"es_ES\" \/>\n<meta property=\"og:type\" content=\"article\" \/>\n<meta property=\"og:title\" content=\"Doble (3) - Hostal Gastron\u00f2mic La Creu\" \/>\n<meta property=\"og:description\" content=\"Disponemos de 3 habitaciones\u00a0dobles o twin. Son:\u00a0LA RIBERA D\u2019EBRE, \u00a0LA TORRE DE L\u2019ESPANYOL i \u00a0M\u00d3RA D\u2019EBRE Camas individuales, TV, ba\u00f1o con ducha, escritorio, frigor\u00edfico, climatizaci\u00f3n, sill\u00f3n, conexi\u00f3n a internet, exterior, balc\u00f3n, luz natural, amenities, botella de agua de bienvenida Servicio de recepci\u00f3n 24 horas, servicio de desayuno en las habitaciones, servicio de lavander\u00eda, informaci\u00f3n tur\u00edstica, [&hellip;]\" \/>\n<meta property=\"og:url\" content=\"http:\/\/hostallacreu.com\/es\/hostal-2\/habitaciones\/428-2\/\" \/>\n<meta property=\"og:site_name\" content=\"Hostal Gastron\u00f2mic La Creu\" \/>\n<meta property=\"article:modified_time\" content=\"2014-11-25T13:03:02+00:00\" \/>\n<meta property=\"og:image\" content=\"http:\/\/hostallacreu.com\/wp-content\/uploads\/2014\/11\/habitacio\u00a6\u00fc-12-hostal-la-creu.jpg\" \/>\n\t<meta property=\"og:image:width\" content=\"1024\" \/>\n\t<meta property=\"og:image:height\" content=\"680\" \/>\n\t<meta property=\"og:image:type\" content=\"image\/jpeg\" \/>\n<script type=\"application\/ld+json\" class=\"yoast-schema-graph\">{\"@context\":\"https:\/\/schema.org\",\"@graph\":[{\"@type\":\"WebPage\",\"@id\":\"http:\/\/hostallacreu.com\/es\/hostal-2\/habitaciones\/428-2\/\",\"url\":\"http:\/\/hostallacreu.com\/es\/hostal-2\/habitaciones\/428-2\/\",\"name\":\"Doble (3) - Hostal Gastron\u00f2mic La Creu\",\"isPartOf\":{\"@id\":\"https:\/\/hostallacreu.com\/#website\"},\"primaryImageOfPage\":{\"@id\":\"http:\/\/hostallacreu.com\/es\/hostal-2\/habitaciones\/428-2\/#primaryimage\"},\"image\":{\"@id\":\"http:\/\/hostallacreu.com\/es\/hostal-2\/habitaciones\/428-2\/#primaryimage\"},\"thumbnailUrl\":\"https:\/\/hostallacreu.com\/wp-content\/uploads\/2014\/11\/habitacio\u00a6\u00fc-12-hostal-la-creu.jpg\",\"datePublished\":\"2014-11-25T13:02:01+00:00\",\"dateModified\":\"2014-11-25T13:03:02+00:00\",\"breadcrumb\":{\"@id\":\"http:\/\/hostallacreu.com\/es\/hostal-2\/habitaciones\/428-2\/#breadcrumb\"},\"inLanguage\":\"es\",\"potentialAction\":[{\"@type\":\"ReadAction\",\"target\":[\"http:\/\/hostallacreu.com\/es\/hostal-2\/habitaciones\/428-2\/\"]}]},{\"@type\":\"ImageObject\",\"inLanguage\":\"es\",\"@id\":\"http:\/\/hostallacreu.com\/es\/hostal-2\/habitaciones\/428-2\/#primaryimage\",\"url\":\"https:\/\/hostallacreu.com\/wp-content\/uploads\/2014\/11\/habitacio\u00a6\u00fc-12-hostal-la-creu.jpg\",\"contentUrl\":\"https:\/\/hostallacreu.com\/wp-content\/uploads\/2014\/11\/habitacio\u00a6\u00fc-12-hostal-la-creu.jpg\",\"width\":1024,\"height\":680},{\"@type\":\"BreadcrumbList\",\"@id\":\"http:\/\/hostallacreu.com\/es\/hostal-2\/habitaciones\/428-2\/#breadcrumb\",\"itemListElement\":[{\"@type\":\"ListItem\",\"position\":1,\"name\":\"Home\",\"item\":\"https:\/\/hostallacreu.com\/es\/\"},{\"@type\":\"ListItem\",\"position\":2,\"name\":\"Hostal\",\"item\":\"https:\/\/hostallacreu.com\/es\/hostal-2\/\"},{\"@type\":\"ListItem\",\"position\":3,\"name\":\"Habitaciones\",\"item\":\"http:\/\/hostallacreu.com\/es\/hostal-2\/habitaciones\/\"},{\"@type\":\"ListItem\",\"position\":4,\"name\":\"Doble (3)\"}]},{\"@type\":\"WebSite\",\"@id\":\"https:\/\/hostallacreu.com\/#website\",\"url\":\"https:\/\/hostallacreu.com\/\",\"name\":\"Hostal Gastron\u00f2mic La Creu\",\"description\":\"El teu allotjament i restaurant a la Ribera d&#039;Ebre\",\"potentialAction\":[{\"@type\":\"SearchAction\",\"target\":{\"@type\":\"EntryPoint\",\"urlTemplate\":\"https:\/\/hostallacreu.com\/?s={search_term_string}\"},\"query-input\":{\"@type\":\"PropertyValueSpecification\",\"valueRequired\":true,\"valueName\":\"search_term_string\"}}],\"inLanguage\":\"es\"}]}<\/script>\n<!-- \/ Yoast SEO plugin. -->","yoast_head_json":{"title":"Doble (3) - Hostal Gastron\u00f2mic La Creu","robots":{"index":"index","follow":"follow","max-snippet":"max-snippet:-1","max-image-preview":"max-image-preview:large","max-video-preview":"max-video-preview:-1"},"canonical":"http:\/\/hostallacreu.com\/es\/hostal-2\/habitaciones\/428-2\/","og_locale":"es_ES","og_type":"article","og_title":"Doble (3) - Hostal Gastron\u00f2mic La Creu","og_description":"Disponemos de 3 habitaciones\u00a0dobles o twin. Son:\u00a0LA RIBERA D\u2019EBRE, \u00a0LA TORRE DE L\u2019ESPANYOL i \u00a0M\u00d3RA D\u2019EBRE Camas individuales, TV, ba\u00f1o con ducha, escritorio, frigor\u00edfico, climatizaci\u00f3n, sill\u00f3n, conexi\u00f3n a internet, exterior, balc\u00f3n, luz natural, amenities, botella de agua de bienvenida Servicio de recepci\u00f3n 24 horas, servicio de desayuno en las habitaciones, servicio de lavander\u00eda, informaci\u00f3n tur\u00edstica, [&hellip;]","og_url":"http:\/\/hostallacreu.com\/es\/hostal-2\/habitaciones\/428-2\/","og_site_name":"Hostal Gastron\u00f2mic La Creu","article_modified_time":"2014-11-25T13:03:02+00:00","og_image":[{"width":1024,"height":680,"url":"http:\/\/hostallacreu.com\/wp-content\/uploads\/2014\/11\/habitacio\u00a6\u00fc-12-hostal-la-creu.jpg","type":"image\/jpeg"}],"schema":{"@context":"https:\/\/schema.org","@graph":[{"@type":"WebPage","@id":"http:\/\/hostallacreu.com\/es\/hostal-2\/habitaciones\/428-2\/","url":"http:\/\/hostallacreu.com\/es\/hostal-2\/habitaciones\/428-2\/","name":"Doble (3) - Hostal Gastron\u00f2mic La Creu","isPartOf":{"@id":"https:\/\/hostallacreu.com\/#website"},"primaryImageOfPage":{"@id":"http:\/\/hostallacreu.com\/es\/hostal-2\/habitaciones\/428-2\/#primaryimage"},"image":{"@id":"http:\/\/hostallacreu.com\/es\/hostal-2\/habitaciones\/428-2\/#primaryimage"},"thumbnailUrl":"https:\/\/hostallacreu.com\/wp-content\/uploads\/2014\/11\/habitacio\u00a6\u00fc-12-hostal-la-creu.jpg","datePublished":"2014-11-25T13:02:01+00:00","dateModified":"2014-11-25T13:03:02+00:00","breadcrumb":{"@id":"http:\/\/hostallacreu.com\/es\/hostal-2\/habitaciones\/428-2\/#breadcrumb"},"inLanguage":"es","potentialAction":[{"@type":"ReadAction","target":["http:\/\/hostallacreu.com\/es\/hostal-2\/habitaciones\/428-2\/"]}]},{"@type":"ImageObject","inLanguage":"es","@id":"http:\/\/hostallacreu.com\/es\/hostal-2\/habitaciones\/428-2\/#primaryimage","url":"https:\/\/hostallacreu.com\/wp-content\/uploads\/2014\/11\/habitacio\u00a6\u00fc-12-hostal-la-creu.jpg","contentUrl":"https:\/\/hostallacreu.com\/wp-content\/uploads\/2014\/11\/habitacio\u00a6\u00fc-12-hostal-la-creu.jpg","width":1024,"height":680},{"@type":"BreadcrumbList","@id":"http:\/\/hostallacreu.com\/es\/hostal-2\/habitaciones\/428-2\/#breadcrumb","itemListElement":[{"@type":"ListItem","position":1,"name":"Home","item":"https:\/\/hostallacreu.com\/es\/"},{"@type":"ListItem","position":2,"name":"Hostal","item":"https:\/\/hostallacreu.com\/es\/hostal-2\/"},{"@type":"ListItem","position":3,"name":"Habitaciones","item":"http:\/\/hostallacreu.com\/es\/hostal-2\/habitaciones\/"},{"@type":"ListItem","position":4,"name":"Doble (3)"}]},{"@type":"WebSite","@id":"https:\/\/hostallacreu.com\/#website","url":"https:\/\/hostallacreu.com\/","name":"Hostal Gastron\u00f2mic La Creu","description":"El teu allotjament i restaurant a la Ribera d&#039;Ebre","potentialAction":[{"@type":"SearchAction","target":{"@type":"EntryPoint","urlTemplate":"https:\/\/hostallacreu.com\/?s={search_term_string}"},"query-input":{"@type":"PropertyValueSpecification","valueRequired":true,"valueName":"search_term_string"}}],"inLanguage":"es"}]}},"_links":{"self":[{"href":"https:\/\/hostallacreu.com\/es\/wp-json\/wp\/v2\/pages\/428","targetHints":{"allow":["GET"]}}],"collection":[{"href":"https:\/\/hostallacreu.com\/es\/wp-json\/wp\/v2\/pages"}],"about":[{"href":"https:\/\/hostallacreu.com\/es\/wp-json\/wp\/v2\/types\/page"}],"author":[{"embeddable":true,"href":"https:\/\/hostallacreu.com\/es\/wp-json\/wp\/v2\/users\/3"}],"replies":[{"embeddable":true,"href":"https:\/\/hostallacreu.com\/es\/wp-json\/wp\/v2\/comments?post=428"}],"version-history":[{"count":2,"href":"https:\/\/hostallacreu.com\/es\/wp-json\/wp\/v2\/pages\/428\/revisions"}],"predecessor-version":[{"id":430,"href":"https:\/\/hostallacreu.com\/es\/wp-json\/wp\/v2\/pages\/428\/revisions\/430"}],"up":[{"embeddable":true,"href":"https:\/\/hostallacreu.com\/es\/wp-json\/wp\/v2\/pages\/422"}],"wp:featuredmedia":[{"embeddable":true,"href":"https:\/\/hostallacreu.com\/es\/wp-json\/wp\/v2\/media\/91"}],"wp:attachment":[{"href":"https:\/\/hostallacreu.com\/es\/wp-json\/wp\/v2\/media?parent=428"}],"curies":[{"name":"wp","href":"https:\/\/api.w.org\/{rel}","templated":true}]}}