{"id":420,"date":"2014-11-25T12:53:30","date_gmt":"2014-11-25T12:53:30","guid":{"rendered":"http:\/\/hostallacreu.com\/?page_id=420"},"modified":"2025-10-21T16:53:05","modified_gmt":"2025-10-21T16:53:05","slug":"hostal-2","status":"publish","type":"page","link":"https:\/\/hostallacreu.com\/es\/hostal-2\/","title":{"rendered":"Hostal"},"content":{"rendered":"<div id=\"metaslider-id-3850\" style=\"width: 100%;\" class=\"ml-slider-3-102-0 metaslider metaslider-flex metaslider-3850 ml-slider has-dots-nav ms-theme-default-base\" role=\"region\" aria-label=\"Hostal\" data-height=\"400\" data-width=\"1180\">\n    <div id=\"metaslider_container_3850\">\n        <div id=\"metaslider_3850\">\n            <ul aria-live='off' class='slides'>\n                <li style=\"display: block; width: 100%;\" class=\"slide-3851 ms-image \" aria-roledescription=\"slide\" data-date=\"2025-10-21 16:34:15\" data-slide-type=\"image\"><img loading=\"lazy\" decoding=\"async\" src=\"https:\/\/hostallacreu.com\/wp-content\/uploads\/2015\/01\/hostal-la-creu-mora-ebre-tarragona-habitacions-2-01-01-01-1180x400.jpg\" height=\"400\" width=\"1180\" alt=\"\" class=\"slider-3850 slide-3851 msDefaultImage\" title=\"hostal la creu mora ebre tarragona habitacions 2-01-01-01\" \/><\/li>\n                <li style=\"display: none; width: 100%;\" class=\"slide-3852 ms-image \" aria-roledescription=\"slide\" data-date=\"2025-10-21 16:34:15\" data-slide-type=\"image\"><img loading=\"lazy\" decoding=\"async\" src=\"https:\/\/hostallacreu.com\/wp-content\/uploads\/2015\/01\/hostal-la-creu-mora-ebre-tarragona-habitacions-2-01-01-1180x400.jpg\" height=\"400\" width=\"1180\" alt=\"\" class=\"slider-3850 slide-3852 msDefaultImage\" title=\"hostal la creu mora ebre tarragona habitacions 2-01-01\" \/><\/li>\n                <li style=\"display: none; width: 100%;\" class=\"slide-3853 ms-image \" aria-roledescription=\"slide\" data-date=\"2025-10-21 16:34:16\" data-slide-type=\"image\"><img loading=\"lazy\" decoding=\"async\" src=\"https:\/\/hostallacreu.com\/wp-content\/uploads\/2015\/01\/hostal-la-creu-mora-ebre-tarragona-habitacions-2-01-1180x400.jpg\" height=\"400\" width=\"1180\" alt=\"\" class=\"slider-3850 slide-3853 msDefaultImage\" title=\"hostal la creu mora ebre tarragona habitacions 2-01\" \/><\/li>\n                <li style=\"display: none; width: 100%;\" class=\"slide-3854 ms-image \" aria-roledescription=\"slide\" data-date=\"2025-10-21 16:34:16\" data-slide-type=\"image\"><img loading=\"lazy\" decoding=\"async\" src=\"https:\/\/hostallacreu.com\/wp-content\/uploads\/2014\/11\/hotel-mora-ebre-terres-ebro-catalunya-01.jpg\" height=\"400\" width=\"1180\" alt=\"\" class=\"slider-3850 slide-3854 msDefaultImage\" title=\"hotel mora ebre terres ebro catalunya-01\" \/><\/li>\n                <li style=\"display: none; width: 100%;\" class=\"slide-3855 ms-image \" aria-roledescription=\"slide\" data-date=\"2025-10-21 16:34:16\" data-slide-type=\"image\"><img loading=\"lazy\" decoding=\"async\" src=\"https:\/\/hostallacreu.com\/wp-content\/uploads\/2015\/01\/hostal-la-creu-mora-ebre-tarragona-habitacions-2-01-01-01-01-1180x400.jpg\" height=\"400\" width=\"1180\" alt=\"\" class=\"slider-3850 slide-3855 msDefaultImage\" title=\"hostal la creu mora ebre tarragona habitacions 2-01-01-01-01\" \/><\/li>\n            <\/ul>\n        <\/div>\n        \n    <\/div>\n<\/div>\n\n\n<h1><strong>Un alojamiento\u00a0\u00fanico en la\u00a0Ribera de Ebro.<\/strong><\/h1>\n<p style=\"text-align: justify;\">Hola! Soy Noelia, la directora del Hostal Gastron\u00f3mico La Creu. Si nos visit\u00e1is seguro que nos conoceremos. Mi pasi\u00f3n por la hosteler\u00eda y el turismo, ya desde muy peque\u00f1a, hizo que emprendiera este proyecto de vida. Un sue\u00f1o, que con la ayuda de la familia, tiene el objetivo de ofrecer a nuestros visitantes todas las comodidades y, sobretodo, un trato personalizado. En definitiva, me encanta haceros sentir como en casa.<\/p>\n<p style=\"text-align: justify;\">El Hostal es de construcci\u00f3n reciente, fue inaugurado en 2009, y su arquitectura es de estilo vanguardista. Se ubica en la arteria principal de Mora de Ebro y cuenta con aparcamiento gratuito a pocos metros. Es un establecimiento urbano que seg\u00fan dicen destaca por su funcionalidad, el trato familiar y por la calidad de las instalaciones y servicios que ofrece.<\/p>\n<p style=\"text-align: justify;\">Cuenta con 15 habitaciones, 9 individuales, 3 dobles y 3 de matrimonio, totalmente equipadas. Las habitaciones tienen con ba\u00f1o interior, aire acondicionado y calefacci\u00f3n, escritorio, frigor\u00edfico y amenities. Ah! y todas ellas llevan el nombre de alguno de los 15 pueblos de la comarca.<\/p>\n<p style=\"text-align: justify;\">Desde el a\u00f1o 2013 disponemos de servicio de restaurante. El restaurante, especializado en cocina catalana, ofrece men\u00fa diario, men\u00fa degustaci\u00f3n, men\u00fa gastron\u00f3mico, carta y picaditas, adem\u00e1s, el sal\u00f3n es apto para desarrollar todo tipo de eventos familiares o de empresa.<\/p>\n<p style=\"text-align: justify;\">El a\u00f1o 2015 se nos otorg\u00f3, junto con 35 establecimientos m\u00e1s de Catalu\u00f1a, la distinci\u00f3n de \u00ab<strong>Hostal Gastron\u00f3mico de Catalu\u00f1a<\/strong>\u00ab. Para conseguir este reconocimiento se deben cumplir los siguientes requerimientos: gesti\u00f3n familiar alojamiento confortable, oferta gastron\u00f3mica de calidad, dinamizaci\u00f3n del territorio a nivel econ\u00f3mico y cultural. El mismo a\u00f1o formamos parte de la <strong>Marca Cuina Catalana<\/strong>, con el objetivo de valorizar los productos catalanes y ebrenses y preservar nuestra cocina.<\/p>\n<p style=\"text-align: justify;\">Bueno, ahora ya nos conoc\u00e9is un poco m\u00e1s, deseo veros pronto.<\/p>\n<p style=\"text-align: justify;\">Noelia.<\/p>","protected":false},"excerpt":{"rendered":"<p>Un alojamiento\u00a0\u00fanico en la\u00a0Ribera de Ebro. Hola! Soy Noelia, la directora del Hostal Gastron\u00f3mico La Creu. Si nos visit\u00e1is seguro que nos conoceremos. Mi pasi\u00f3n por la hosteler\u00eda y el turismo, ya desde muy peque\u00f1a, hizo que emprendiera este proyecto de vida. Un sue\u00f1o, que con la ayuda de la familia, tiene el objetivo de [&hellip;]<\/p>\n","protected":false},"author":3,"featured_media":62,"parent":0,"menu_order":0,"comment_status":"open","ping_status":"open","template":"","meta":{"_monsterinsights_skip_tracking":false,"_monsterinsights_sitenote_active":false,"_monsterinsights_sitenote_note":"","_monsterinsights_sitenote_category":0,"footnotes":""},"class_list":["post-420","page","type-page","status-publish","has-post-thumbnail","hentry"],"yoast_head":"<!-- This site is optimized with the Yoast SEO plugin v26.2 - https:\/\/yoast.com\/wordpress\/plugins\/seo\/ -->\n<title>Hostal - Hostal Gastron\u00f2mic La Creu<\/title>\n<meta name=\"robots\" content=\"index, follow, max-snippet:-1, max-image-preview:large, max-video-preview:-1\" \/>\n<link rel=\"canonical\" href=\"https:\/\/hostallacreu.com\/es\/hostal-2\/\" \/>\n<meta property=\"og:locale\" content=\"es_ES\" \/>\n<meta property=\"og:type\" content=\"article\" \/>\n<meta property=\"og:title\" content=\"Hostal - Hostal Gastron\u00f2mic La Creu\" \/>\n<meta property=\"og:description\" content=\"Un alojamiento\u00a0\u00fanico en la\u00a0Ribera de Ebro. Hola! Soy Noelia, la directora del Hostal Gastron\u00f3mico La Creu. Si nos visit\u00e1is seguro que nos conoceremos. Mi pasi\u00f3n por la hosteler\u00eda y el turismo, ya desde muy peque\u00f1a, hizo que emprendiera este proyecto de vida. Un sue\u00f1o, que con la ayuda de la familia, tiene el objetivo de [&hellip;]\" \/>\n<meta property=\"og:url\" content=\"https:\/\/hostallacreu.com\/es\/hostal-2\/\" \/>\n<meta property=\"og:site_name\" content=\"Hostal Gastron\u00f2mic La Creu\" \/>\n<meta property=\"article:modified_time\" content=\"2025-10-21T16:53:05+00:00\" \/>\n<meta property=\"og:image\" content=\"http:\/\/hostallacreu.com\/wp-content\/uploads\/2014\/11\/HOSTAL-GASTRON\u00d2MIC-LA-CREU-01.jpg\" \/>\n\t<meta property=\"og:image:width\" content=\"2484\" \/>\n\t<meta property=\"og:image:height\" content=\"853\" \/>\n\t<meta property=\"og:image:type\" content=\"image\/jpeg\" \/>\n<meta name=\"twitter:label1\" content=\"Tiempo de lectura\" \/>\n\t<meta name=\"twitter:data1\" content=\"2 minutos\" \/>\n<script type=\"application\/ld+json\" class=\"yoast-schema-graph\">{\"@context\":\"https:\/\/schema.org\",\"@graph\":[{\"@type\":\"WebPage\",\"@id\":\"https:\/\/hostallacreu.com\/es\/hostal-2\/\",\"url\":\"https:\/\/hostallacreu.com\/es\/hostal-2\/\",\"name\":\"Hostal - Hostal Gastron\u00f2mic La Creu\",\"isPartOf\":{\"@id\":\"https:\/\/hostallacreu.com\/#website\"},\"primaryImageOfPage\":{\"@id\":\"https:\/\/hostallacreu.com\/es\/hostal-2\/#primaryimage\"},\"image\":{\"@id\":\"https:\/\/hostallacreu.com\/es\/hostal-2\/#primaryimage\"},\"thumbnailUrl\":\"https:\/\/hostallacreu.com\/wp-content\/uploads\/2014\/11\/HOSTAL-GASTRON\u00d2MIC-LA-CREU-01.jpg\",\"datePublished\":\"2014-11-25T12:53:30+00:00\",\"dateModified\":\"2025-10-21T16:53:05+00:00\",\"breadcrumb\":{\"@id\":\"https:\/\/hostallacreu.com\/es\/hostal-2\/#breadcrumb\"},\"inLanguage\":\"es\",\"potentialAction\":[{\"@type\":\"ReadAction\",\"target\":[\"https:\/\/hostallacreu.com\/es\/hostal-2\/\"]}]},{\"@type\":\"ImageObject\",\"inLanguage\":\"es\",\"@id\":\"https:\/\/hostallacreu.com\/es\/hostal-2\/#primaryimage\",\"url\":\"https:\/\/hostallacreu.com\/wp-content\/uploads\/2014\/11\/HOSTAL-GASTRON\u00d2MIC-LA-CREU-01.jpg\",\"contentUrl\":\"https:\/\/hostallacreu.com\/wp-content\/uploads\/2014\/11\/HOSTAL-GASTRON\u00d2MIC-LA-CREU-01.jpg\",\"width\":2484,\"height\":853},{\"@type\":\"BreadcrumbList\",\"@id\":\"https:\/\/hostallacreu.com\/es\/hostal-2\/#breadcrumb\",\"itemListElement\":[{\"@type\":\"ListItem\",\"position\":1,\"name\":\"Home\",\"item\":\"https:\/\/hostallacreu.com\/es\/\"},{\"@type\":\"ListItem\",\"position\":2,\"name\":\"Hostal\"}]},{\"@type\":\"WebSite\",\"@id\":\"https:\/\/hostallacreu.com\/#website\",\"url\":\"https:\/\/hostallacreu.com\/\",\"name\":\"Hostal Gastron\u00f2mic La Creu\",\"description\":\"El teu allotjament i restaurant a la Ribera d&#039;Ebre\",\"potentialAction\":[{\"@type\":\"SearchAction\",\"target\":{\"@type\":\"EntryPoint\",\"urlTemplate\":\"https:\/\/hostallacreu.com\/?s={search_term_string}\"},\"query-input\":{\"@type\":\"PropertyValueSpecification\",\"valueRequired\":true,\"valueName\":\"search_term_string\"}}],\"inLanguage\":\"es\"}]}<\/script>\n<!-- \/ Yoast SEO plugin. -->","yoast_head_json":{"title":"Hostal - Hostal Gastron\u00f2mic La Creu","robots":{"index":"index","follow":"follow","max-snippet":"max-snippet:-1","max-image-preview":"max-image-preview:large","max-video-preview":"max-video-preview:-1"},"canonical":"https:\/\/hostallacreu.com\/es\/hostal-2\/","og_locale":"es_ES","og_type":"article","og_title":"Hostal - Hostal Gastron\u00f2mic La Creu","og_description":"Un alojamiento\u00a0\u00fanico en la\u00a0Ribera de Ebro. Hola! Soy Noelia, la directora del Hostal Gastron\u00f3mico La Creu. Si nos visit\u00e1is seguro que nos conoceremos. Mi pasi\u00f3n por la hosteler\u00eda y el turismo, ya desde muy peque\u00f1a, hizo que emprendiera este proyecto de vida. Un sue\u00f1o, que con la ayuda de la familia, tiene el objetivo de [&hellip;]","og_url":"https:\/\/hostallacreu.com\/es\/hostal-2\/","og_site_name":"Hostal Gastron\u00f2mic La Creu","article_modified_time":"2025-10-21T16:53:05+00:00","og_image":[{"width":2484,"height":853,"url":"http:\/\/hostallacreu.com\/wp-content\/uploads\/2014\/11\/HOSTAL-GASTRON\u00d2MIC-LA-CREU-01.jpg","type":"image\/jpeg"}],"twitter_misc":{"Tiempo de lectura":"2 minutos"},"schema":{"@context":"https:\/\/schema.org","@graph":[{"@type":"WebPage","@id":"https:\/\/hostallacreu.com\/es\/hostal-2\/","url":"https:\/\/hostallacreu.com\/es\/hostal-2\/","name":"Hostal - Hostal Gastron\u00f2mic La Creu","isPartOf":{"@id":"https:\/\/hostallacreu.com\/#website"},"primaryImageOfPage":{"@id":"https:\/\/hostallacreu.com\/es\/hostal-2\/#primaryimage"},"image":{"@id":"https:\/\/hostallacreu.com\/es\/hostal-2\/#primaryimage"},"thumbnailUrl":"https:\/\/hostallacreu.com\/wp-content\/uploads\/2014\/11\/HOSTAL-GASTRON\u00d2MIC-LA-CREU-01.jpg","datePublished":"2014-11-25T12:53:30+00:00","dateModified":"2025-10-21T16:53:05+00:00","breadcrumb":{"@id":"https:\/\/hostallacreu.com\/es\/hostal-2\/#breadcrumb"},"inLanguage":"es","potentialAction":[{"@type":"ReadAction","target":["https:\/\/hostallacreu.com\/es\/hostal-2\/"]}]},{"@type":"ImageObject","inLanguage":"es","@id":"https:\/\/hostallacreu.com\/es\/hostal-2\/#primaryimage","url":"https:\/\/hostallacreu.com\/wp-content\/uploads\/2014\/11\/HOSTAL-GASTRON\u00d2MIC-LA-CREU-01.jpg","contentUrl":"https:\/\/hostallacreu.com\/wp-content\/uploads\/2014\/11\/HOSTAL-GASTRON\u00d2MIC-LA-CREU-01.jpg","width":2484,"height":853},{"@type":"BreadcrumbList","@id":"https:\/\/hostallacreu.com\/es\/hostal-2\/#breadcrumb","itemListElement":[{"@type":"ListItem","position":1,"name":"Home","item":"https:\/\/hostallacreu.com\/es\/"},{"@type":"ListItem","position":2,"name":"Hostal"}]},{"@type":"WebSite","@id":"https:\/\/hostallacreu.com\/#website","url":"https:\/\/hostallacreu.com\/","name":"Hostal Gastron\u00f2mic La Creu","description":"El teu allotjament i restaurant a la Ribera d&#039;Ebre","potentialAction":[{"@type":"SearchAction","target":{"@type":"EntryPoint","urlTemplate":"https:\/\/hostallacreu.com\/?s={search_term_string}"},"query-input":{"@type":"PropertyValueSpecification","valueRequired":true,"valueName":"search_term_string"}}],"inLanguage":"es"}]}},"_links":{"self":[{"href":"https:\/\/hostallacreu.com\/es\/wp-json\/wp\/v2\/pages\/420","targetHints":{"allow":["GET"]}}],"collection":[{"href":"https:\/\/hostallacreu.com\/es\/wp-json\/wp\/v2\/pages"}],"about":[{"href":"https:\/\/hostallacreu.com\/es\/wp-json\/wp\/v2\/types\/page"}],"author":[{"embeddable":true,"href":"https:\/\/hostallacreu.com\/es\/wp-json\/wp\/v2\/users\/3"}],"replies":[{"embeddable":true,"href":"https:\/\/hostallacreu.com\/es\/wp-json\/wp\/v2\/comments?post=420"}],"version-history":[{"count":4,"href":"https:\/\/hostallacreu.com\/es\/wp-json\/wp\/v2\/pages\/420\/revisions"}],"predecessor-version":[{"id":3870,"href":"https:\/\/hostallacreu.com\/es\/wp-json\/wp\/v2\/pages\/420\/revisions\/3870"}],"wp:featuredmedia":[{"embeddable":true,"href":"https:\/\/hostallacreu.com\/es\/wp-json\/wp\/v2\/media\/62"}],"wp:attachment":[{"href":"https:\/\/hostallacreu.com\/es\/wp-json\/wp\/v2\/media?parent=420"}],"curies":[{"name":"wp","href":"https:\/\/api.w.org\/{rel}","templated":true}]}}