{"id":3745,"date":"2025-07-02T07:44:04","date_gmt":"2025-07-02T07:44:04","guid":{"rendered":"https:\/\/hostallacreu.com\/politica-privacitat\/"},"modified":"2025-07-03T09:19:14","modified_gmt":"2025-07-03T09:19:14","slug":"politica-privacitat","status":"publish","type":"page","link":"https:\/\/hostallacreu.com\/es\/politica-privacitat\/","title":{"rendered":"Pol\u00edtica de Privacidad"},"content":{"rendered":"\n\n\n<p>GUIRAO MORILLO, S.L., informa a los usuarios del sitio web sobre su pol\u00edtica respecto al tratamiento y protecci\u00f3n de los datos de car\u00e1cter personal de los usuarios y clientes.<\/p>\n<p> <\/p>\n<p>Y garantiza en todo momento el \u00edntegro y pleno cumplimiento de las obligaciones dispuestas por la normativa de protecci\u00f3n de datos y servicios de la sociedad de la informaci\u00f3n: Reglamento (UE) 2016\/679 del Parlamento Europeo y del Consejo, de 27 de abril de 2016, relativo a la protecci\u00f3n de las personas f\u00edsicas en cuanto al tratamiento de datos personales y la libre circulaci\u00f3n 3\/2018, de 5 de diciembre, de Protecci\u00f3n de Datos Personales y garant\u00eda de los derechos digitales (LOPDGDD) y la Ley 34\/2002, de 11 de julio, de Servicios de la Sociedad de la Informaci\u00f3n y del Comercio Electr\u00f3nico (LSSIce).<\/p>\n<p> <\/p>\n<p><strong>RESPONSABLE DEL TRATAMIENTO<\/strong><\/p>\n<p> <\/p>\n<p>GUIRAO MORILLO, S.L.<\/p>\n<p> <\/p>\n<p>C.I.F.: B43916113<\/p>\n<p> <\/p>\n<p>Domicilio: AV. COMARCAS CATALANAS, 75 &#8211; 43740 &#8211; M\u00d3RA DE EBRO (TARRAGONA)<\/p>\n<p> <\/p>\n<p>Datos registrales: Registro Mercantil de Tarragona, Tomo 2359, Folio 154, Hoja T -37359, Inscripci\u00f3n 1\u00aa.<\/p>\n<p> <\/p>\n<p>Telefono: 977400707<\/p>\n<p> <\/p>\n<p>Correo electr\u00f3nico: info@hostallacreu.com<\/p>\n<p> <\/p>\n<p><strong>FINALIDADES DEL TRATAMIENTO DE LOS DATOS<\/strong><\/p>\n<p>Los datos facilitados por el Usuario son utilizados para diversas finalidades que se enumeran a continuaci\u00f3n:<\/p>\n<table width=\"584\">\n<tbody>\n<tr>\n<td width=\"291\">\n<p><strong>Finalidad del tratamiento \u00a0\u00a0\u00a0\u00a0\u00a0\u00a0\u00a0\u00a0\u00a0\u00a0\u00a0\u00a0\u00a0\u00a0\u00a0 <\/strong><\/p>\n<\/td>\n<td width=\"293\">\n<p><strong>Base jur\u00eddica para el tratamiento<\/strong><\/p>\n<\/td>\n<\/tr>\n<tr>\n<td width=\"291\">\n<p>Gestionar las consultas o cualquier tipo de petici\u00f3n que se realice a trav\u00e9s de las formas de contacto que se ponen a disposici\u00f3n en la p\u00e1gina web.<\/p>\n<\/td>\n<td width=\"293\">\n<p>Inter\u00e9s leg\u00edtimo de la Sociedad por atender los requerimientos de informaci\u00f3n a trav\u00e9s de la web.<\/p>\n<p>Consentimiento prestado de forma expresa en el momento de recogida de los datos a trav\u00e9s de los formularios web..<\/p>\n<\/td>\n<\/tr>\n<tr>\n<td width=\"291\">\n<p>Env\u00edo de newsletters, comunicaciones comerciales y promociones.<\/p>\n<\/td>\n<td width=\"293\">\n<p>Consentimiento prestado de forma expresa en el momento de recogida de los datos a trav\u00e9s de los formularios web.<\/p>\n<\/td>\n<\/tr>\n<tr>\n<td width=\"291\">\n<p>Crear y gestionar tu registro como usuario.<\/p>\n<p>\u00a0<\/p>\n<\/td>\n<td width=\"293\">\n<p>Consentimiento prestado de forma expresa en el momento de recogida de los datos a trav\u00e9s de los formularios web.<\/p>\n<\/td>\n<\/tr>\n<tr>\n<td width=\"291\">\n<p>Para el desarrollo, cumplimiento y ejecuci\u00f3n del contrato de compraventa o servicios que hayas contratado a trav\u00e9s de nuestra web.<\/p>\n<\/td>\n<td width=\"293\">\n<p>Consentimiento prestado de forma expresa en el momento de recogida de los datos a trav\u00e9s de los formularios web.<\/p>\n<\/td>\n<\/tr>\n<tr>\n<td width=\"291\">\n<p>Realizar la gesti\u00f3n contable.<\/p>\n<\/td>\n<td width=\"293\">\n<p>Ejecuci\u00f3n de un contrato.<\/p>\n<\/td>\n<\/tr>\n<tr>\n<td width=\"291\">\n<p>Cumplir con las obligaciones fiscales vigentes.<\/p>\n<\/td>\n<td width=\"293\">\n<p>Cumplimiento de obligaciones legales que nos sean de aplicaci\u00f3n.<\/p>\n<\/td>\n<\/tr>\n<tr>\n<td width=\"291\">\n<p>Gestionar las incidencias y el mantenimiento de la web.<\/p>\n<\/td>\n<td width=\"293\">\n<p>Inter\u00e9s leg\u00edtimo de la Sociedad.<\/p>\n<p>\u00a0<\/p>\n<\/td>\n<\/tr>\n<\/tbody>\n<\/table>\n<p>\u00a0<\/p>\n<p><strong>PLAZO DE CONSERVACI\u00d3N DE LOS DATOS<\/strong><\/p>\n<table width=\"584\">\n<tbody>\n<tr>\n<td width=\"291\">\n<p><strong>Finalidad del tratamiento<\/strong><\/p>\n<\/td>\n<td width=\"293\">\n<p><strong>Plazo de conservaci\u00f3n<\/strong><\/p>\n<\/td>\n<\/tr>\n<tr>\n<td width=\"291\">\n<p>Gestionar las consultas o cualquier tipo de petici\u00f3n que se realice a trav\u00e9s de las formas de contacto que se ponen a disposici\u00f3n en la p\u00e1gina web.<\/p>\n<\/td>\n<td width=\"293\">\n<p>Trataremos tus datos durante el tiempo que sea necesario para atender a tu solicitud o petici\u00f3n.<\/p>\n<\/td>\n<\/tr>\n<tr>\n<td width=\"291\">\n<p>Env\u00edo de newsletters, comunicaciones comerciales y promociones.<\/p>\n<\/td>\n<td width=\"293\">\n<p>Trataremos tus datos hasta que te des de baja.<\/p>\n<\/td>\n<\/tr>\n<tr>\n<td width=\"291\">\n<p>Crear y gestionar tu registro como usuario.<\/p>\n<p>\u00a0<\/p>\n<\/td>\n<td width=\"293\">\n<p>Trataremos tus datos durante el tiempo en que mantengas la condici\u00f3n de usuario registrado (es decir, hasta que decidas darte de baja).<\/p>\n<\/td>\n<\/tr>\n<tr>\n<td width=\"291\">\n<p>Para el desarrollo, cumplimiento y ejecuci\u00f3n del contrato de compraventa o servicios que hayas contratado a trav\u00e9s de nuestra web.<\/p>\n<\/td>\n<td width=\"293\">\n<p>TTrataremos tus datos durante el tiempo necesario para gestionar la compra de los productos o servicios que hayas adquirido, incluyendo posibles devoluciones, quejas o reclamaciones asociadas a la compra del producto o servicio en particular.<\/p>\n<\/td>\n<\/tr>\n<tr>\n<td width=\"291\">\n<p>Realizar la gesti\u00f3n contable.<\/p>\n<\/td>\n<td width=\"293\">\n<p>Trataremos sus datos durante el tiempo necesario para cumplir los plazos legales de prescripci\u00f3n que le resulten de aplicaci\u00f3n.<\/p>\n<\/td>\n<\/tr>\n<tr>\n<td width=\"291\">\n<p>Cumplir con las obligaciones fiscales vigentes.<\/p>\n<\/td>\n<td width=\"293\">\n<p>Trataremos sus datos durante el tiempo necesario para cumplir los plazos legales de prescripci\u00f3n que le resulten de aplicaci\u00f3n.<\/p>\n<\/td>\n<\/tr>\n<tr>\n<td width=\"291\">\n<p>Gestionar las incidencias y el mantenimiento de la web.<\/p>\n<\/td>\n<td width=\"293\">\n<p>Trataremos sus datos durante el tiempo necesario para cumplir los plazos legales de prescripci\u00f3n que le resulten de aplicaci\u00f3n.<\/p>\n<\/td>\n<\/tr>\n<\/tbody>\n<\/table>\n<p><\/p>\n<p>\u00a0<\/p>\n<p><strong>DESTINATARIOS DE LOS DATOS<\/strong><\/p>\n<p> <\/p>\n<p>Para cumplir las finalidades indicadas en la presente Pol\u00edtica de Privacidad, es necesario que demos acceso a tus datos personales a terceras partes que nos apoyen en los servicios que te ofrecemos (Encargados de Tratamiento), a saber:<\/p>\n<p> <\/p>\n<ul class=\"wp-block-list\">\n<li>Entidades financieras<\/li>\n \n<li>Proveedores de servicios tecnol\u00f3gicos.<\/li>\n \n<li>Proveedores y colaboradores de servicios de log\u00edstica, transporte y entrega.<\/li>\n \n<li>Proveedores y colaboradores de servicios relacionados con marketing y publicidad.<\/li>\n<\/ul>\n<p> <\/p>\n<p>Los encargados de tratamiento, para la ejecuci\u00f3n de un contrato o prestaci\u00f3n de un servicio al Responsable, deben seguir sus instrucciones y asegurando los mismos niveles de seguridad.<\/p>\n<p> <\/p>\n<p><strong>COOKIES<\/strong><\/p>\n<p> <\/p>\n<p>En cuanto al uso de las cookies y otras tecnolog\u00edas de seguimiento, consulte la Pol\u00edtica de Cookies de este Sitio Web. En este caso, la base legal para el tratamiento de sus datos es su consentimiento otorgado al aceptar la carga de las cookies en su navegador.<\/p>\n<p> <\/p>\n<p><strong>DERECHOS DE LOS USUARIOS<\/strong><\/p>\n<p> <\/p>\n<p>El usuario tiene derecho a:<\/p>\n<p> <\/p>\n<ul>\n<li>Solicitar el acceso a sus datos personales que se est\u00e1n tratando y recibir esa informaci\u00f3n por escrito por el medio solicitado.<\/li>\n<li>Solicitar la rectificaci\u00f3n de los datos personales inexactos o, en su caso, solicitar su supresi\u00f3n cuando, entre otros motivos, los datos ya no sean necesarios para la finalidad por la que fueron recogidos.<\/li>\n<li>Solicitar la limitaci\u00f3n del tratamiento de sus datos.<\/li>\n<li>Oponerse al tratamiento de sus datos personales cuando proceda, en cuyo caso se dejar\u00e1n de tratar sus datos salvo por motivos leg\u00edtimos.<\/li>\n<li>Derecho a la portabilidad de los datos. El interesado\/interesada tiene derecho a recibir los datos personales si han sido facilitados en un formato estructurado, de uso com\u00fan y de lectura mec\u00e1nica, y a transmitirlos a otro responsable, si se cumplen los siguientes requisitos:\n<ul>\n<li>El tratamiento se basa en el consentimiento o contrato.<\/li>\n<li>El tratamiento se realiza por medios automatizados.<\/li>\n<\/ul>\n<\/li>\n<li>Derecho a retirar el consentimiento prestado.<\/li>\n<li>Derecho a reclamar ante la Agencia Espa\u00f1ola de Protecci\u00f3n de Datos.<\/li>\n<\/ul>\n<p> <\/p>\n<p>El Usuario puede ejercitar los derechos anteriormente indicados en la direcci\u00f3n de correo postal o electr\u00f3nica del Responsable, acreditando su identidad con copia escaneada de su DNI o documento equivalente, y especificando el derecho que desea ejercer.<\/p>\n<p> <\/p>\n<p><strong>PROCEDENCIA DE LOS DATOS<\/strong><\/p>\n<p> <\/p>\n<p>Los datos personales deben ser facilitados por el propio interesado de forma absolutamente voluntaria. La falta de algunos datos o la no respuesta de preguntas que puedan formularse a la persona interesada en los procesos de registro oa trav\u00e9s de formularios electr\u00f3nicos, puede provocar la imposibilidad de acceso a determinados servicios para cuya prestaci\u00f3n es imprescindible disponer de estos datos de car\u00e1cter personal. En este caso, el Responsable del Tratamiento debe informar del car\u00e1cter obligatorio o necesario de facilitar los datos personales para el funcionamiento del servicio.<\/p>\n<p> <\/p>\n<p>El Responsable asegura la confidencialidad de sus datos personales y garantiza la seguridad de \u00e9stos, adoptando las medidas necesarias para evitar su alteraci\u00f3n, p\u00e9rdida, tratamiento o acceso no autorizado.<\/p>\n<p> <\/p>\n<p><strong>INFORMACI\u00d3N FACILITADA POR EL INTERESADO\/INTERESADA<\/strong><\/p>\n<p> <\/p>\n<p>Los y las menores de 18 a\u00f1os no pueden ceder sus datos personales sin el previo consentimiento de su padre\/madre y\/o tutores legales.<\/p>\n<p> <\/p>\n<p>El interesado\/interesada introduciendo sus datos en los formularios de contacto o presentados en formularios de descarga, aceptan expresamente y de forma libre e inequ\u00edvoca que sus datos son necesarios para que el Responsable atienda a su petici\u00f3n, siendo voluntaria la inclusi\u00f3n de datos en los campos restantes.<\/p>\n<p> <\/p>\n<p>El interesado\/interesada garantiza que los datos personales facilitados al prestamista son veraces y se hace responsable de comunicar cualquier modificaci\u00f3n de los mismos.<\/p>\n<p> <\/p>\n<p>Todos los datos solicitados a trav\u00e9s del sitio web son necesarios para la prestaci\u00f3n de un servicio \u00f3ptimo al interesado\/interesada. En caso de que no sean facilitados todos los datos, no se garantiza que la informaci\u00f3n y servicios que el responsable le facilite, sean completamente ajustados a sus necesidades.<\/p>\n<p> <\/p>\n<p><strong>MEDIDAS DE SEGURIDAD<\/strong><\/p>\n<p> <\/p>\n<p>Que de conformidad con lo dispuesto en las normativas vigentes en materia de protecci\u00f3n de datos personales, El Responsable est\u00e1 cumpliendo con todas las disposiciones de las normativas RGPD y LOPDGDD para el tratamiento de los datos personales de su responsabilidad, y manifiestamente con los principios descritos en el art\u00edculo 5 del RGPD y en el art\u00edculo 4 de la LOPDGDD, el interesado y adecuadas, pertinentes y limitados a lo necesario en relaci\u00f3n con los fines para los que son tratados.<\/p>\n<p> <\/p>\n<p>El responsable garantiza que ha implementado pol\u00edticas t\u00e9cnicas y organizativas apropiadas para aplicar las medidas de seguridad que establecen el RGPD y la LOPDGDD para proteger los derechos y libertades del interesado\/interesada y les ha comunicado la informaci\u00f3n adecuada para que puedan ejercerlos.<\/p>\n<p> <\/p>\n<p><strong>BRECHAS DE SEGURIDAD<\/strong><\/p>\n<p> <\/p>\n<p>El Responsable informar\u00e1 sobre cualquier brecha de seguridad que afecte a la base de datos que utiliza este sitio web, o que afecte a cualquiera de nuestros servicios de terceros, a todas y cada una de las personas, datos de los que puedan haber sido afectados, y autoridades, dentro de las 72 horas siguientes a la detecci\u00f3n de la brecha.<\/p>\n<p> <\/p>\n<p><strong>LEGISLACI\u00d3N APLICABLE Y JURISDICCI\u00d3N<\/strong><\/p>\n<p> <\/p>\n<p>Se reserva la facultad de presentar las acciones civiles o penales que considere necesarias para la utilizaci\u00f3n indebida del Sitio Web y Contenidos.<\/p>\n<p> <\/p>\n<p>La relaci\u00f3n entre el Usuario y el Responsable se regir\u00e1 por la normativa vigente y de aplicaci\u00f3n en territorio espa\u00f1ol. En caso de surgir cualquier controversia en relaci\u00f3n con la interpretaci\u00f3n y\/o la aplicaci\u00f3n, las partes someter\u00e1n sus conflictos a la jurisdicci\u00f3n ordinaria someti\u00e9ndose a los jueces y tribunales que correspondadn conforme a derecho.<\/p>\n<p>\u00a0<\/p>\n<p><\/p>\n","protected":false},"excerpt":{"rendered":"<p>GUIRAO MORILLO, S.L., informa a los usuarios del sitio web sobre su pol\u00edtica respecto al tratamiento y protecci\u00f3n de los datos de car\u00e1cter personal de los usuarios y clientes. Y garantiza en todo momento el \u00edntegro y pleno cumplimiento de las obligaciones dispuestas por la normativa de protecci\u00f3n de datos y servicios de la sociedad [&hellip;]<\/p>\n","protected":false},"author":4,"featured_media":0,"parent":0,"menu_order":0,"comment_status":"closed","ping_status":"closed","template":"","meta":{"_monsterinsights_skip_tracking":false,"_monsterinsights_sitenote_active":false,"_monsterinsights_sitenote_note":"","_monsterinsights_sitenote_category":0,"footnotes":""},"class_list":["post-3745","page","type-page","status-publish","hentry"],"yoast_head":"<!-- This site is optimized with the Yoast SEO plugin v26.2 - https:\/\/yoast.com\/wordpress\/plugins\/seo\/ -->\n<title>Pol\u00edtica de Privacidad - Hostal Gastron\u00f2mic La Creu<\/title>\n<meta name=\"robots\" content=\"index, follow, max-snippet:-1, max-image-preview:large, max-video-preview:-1\" \/>\n<link rel=\"canonical\" href=\"https:\/\/hostallacreu.com\/es\/politica-privacitat\/\" \/>\n<meta property=\"og:locale\" content=\"es_ES\" \/>\n<meta property=\"og:type\" content=\"article\" \/>\n<meta property=\"og:title\" content=\"Pol\u00edtica de Privacidad - Hostal Gastron\u00f2mic La Creu\" \/>\n<meta property=\"og:description\" content=\"GUIRAO MORILLO, S.L., informa a los usuarios del sitio web sobre su pol\u00edtica respecto al tratamiento y protecci\u00f3n de los datos de car\u00e1cter personal de los usuarios y clientes. Y garantiza en todo momento el \u00edntegro y pleno cumplimiento de las obligaciones dispuestas por la normativa de protecci\u00f3n de datos y servicios de la sociedad [&hellip;]\" \/>\n<meta property=\"og:url\" content=\"https:\/\/hostallacreu.com\/es\/politica-privacitat\/\" \/>\n<meta property=\"og:site_name\" content=\"Hostal Gastron\u00f2mic La Creu\" \/>\n<meta property=\"article:modified_time\" content=\"2025-07-03T09:19:14+00:00\" \/>\n<meta name=\"twitter:label1\" content=\"Tiempo de lectura\" \/>\n\t<meta name=\"twitter:data1\" content=\"9 minutos\" \/>\n<script type=\"application\/ld+json\" class=\"yoast-schema-graph\">{\"@context\":\"https:\/\/schema.org\",\"@graph\":[{\"@type\":\"WebPage\",\"@id\":\"https:\/\/hostallacreu.com\/es\/politica-privacitat\/\",\"url\":\"https:\/\/hostallacreu.com\/es\/politica-privacitat\/\",\"name\":\"Pol\u00edtica de Privacidad - Hostal Gastron\u00f2mic La Creu\",\"isPartOf\":{\"@id\":\"https:\/\/hostallacreu.com\/#website\"},\"datePublished\":\"2025-07-02T07:44:04+00:00\",\"dateModified\":\"2025-07-03T09:19:14+00:00\",\"breadcrumb\":{\"@id\":\"https:\/\/hostallacreu.com\/es\/politica-privacitat\/#breadcrumb\"},\"inLanguage\":\"es\",\"potentialAction\":[{\"@type\":\"ReadAction\",\"target\":[\"https:\/\/hostallacreu.com\/es\/politica-privacitat\/\"]}]},{\"@type\":\"BreadcrumbList\",\"@id\":\"https:\/\/hostallacreu.com\/es\/politica-privacitat\/#breadcrumb\",\"itemListElement\":[{\"@type\":\"ListItem\",\"position\":1,\"name\":\"Home\",\"item\":\"https:\/\/hostallacreu.com\/es\/\"},{\"@type\":\"ListItem\",\"position\":2,\"name\":\"Pol\u00edtica de Privacidad\"}]},{\"@type\":\"WebSite\",\"@id\":\"https:\/\/hostallacreu.com\/#website\",\"url\":\"https:\/\/hostallacreu.com\/\",\"name\":\"Hostal Gastron\u00f2mic La Creu\",\"description\":\"El teu allotjament i restaurant a la Ribera d&#039;Ebre\",\"potentialAction\":[{\"@type\":\"SearchAction\",\"target\":{\"@type\":\"EntryPoint\",\"urlTemplate\":\"https:\/\/hostallacreu.com\/?s={search_term_string}\"},\"query-input\":{\"@type\":\"PropertyValueSpecification\",\"valueRequired\":true,\"valueName\":\"search_term_string\"}}],\"inLanguage\":\"es\"}]}<\/script>\n<!-- \/ Yoast SEO plugin. -->","yoast_head_json":{"title":"Pol\u00edtica de Privacidad - Hostal Gastron\u00f2mic La Creu","robots":{"index":"index","follow":"follow","max-snippet":"max-snippet:-1","max-image-preview":"max-image-preview:large","max-video-preview":"max-video-preview:-1"},"canonical":"https:\/\/hostallacreu.com\/es\/politica-privacitat\/","og_locale":"es_ES","og_type":"article","og_title":"Pol\u00edtica de Privacidad - Hostal Gastron\u00f2mic La Creu","og_description":"GUIRAO MORILLO, S.L., informa a los usuarios del sitio web sobre su pol\u00edtica respecto al tratamiento y protecci\u00f3n de los datos de car\u00e1cter personal de los usuarios y clientes. Y garantiza en todo momento el \u00edntegro y pleno cumplimiento de las obligaciones dispuestas por la normativa de protecci\u00f3n de datos y servicios de la sociedad [&hellip;]","og_url":"https:\/\/hostallacreu.com\/es\/politica-privacitat\/","og_site_name":"Hostal Gastron\u00f2mic La Creu","article_modified_time":"2025-07-03T09:19:14+00:00","twitter_misc":{"Tiempo de lectura":"9 minutos"},"schema":{"@context":"https:\/\/schema.org","@graph":[{"@type":"WebPage","@id":"https:\/\/hostallacreu.com\/es\/politica-privacitat\/","url":"https:\/\/hostallacreu.com\/es\/politica-privacitat\/","name":"Pol\u00edtica de Privacidad - Hostal Gastron\u00f2mic La Creu","isPartOf":{"@id":"https:\/\/hostallacreu.com\/#website"},"datePublished":"2025-07-02T07:44:04+00:00","dateModified":"2025-07-03T09:19:14+00:00","breadcrumb":{"@id":"https:\/\/hostallacreu.com\/es\/politica-privacitat\/#breadcrumb"},"inLanguage":"es","potentialAction":[{"@type":"ReadAction","target":["https:\/\/hostallacreu.com\/es\/politica-privacitat\/"]}]},{"@type":"BreadcrumbList","@id":"https:\/\/hostallacreu.com\/es\/politica-privacitat\/#breadcrumb","itemListElement":[{"@type":"ListItem","position":1,"name":"Home","item":"https:\/\/hostallacreu.com\/es\/"},{"@type":"ListItem","position":2,"name":"Pol\u00edtica de Privacidad"}]},{"@type":"WebSite","@id":"https:\/\/hostallacreu.com\/#website","url":"https:\/\/hostallacreu.com\/","name":"Hostal Gastron\u00f2mic La Creu","description":"El teu allotjament i restaurant a la Ribera d&#039;Ebre","potentialAction":[{"@type":"SearchAction","target":{"@type":"EntryPoint","urlTemplate":"https:\/\/hostallacreu.com\/?s={search_term_string}"},"query-input":{"@type":"PropertyValueSpecification","valueRequired":true,"valueName":"search_term_string"}}],"inLanguage":"es"}]}},"_links":{"self":[{"href":"https:\/\/hostallacreu.com\/es\/wp-json\/wp\/v2\/pages\/3745","targetHints":{"allow":["GET"]}}],"collection":[{"href":"https:\/\/hostallacreu.com\/es\/wp-json\/wp\/v2\/pages"}],"about":[{"href":"https:\/\/hostallacreu.com\/es\/wp-json\/wp\/v2\/types\/page"}],"author":[{"embeddable":true,"href":"https:\/\/hostallacreu.com\/es\/wp-json\/wp\/v2\/users\/4"}],"replies":[{"embeddable":true,"href":"https:\/\/hostallacreu.com\/es\/wp-json\/wp\/v2\/comments?post=3745"}],"version-history":[{"count":2,"href":"https:\/\/hostallacreu.com\/es\/wp-json\/wp\/v2\/pages\/3745\/revisions"}],"predecessor-version":[{"id":3768,"href":"https:\/\/hostallacreu.com\/es\/wp-json\/wp\/v2\/pages\/3745\/revisions\/3768"}],"wp:attachment":[{"href":"https:\/\/hostallacreu.com\/es\/wp-json\/wp\/v2\/media?parent=3745"}],"curies":[{"name":"wp","href":"https:\/\/api.w.org\/{rel}","templated":true}]}}