{"id":1084,"date":"2015-04-14T18:02:48","date_gmt":"2015-04-14T18:02:48","guid":{"rendered":"http:\/\/hostallacreu.com\/?page_id=1084"},"modified":"2025-10-21T17:01:40","modified_gmt":"2025-10-21T17:01:40","slug":"piraguismo","status":"publish","type":"page","link":"https:\/\/hostallacreu.com\/es\/actividades\/piraguismo\/","title":{"rendered":"Pirag\u00fcismo"},"content":{"rendered":"<div id=\"metaslider-id-3837\" style=\"width: 100%;\" class=\"ml-slider-3-102-0 metaslider metaslider-flex metaslider-3837 ml-slider has-dots-nav ms-theme-default-base\" role=\"region\" aria-label=\"Piraguisme\" data-height=\"400\" data-width=\"1180\">\n    <div id=\"metaslider_container_3837\">\n        <div id=\"metaslider_3837\">\n            <ul aria-live='off' class='slides'>\n                <li style=\"display: block; width: 100%;\" class=\"slide-3838 ms-image \" aria-roledescription=\"slide\" data-date=\"2025-10-21 16:23:46\" data-slide-type=\"image\"><img loading=\"lazy\" decoding=\"async\" src=\"https:\/\/hostallacreu.com\/wp-content\/uploads\/2015\/04\/navegar-amb-piragua-o-caiac-riu-ebre-01-1180x400.jpg\" height=\"400\" width=\"1180\" alt=\"\" class=\"slider-3837 slide-3838 msDefaultImage\" title=\"navegar amb piragua o caiac riu ebre-01\" \/><\/li>\n                <li style=\"display: none; width: 100%;\" class=\"slide-3839 ms-image \" aria-roledescription=\"slide\" data-date=\"2025-10-21 16:23:46\" data-slide-type=\"image\"><img loading=\"lazy\" decoding=\"async\" src=\"https:\/\/hostallacreu.com\/wp-content\/uploads\/2015\/04\/navegar-amb-piragua-o-caiac-riu-ebre-4-01-1180x400.jpg\" height=\"400\" width=\"1180\" alt=\"\" class=\"slider-3837 slide-3839 msDefaultImage\" title=\"navegar amb piragua o caiac riu ebre 4-01\" \/><\/li>\n                <li style=\"display: none; width: 100%;\" class=\"slide-3840 ms-image \" aria-roledescription=\"slide\" data-date=\"2025-10-21 16:25:06\" data-slide-type=\"image\"><img loading=\"lazy\" decoding=\"async\" src=\"https:\/\/hostallacreu.com\/wp-content\/uploads\/2015\/04\/navegar-amb-piragua-o-caiac-riu-ebre-2-01-1180x400.jpg\" height=\"400\" width=\"1180\" alt=\"\" class=\"slider-3837 slide-3840 msDefaultImage\" title=\"navegar amb piragua o caiac riu ebre 2-01\" \/><\/li>\n            <\/ul>\n        <\/div>\n        \n    <\/div>\n<\/div>\n\n\n<p><a href=\"https:\/\/hostallacreu.com\/wp-content\/uploads\/2015\/04\/piraguisme-riu-ebre.jpg\"><img loading=\"lazy\" decoding=\"async\" class=\"alignright  wp-image-1079\" src=\"https:\/\/hostallacreu.com\/wp-content\/uploads\/2015\/04\/piraguisme-riu-ebre.jpg\" alt=\"piraguisme riu ebre\" width=\"353\" height=\"529\" srcset=\"https:\/\/hostallacreu.com\/wp-content\/uploads\/2015\/04\/piraguisme-riu-ebre.jpg 1024w, https:\/\/hostallacreu.com\/wp-content\/uploads\/2015\/04\/piraguisme-riu-ebre-200x300.jpg 200w, https:\/\/hostallacreu.com\/wp-content\/uploads\/2015\/04\/piraguisme-riu-ebre-683x1024.jpg 683w, https:\/\/hostallacreu.com\/wp-content\/uploads\/2015\/04\/piraguisme-riu-ebre-624x936.jpg 624w\" sizes=\"auto, (max-width: 353px) 100vw, 353px\" \/><\/a><\/p>\n<p><span style=\"color: #000000;\"><strong>La navegaci\u00f3n fluvial en la comarca de la Ribera d&#8217;Ebre es la actividad tur\u00edstica por excelencia.<\/strong><\/span><\/p>\n<p>Recordando la intensa navegaci\u00f3n fluvial en el pasado, cuando el r\u00edo Ebro era una aut\u00e9ntica autopista de mercanc\u00edas, la navegaci\u00f3n fluvial actual permite saborear el r\u00edo Ebro a trav\u00e9s de diferentes propuestas como cruceros por la Ribera de Ebro con el <a href=\"http:\/\/www.ascoturisme.com\/\">la\u00fad tur\u00edstico \u00abLo Roget\u00bb<\/a> , paseos en barcos de motor o pirag\u00fcismo.<\/p>\n<p>Para aquellos que les gusta practicar deporte en la naturaleza el pirag\u00fcismo se convierte en la mejor opci\u00f3n, ya que permite impregnarse mucho mejor de su magia y esencia.<\/p>\n<p>Navegar por las d\u00f3ciles aguas del r\u00edo Ebro es contagiarse de su tranquilidad. El susurro del viento mientras acaricia los bosques de ribera, el canto de las numerosas aves que habitan y el rumor del agua convierte la navegaci\u00f3n en piragua o kayak en la mejor opci\u00f3n para sentir como late el r\u00edo Ebro a su paso por la comarca.<\/p>\n<p>Os dejamos con las empresas de la comarca que ofrecen servicios de navegaci\u00f3n fluvial por la comarca y en diferentes tramos.<\/p>\n<p><strong><a href=\"http:\/\/www.enblau.cat\/index.php\/es\/\">Enblau (M\u00f3ra d&#8217;Ebre)<\/a><\/strong><\/p>\n<p><strong><a href=\"http:\/\/www.rogles.org\/es\/\">Rogles Aventura (Flix)<\/a><\/strong><\/p>","protected":false},"excerpt":{"rendered":"<p>La navegaci\u00f3n fluvial en la comarca de la Ribera d&#8217;Ebre es la actividad tur\u00edstica por excelencia. Recordando la intensa navegaci\u00f3n fluvial en el pasado, cuando el r\u00edo Ebro era una aut\u00e9ntica autopista de mercanc\u00edas, la navegaci\u00f3n fluvial actual permite saborear el r\u00edo Ebro a trav\u00e9s de diferentes propuestas como cruceros por la Ribera de Ebro [&hellip;]<\/p>\n","protected":false},"author":3,"featured_media":1071,"parent":529,"menu_order":0,"comment_status":"closed","ping_status":"closed","template":"","meta":{"_monsterinsights_skip_tracking":false,"_monsterinsights_sitenote_active":false,"_monsterinsights_sitenote_note":"","_monsterinsights_sitenote_category":0,"footnotes":""},"class_list":["post-1084","page","type-page","status-publish","has-post-thumbnail","hentry"],"yoast_head":"<!-- This site is optimized with the Yoast SEO plugin v26.2 - https:\/\/yoast.com\/wordpress\/plugins\/seo\/ -->\n<title>Pirag\u00fcismo en el r\u00edo Ebro<\/title>\n<meta name=\"description\" content=\"Para aquellos que les gusta practicar deporte en la naturaleza el pirag\u00fcismo se convierte en la mejor opci\u00f3n, ya que permite impregnar mejor de su magia.\" \/>\n<meta name=\"robots\" content=\"index, follow, max-snippet:-1, max-image-preview:large, max-video-preview:-1\" \/>\n<link rel=\"canonical\" href=\"https:\/\/hostallacreu.com\/es\/actividades\/piraguismo\/\" \/>\n<meta property=\"og:locale\" content=\"es_ES\" \/>\n<meta property=\"og:type\" content=\"article\" \/>\n<meta property=\"og:title\" content=\"Pirag\u00fcismo en el r\u00edo Ebro\" \/>\n<meta property=\"og:description\" content=\"Para aquellos que les gusta practicar deporte en la naturaleza el pirag\u00fcismo se convierte en la mejor opci\u00f3n, ya que permite impregnar mejor de su magia.\" \/>\n<meta property=\"og:url\" content=\"https:\/\/hostallacreu.com\/es\/actividades\/piraguismo\/\" \/>\n<meta property=\"og:site_name\" content=\"Hostal Gastron\u00f2mic La Creu\" \/>\n<meta property=\"article:modified_time\" content=\"2025-10-21T17:01:40+00:00\" \/>\n<meta property=\"og:image\" content=\"http:\/\/hostallacreu.com\/wp-content\/uploads\/2015\/04\/navegar-amb-piragua-o-caiac-riu-ebre-01.jpg\" \/>\n\t<meta property=\"og:image:width\" content=\"2588\" \/>\n\t<meta property=\"og:image:height\" content=\"877\" \/>\n\t<meta property=\"og:image:type\" content=\"image\/jpeg\" \/>\n<meta name=\"twitter:label1\" content=\"Tiempo de lectura\" \/>\n\t<meta name=\"twitter:data1\" content=\"2 minutos\" \/>\n<script type=\"application\/ld+json\" class=\"yoast-schema-graph\">{\"@context\":\"https:\/\/schema.org\",\"@graph\":[{\"@type\":\"WebPage\",\"@id\":\"https:\/\/hostallacreu.com\/es\/actividades\/piraguismo\/\",\"url\":\"https:\/\/hostallacreu.com\/es\/actividades\/piraguismo\/\",\"name\":\"Pirag\u00fcismo en el r\u00edo Ebro\",\"isPartOf\":{\"@id\":\"https:\/\/hostallacreu.com\/#website\"},\"primaryImageOfPage\":{\"@id\":\"https:\/\/hostallacreu.com\/es\/actividades\/piraguismo\/#primaryimage\"},\"image\":{\"@id\":\"https:\/\/hostallacreu.com\/es\/actividades\/piraguismo\/#primaryimage\"},\"thumbnailUrl\":\"https:\/\/hostallacreu.com\/wp-content\/uploads\/2015\/04\/navegar-amb-piragua-o-caiac-riu-ebre-01.jpg\",\"datePublished\":\"2015-04-14T18:02:48+00:00\",\"dateModified\":\"2025-10-21T17:01:40+00:00\",\"description\":\"Para aquellos que les gusta practicar deporte en la naturaleza el pirag\u00fcismo se convierte en la mejor opci\u00f3n, ya que permite impregnar mejor de su magia.\",\"breadcrumb\":{\"@id\":\"https:\/\/hostallacreu.com\/es\/actividades\/piraguismo\/#breadcrumb\"},\"inLanguage\":\"es\",\"potentialAction\":[{\"@type\":\"ReadAction\",\"target\":[\"https:\/\/hostallacreu.com\/es\/actividades\/piraguismo\/\"]}]},{\"@type\":\"ImageObject\",\"inLanguage\":\"es\",\"@id\":\"https:\/\/hostallacreu.com\/es\/actividades\/piraguismo\/#primaryimage\",\"url\":\"https:\/\/hostallacreu.com\/wp-content\/uploads\/2015\/04\/navegar-amb-piragua-o-caiac-riu-ebre-01.jpg\",\"contentUrl\":\"https:\/\/hostallacreu.com\/wp-content\/uploads\/2015\/04\/navegar-amb-piragua-o-caiac-riu-ebre-01.jpg\",\"width\":2588,\"height\":877},{\"@type\":\"BreadcrumbList\",\"@id\":\"https:\/\/hostallacreu.com\/es\/actividades\/piraguismo\/#breadcrumb\",\"itemListElement\":[{\"@type\":\"ListItem\",\"position\":1,\"name\":\"Home\",\"item\":\"https:\/\/hostallacreu.com\/es\/\"},{\"@type\":\"ListItem\",\"position\":2,\"name\":\"Actividades\",\"item\":\"https:\/\/hostallacreu.com\/es\/actividades\/\"},{\"@type\":\"ListItem\",\"position\":3,\"name\":\"Pirag\u00fcismo\"}]},{\"@type\":\"WebSite\",\"@id\":\"https:\/\/hostallacreu.com\/#website\",\"url\":\"https:\/\/hostallacreu.com\/\",\"name\":\"Hostal Gastron\u00f2mic La Creu\",\"description\":\"El teu allotjament i restaurant a la Ribera d&#039;Ebre\",\"potentialAction\":[{\"@type\":\"SearchAction\",\"target\":{\"@type\":\"EntryPoint\",\"urlTemplate\":\"https:\/\/hostallacreu.com\/?s={search_term_string}\"},\"query-input\":{\"@type\":\"PropertyValueSpecification\",\"valueRequired\":true,\"valueName\":\"search_term_string\"}}],\"inLanguage\":\"es\"}]}<\/script>\n<!-- \/ Yoast SEO plugin. -->","yoast_head_json":{"title":"Pirag\u00fcismo en el r\u00edo Ebro","description":"Para aquellos que les gusta practicar deporte en la naturaleza el pirag\u00fcismo se convierte en la mejor opci\u00f3n, ya que permite impregnar mejor de su magia.","robots":{"index":"index","follow":"follow","max-snippet":"max-snippet:-1","max-image-preview":"max-image-preview:large","max-video-preview":"max-video-preview:-1"},"canonical":"https:\/\/hostallacreu.com\/es\/actividades\/piraguismo\/","og_locale":"es_ES","og_type":"article","og_title":"Pirag\u00fcismo en el r\u00edo Ebro","og_description":"Para aquellos que les gusta practicar deporte en la naturaleza el pirag\u00fcismo se convierte en la mejor opci\u00f3n, ya que permite impregnar mejor de su magia.","og_url":"https:\/\/hostallacreu.com\/es\/actividades\/piraguismo\/","og_site_name":"Hostal Gastron\u00f2mic La Creu","article_modified_time":"2025-10-21T17:01:40+00:00","og_image":[{"width":2588,"height":877,"url":"http:\/\/hostallacreu.com\/wp-content\/uploads\/2015\/04\/navegar-amb-piragua-o-caiac-riu-ebre-01.jpg","type":"image\/jpeg"}],"twitter_misc":{"Tiempo de lectura":"2 minutos"},"schema":{"@context":"https:\/\/schema.org","@graph":[{"@type":"WebPage","@id":"https:\/\/hostallacreu.com\/es\/actividades\/piraguismo\/","url":"https:\/\/hostallacreu.com\/es\/actividades\/piraguismo\/","name":"Pirag\u00fcismo en el r\u00edo Ebro","isPartOf":{"@id":"https:\/\/hostallacreu.com\/#website"},"primaryImageOfPage":{"@id":"https:\/\/hostallacreu.com\/es\/actividades\/piraguismo\/#primaryimage"},"image":{"@id":"https:\/\/hostallacreu.com\/es\/actividades\/piraguismo\/#primaryimage"},"thumbnailUrl":"https:\/\/hostallacreu.com\/wp-content\/uploads\/2015\/04\/navegar-amb-piragua-o-caiac-riu-ebre-01.jpg","datePublished":"2015-04-14T18:02:48+00:00","dateModified":"2025-10-21T17:01:40+00:00","description":"Para aquellos que les gusta practicar deporte en la naturaleza el pirag\u00fcismo se convierte en la mejor opci\u00f3n, ya que permite impregnar mejor de su magia.","breadcrumb":{"@id":"https:\/\/hostallacreu.com\/es\/actividades\/piraguismo\/#breadcrumb"},"inLanguage":"es","potentialAction":[{"@type":"ReadAction","target":["https:\/\/hostallacreu.com\/es\/actividades\/piraguismo\/"]}]},{"@type":"ImageObject","inLanguage":"es","@id":"https:\/\/hostallacreu.com\/es\/actividades\/piraguismo\/#primaryimage","url":"https:\/\/hostallacreu.com\/wp-content\/uploads\/2015\/04\/navegar-amb-piragua-o-caiac-riu-ebre-01.jpg","contentUrl":"https:\/\/hostallacreu.com\/wp-content\/uploads\/2015\/04\/navegar-amb-piragua-o-caiac-riu-ebre-01.jpg","width":2588,"height":877},{"@type":"BreadcrumbList","@id":"https:\/\/hostallacreu.com\/es\/actividades\/piraguismo\/#breadcrumb","itemListElement":[{"@type":"ListItem","position":1,"name":"Home","item":"https:\/\/hostallacreu.com\/es\/"},{"@type":"ListItem","position":2,"name":"Actividades","item":"https:\/\/hostallacreu.com\/es\/actividades\/"},{"@type":"ListItem","position":3,"name":"Pirag\u00fcismo"}]},{"@type":"WebSite","@id":"https:\/\/hostallacreu.com\/#website","url":"https:\/\/hostallacreu.com\/","name":"Hostal Gastron\u00f2mic La Creu","description":"El teu allotjament i restaurant a la Ribera d&#039;Ebre","potentialAction":[{"@type":"SearchAction","target":{"@type":"EntryPoint","urlTemplate":"https:\/\/hostallacreu.com\/?s={search_term_string}"},"query-input":{"@type":"PropertyValueSpecification","valueRequired":true,"valueName":"search_term_string"}}],"inLanguage":"es"}]}},"_links":{"self":[{"href":"https:\/\/hostallacreu.com\/es\/wp-json\/wp\/v2\/pages\/1084","targetHints":{"allow":["GET"]}}],"collection":[{"href":"https:\/\/hostallacreu.com\/es\/wp-json\/wp\/v2\/pages"}],"about":[{"href":"https:\/\/hostallacreu.com\/es\/wp-json\/wp\/v2\/types\/page"}],"author":[{"embeddable":true,"href":"https:\/\/hostallacreu.com\/es\/wp-json\/wp\/v2\/users\/3"}],"replies":[{"embeddable":true,"href":"https:\/\/hostallacreu.com\/es\/wp-json\/wp\/v2\/comments?post=1084"}],"version-history":[{"count":4,"href":"https:\/\/hostallacreu.com\/es\/wp-json\/wp\/v2\/pages\/1084\/revisions"}],"predecessor-version":[{"id":3886,"href":"https:\/\/hostallacreu.com\/es\/wp-json\/wp\/v2\/pages\/1084\/revisions\/3886"}],"up":[{"embeddable":true,"href":"https:\/\/hostallacreu.com\/es\/wp-json\/wp\/v2\/pages\/529"}],"wp:featuredmedia":[{"embeddable":true,"href":"https:\/\/hostallacreu.com\/es\/wp-json\/wp\/v2\/media\/1071"}],"wp:attachment":[{"href":"https:\/\/hostallacreu.com\/es\/wp-json\/wp\/v2\/media?parent=1084"}],"curies":[{"name":"wp","href":"https:\/\/api.w.org\/{rel}","templated":true}]}}