{"id":955,"date":"2015-02-20T15:06:04","date_gmt":"2015-02-20T15:06:04","guid":{"rendered":"http:\/\/hostallacreu.com\/?page_id=955"},"modified":"2015-02-21T13:47:46","modified_gmt":"2015-02-21T13:47:46","slug":"double-3","status":"publish","type":"page","link":"https:\/\/hostallacreu.com\/en\/the-inn\/rooms\/double-3\/","title":{"rendered":"Double (3)"},"content":{"rendered":"<p><a href=\"https:\/\/hostallacreu.com\/wp-content\/uploads\/2014\/11\/habitacio\u00a6\u00fc-10-hostal-la-creu.jpg\"><img loading=\"lazy\" decoding=\"async\" class=\"wp-image-89 alignright\" src=\"https:\/\/hostallacreu.com\/wp-content\/uploads\/2014\/11\/habitacio\u00a6\u00fc-10-hostal-la-creu.jpg\" alt=\"habitacio\u00a6\u00fc 10 - hostal la creu\" width=\"502\" height=\"334\" srcset=\"https:\/\/hostallacreu.com\/wp-content\/uploads\/2014\/11\/habitacio\u00a6\u00fc-10-hostal-la-creu.jpg 1024w, https:\/\/hostallacreu.com\/wp-content\/uploads\/2014\/11\/habitacio\u00a6\u00fc-10-hostal-la-creu-300x199.jpg 300w, https:\/\/hostallacreu.com\/wp-content\/uploads\/2014\/11\/habitacio\u00a6\u00fc-10-hostal-la-creu-624x414.jpg 624w\" sizes=\"auto, (max-width: 502px) 100vw, 502px\" \/><\/a><\/p>\n<p><span style=\"color: #99ccff;\"><strong>We offer 3 rooms.<\/strong><\/span><\/p>\n<p>Room names: RASQUERA, ASC\u00d3 and M\u00d3RA LA NOVA<br \/>\n5&#8217;0&#8243; x 6&#8217;6&#8243; king size double bed, television, bathroom with shower, writing-desk, fridge, air-conditioning, arm-chair, internet access, balcony, natural light, amenities, a welcome bottle of water.<br \/>\nRound-the-clock reception service, in-room breakfast service, laundry service, tourist information, hair-dryer on request, lift, access for guests with disabilities.<\/p>\n","protected":false},"excerpt":{"rendered":"<p>We offer 3 rooms. Room names: RASQUERA, ASC\u00d3 and M\u00d3RA LA NOVA 5&#8217;0&#8243; x 6&#8217;6&#8243; king size double bed, television, bathroom with shower, writing-desk, fridge, air-conditioning, arm-chair, internet access, balcony, natural light, amenities, a welcome bottle of water. Round-the-clock reception service, in-room breakfast service, laundry service, tourist information, hair-dryer on request, lift, access for guests [&hellip;]<\/p>\n","protected":false},"author":3,"featured_media":594,"parent":952,"menu_order":1,"comment_status":"closed","ping_status":"closed","template":"","meta":{"_monsterinsights_skip_tracking":false,"_monsterinsights_sitenote_active":false,"_monsterinsights_sitenote_note":"","_monsterinsights_sitenote_category":0,"footnotes":""},"class_list":["post-955","page","type-page","status-publish","has-post-thumbnail","hentry"],"yoast_head":"<!-- This site is optimized with the Yoast SEO plugin v26.2 - https:\/\/yoast.com\/wordpress\/plugins\/seo\/ -->\n<title>Double (3) - Hostal Gastron\u00f2mic La Creu<\/title>\n<meta name=\"robots\" content=\"index, follow, max-snippet:-1, max-image-preview:large, max-video-preview:-1\" \/>\n<link rel=\"canonical\" href=\"http:\/\/hostallacreu.com\/en\/the-inn\/rooms\/double-3\/\" \/>\n<meta property=\"og:locale\" content=\"en_US\" \/>\n<meta property=\"og:type\" content=\"article\" \/>\n<meta property=\"og:title\" content=\"Double (3) - Hostal Gastron\u00f2mic La Creu\" \/>\n<meta property=\"og:description\" content=\"We offer 3 rooms. Room names: RASQUERA, ASC\u00d3 and M\u00d3RA LA NOVA 5&#8217;0&#8243; x 6&#8217;6&#8243; king size double bed, television, bathroom with shower, writing-desk, fridge, air-conditioning, arm-chair, internet access, balcony, natural light, amenities, a welcome bottle of water. Round-the-clock reception service, in-room breakfast service, laundry service, tourist information, hair-dryer on request, lift, access for guests [&hellip;]\" \/>\n<meta property=\"og:url\" content=\"http:\/\/hostallacreu.com\/en\/the-inn\/rooms\/double-3\/\" \/>\n<meta property=\"og:site_name\" content=\"Hostal Gastron\u00f2mic La Creu\" \/>\n<meta property=\"article:modified_time\" content=\"2015-02-21T13:47:46+00:00\" \/>\n<meta property=\"og:image\" content=\"http:\/\/hostallacreu.com\/wp-content\/uploads\/2014\/11\/habitacio\u00a6\u00fc-10-hostal-la-creu.jpg\" \/>\n\t<meta property=\"og:image:width\" content=\"1024\" \/>\n\t<meta property=\"og:image:height\" content=\"680\" \/>\n\t<meta property=\"og:image:type\" content=\"image\/jpeg\" \/>\n<script type=\"application\/ld+json\" class=\"yoast-schema-graph\">{\"@context\":\"https:\/\/schema.org\",\"@graph\":[{\"@type\":\"WebPage\",\"@id\":\"http:\/\/hostallacreu.com\/en\/the-inn\/rooms\/double-3\/\",\"url\":\"http:\/\/hostallacreu.com\/en\/the-inn\/rooms\/double-3\/\",\"name\":\"Double (3) - Hostal Gastron\u00f2mic La Creu\",\"isPartOf\":{\"@id\":\"https:\/\/hostallacreu.com\/#website\"},\"primaryImageOfPage\":{\"@id\":\"http:\/\/hostallacreu.com\/en\/the-inn\/rooms\/double-3\/#primaryimage\"},\"image\":{\"@id\":\"http:\/\/hostallacreu.com\/en\/the-inn\/rooms\/double-3\/#primaryimage\"},\"thumbnailUrl\":\"https:\/\/hostallacreu.com\/wp-content\/uploads\/2014\/11\/habitacio\u00a6\u00fc-10-hostal-la-creu.jpg\",\"datePublished\":\"2015-02-20T15:06:04+00:00\",\"dateModified\":\"2015-02-21T13:47:46+00:00\",\"breadcrumb\":{\"@id\":\"http:\/\/hostallacreu.com\/en\/the-inn\/rooms\/double-3\/#breadcrumb\"},\"inLanguage\":\"en-US\",\"potentialAction\":[{\"@type\":\"ReadAction\",\"target\":[\"http:\/\/hostallacreu.com\/en\/the-inn\/rooms\/double-3\/\"]}]},{\"@type\":\"ImageObject\",\"inLanguage\":\"en-US\",\"@id\":\"http:\/\/hostallacreu.com\/en\/the-inn\/rooms\/double-3\/#primaryimage\",\"url\":\"https:\/\/hostallacreu.com\/wp-content\/uploads\/2014\/11\/habitacio\u00a6\u00fc-10-hostal-la-creu.jpg\",\"contentUrl\":\"https:\/\/hostallacreu.com\/wp-content\/uploads\/2014\/11\/habitacio\u00a6\u00fc-10-hostal-la-creu.jpg\",\"width\":1024,\"height\":680},{\"@type\":\"BreadcrumbList\",\"@id\":\"http:\/\/hostallacreu.com\/en\/the-inn\/rooms\/double-3\/#breadcrumb\",\"itemListElement\":[{\"@type\":\"ListItem\",\"position\":1,\"name\":\"Home\",\"item\":\"https:\/\/hostallacreu.com\/en\/\"},{\"@type\":\"ListItem\",\"position\":2,\"name\":\"The Inn\",\"item\":\"https:\/\/hostallacreu.com\/en\/the-inn\/\"},{\"@type\":\"ListItem\",\"position\":3,\"name\":\"Rooms\",\"item\":\"http:\/\/hostallacreu.com\/en\/the-inn\/rooms\/\"},{\"@type\":\"ListItem\",\"position\":4,\"name\":\"Double (3)\"}]},{\"@type\":\"WebSite\",\"@id\":\"https:\/\/hostallacreu.com\/#website\",\"url\":\"https:\/\/hostallacreu.com\/\",\"name\":\"Hostal Gastron\u00f2mic La Creu\",\"description\":\"El teu allotjament i restaurant a la Ribera d&#039;Ebre\",\"potentialAction\":[{\"@type\":\"SearchAction\",\"target\":{\"@type\":\"EntryPoint\",\"urlTemplate\":\"https:\/\/hostallacreu.com\/?s={search_term_string}\"},\"query-input\":{\"@type\":\"PropertyValueSpecification\",\"valueRequired\":true,\"valueName\":\"search_term_string\"}}],\"inLanguage\":\"en-US\"}]}<\/script>\n<!-- \/ Yoast SEO plugin. -->","yoast_head_json":{"title":"Double (3) - Hostal Gastron\u00f2mic La Creu","robots":{"index":"index","follow":"follow","max-snippet":"max-snippet:-1","max-image-preview":"max-image-preview:large","max-video-preview":"max-video-preview:-1"},"canonical":"http:\/\/hostallacreu.com\/en\/the-inn\/rooms\/double-3\/","og_locale":"en_US","og_type":"article","og_title":"Double (3) - Hostal Gastron\u00f2mic La Creu","og_description":"We offer 3 rooms. Room names: RASQUERA, ASC\u00d3 and M\u00d3RA LA NOVA 5&#8217;0&#8243; x 6&#8217;6&#8243; king size double bed, television, bathroom with shower, writing-desk, fridge, air-conditioning, arm-chair, internet access, balcony, natural light, amenities, a welcome bottle of water. Round-the-clock reception service, in-room breakfast service, laundry service, tourist information, hair-dryer on request, lift, access for guests [&hellip;]","og_url":"http:\/\/hostallacreu.com\/en\/the-inn\/rooms\/double-3\/","og_site_name":"Hostal Gastron\u00f2mic La Creu","article_modified_time":"2015-02-21T13:47:46+00:00","og_image":[{"width":1024,"height":680,"url":"http:\/\/hostallacreu.com\/wp-content\/uploads\/2014\/11\/habitacio\u00a6\u00fc-10-hostal-la-creu.jpg","type":"image\/jpeg"}],"schema":{"@context":"https:\/\/schema.org","@graph":[{"@type":"WebPage","@id":"http:\/\/hostallacreu.com\/en\/the-inn\/rooms\/double-3\/","url":"http:\/\/hostallacreu.com\/en\/the-inn\/rooms\/double-3\/","name":"Double (3) - Hostal Gastron\u00f2mic La Creu","isPartOf":{"@id":"https:\/\/hostallacreu.com\/#website"},"primaryImageOfPage":{"@id":"http:\/\/hostallacreu.com\/en\/the-inn\/rooms\/double-3\/#primaryimage"},"image":{"@id":"http:\/\/hostallacreu.com\/en\/the-inn\/rooms\/double-3\/#primaryimage"},"thumbnailUrl":"https:\/\/hostallacreu.com\/wp-content\/uploads\/2014\/11\/habitacio\u00a6\u00fc-10-hostal-la-creu.jpg","datePublished":"2015-02-20T15:06:04+00:00","dateModified":"2015-02-21T13:47:46+00:00","breadcrumb":{"@id":"http:\/\/hostallacreu.com\/en\/the-inn\/rooms\/double-3\/#breadcrumb"},"inLanguage":"en-US","potentialAction":[{"@type":"ReadAction","target":["http:\/\/hostallacreu.com\/en\/the-inn\/rooms\/double-3\/"]}]},{"@type":"ImageObject","inLanguage":"en-US","@id":"http:\/\/hostallacreu.com\/en\/the-inn\/rooms\/double-3\/#primaryimage","url":"https:\/\/hostallacreu.com\/wp-content\/uploads\/2014\/11\/habitacio\u00a6\u00fc-10-hostal-la-creu.jpg","contentUrl":"https:\/\/hostallacreu.com\/wp-content\/uploads\/2014\/11\/habitacio\u00a6\u00fc-10-hostal-la-creu.jpg","width":1024,"height":680},{"@type":"BreadcrumbList","@id":"http:\/\/hostallacreu.com\/en\/the-inn\/rooms\/double-3\/#breadcrumb","itemListElement":[{"@type":"ListItem","position":1,"name":"Home","item":"https:\/\/hostallacreu.com\/en\/"},{"@type":"ListItem","position":2,"name":"The Inn","item":"https:\/\/hostallacreu.com\/en\/the-inn\/"},{"@type":"ListItem","position":3,"name":"Rooms","item":"http:\/\/hostallacreu.com\/en\/the-inn\/rooms\/"},{"@type":"ListItem","position":4,"name":"Double (3)"}]},{"@type":"WebSite","@id":"https:\/\/hostallacreu.com\/#website","url":"https:\/\/hostallacreu.com\/","name":"Hostal Gastron\u00f2mic La Creu","description":"El teu allotjament i restaurant a la Ribera d&#039;Ebre","potentialAction":[{"@type":"SearchAction","target":{"@type":"EntryPoint","urlTemplate":"https:\/\/hostallacreu.com\/?s={search_term_string}"},"query-input":{"@type":"PropertyValueSpecification","valueRequired":true,"valueName":"search_term_string"}}],"inLanguage":"en-US"}]}},"_links":{"self":[{"href":"https:\/\/hostallacreu.com\/en\/wp-json\/wp\/v2\/pages\/955","targetHints":{"allow":["GET"]}}],"collection":[{"href":"https:\/\/hostallacreu.com\/en\/wp-json\/wp\/v2\/pages"}],"about":[{"href":"https:\/\/hostallacreu.com\/en\/wp-json\/wp\/v2\/types\/page"}],"author":[{"embeddable":true,"href":"https:\/\/hostallacreu.com\/en\/wp-json\/wp\/v2\/users\/3"}],"replies":[{"embeddable":true,"href":"https:\/\/hostallacreu.com\/en\/wp-json\/wp\/v2\/comments?post=955"}],"version-history":[{"count":1,"href":"https:\/\/hostallacreu.com\/en\/wp-json\/wp\/v2\/pages\/955\/revisions"}],"predecessor-version":[{"id":956,"href":"https:\/\/hostallacreu.com\/en\/wp-json\/wp\/v2\/pages\/955\/revisions\/956"}],"up":[{"embeddable":true,"href":"https:\/\/hostallacreu.com\/en\/wp-json\/wp\/v2\/pages\/952"}],"wp:featuredmedia":[{"embeddable":true,"href":"https:\/\/hostallacreu.com\/en\/wp-json\/wp\/v2\/media\/594"}],"wp:attachment":[{"href":"https:\/\/hostallacreu.com\/en\/wp-json\/wp\/v2\/media?parent=955"}],"curies":[{"name":"wp","href":"https:\/\/api.w.org\/{rel}","templated":true}]}}