{"id":3192,"date":"2023-11-28T15:51:39","date_gmt":"2023-11-28T15:51:39","guid":{"rendered":"https:\/\/hostallacreu.com\/?page_id=3192"},"modified":"2023-11-28T15:51:40","modified_gmt":"2023-11-28T15:51:40","slug":"navegar-en-llaut-lo-roget","status":"publish","type":"page","link":"https:\/\/hostallacreu.com\/en\/activitats\/navegar-en-llaut-lo-roget\/","title":{"rendered":"Navegar en lla\u00fct: Lo Roget"},"content":{"rendered":"<p><iframe loading=\"lazy\" src=\"\/\/www.youtube.com\/embed\/nSmpDSB3HP4\" width=\"900\" height=\"350\"><\/iframe><\/p>\n<p>Des de temps antics<strong> l\u2019Ebre ha estat una de les vies de comunicaci\u00f3 m\u00e9s\u00a0 importants de la Pen\u00ednsula Ib\u00e8rica<\/strong>, permetent la circulaci\u00f3 de mercaderies i persones entre aquesta i el mediterrani. Aquest fet feu que fins fa relativament poc la navegaci\u00f3 fluvial per l\u2019Ebre aport\u00e9s dinamisme econ\u00f2mic, social i cultural al conjunt dels pobles riberencs. Actualment i despr\u00e9s que el transport fluvial desaparegu\u00e9s per complet s\u2019est\u00e0 recuperant la navegaci\u00f3 per a l\u2019oci i el turisme. Amb tot\u00a0<strong>s\u2019ofereix l\u2019oportunitat de navegar per l\u2019Ebre a vista de lla\u00fcter i gaudint del paisatge riberenc des de dins el riu<\/strong>.<\/p>\n<p>Ibers, fenicis, romans, musulmans i posteriorment cristians utilitzaren l\u2019Ebre com a eix de comunicaci\u00f3. Durant el per\u00edode medieval es forj\u00e0 l\u2019economia fluvial a l\u2019Ebre i cada vegada apareixien m\u00e9s llaguters i altres oficis relacionats amb la navegaci\u00f3 fluvial. L\u2019activitat, que nom\u00e9s cessava en casos puntuals com riuades o guerres augment\u00e0 lentament fins a principis del segle XIX. Fou a partir d\u2019aleshores que la navegaci\u00f3 per l\u2019Ebre an\u00e0 disminuint fins acabar desapareixent a causa de l\u2019aparici\u00f3 del ferrocarril, les carreteres i la construcci\u00f3 dels embassaments de Mequinensa, Riba-roja i Flix.<\/p>\n<p>Encara que quelcom assenyala que els lla\u00fcts o llaguts, l\u2019embarcaci\u00f3 per excel\u00b7l\u00e8ncia de l\u2019Ebre catal\u00e0, t\u00e9 els seus or\u00edgens en l\u2019ocupaci\u00f3 musulmana de l\u2019Ebre, les embarcacions que han navegat pel riu Ebre han estat diverses i han evolucionat de tal manera, que fins als \u00faltims anys de navegaci\u00f3 eren<strong>els lla\u00fcts, juntament amb les muletes, les embarcacions que m\u00e9s s\u2019usaven<\/strong>.<\/p>\n<p>Actualment, els lla\u00fcts tornen a navegar per les Terres de l\u2019Ebre. Aquests han estat recuperats per a poder gaudir de la navegaci\u00f3 fluvial des d\u2019un punt de vista l\u00fadic com \u00e9s el cas d\u2019Asc\u00f3, que amb la construcci\u00f3 d\u2019una r\u00e8plica moderna d\u2019un lla\u00fct, anomenat \u2018lo Roget\u2019, nom d\u2019un antic bandoler morisc que va evitar la seva expulsi\u00f3 l\u2019any 1609, <strong>es fan viatges tur\u00edstics entre Asc\u00f3 i Garcia\u00a0durant els per\u00edodes que la navegabilitat fluvial es permesa<\/strong> i que coincideixen amb els mesos de m\u00e9s bonan\u00e7a clim\u00e0tica i aflu\u00e8ncia tur\u00edstica.<img loading=\"lazy\" decoding=\"async\" class=\"aligncenter size-full wp-image-1625\" src=\"https:\/\/hostallacreu.com\/wp-content\/uploads\/2014\/11\/roget-asco.jpg\" alt=\"\" width=\"960\" height=\"669\" srcset=\"https:\/\/hostallacreu.com\/wp-content\/uploads\/2014\/11\/roget-asco.jpg 960w, https:\/\/hostallacreu.com\/wp-content\/uploads\/2014\/11\/roget-asco-300x209.jpg 300w, https:\/\/hostallacreu.com\/wp-content\/uploads\/2014\/11\/roget-asco-768x535.jpg 768w, https:\/\/hostallacreu.com\/wp-content\/uploads\/2014\/11\/roget-asco-624x435.jpg 624w\" sizes=\"auto, (max-width: 960px) 100vw, 960px\" \/><\/p>\n<p><strong>Lo Roget permet navegar pel riu Ebre gaudint del paisatge fluvial, dels exuberants boscos de ribera i coneixent la import\u00e0ncia del riu Ebre com a via de comunicaci\u00f3 en el passat<\/strong>, gr\u00e0cies a una audioguia que durant el trajecte explica en diferents idiomes (catal\u00e0, castell\u00e0, angl\u00e8s, rus i franc\u00e8s) com l\u2019Ebre va constituir durant segles una aut\u00e8ntica autopista comercial i cultural.<\/p>\n<p>Sens dubte <strong>es tracta d\u2019una experi\u00e8ncia l\u00fadica \u00fanica i molt enriquidora\u00a0<\/strong>tant des d\u2019un punt de vista cultural com natural i que qualsevol turista i visitant de les Terres de l\u2019Ebre no es pot perdre. <strong>Podeu sol\u00b7licitar m\u00e9s informaci\u00f3 i fer la vostra reserva des del nostre establiment i trobareu m\u00e9s informaci\u00f3 al seg\u00fcent enlla\u00e7: <a href=\"http:\/\/www.ascoturisme.com\/\">www.ascoturisme.com<\/a><\/strong><\/p>\n<p>&nbsp;<\/p>\n","protected":false},"excerpt":{"rendered":"<p>Des de temps antics l\u2019Ebre ha estat una de les vies de comunicaci\u00f3 m\u00e9s\u00a0 importants de la Pen\u00ednsula Ib\u00e8rica, permetent la circulaci\u00f3 de mercaderies i persones entre aquesta i el mediterrani. Aquest fet feu que fins fa relativament poc la navegaci\u00f3 fluvial per l\u2019Ebre aport\u00e9s dinamisme econ\u00f2mic, social i cultural al conjunt dels pobles riberencs. [&hellip;]<\/p>\n","protected":false},"author":3,"featured_media":0,"parent":3190,"menu_order":0,"comment_status":"closed","ping_status":"closed","template":"","meta":{"_monsterinsights_skip_tracking":false,"_monsterinsights_sitenote_active":false,"_monsterinsights_sitenote_note":"","_monsterinsights_sitenote_category":0,"footnotes":""},"class_list":["post-3192","page","type-page","status-publish","hentry"],"yoast_head":"<!-- This site is optimized with the Yoast SEO plugin v26.2 - https:\/\/yoast.com\/wordpress\/plugins\/seo\/ -->\n<title>Navegar en lla\u00fct: Lo Roget - Hostal Gastron\u00f2mic La Creu<\/title>\n<meta name=\"robots\" content=\"index, follow, max-snippet:-1, max-image-preview:large, max-video-preview:-1\" \/>\n<link rel=\"canonical\" href=\"https:\/\/hostallacreu.com\/en\/activitats\/navegar-en-llaut-lo-roget\/\" \/>\n<meta property=\"og:locale\" content=\"en_US\" \/>\n<meta property=\"og:type\" content=\"article\" \/>\n<meta property=\"og:title\" content=\"Navegar en lla\u00fct: Lo Roget - Hostal Gastron\u00f2mic La Creu\" \/>\n<meta property=\"og:description\" content=\"Des de temps antics l\u2019Ebre ha estat una de les vies de comunicaci\u00f3 m\u00e9s\u00a0 importants de la Pen\u00ednsula Ib\u00e8rica, permetent la circulaci\u00f3 de mercaderies i persones entre aquesta i el mediterrani. Aquest fet feu que fins fa relativament poc la navegaci\u00f3 fluvial per l\u2019Ebre aport\u00e9s dinamisme econ\u00f2mic, social i cultural al conjunt dels pobles riberencs. [&hellip;]\" \/>\n<meta property=\"og:url\" content=\"https:\/\/hostallacreu.com\/en\/activitats\/navegar-en-llaut-lo-roget\/\" \/>\n<meta property=\"og:site_name\" content=\"Hostal Gastron\u00f2mic La Creu\" \/>\n<meta property=\"article:modified_time\" content=\"2023-11-28T15:51:40+00:00\" \/>\n<meta property=\"og:image\" content=\"http:\/\/hostallacreu.com\/wp-content\/uploads\/2014\/11\/roget-asco.jpg\" \/>\n<meta name=\"twitter:label1\" content=\"Est. reading time\" \/>\n\t<meta name=\"twitter:data1\" content=\"3 minutes\" \/>\n<script type=\"application\/ld+json\" class=\"yoast-schema-graph\">{\"@context\":\"https:\/\/schema.org\",\"@graph\":[{\"@type\":\"WebPage\",\"@id\":\"https:\/\/hostallacreu.com\/en\/activitats\/navegar-en-llaut-lo-roget\/\",\"url\":\"https:\/\/hostallacreu.com\/en\/activitats\/navegar-en-llaut-lo-roget\/\",\"name\":\"Navegar en lla\u00fct: Lo Roget - Hostal Gastron\u00f2mic La Creu\",\"isPartOf\":{\"@id\":\"https:\/\/hostallacreu.com\/#website\"},\"primaryImageOfPage\":{\"@id\":\"https:\/\/hostallacreu.com\/en\/activitats\/navegar-en-llaut-lo-roget\/#primaryimage\"},\"image\":{\"@id\":\"https:\/\/hostallacreu.com\/en\/activitats\/navegar-en-llaut-lo-roget\/#primaryimage\"},\"thumbnailUrl\":\"http:\/\/hostallacreu.com\/wp-content\/uploads\/2014\/11\/roget-asco.jpg\",\"datePublished\":\"2023-11-28T15:51:39+00:00\",\"dateModified\":\"2023-11-28T15:51:40+00:00\",\"breadcrumb\":{\"@id\":\"https:\/\/hostallacreu.com\/en\/activitats\/navegar-en-llaut-lo-roget\/#breadcrumb\"},\"inLanguage\":\"en-US\",\"potentialAction\":[{\"@type\":\"ReadAction\",\"target\":[\"https:\/\/hostallacreu.com\/en\/activitats\/navegar-en-llaut-lo-roget\/\"]}]},{\"@type\":\"ImageObject\",\"inLanguage\":\"en-US\",\"@id\":\"https:\/\/hostallacreu.com\/en\/activitats\/navegar-en-llaut-lo-roget\/#primaryimage\",\"url\":\"http:\/\/hostallacreu.com\/wp-content\/uploads\/2014\/11\/roget-asco.jpg\",\"contentUrl\":\"http:\/\/hostallacreu.com\/wp-content\/uploads\/2014\/11\/roget-asco.jpg\"},{\"@type\":\"BreadcrumbList\",\"@id\":\"https:\/\/hostallacreu.com\/en\/activitats\/navegar-en-llaut-lo-roget\/#breadcrumb\",\"itemListElement\":[{\"@type\":\"ListItem\",\"position\":1,\"name\":\"Home\",\"item\":\"https:\/\/hostallacreu.com\/en\/\"},{\"@type\":\"ListItem\",\"position\":2,\"name\":\"Activitats\",\"item\":\"https:\/\/hostallacreu.com\/en\/activitats\/\"},{\"@type\":\"ListItem\",\"position\":3,\"name\":\"Navegar en lla\u00fct: Lo Roget\"}]},{\"@type\":\"WebSite\",\"@id\":\"https:\/\/hostallacreu.com\/#website\",\"url\":\"https:\/\/hostallacreu.com\/\",\"name\":\"Hostal Gastron\u00f2mic La Creu\",\"description\":\"El teu allotjament i restaurant a la Ribera d&#039;Ebre\",\"potentialAction\":[{\"@type\":\"SearchAction\",\"target\":{\"@type\":\"EntryPoint\",\"urlTemplate\":\"https:\/\/hostallacreu.com\/?s={search_term_string}\"},\"query-input\":{\"@type\":\"PropertyValueSpecification\",\"valueRequired\":true,\"valueName\":\"search_term_string\"}}],\"inLanguage\":\"en-US\"}]}<\/script>\n<!-- \/ Yoast SEO plugin. -->","yoast_head_json":{"title":"Navegar en lla\u00fct: Lo Roget - Hostal Gastron\u00f2mic La Creu","robots":{"index":"index","follow":"follow","max-snippet":"max-snippet:-1","max-image-preview":"max-image-preview:large","max-video-preview":"max-video-preview:-1"},"canonical":"https:\/\/hostallacreu.com\/en\/activitats\/navegar-en-llaut-lo-roget\/","og_locale":"en_US","og_type":"article","og_title":"Navegar en lla\u00fct: Lo Roget - Hostal Gastron\u00f2mic La Creu","og_description":"Des de temps antics l\u2019Ebre ha estat una de les vies de comunicaci\u00f3 m\u00e9s\u00a0 importants de la Pen\u00ednsula Ib\u00e8rica, permetent la circulaci\u00f3 de mercaderies i persones entre aquesta i el mediterrani. Aquest fet feu que fins fa relativament poc la navegaci\u00f3 fluvial per l\u2019Ebre aport\u00e9s dinamisme econ\u00f2mic, social i cultural al conjunt dels pobles riberencs. [&hellip;]","og_url":"https:\/\/hostallacreu.com\/en\/activitats\/navegar-en-llaut-lo-roget\/","og_site_name":"Hostal Gastron\u00f2mic La Creu","article_modified_time":"2023-11-28T15:51:40+00:00","og_image":[{"url":"http:\/\/hostallacreu.com\/wp-content\/uploads\/2014\/11\/roget-asco.jpg","type":"","width":"","height":""}],"twitter_misc":{"Est. reading time":"3 minutes"},"schema":{"@context":"https:\/\/schema.org","@graph":[{"@type":"WebPage","@id":"https:\/\/hostallacreu.com\/en\/activitats\/navegar-en-llaut-lo-roget\/","url":"https:\/\/hostallacreu.com\/en\/activitats\/navegar-en-llaut-lo-roget\/","name":"Navegar en lla\u00fct: Lo Roget - Hostal Gastron\u00f2mic La Creu","isPartOf":{"@id":"https:\/\/hostallacreu.com\/#website"},"primaryImageOfPage":{"@id":"https:\/\/hostallacreu.com\/en\/activitats\/navegar-en-llaut-lo-roget\/#primaryimage"},"image":{"@id":"https:\/\/hostallacreu.com\/en\/activitats\/navegar-en-llaut-lo-roget\/#primaryimage"},"thumbnailUrl":"http:\/\/hostallacreu.com\/wp-content\/uploads\/2014\/11\/roget-asco.jpg","datePublished":"2023-11-28T15:51:39+00:00","dateModified":"2023-11-28T15:51:40+00:00","breadcrumb":{"@id":"https:\/\/hostallacreu.com\/en\/activitats\/navegar-en-llaut-lo-roget\/#breadcrumb"},"inLanguage":"en-US","potentialAction":[{"@type":"ReadAction","target":["https:\/\/hostallacreu.com\/en\/activitats\/navegar-en-llaut-lo-roget\/"]}]},{"@type":"ImageObject","inLanguage":"en-US","@id":"https:\/\/hostallacreu.com\/en\/activitats\/navegar-en-llaut-lo-roget\/#primaryimage","url":"http:\/\/hostallacreu.com\/wp-content\/uploads\/2014\/11\/roget-asco.jpg","contentUrl":"http:\/\/hostallacreu.com\/wp-content\/uploads\/2014\/11\/roget-asco.jpg"},{"@type":"BreadcrumbList","@id":"https:\/\/hostallacreu.com\/en\/activitats\/navegar-en-llaut-lo-roget\/#breadcrumb","itemListElement":[{"@type":"ListItem","position":1,"name":"Home","item":"https:\/\/hostallacreu.com\/en\/"},{"@type":"ListItem","position":2,"name":"Activitats","item":"https:\/\/hostallacreu.com\/en\/activitats\/"},{"@type":"ListItem","position":3,"name":"Navegar en lla\u00fct: Lo Roget"}]},{"@type":"WebSite","@id":"https:\/\/hostallacreu.com\/#website","url":"https:\/\/hostallacreu.com\/","name":"Hostal Gastron\u00f2mic La Creu","description":"El teu allotjament i restaurant a la Ribera d&#039;Ebre","potentialAction":[{"@type":"SearchAction","target":{"@type":"EntryPoint","urlTemplate":"https:\/\/hostallacreu.com\/?s={search_term_string}"},"query-input":{"@type":"PropertyValueSpecification","valueRequired":true,"valueName":"search_term_string"}}],"inLanguage":"en-US"}]}},"_links":{"self":[{"href":"https:\/\/hostallacreu.com\/en\/wp-json\/wp\/v2\/pages\/3192","targetHints":{"allow":["GET"]}}],"collection":[{"href":"https:\/\/hostallacreu.com\/en\/wp-json\/wp\/v2\/pages"}],"about":[{"href":"https:\/\/hostallacreu.com\/en\/wp-json\/wp\/v2\/types\/page"}],"author":[{"embeddable":true,"href":"https:\/\/hostallacreu.com\/en\/wp-json\/wp\/v2\/users\/3"}],"replies":[{"embeddable":true,"href":"https:\/\/hostallacreu.com\/en\/wp-json\/wp\/v2\/comments?post=3192"}],"version-history":[{"count":1,"href":"https:\/\/hostallacreu.com\/en\/wp-json\/wp\/v2\/pages\/3192\/revisions"}],"predecessor-version":[{"id":3197,"href":"https:\/\/hostallacreu.com\/en\/wp-json\/wp\/v2\/pages\/3192\/revisions\/3197"}],"up":[{"embeddable":true,"href":"https:\/\/hostallacreu.com\/en\/wp-json\/wp\/v2\/pages\/3190"}],"wp:attachment":[{"href":"https:\/\/hostallacreu.com\/en\/wp-json\/wp\/v2\/media?parent=3192"}],"curies":[{"name":"wp","href":"https:\/\/api.w.org\/{rel}","templated":true}]}}