{"id":3190,"date":"2023-11-28T15:51:44","date_gmt":"2023-11-28T15:51:44","guid":{"rendered":"https:\/\/hostallacreu.com\/?page_id=3190"},"modified":"2025-10-21T16:59:02","modified_gmt":"2025-10-21T16:59:02","slug":"activitats","status":"publish","type":"page","link":"https:\/\/hostallacreu.com\/en\/activitats\/","title":{"rendered":"Activitats"},"content":{"rendered":"<div id=\"metaslider-id-3830\" style=\"width: 100%;\" class=\"ml-slider-3-102-0 metaslider metaslider-flex metaslider-3830 ml-slider has-dots-nav ms-theme-default-base\" role=\"region\" aria-label=\"Activitats\" data-height=\"400\" data-width=\"1180\">\n    <div id=\"metaslider_container_3830\">\n        <div id=\"metaslider_3830\">\n            <ul aria-live='off' class='slides'>\n                <li style=\"display: block; width: 100%;\" class=\"slide-3832 ms-image \" aria-roledescription=\"slide\" data-date=\"2025-10-21 16:21:46\" data-slide-type=\"image\"><img loading=\"lazy\" decoding=\"async\" src=\"https:\/\/hostallacreu.com\/wp-content\/uploads\/2014\/11\/llaut-turistic-lo-roget-asco-navegar-ebre-01.jpg\" height=\"400\" width=\"1180\" alt=\"\" class=\"slider-3830 slide-3832 msDefaultImage\" title=\"llaut turistic lo roget asco navegar ebre-01\" \/><\/li>\n                <li style=\"display: none; width: 100%;\" class=\"slide-3834 ms-image \" aria-roledescription=\"slide\" data-date=\"2025-10-21 16:21:46\" data-slide-type=\"image\"><img loading=\"lazy\" decoding=\"async\" src=\"https:\/\/hostallacreu.com\/wp-content\/uploads\/2014\/11\/cami-de-sirga-via-blava-ribera-ebre-01-01.jpg\" height=\"400\" width=\"1180\" alt=\"\" class=\"slider-3830 slide-3834 msDefaultImage\" title=\"cami de sirga via blava ribera ebre-01-01\" \/><\/li>\n            <\/ul>\n        <\/div>\n        \n    <\/div>\n<\/div>\n\n\n<p>La comarca de la Ribera d&#8217;Ebre i les Terres de l&#8217;Ebre\u00a0permeten ser descobertes a trav\u00e9s de multitud d\u2019activitats tur\u00edstiques on el visitant podr\u00e0 viure experi\u00e8ncies \u00faniques i molt enriquidores. Podem realitzar turisme rural, turisme de natura, turisme cultural, turisme fluvial, turisme d\u2019aventura amb la pr\u00e0ctica del senderisme, l\u2019escalada, el cicloturisme , el tir amb arc o a trav\u00e9s de passejades amb cavall, aix\u00ed com, turisme ornitol\u00f2gic i de pesca. Tot un ventall de possibilitats que des de l\u2019Hostal Gastron\u00f2mic La Creu us anirem proposant per a qu\u00e8 seleccioneu aquelles activitats que m\u00e9s us interessin o s\u2019adaptin a les vostres motivacions de visita.<\/p>","protected":false},"excerpt":{"rendered":"<p>La comarca de la Ribera d&#8217;Ebre i les Terres de l&#8217;Ebre\u00a0permeten ser descobertes a trav\u00e9s de multitud d\u2019activitats tur\u00edstiques on el visitant podr\u00e0 viure experi\u00e8ncies \u00faniques i molt enriquidores. Podem realitzar turisme rural, turisme de natura, turisme cultural, turisme fluvial, turisme d\u2019aventura amb la pr\u00e0ctica del senderisme, l\u2019escalada, el cicloturisme , el tir amb arc [&hellip;]<\/p>\n","protected":false},"author":3,"featured_media":0,"parent":0,"menu_order":40,"comment_status":"open","ping_status":"closed","template":"","meta":{"_monsterinsights_skip_tracking":false,"_monsterinsights_sitenote_active":false,"_monsterinsights_sitenote_note":"","_monsterinsights_sitenote_category":0,"footnotes":""},"class_list":["post-3190","page","type-page","status-publish","hentry"],"yoast_head":"<!-- This site is optimized with the Yoast SEO plugin v26.2 - https:\/\/yoast.com\/wordpress\/plugins\/seo\/ -->\n<title>Activitats - Hostal Gastron\u00f2mic La Creu<\/title>\n<meta name=\"robots\" content=\"index, follow, max-snippet:-1, max-image-preview:large, max-video-preview:-1\" \/>\n<link rel=\"canonical\" href=\"https:\/\/hostallacreu.com\/en\/activitats\/\" \/>\n<meta property=\"og:locale\" content=\"en_US\" \/>\n<meta property=\"og:type\" content=\"article\" \/>\n<meta property=\"og:title\" content=\"Activitats - Hostal Gastron\u00f2mic La Creu\" \/>\n<meta property=\"og:description\" content=\"La comarca de la Ribera d&#8217;Ebre i les Terres de l&#8217;Ebre\u00a0permeten ser descobertes a trav\u00e9s de multitud d\u2019activitats tur\u00edstiques on el visitant podr\u00e0 viure experi\u00e8ncies \u00faniques i molt enriquidores. Podem realitzar turisme rural, turisme de natura, turisme cultural, turisme fluvial, turisme d\u2019aventura amb la pr\u00e0ctica del senderisme, l\u2019escalada, el cicloturisme , el tir amb arc [&hellip;]\" \/>\n<meta property=\"og:url\" content=\"https:\/\/hostallacreu.com\/en\/activitats\/\" \/>\n<meta property=\"og:site_name\" content=\"Hostal Gastron\u00f2mic La Creu\" \/>\n<meta property=\"article:modified_time\" content=\"2025-10-21T16:59:02+00:00\" \/>\n<meta name=\"twitter:label1\" content=\"Est. reading time\" \/>\n\t<meta name=\"twitter:data1\" content=\"1 minute\" \/>\n<script type=\"application\/ld+json\" class=\"yoast-schema-graph\">{\"@context\":\"https:\/\/schema.org\",\"@graph\":[{\"@type\":\"WebPage\",\"@id\":\"https:\/\/hostallacreu.com\/en\/activitats\/\",\"url\":\"https:\/\/hostallacreu.com\/en\/activitats\/\",\"name\":\"Activitats - Hostal Gastron\u00f2mic La Creu\",\"isPartOf\":{\"@id\":\"https:\/\/hostallacreu.com\/#website\"},\"datePublished\":\"2023-11-28T15:51:44+00:00\",\"dateModified\":\"2025-10-21T16:59:02+00:00\",\"breadcrumb\":{\"@id\":\"https:\/\/hostallacreu.com\/en\/activitats\/#breadcrumb\"},\"inLanguage\":\"en-US\",\"potentialAction\":[{\"@type\":\"ReadAction\",\"target\":[\"https:\/\/hostallacreu.com\/en\/activitats\/\"]}]},{\"@type\":\"BreadcrumbList\",\"@id\":\"https:\/\/hostallacreu.com\/en\/activitats\/#breadcrumb\",\"itemListElement\":[{\"@type\":\"ListItem\",\"position\":1,\"name\":\"Home\",\"item\":\"https:\/\/hostallacreu.com\/en\/\"},{\"@type\":\"ListItem\",\"position\":2,\"name\":\"Activitats\"}]},{\"@type\":\"WebSite\",\"@id\":\"https:\/\/hostallacreu.com\/#website\",\"url\":\"https:\/\/hostallacreu.com\/\",\"name\":\"Hostal Gastron\u00f2mic La Creu\",\"description\":\"El teu allotjament i restaurant a la Ribera d&#039;Ebre\",\"potentialAction\":[{\"@type\":\"SearchAction\",\"target\":{\"@type\":\"EntryPoint\",\"urlTemplate\":\"https:\/\/hostallacreu.com\/?s={search_term_string}\"},\"query-input\":{\"@type\":\"PropertyValueSpecification\",\"valueRequired\":true,\"valueName\":\"search_term_string\"}}],\"inLanguage\":\"en-US\"}]}<\/script>\n<!-- \/ Yoast SEO plugin. -->","yoast_head_json":{"title":"Activitats - Hostal Gastron\u00f2mic La Creu","robots":{"index":"index","follow":"follow","max-snippet":"max-snippet:-1","max-image-preview":"max-image-preview:large","max-video-preview":"max-video-preview:-1"},"canonical":"https:\/\/hostallacreu.com\/en\/activitats\/","og_locale":"en_US","og_type":"article","og_title":"Activitats - Hostal Gastron\u00f2mic La Creu","og_description":"La comarca de la Ribera d&#8217;Ebre i les Terres de l&#8217;Ebre\u00a0permeten ser descobertes a trav\u00e9s de multitud d\u2019activitats tur\u00edstiques on el visitant podr\u00e0 viure experi\u00e8ncies \u00faniques i molt enriquidores. Podem realitzar turisme rural, turisme de natura, turisme cultural, turisme fluvial, turisme d\u2019aventura amb la pr\u00e0ctica del senderisme, l\u2019escalada, el cicloturisme , el tir amb arc [&hellip;]","og_url":"https:\/\/hostallacreu.com\/en\/activitats\/","og_site_name":"Hostal Gastron\u00f2mic La Creu","article_modified_time":"2025-10-21T16:59:02+00:00","twitter_misc":{"Est. reading time":"1 minute"},"schema":{"@context":"https:\/\/schema.org","@graph":[{"@type":"WebPage","@id":"https:\/\/hostallacreu.com\/en\/activitats\/","url":"https:\/\/hostallacreu.com\/en\/activitats\/","name":"Activitats - Hostal Gastron\u00f2mic La Creu","isPartOf":{"@id":"https:\/\/hostallacreu.com\/#website"},"datePublished":"2023-11-28T15:51:44+00:00","dateModified":"2025-10-21T16:59:02+00:00","breadcrumb":{"@id":"https:\/\/hostallacreu.com\/en\/activitats\/#breadcrumb"},"inLanguage":"en-US","potentialAction":[{"@type":"ReadAction","target":["https:\/\/hostallacreu.com\/en\/activitats\/"]}]},{"@type":"BreadcrumbList","@id":"https:\/\/hostallacreu.com\/en\/activitats\/#breadcrumb","itemListElement":[{"@type":"ListItem","position":1,"name":"Home","item":"https:\/\/hostallacreu.com\/en\/"},{"@type":"ListItem","position":2,"name":"Activitats"}]},{"@type":"WebSite","@id":"https:\/\/hostallacreu.com\/#website","url":"https:\/\/hostallacreu.com\/","name":"Hostal Gastron\u00f2mic La Creu","description":"El teu allotjament i restaurant a la Ribera d&#039;Ebre","potentialAction":[{"@type":"SearchAction","target":{"@type":"EntryPoint","urlTemplate":"https:\/\/hostallacreu.com\/?s={search_term_string}"},"query-input":{"@type":"PropertyValueSpecification","valueRequired":true,"valueName":"search_term_string"}}],"inLanguage":"en-US"}]}},"_links":{"self":[{"href":"https:\/\/hostallacreu.com\/en\/wp-json\/wp\/v2\/pages\/3190","targetHints":{"allow":["GET"]}}],"collection":[{"href":"https:\/\/hostallacreu.com\/en\/wp-json\/wp\/v2\/pages"}],"about":[{"href":"https:\/\/hostallacreu.com\/en\/wp-json\/wp\/v2\/types\/page"}],"author":[{"embeddable":true,"href":"https:\/\/hostallacreu.com\/en\/wp-json\/wp\/v2\/users\/3"}],"replies":[{"embeddable":true,"href":"https:\/\/hostallacreu.com\/en\/wp-json\/wp\/v2\/comments?post=3190"}],"version-history":[{"count":2,"href":"https:\/\/hostallacreu.com\/en\/wp-json\/wp\/v2\/pages\/3190\/revisions"}],"predecessor-version":[{"id":3879,"href":"https:\/\/hostallacreu.com\/en\/wp-json\/wp\/v2\/pages\/3190\/revisions\/3879"}],"wp:attachment":[{"href":"https:\/\/hostallacreu.com\/en\/wp-json\/wp\/v2\/media?parent=3190"}],"curies":[{"name":"wp","href":"https:\/\/api.w.org\/{rel}","templated":true}]}}