{"id":3159,"date":"2023-11-28T15:49:09","date_gmt":"2023-11-28T15:49:09","guid":{"rendered":"https:\/\/hostallacreu.com\/?page_id=3159"},"modified":"2023-11-28T15:49:10","modified_gmt":"2023-11-28T15:49:10","slug":"serra-de-llaberia","status":"publish","type":"page","link":"https:\/\/hostallacreu.com\/en\/entorn\/espais-naturals\/serra-de-llaberia\/","title":{"rendered":"Serra de Llaberia"},"content":{"rendered":"<h1><strong>La inacessibilitat, l\u2019a\u00efllament i el baix grau d\u2019antropitzaci\u00f3 han perm\u00e8s conservar els seus valors m\u00e9s essencials, convertint-lo en un dels espais\u00a0naturals de m\u00e9s valor natural i paisatg\u00edstic del sud de Catalunya.<\/strong><\/h1>\n<p><a href=\"https:\/\/hostallacreu.com\/wp-content\/uploads\/2014\/11\/SERRA-DE-LLABERIA-RIBERA-DEBRE-TURISME-01.jpg\"><img loading=\"lazy\" decoding=\"async\" class=\"alignright size-full wp-image-310\" src=\"https:\/\/hostallacreu.com\/wp-content\/uploads\/2014\/11\/SERRA-DE-LLABERIA-RIBERA-DEBRE-TURISME-01.jpg\" alt=\"SERRA-DE-LLABERIA-RIBERA-DEBRE-TURISME-01\" width=\"1225\" height=\"468\" srcset=\"https:\/\/hostallacreu.com\/wp-content\/uploads\/2014\/11\/SERRA-DE-LLABERIA-RIBERA-DEBRE-TURISME-01.jpg 1225w, https:\/\/hostallacreu.com\/wp-content\/uploads\/2014\/11\/SERRA-DE-LLABERIA-RIBERA-DEBRE-TURISME-01-300x114.jpg 300w, https:\/\/hostallacreu.com\/wp-content\/uploads\/2014\/11\/SERRA-DE-LLABERIA-RIBERA-DEBRE-TURISME-01-1024x391.jpg 1024w, https:\/\/hostallacreu.com\/wp-content\/uploads\/2014\/11\/SERRA-DE-LLABERIA-RIBERA-DEBRE-TURISME-01-624x238.jpg 624w\" sizes=\"auto, (max-width: 1225px) 100vw, 1225px\" \/><\/a><\/p>\n<p>La serra de Llaberia la comparteixen tres comarques catalanes, la Ribera d\u2019Ebre, el Priorat i el Baix Camp i fa de frontera natural entre la Costa Daurada i les Terres de l\u2019Ebre.<\/p>\n<p><a href=\"https:\/\/hostallacreu.com\/wp-content\/uploads\/2014\/11\/Panor\u00e0mica-des-de-Llaberia-Ribera-dEbre-Turisme-08.jpg\"><img loading=\"lazy\" decoding=\"async\" class=\"alignright size-full wp-image-309\" src=\"https:\/\/hostallacreu.com\/wp-content\/uploads\/2014\/11\/Panor\u00e0mica-des-de-Llaberia-Ribera-dEbre-Turisme-08.jpg\" alt=\"Panor\u00e0mica-des-de-Llaberia-Ribera-dEbre-Turisme-08\" width=\"1419\" height=\"427\" srcset=\"https:\/\/hostallacreu.com\/wp-content\/uploads\/2014\/11\/Panor\u00e0mica-des-de-Llaberia-Ribera-dEbre-Turisme-08.jpg 1419w, https:\/\/hostallacreu.com\/wp-content\/uploads\/2014\/11\/Panor\u00e0mica-des-de-Llaberia-Ribera-dEbre-Turisme-08-300x90.jpg 300w, https:\/\/hostallacreu.com\/wp-content\/uploads\/2014\/11\/Panor\u00e0mica-des-de-Llaberia-Ribera-dEbre-Turisme-08-1024x308.jpg 1024w, https:\/\/hostallacreu.com\/wp-content\/uploads\/2014\/11\/Panor\u00e0mica-des-de-Llaberia-Ribera-dEbre-Turisme-08-624x187.jpg 624w\" sizes=\"auto, (max-width: 1419px) 100vw, 1419px\" \/><\/a><\/p>\n<p>La Serra de Llaberia destaca per la proximitat amb el mar, convertint-la en un magn\u00edfic mirador de la mediterr\u00e0nia i el Camp de Tarragona, per les<strong>singulars formacions geol\u00f2giques<\/strong> (grans penyasegats, cavalls bernat, coves, avencs, roques foradades) la <strong>diversitat i representativitat biogeogr\u00e0fica<\/strong> (flora adaptada a penyasegats i zones ventoses), la presencia de nombroses aus com l\u2019<strong>\u00e0guila daurada<\/strong> o la gralla del bec vermell, per ser l\u2019h\u00e0bit natural de la <strong>tortuga mediterr\u00e0nia<\/strong> o per desafiar al visitant amb els dips, els <strong>gossos vampir<\/strong> que segons la llegenda habita aquestes muntanyes.<\/p>\n<p><a href=\"https:\/\/hostallacreu.com\/wp-content\/uploads\/2014\/11\/LLABERIA-TURISME-RIBERA-DEBRE-06.jpg\"><img loading=\"lazy\" decoding=\"async\" class=\"alignright  wp-image-312\" src=\"https:\/\/hostallacreu.com\/wp-content\/uploads\/2014\/11\/LLABERIA-TURISME-RIBERA-DEBRE-06.jpg\" alt=\"LLABERIA-TURISME-RIBERA-DEBRE-06\" width=\"479\" height=\"487\" srcset=\"https:\/\/hostallacreu.com\/wp-content\/uploads\/2014\/11\/LLABERIA-TURISME-RIBERA-DEBRE-06.jpg 915w, https:\/\/hostallacreu.com\/wp-content\/uploads\/2014\/11\/LLABERIA-TURISME-RIBERA-DEBRE-06-295x300.jpg 295w, https:\/\/hostallacreu.com\/wp-content\/uploads\/2014\/11\/LLABERIA-TURISME-RIBERA-DEBRE-06-624x633.jpg 624w\" sizes=\"auto, (max-width: 479px) 100vw, 479px\" \/><\/a><\/p>\n<p>Podem descobrir la serra de Llaberia a trav\u00e9s del llogaret que li d\u00f3na nom,\u00a0<strong>Llaberia<\/strong>.\u00a0El nucli de Llaberia a 680 metres sobre el nivell del mar, a raser de muntanyes com la Miranada de 918 metres o Mont-redon de 846, <strong>\u00e9s un petit poble de muntanya<\/strong> que conserva de manera fidedigna la seva<strong>fisonomia medieval<\/strong>, s\u2019acompanya de l\u2019<strong>esgl\u00e9sia rom\u00e0nica<\/strong> m\u00e9s meridional de Catalunya, dedicada a Sant Joan Baptista, i de l\u2019\u00fanic museu dedicat al transport a bast.<\/p>\n<p><a href=\"https:\/\/hostallacreu.com\/wp-content\/uploads\/2014\/11\/vista-panoramica-costa-daurada-serra-llaberia-01.jpg\"><img loading=\"lazy\" decoding=\"async\" class=\"alignright size-full wp-image-311\" src=\"https:\/\/hostallacreu.com\/wp-content\/uploads\/2014\/11\/vista-panoramica-costa-daurada-serra-llaberia-01.jpg\" alt=\"vista panoramica costa daurada serra llaberia-01\" width=\"2588\" height=\"877\" srcset=\"https:\/\/hostallacreu.com\/wp-content\/uploads\/2014\/11\/vista-panoramica-costa-daurada-serra-llaberia-01.jpg 2588w, https:\/\/hostallacreu.com\/wp-content\/uploads\/2014\/11\/vista-panoramica-costa-daurada-serra-llaberia-01-300x101.jpg 300w, https:\/\/hostallacreu.com\/wp-content\/uploads\/2014\/11\/vista-panoramica-costa-daurada-serra-llaberia-01-1024x347.jpg 1024w, https:\/\/hostallacreu.com\/wp-content\/uploads\/2014\/11\/vista-panoramica-costa-daurada-serra-llaberia-01-624x211.jpg 624w\" sizes=\"auto, (max-width: 2588px) 100vw, 2588px\" \/><\/a><\/p>\n<p>Per arribar a Llaberia haurem d\u2019agafar la carretera C-44 que connecta M\u00f3ra d\u2019Ebre amb l\u2019Hospitalet de l\u2019Infant. Despr\u00e9s de deixar el poble de Tivissa i al capdamunt del Coll de Fatxes ens desviem cap a la T-311. Seguidament haurem d\u2019agafar la T-3111 per a ascendir amb el cotxe fins a Llaberia. S\u00f3n carreteres de muntanya molt estretes i tortuoses per\u00f2 que captiven per la bellesa del paisatge.<\/p>\n<p>Un cop a Llaberia deixem el cotxe a la mateixa entrada i a peu ens endinsem al nucli antic. Recomanem passejar pels seus carrers, observar els detalls art\u00edstics de les portes i finestres, admirar la perfecta harmonia entre les pedres de les cases i la natura que l\u2019envolta i gaudir de la seva esgl\u00e9sia rom\u00e0nica.<\/p>\n<p>Per aquells m\u00e9s actius us proposem realitzar l\u2019ascenci\u00f3 a la Miranda de Llaberia, el cim m\u00e9s elevat de la serra, el qual es troba a 30 minuts caminant del poble. L\u2019itinerari \u00e9s lineal i t\u00e9 una dificultat baixa.<\/p>\n","protected":false},"excerpt":{"rendered":"<p>La inacessibilitat, l\u2019a\u00efllament i el baix grau d\u2019antropitzaci\u00f3 han perm\u00e8s conservar els seus valors m\u00e9s essencials, convertint-lo en un dels espais\u00a0naturals de m\u00e9s valor natural i paisatg\u00edstic del sud de Catalunya. La serra de Llaberia la comparteixen tres comarques catalanes, la Ribera d\u2019Ebre, el Priorat i el Baix Camp i fa de frontera natural entre [&hellip;]<\/p>\n","protected":false},"author":3,"featured_media":0,"parent":3157,"menu_order":0,"comment_status":"closed","ping_status":"closed","template":"","meta":{"_monsterinsights_skip_tracking":false,"_monsterinsights_sitenote_active":false,"_monsterinsights_sitenote_note":"","_monsterinsights_sitenote_category":0,"footnotes":""},"class_list":["post-3159","page","type-page","status-publish","hentry"],"yoast_head":"<!-- This site is optimized with the Yoast SEO plugin v26.2 - https:\/\/yoast.com\/wordpress\/plugins\/seo\/ -->\n<title>Serra de Llaberia - Hostal Gastron\u00f2mic La Creu<\/title>\n<meta name=\"robots\" content=\"index, follow, max-snippet:-1, max-image-preview:large, max-video-preview:-1\" \/>\n<link rel=\"canonical\" href=\"https:\/\/hostallacreu.com\/en\/entorn\/espais-naturals\/serra-de-llaberia\/\" \/>\n<meta property=\"og:locale\" content=\"en_US\" \/>\n<meta property=\"og:type\" content=\"article\" \/>\n<meta property=\"og:title\" content=\"Serra de Llaberia - Hostal Gastron\u00f2mic La Creu\" \/>\n<meta property=\"og:description\" content=\"La inacessibilitat, l\u2019a\u00efllament i el baix grau d\u2019antropitzaci\u00f3 han perm\u00e8s conservar els seus valors m\u00e9s essencials, convertint-lo en un dels espais\u00a0naturals de m\u00e9s valor natural i paisatg\u00edstic del sud de Catalunya. La serra de Llaberia la comparteixen tres comarques catalanes, la Ribera d\u2019Ebre, el Priorat i el Baix Camp i fa de frontera natural entre [&hellip;]\" \/>\n<meta property=\"og:url\" content=\"https:\/\/hostallacreu.com\/en\/entorn\/espais-naturals\/serra-de-llaberia\/\" \/>\n<meta property=\"og:site_name\" content=\"Hostal Gastron\u00f2mic La Creu\" \/>\n<meta property=\"article:modified_time\" content=\"2023-11-28T15:49:10+00:00\" \/>\n<meta property=\"og:image\" content=\"http:\/\/hostallacreu.com\/wp-content\/uploads\/2014\/11\/SERRA-DE-LLABERIA-RIBERA-DEBRE-TURISME-01.jpg\" \/>\n<meta name=\"twitter:label1\" content=\"Est. reading time\" \/>\n\t<meta name=\"twitter:data1\" content=\"3 minutes\" \/>\n<script type=\"application\/ld+json\" class=\"yoast-schema-graph\">{\"@context\":\"https:\/\/schema.org\",\"@graph\":[{\"@type\":\"WebPage\",\"@id\":\"https:\/\/hostallacreu.com\/en\/entorn\/espais-naturals\/serra-de-llaberia\/\",\"url\":\"https:\/\/hostallacreu.com\/en\/entorn\/espais-naturals\/serra-de-llaberia\/\",\"name\":\"Serra de Llaberia - Hostal Gastron\u00f2mic La Creu\",\"isPartOf\":{\"@id\":\"https:\/\/hostallacreu.com\/#website\"},\"primaryImageOfPage\":{\"@id\":\"https:\/\/hostallacreu.com\/en\/entorn\/espais-naturals\/serra-de-llaberia\/#primaryimage\"},\"image\":{\"@id\":\"https:\/\/hostallacreu.com\/en\/entorn\/espais-naturals\/serra-de-llaberia\/#primaryimage\"},\"thumbnailUrl\":\"http:\/\/hostallacreu.com\/wp-content\/uploads\/2014\/11\/SERRA-DE-LLABERIA-RIBERA-DEBRE-TURISME-01.jpg\",\"datePublished\":\"2023-11-28T15:49:09+00:00\",\"dateModified\":\"2023-11-28T15:49:10+00:00\",\"breadcrumb\":{\"@id\":\"https:\/\/hostallacreu.com\/en\/entorn\/espais-naturals\/serra-de-llaberia\/#breadcrumb\"},\"inLanguage\":\"en-US\",\"potentialAction\":[{\"@type\":\"ReadAction\",\"target\":[\"https:\/\/hostallacreu.com\/en\/entorn\/espais-naturals\/serra-de-llaberia\/\"]}]},{\"@type\":\"ImageObject\",\"inLanguage\":\"en-US\",\"@id\":\"https:\/\/hostallacreu.com\/en\/entorn\/espais-naturals\/serra-de-llaberia\/#primaryimage\",\"url\":\"http:\/\/hostallacreu.com\/wp-content\/uploads\/2014\/11\/SERRA-DE-LLABERIA-RIBERA-DEBRE-TURISME-01.jpg\",\"contentUrl\":\"http:\/\/hostallacreu.com\/wp-content\/uploads\/2014\/11\/SERRA-DE-LLABERIA-RIBERA-DEBRE-TURISME-01.jpg\"},{\"@type\":\"BreadcrumbList\",\"@id\":\"https:\/\/hostallacreu.com\/en\/entorn\/espais-naturals\/serra-de-llaberia\/#breadcrumb\",\"itemListElement\":[{\"@type\":\"ListItem\",\"position\":1,\"name\":\"Home\",\"item\":\"https:\/\/hostallacreu.com\/en\/\"},{\"@type\":\"ListItem\",\"position\":2,\"name\":\"Entorn\",\"item\":\"https:\/\/hostallacreu.com\/en\/entorn\/\"},{\"@type\":\"ListItem\",\"position\":3,\"name\":\"Espais naturals\",\"item\":\"https:\/\/hostallacreu.com\/en\/entorn\/espais-naturals\/\"},{\"@type\":\"ListItem\",\"position\":4,\"name\":\"Serra de Llaberia\"}]},{\"@type\":\"WebSite\",\"@id\":\"https:\/\/hostallacreu.com\/#website\",\"url\":\"https:\/\/hostallacreu.com\/\",\"name\":\"Hostal Gastron\u00f2mic La Creu\",\"description\":\"El teu allotjament i restaurant a la Ribera d&#039;Ebre\",\"potentialAction\":[{\"@type\":\"SearchAction\",\"target\":{\"@type\":\"EntryPoint\",\"urlTemplate\":\"https:\/\/hostallacreu.com\/?s={search_term_string}\"},\"query-input\":{\"@type\":\"PropertyValueSpecification\",\"valueRequired\":true,\"valueName\":\"search_term_string\"}}],\"inLanguage\":\"en-US\"}]}<\/script>\n<!-- \/ Yoast SEO plugin. -->","yoast_head_json":{"title":"Serra de Llaberia - Hostal Gastron\u00f2mic La Creu","robots":{"index":"index","follow":"follow","max-snippet":"max-snippet:-1","max-image-preview":"max-image-preview:large","max-video-preview":"max-video-preview:-1"},"canonical":"https:\/\/hostallacreu.com\/en\/entorn\/espais-naturals\/serra-de-llaberia\/","og_locale":"en_US","og_type":"article","og_title":"Serra de Llaberia - Hostal Gastron\u00f2mic La Creu","og_description":"La inacessibilitat, l\u2019a\u00efllament i el baix grau d\u2019antropitzaci\u00f3 han perm\u00e8s conservar els seus valors m\u00e9s essencials, convertint-lo en un dels espais\u00a0naturals de m\u00e9s valor natural i paisatg\u00edstic del sud de Catalunya. La serra de Llaberia la comparteixen tres comarques catalanes, la Ribera d\u2019Ebre, el Priorat i el Baix Camp i fa de frontera natural entre [&hellip;]","og_url":"https:\/\/hostallacreu.com\/en\/entorn\/espais-naturals\/serra-de-llaberia\/","og_site_name":"Hostal Gastron\u00f2mic La Creu","article_modified_time":"2023-11-28T15:49:10+00:00","og_image":[{"url":"http:\/\/hostallacreu.com\/wp-content\/uploads\/2014\/11\/SERRA-DE-LLABERIA-RIBERA-DEBRE-TURISME-01.jpg","type":"","width":"","height":""}],"twitter_misc":{"Est. reading time":"3 minutes"},"schema":{"@context":"https:\/\/schema.org","@graph":[{"@type":"WebPage","@id":"https:\/\/hostallacreu.com\/en\/entorn\/espais-naturals\/serra-de-llaberia\/","url":"https:\/\/hostallacreu.com\/en\/entorn\/espais-naturals\/serra-de-llaberia\/","name":"Serra de Llaberia - Hostal Gastron\u00f2mic La Creu","isPartOf":{"@id":"https:\/\/hostallacreu.com\/#website"},"primaryImageOfPage":{"@id":"https:\/\/hostallacreu.com\/en\/entorn\/espais-naturals\/serra-de-llaberia\/#primaryimage"},"image":{"@id":"https:\/\/hostallacreu.com\/en\/entorn\/espais-naturals\/serra-de-llaberia\/#primaryimage"},"thumbnailUrl":"http:\/\/hostallacreu.com\/wp-content\/uploads\/2014\/11\/SERRA-DE-LLABERIA-RIBERA-DEBRE-TURISME-01.jpg","datePublished":"2023-11-28T15:49:09+00:00","dateModified":"2023-11-28T15:49:10+00:00","breadcrumb":{"@id":"https:\/\/hostallacreu.com\/en\/entorn\/espais-naturals\/serra-de-llaberia\/#breadcrumb"},"inLanguage":"en-US","potentialAction":[{"@type":"ReadAction","target":["https:\/\/hostallacreu.com\/en\/entorn\/espais-naturals\/serra-de-llaberia\/"]}]},{"@type":"ImageObject","inLanguage":"en-US","@id":"https:\/\/hostallacreu.com\/en\/entorn\/espais-naturals\/serra-de-llaberia\/#primaryimage","url":"http:\/\/hostallacreu.com\/wp-content\/uploads\/2014\/11\/SERRA-DE-LLABERIA-RIBERA-DEBRE-TURISME-01.jpg","contentUrl":"http:\/\/hostallacreu.com\/wp-content\/uploads\/2014\/11\/SERRA-DE-LLABERIA-RIBERA-DEBRE-TURISME-01.jpg"},{"@type":"BreadcrumbList","@id":"https:\/\/hostallacreu.com\/en\/entorn\/espais-naturals\/serra-de-llaberia\/#breadcrumb","itemListElement":[{"@type":"ListItem","position":1,"name":"Home","item":"https:\/\/hostallacreu.com\/en\/"},{"@type":"ListItem","position":2,"name":"Entorn","item":"https:\/\/hostallacreu.com\/en\/entorn\/"},{"@type":"ListItem","position":3,"name":"Espais naturals","item":"https:\/\/hostallacreu.com\/en\/entorn\/espais-naturals\/"},{"@type":"ListItem","position":4,"name":"Serra de Llaberia"}]},{"@type":"WebSite","@id":"https:\/\/hostallacreu.com\/#website","url":"https:\/\/hostallacreu.com\/","name":"Hostal Gastron\u00f2mic La Creu","description":"El teu allotjament i restaurant a la Ribera d&#039;Ebre","potentialAction":[{"@type":"SearchAction","target":{"@type":"EntryPoint","urlTemplate":"https:\/\/hostallacreu.com\/?s={search_term_string}"},"query-input":{"@type":"PropertyValueSpecification","valueRequired":true,"valueName":"search_term_string"}}],"inLanguage":"en-US"}]}},"_links":{"self":[{"href":"https:\/\/hostallacreu.com\/en\/wp-json\/wp\/v2\/pages\/3159","targetHints":{"allow":["GET"]}}],"collection":[{"href":"https:\/\/hostallacreu.com\/en\/wp-json\/wp\/v2\/pages"}],"about":[{"href":"https:\/\/hostallacreu.com\/en\/wp-json\/wp\/v2\/types\/page"}],"author":[{"embeddable":true,"href":"https:\/\/hostallacreu.com\/en\/wp-json\/wp\/v2\/users\/3"}],"replies":[{"embeddable":true,"href":"https:\/\/hostallacreu.com\/en\/wp-json\/wp\/v2\/comments?post=3159"}],"version-history":[{"count":1,"href":"https:\/\/hostallacreu.com\/en\/wp-json\/wp\/v2\/pages\/3159\/revisions"}],"predecessor-version":[{"id":3160,"href":"https:\/\/hostallacreu.com\/en\/wp-json\/wp\/v2\/pages\/3159\/revisions\/3160"}],"up":[{"embeddable":true,"href":"https:\/\/hostallacreu.com\/en\/wp-json\/wp\/v2\/pages\/3157"}],"wp:attachment":[{"href":"https:\/\/hostallacreu.com\/en\/wp-json\/wp\/v2\/media?parent=3159"}],"curies":[{"name":"wp","href":"https:\/\/api.w.org\/{rel}","templated":true}]}}