{"id":3154,"date":"2023-11-28T15:49:20","date_gmt":"2023-11-28T15:49:20","guid":{"rendered":"https:\/\/hostallacreu.com\/?page_id=3154"},"modified":"2023-11-28T15:49:20","modified_gmt":"2023-11-28T15:49:20","slug":"castell-de-flix","status":"publish","type":"page","link":"https:\/\/hostallacreu.com\/en\/entorn\/castells\/castell-de-flix\/","title":{"rendered":"Castell de Flix"},"content":{"rendered":"<h1><strong>La vila de Flix disposa de dos castells, el vell i el nou, per\u00f2 en aquest cas ens ocuparem del castell nou, d\u2019\u00e8poca carlina i amb millor estat de conservaci\u00f3.<\/strong><\/h1>\n<p><a href=\"https:\/\/hostallacreu.com\/wp-content\/uploads\/2014\/11\/castell-flix-terres-ebre-turisme-ribera-hotel-011.jpg\"><img loading=\"lazy\" decoding=\"async\" class=\"alignright size-full wp-image-324\" src=\"https:\/\/hostallacreu.com\/wp-content\/uploads\/2014\/11\/castell-flix-terres-ebre-turisme-ribera-hotel-011.jpg\" alt=\"castell flix terres ebre turisme ribera hotel-01\" width=\"2588\" height=\"877\" srcset=\"https:\/\/hostallacreu.com\/wp-content\/uploads\/2014\/11\/castell-flix-terres-ebre-turisme-ribera-hotel-011.jpg 2588w, https:\/\/hostallacreu.com\/wp-content\/uploads\/2014\/11\/castell-flix-terres-ebre-turisme-ribera-hotel-011-300x101.jpg 300w, https:\/\/hostallacreu.com\/wp-content\/uploads\/2014\/11\/castell-flix-terres-ebre-turisme-ribera-hotel-011-1024x347.jpg 1024w, https:\/\/hostallacreu.com\/wp-content\/uploads\/2014\/11\/castell-flix-terres-ebre-turisme-ribera-hotel-011-624x211.jpg 624w\" sizes=\"auto, (max-width: 2588px) 100vw, 2588px\" \/><\/a><\/p>\n<p>Se situa al nord-est del nucli urb\u00e0, dalt d\u2019un tur\u00f3 situat dins del meandre que conforma el riu Ebre i molt a prop del cementiri del poble. \u00c9s visible des de bona part de les proximitats de Flix i la senyalitzaci\u00f3 direccional per arribar-hi \u00e9s bona, tant des de Lleida com des d\u2019Asc\u00f3 i Tortosa.<\/p>\n<p><a href=\"https:\/\/hostallacreu.com\/wp-content\/uploads\/2014\/11\/castell-de-flix-01.jpg\"><img loading=\"lazy\" decoding=\"async\" class=\"alignright size-full wp-image-323\" src=\"https:\/\/hostallacreu.com\/wp-content\/uploads\/2014\/11\/castell-de-flix-01.jpg\" alt=\"castell de flix-01\" width=\"2588\" height=\"877\" srcset=\"https:\/\/hostallacreu.com\/wp-content\/uploads\/2014\/11\/castell-de-flix-01.jpg 2588w, https:\/\/hostallacreu.com\/wp-content\/uploads\/2014\/11\/castell-de-flix-01-300x101.jpg 300w, https:\/\/hostallacreu.com\/wp-content\/uploads\/2014\/11\/castell-de-flix-01-1024x347.jpg 1024w, https:\/\/hostallacreu.com\/wp-content\/uploads\/2014\/11\/castell-de-flix-01-624x211.jpg 624w\" sizes=\"auto, (max-width: 2588px) 100vw, 2588px\" \/><\/a><\/p>\n<p>El castell de Flix \u00e9s de petites dimensions, s\u2019aixeca sota antics vestigis romans i ibers. S\u2019erig\u00ed l\u2019any 1874, despr\u00e9s que el castell vell o sarra\u00ed de dins la vila fos destru\u00eft durant la Guerra de Successi\u00f3. El comte de Morella orden\u00e0 construir el castell amb l\u2019objectiu de protegir la dreta de l\u2019Ebre durant la tercera guerra carlina. La construcci\u00f3 la dirig\u00ed el mestre d\u2019obres tortos\u00ed Gaet\u00e0 Blanch Sebasti\u00e0 i en la seva construcci\u00f3 hi col\u00b7laboraren de manera for\u00e7osa habitants de Flix i de pobles de la rodalia.<\/p>\n<p><a href=\"https:\/\/hostallacreu.com\/wp-content\/uploads\/2014\/11\/castell-de-flix-turisme-ribera-debre-7_opt.jpg\"><img loading=\"lazy\" decoding=\"async\" class=\"alignright size-full wp-image-326\" src=\"https:\/\/hostallacreu.com\/wp-content\/uploads\/2014\/11\/castell-de-flix-turisme-ribera-debre-7_opt.jpg\" alt=\"castell-de-flix-turisme-ribera-debre-7_opt\" width=\"400\" height=\"299\" srcset=\"https:\/\/hostallacreu.com\/wp-content\/uploads\/2014\/11\/castell-de-flix-turisme-ribera-debre-7_opt.jpg 400w, https:\/\/hostallacreu.com\/wp-content\/uploads\/2014\/11\/castell-de-flix-turisme-ribera-debre-7_opt-300x224.jpg 300w\" sizes=\"auto, (max-width: 400px) 100vw, 400px\" \/><\/a><\/p>\n<p>La fortificaci\u00f3 presenta una planta irregular formada per tres torres circulars, unides per murs i amb un pati interior que conserva una gran cisterna de planta ovalada.<\/p>\n<p>Des del castell s\u2019observen unes magn\u00edfiques vistes del meandre de Flix, la poblaci\u00f3 i el pant\u00e0 de Flix.<\/p>\n<p><strong>VISITES<\/strong><\/p>\n<p><em>Cal concertar-les, trucant a les oficines de l\u2019Ajuntament de Flix, de dilluns a divendres de 9 h.\u00a0a 14 h, tel. 977 410 153, o b\u00e9 adre\u00e7ant la sol\u00b7licitud al correu <a href=\"mailto:associaciolacana@gmail.com\">associaciolacana@gmail.com<\/a>. Per poder garantir-ho, es recomana fer la concertaci\u00f3 amb una antelaci\u00f3 de dos dies abans de la visita.<\/em><\/p>\n<p><em><strong>Preu entrada<\/strong>: general, 2 \u20ac; redu\u00efda, 1 \u20ac.<\/em><\/p>\n<p><em>Entrada redu\u00efda: Grups de 10 persones o m\u00e9s i socis de l\u2019Associaci\u00f3 La Cana.<\/em><\/p>\n<p><em>Entrada gratu\u00efta: Grups d\u2019associacions culturals, grups escolars, menors de 12 anys i majors de 65 anys.<\/em><\/p>\n<p><strong>Fonts:<\/strong> <a title=\"castell de flix\" href=\"http:\/\/www.flix.cat\/index.php\/es\/que-fer\/105-que-fer\/visites\/217-natura-reserva11\">Ajuntament de Flix<\/a><\/p>\n","protected":false},"excerpt":{"rendered":"<p>La vila de Flix disposa de dos castells, el vell i el nou, per\u00f2 en aquest cas ens ocuparem del castell nou, d\u2019\u00e8poca carlina i amb millor estat de conservaci\u00f3. Se situa al nord-est del nucli urb\u00e0, dalt d\u2019un tur\u00f3 situat dins del meandre que conforma el riu Ebre i molt a prop del cementiri [&hellip;]<\/p>\n","protected":false},"author":3,"featured_media":0,"parent":3153,"menu_order":0,"comment_status":"closed","ping_status":"closed","template":"","meta":{"_monsterinsights_skip_tracking":false,"_monsterinsights_sitenote_active":false,"_monsterinsights_sitenote_note":"","_monsterinsights_sitenote_category":0,"footnotes":""},"class_list":["post-3154","page","type-page","status-publish","hentry"],"yoast_head":"<!-- This site is optimized with the Yoast SEO plugin v26.2 - https:\/\/yoast.com\/wordpress\/plugins\/seo\/ -->\n<title>Castell de Flix - Hostal Gastron\u00f2mic La Creu<\/title>\n<meta name=\"robots\" content=\"index, follow, max-snippet:-1, max-image-preview:large, max-video-preview:-1\" \/>\n<link rel=\"canonical\" href=\"https:\/\/hostallacreu.com\/en\/entorn\/castells\/castell-de-flix\/\" \/>\n<meta property=\"og:locale\" content=\"en_US\" \/>\n<meta property=\"og:type\" content=\"article\" \/>\n<meta property=\"og:title\" content=\"Castell de Flix - Hostal Gastron\u00f2mic La Creu\" \/>\n<meta property=\"og:description\" content=\"La vila de Flix disposa de dos castells, el vell i el nou, per\u00f2 en aquest cas ens ocuparem del castell nou, d\u2019\u00e8poca carlina i amb millor estat de conservaci\u00f3. Se situa al nord-est del nucli urb\u00e0, dalt d\u2019un tur\u00f3 situat dins del meandre que conforma el riu Ebre i molt a prop del cementiri [&hellip;]\" \/>\n<meta property=\"og:url\" content=\"https:\/\/hostallacreu.com\/en\/entorn\/castells\/castell-de-flix\/\" \/>\n<meta property=\"og:site_name\" content=\"Hostal Gastron\u00f2mic La Creu\" \/>\n<meta property=\"og:image\" content=\"http:\/\/hostallacreu.com\/wp-content\/uploads\/2014\/11\/castell-flix-terres-ebre-turisme-ribera-hotel-011.jpg\" \/>\n<meta name=\"twitter:label1\" content=\"Est. reading time\" \/>\n\t<meta name=\"twitter:data1\" content=\"3 minutes\" \/>\n<script type=\"application\/ld+json\" class=\"yoast-schema-graph\">{\"@context\":\"https:\/\/schema.org\",\"@graph\":[{\"@type\":\"WebPage\",\"@id\":\"https:\/\/hostallacreu.com\/en\/entorn\/castells\/castell-de-flix\/\",\"url\":\"https:\/\/hostallacreu.com\/en\/entorn\/castells\/castell-de-flix\/\",\"name\":\"Castell de Flix - Hostal Gastron\u00f2mic La Creu\",\"isPartOf\":{\"@id\":\"https:\/\/hostallacreu.com\/#website\"},\"primaryImageOfPage\":{\"@id\":\"https:\/\/hostallacreu.com\/en\/entorn\/castells\/castell-de-flix\/#primaryimage\"},\"image\":{\"@id\":\"https:\/\/hostallacreu.com\/en\/entorn\/castells\/castell-de-flix\/#primaryimage\"},\"thumbnailUrl\":\"http:\/\/hostallacreu.com\/wp-content\/uploads\/2014\/11\/castell-flix-terres-ebre-turisme-ribera-hotel-011.jpg\",\"datePublished\":\"2023-11-28T15:49:20+00:00\",\"breadcrumb\":{\"@id\":\"https:\/\/hostallacreu.com\/en\/entorn\/castells\/castell-de-flix\/#breadcrumb\"},\"inLanguage\":\"en-US\",\"potentialAction\":[{\"@type\":\"ReadAction\",\"target\":[\"https:\/\/hostallacreu.com\/en\/entorn\/castells\/castell-de-flix\/\"]}]},{\"@type\":\"ImageObject\",\"inLanguage\":\"en-US\",\"@id\":\"https:\/\/hostallacreu.com\/en\/entorn\/castells\/castell-de-flix\/#primaryimage\",\"url\":\"http:\/\/hostallacreu.com\/wp-content\/uploads\/2014\/11\/castell-flix-terres-ebre-turisme-ribera-hotel-011.jpg\",\"contentUrl\":\"http:\/\/hostallacreu.com\/wp-content\/uploads\/2014\/11\/castell-flix-terres-ebre-turisme-ribera-hotel-011.jpg\"},{\"@type\":\"BreadcrumbList\",\"@id\":\"https:\/\/hostallacreu.com\/en\/entorn\/castells\/castell-de-flix\/#breadcrumb\",\"itemListElement\":[{\"@type\":\"ListItem\",\"position\":1,\"name\":\"Home\",\"item\":\"https:\/\/hostallacreu.com\/en\/\"},{\"@type\":\"ListItem\",\"position\":2,\"name\":\"Entorn\",\"item\":\"https:\/\/hostallacreu.com\/en\/entorn\/\"},{\"@type\":\"ListItem\",\"position\":3,\"name\":\"Castells\",\"item\":\"https:\/\/hostallacreu.com\/en\/entorn\/castells\/\"},{\"@type\":\"ListItem\",\"position\":4,\"name\":\"Castell de Flix\"}]},{\"@type\":\"WebSite\",\"@id\":\"https:\/\/hostallacreu.com\/#website\",\"url\":\"https:\/\/hostallacreu.com\/\",\"name\":\"Hostal Gastron\u00f2mic La Creu\",\"description\":\"El teu allotjament i restaurant a la Ribera d&#039;Ebre\",\"potentialAction\":[{\"@type\":\"SearchAction\",\"target\":{\"@type\":\"EntryPoint\",\"urlTemplate\":\"https:\/\/hostallacreu.com\/?s={search_term_string}\"},\"query-input\":{\"@type\":\"PropertyValueSpecification\",\"valueRequired\":true,\"valueName\":\"search_term_string\"}}],\"inLanguage\":\"en-US\"}]}<\/script>\n<!-- \/ Yoast SEO plugin. -->","yoast_head_json":{"title":"Castell de Flix - Hostal Gastron\u00f2mic La Creu","robots":{"index":"index","follow":"follow","max-snippet":"max-snippet:-1","max-image-preview":"max-image-preview:large","max-video-preview":"max-video-preview:-1"},"canonical":"https:\/\/hostallacreu.com\/en\/entorn\/castells\/castell-de-flix\/","og_locale":"en_US","og_type":"article","og_title":"Castell de Flix - Hostal Gastron\u00f2mic La Creu","og_description":"La vila de Flix disposa de dos castells, el vell i el nou, per\u00f2 en aquest cas ens ocuparem del castell nou, d\u2019\u00e8poca carlina i amb millor estat de conservaci\u00f3. Se situa al nord-est del nucli urb\u00e0, dalt d\u2019un tur\u00f3 situat dins del meandre que conforma el riu Ebre i molt a prop del cementiri [&hellip;]","og_url":"https:\/\/hostallacreu.com\/en\/entorn\/castells\/castell-de-flix\/","og_site_name":"Hostal Gastron\u00f2mic La Creu","og_image":[{"url":"http:\/\/hostallacreu.com\/wp-content\/uploads\/2014\/11\/castell-flix-terres-ebre-turisme-ribera-hotel-011.jpg","type":"","width":"","height":""}],"twitter_misc":{"Est. reading time":"3 minutes"},"schema":{"@context":"https:\/\/schema.org","@graph":[{"@type":"WebPage","@id":"https:\/\/hostallacreu.com\/en\/entorn\/castells\/castell-de-flix\/","url":"https:\/\/hostallacreu.com\/en\/entorn\/castells\/castell-de-flix\/","name":"Castell de Flix - Hostal Gastron\u00f2mic La Creu","isPartOf":{"@id":"https:\/\/hostallacreu.com\/#website"},"primaryImageOfPage":{"@id":"https:\/\/hostallacreu.com\/en\/entorn\/castells\/castell-de-flix\/#primaryimage"},"image":{"@id":"https:\/\/hostallacreu.com\/en\/entorn\/castells\/castell-de-flix\/#primaryimage"},"thumbnailUrl":"http:\/\/hostallacreu.com\/wp-content\/uploads\/2014\/11\/castell-flix-terres-ebre-turisme-ribera-hotel-011.jpg","datePublished":"2023-11-28T15:49:20+00:00","breadcrumb":{"@id":"https:\/\/hostallacreu.com\/en\/entorn\/castells\/castell-de-flix\/#breadcrumb"},"inLanguage":"en-US","potentialAction":[{"@type":"ReadAction","target":["https:\/\/hostallacreu.com\/en\/entorn\/castells\/castell-de-flix\/"]}]},{"@type":"ImageObject","inLanguage":"en-US","@id":"https:\/\/hostallacreu.com\/en\/entorn\/castells\/castell-de-flix\/#primaryimage","url":"http:\/\/hostallacreu.com\/wp-content\/uploads\/2014\/11\/castell-flix-terres-ebre-turisme-ribera-hotel-011.jpg","contentUrl":"http:\/\/hostallacreu.com\/wp-content\/uploads\/2014\/11\/castell-flix-terres-ebre-turisme-ribera-hotel-011.jpg"},{"@type":"BreadcrumbList","@id":"https:\/\/hostallacreu.com\/en\/entorn\/castells\/castell-de-flix\/#breadcrumb","itemListElement":[{"@type":"ListItem","position":1,"name":"Home","item":"https:\/\/hostallacreu.com\/en\/"},{"@type":"ListItem","position":2,"name":"Entorn","item":"https:\/\/hostallacreu.com\/en\/entorn\/"},{"@type":"ListItem","position":3,"name":"Castells","item":"https:\/\/hostallacreu.com\/en\/entorn\/castells\/"},{"@type":"ListItem","position":4,"name":"Castell de Flix"}]},{"@type":"WebSite","@id":"https:\/\/hostallacreu.com\/#website","url":"https:\/\/hostallacreu.com\/","name":"Hostal Gastron\u00f2mic La Creu","description":"El teu allotjament i restaurant a la Ribera d&#039;Ebre","potentialAction":[{"@type":"SearchAction","target":{"@type":"EntryPoint","urlTemplate":"https:\/\/hostallacreu.com\/?s={search_term_string}"},"query-input":{"@type":"PropertyValueSpecification","valueRequired":true,"valueName":"search_term_string"}}],"inLanguage":"en-US"}]}},"_links":{"self":[{"href":"https:\/\/hostallacreu.com\/en\/wp-json\/wp\/v2\/pages\/3154","targetHints":{"allow":["GET"]}}],"collection":[{"href":"https:\/\/hostallacreu.com\/en\/wp-json\/wp\/v2\/pages"}],"about":[{"href":"https:\/\/hostallacreu.com\/en\/wp-json\/wp\/v2\/types\/page"}],"author":[{"embeddable":true,"href":"https:\/\/hostallacreu.com\/en\/wp-json\/wp\/v2\/users\/3"}],"replies":[{"embeddable":true,"href":"https:\/\/hostallacreu.com\/en\/wp-json\/wp\/v2\/comments?post=3154"}],"version-history":[{"count":1,"href":"https:\/\/hostallacreu.com\/en\/wp-json\/wp\/v2\/pages\/3154\/revisions"}],"predecessor-version":[{"id":3165,"href":"https:\/\/hostallacreu.com\/en\/wp-json\/wp\/v2\/pages\/3154\/revisions\/3165"}],"up":[{"embeddable":true,"href":"https:\/\/hostallacreu.com\/en\/wp-json\/wp\/v2\/pages\/3153"}],"wp:attachment":[{"href":"https:\/\/hostallacreu.com\/en\/wp-json\/wp\/v2\/media?parent=3154"}],"curies":[{"name":"wp","href":"https:\/\/api.w.org\/{rel}","templated":true}]}}