{"id":3150,"date":"2023-11-28T15:49:30","date_gmt":"2023-11-28T15:49:30","guid":{"rendered":"https:\/\/hostallacreu.com\/?page_id=3150"},"modified":"2025-10-21T16:57:16","modified_gmt":"2025-10-21T16:57:16","slug":"entorn","status":"publish","type":"page","link":"https:\/\/hostallacreu.com\/en\/entorn\/","title":{"rendered":"Entorn"},"content":{"rendered":"<div id=\"metaslider-id-3819\" style=\"width: 100%;\" class=\"ml-slider-3-102-0 metaslider metaslider-flex metaslider-3819 ml-slider has-dots-nav ms-theme-default-base\" role=\"region\" aria-label=\"Entorn\" data-height=\"400\" data-width=\"1180\">\n    <div id=\"metaslider_container_3819\">\n        <div id=\"metaslider_3819\">\n            <ul aria-live='off' class='slides'>\n                <li style=\"display: block; width: 100%;\" class=\"slide-3820 ms-image \" aria-roledescription=\"slide\" data-date=\"2025-10-21 16:07:22\" data-slide-type=\"image\"><img loading=\"lazy\" decoding=\"async\" src=\"https:\/\/hostallacreu.com\/wp-content\/uploads\/2014\/11\/hostal-gastron\u00f2mic-la-creu-turisme-ribera-ebre-terres-ebre-pont-arcades-01.jpg\" height=\"400\" width=\"1180\" alt=\"\" class=\"slider-3819 slide-3820 msDefaultImage\" title=\"hostal gastron\u00f2mic la creu turisme ribera ebre terres ebre pont arcades-01\" \/><\/li>\n                <li style=\"display: none; width: 100%;\" class=\"slide-3821 ms-image \" aria-roledescription=\"slide\" data-date=\"2025-10-21 16:07:23\" data-slide-type=\"image\"><img loading=\"lazy\" decoding=\"async\" src=\"https:\/\/hostallacreu.com\/wp-content\/uploads\/2014\/11\/hotel-la-creu-mora-ebre-tarragona-01.jpg\" height=\"400\" width=\"1180\" alt=\"\" class=\"slider-3819 slide-3821 msDefaultImage\" title=\"hotel la creu mora ebre tarragona-01\" \/><\/li>\n                <li style=\"display: none; width: 100%;\" class=\"slide-3822 ms-image \" aria-roledescription=\"slide\" data-date=\"2025-10-21 16:07:23\" data-slide-type=\"image\"><img loading=\"lazy\" decoding=\"async\" src=\"https:\/\/hostallacreu.com\/wp-content\/uploads\/2014\/11\/navegar-caiac-kaiak-riu-ebro-ribera-ebre-terres-ebre-catalunya-01.jpg\" height=\"400\" width=\"1180\" alt=\"\" class=\"slider-3819 slide-3822 msDefaultImage\" title=\"navegar caiac kaiak riu ebro ribera ebre terres ebre catalunya-01\" \/><\/li>\n                <li style=\"display: none; width: 100%;\" class=\"slide-3823 ms-image \" aria-roledescription=\"slide\" data-date=\"2025-10-21 16:07:23\" data-slide-type=\"image\"><img loading=\"lazy\" decoding=\"async\" src=\"https:\/\/hostallacreu.com\/wp-content\/uploads\/2014\/11\/miravet-turisme-terres-ebre-catalunya-ribera-ebre-hotel-01.jpg\" height=\"400\" width=\"1180\" alt=\"\" class=\"slider-3819 slide-3823 msDefaultImage\" title=\"miravet turisme terres ebre catalunya ribera ebre hotel-01\" \/><\/li>\n                <li style=\"display: none; width: 100%;\" class=\"slide-3826 ms-image \" aria-roledescription=\"slide\" data-date=\"2025-10-21 16:11:45\" data-slide-type=\"image\"><img loading=\"lazy\" decoding=\"async\" src=\"https:\/\/hostallacreu.com\/wp-content\/uploads\/2014\/11\/mora-ebre-turisme-ribera-ebre-terres-catalunya-01.jpg\" height=\"400\" width=\"1180\" alt=\"\" class=\"slider-3819 slide-3826 msDefaultImage\" title=\"mora ebre turisme ribera ebre terres catalunya-01\" \/><\/li>\n                <li style=\"display: none; width: 100%;\" class=\"slide-3827 ms-image \" aria-roledescription=\"slide\" data-date=\"2025-10-21 16:12:04\" data-slide-type=\"image\"><img loading=\"lazy\" decoding=\"async\" src=\"https:\/\/hostallacreu.com\/wp-content\/uploads\/2014\/11\/balneari-de-cardo-01.jpg\" height=\"400\" width=\"1180\" alt=\"\" class=\"slider-3819 slide-3827 msDefaultImage\" title=\"balneari de cardo-01\" \/><\/li>\n            <\/ul>\n        <\/div>\n        \n    <\/div>\n<\/div>\n\n\n<p>Des de l\u2019Hostal Gastron\u00f2mic La Creu us proposem tot un seguit d\u2019indrets qu\u00e8 cal visitar de la Ribera d&#8217;Ebre i les Terres de l\u2019Ebre com <strong>pobles, llocs d\u2019inter\u00e8s, centres d\u2019interpretaci\u00f3, museus i espais naturals<\/strong> amb l\u2019objectiu de qu\u00e8 els nostres hostes i clients disposin d\u2019informaci\u00f3 tur\u00edstica \u00fatil per a organitzar els seus viatges.<\/p>","protected":false},"excerpt":{"rendered":"<p>Des de l\u2019Hostal Gastron\u00f2mic La Creu us proposem tot un seguit d\u2019indrets qu\u00e8 cal visitar de la Ribera d&#8217;Ebre i les Terres de l\u2019Ebre com pobles, llocs d\u2019inter\u00e8s, centres d\u2019interpretaci\u00f3, museus i espais naturals amb l\u2019objectiu de qu\u00e8 els nostres hostes i clients disposin d\u2019informaci\u00f3 tur\u00edstica \u00fatil per a organitzar els seus viatges.<\/p>\n","protected":false},"author":3,"featured_media":0,"parent":0,"menu_order":30,"comment_status":"open","ping_status":"closed","template":"","meta":{"_monsterinsights_skip_tracking":false,"_monsterinsights_sitenote_active":false,"_monsterinsights_sitenote_note":"","_monsterinsights_sitenote_category":0,"footnotes":""},"class_list":["post-3150","page","type-page","status-publish","hentry"],"yoast_head":"<!-- This site is optimized with the Yoast SEO plugin v26.2 - https:\/\/yoast.com\/wordpress\/plugins\/seo\/ -->\n<title>Entorn - Hostal Gastron\u00f2mic La Creu<\/title>\n<meta name=\"robots\" content=\"index, follow, max-snippet:-1, max-image-preview:large, max-video-preview:-1\" \/>\n<link rel=\"canonical\" href=\"https:\/\/hostallacreu.com\/en\/entorn\/\" \/>\n<meta property=\"og:locale\" content=\"en_US\" \/>\n<meta property=\"og:type\" content=\"article\" \/>\n<meta property=\"og:title\" content=\"Entorn - Hostal Gastron\u00f2mic La Creu\" \/>\n<meta property=\"og:description\" content=\"Des de l\u2019Hostal Gastron\u00f2mic La Creu us proposem tot un seguit d\u2019indrets qu\u00e8 cal visitar de la Ribera d&#8217;Ebre i les Terres de l\u2019Ebre com pobles, llocs d\u2019inter\u00e8s, centres d\u2019interpretaci\u00f3, museus i espais naturals amb l\u2019objectiu de qu\u00e8 els nostres hostes i clients disposin d\u2019informaci\u00f3 tur\u00edstica \u00fatil per a organitzar els seus viatges.\" \/>\n<meta property=\"og:url\" content=\"https:\/\/hostallacreu.com\/en\/entorn\/\" \/>\n<meta property=\"og:site_name\" content=\"Hostal Gastron\u00f2mic La Creu\" \/>\n<meta property=\"article:modified_time\" content=\"2025-10-21T16:57:16+00:00\" \/>\n<meta name=\"twitter:label1\" content=\"Est. reading time\" \/>\n\t<meta name=\"twitter:data1\" content=\"1 minute\" \/>\n<script type=\"application\/ld+json\" class=\"yoast-schema-graph\">{\"@context\":\"https:\/\/schema.org\",\"@graph\":[{\"@type\":\"WebPage\",\"@id\":\"https:\/\/hostallacreu.com\/en\/entorn\/\",\"url\":\"https:\/\/hostallacreu.com\/en\/entorn\/\",\"name\":\"Entorn - Hostal Gastron\u00f2mic La Creu\",\"isPartOf\":{\"@id\":\"https:\/\/hostallacreu.com\/#website\"},\"datePublished\":\"2023-11-28T15:49:30+00:00\",\"dateModified\":\"2025-10-21T16:57:16+00:00\",\"breadcrumb\":{\"@id\":\"https:\/\/hostallacreu.com\/en\/entorn\/#breadcrumb\"},\"inLanguage\":\"en-US\",\"potentialAction\":[{\"@type\":\"ReadAction\",\"target\":[\"https:\/\/hostallacreu.com\/en\/entorn\/\"]}]},{\"@type\":\"BreadcrumbList\",\"@id\":\"https:\/\/hostallacreu.com\/en\/entorn\/#breadcrumb\",\"itemListElement\":[{\"@type\":\"ListItem\",\"position\":1,\"name\":\"Home\",\"item\":\"https:\/\/hostallacreu.com\/en\/\"},{\"@type\":\"ListItem\",\"position\":2,\"name\":\"Entorn\"}]},{\"@type\":\"WebSite\",\"@id\":\"https:\/\/hostallacreu.com\/#website\",\"url\":\"https:\/\/hostallacreu.com\/\",\"name\":\"Hostal Gastron\u00f2mic La Creu\",\"description\":\"El teu allotjament i restaurant a la Ribera d&#039;Ebre\",\"potentialAction\":[{\"@type\":\"SearchAction\",\"target\":{\"@type\":\"EntryPoint\",\"urlTemplate\":\"https:\/\/hostallacreu.com\/?s={search_term_string}\"},\"query-input\":{\"@type\":\"PropertyValueSpecification\",\"valueRequired\":true,\"valueName\":\"search_term_string\"}}],\"inLanguage\":\"en-US\"}]}<\/script>\n<!-- \/ Yoast SEO plugin. -->","yoast_head_json":{"title":"Entorn - Hostal Gastron\u00f2mic La Creu","robots":{"index":"index","follow":"follow","max-snippet":"max-snippet:-1","max-image-preview":"max-image-preview:large","max-video-preview":"max-video-preview:-1"},"canonical":"https:\/\/hostallacreu.com\/en\/entorn\/","og_locale":"en_US","og_type":"article","og_title":"Entorn - Hostal Gastron\u00f2mic La Creu","og_description":"Des de l\u2019Hostal Gastron\u00f2mic La Creu us proposem tot un seguit d\u2019indrets qu\u00e8 cal visitar de la Ribera d&#8217;Ebre i les Terres de l\u2019Ebre com pobles, llocs d\u2019inter\u00e8s, centres d\u2019interpretaci\u00f3, museus i espais naturals amb l\u2019objectiu de qu\u00e8 els nostres hostes i clients disposin d\u2019informaci\u00f3 tur\u00edstica \u00fatil per a organitzar els seus viatges.","og_url":"https:\/\/hostallacreu.com\/en\/entorn\/","og_site_name":"Hostal Gastron\u00f2mic La Creu","article_modified_time":"2025-10-21T16:57:16+00:00","twitter_misc":{"Est. reading time":"1 minute"},"schema":{"@context":"https:\/\/schema.org","@graph":[{"@type":"WebPage","@id":"https:\/\/hostallacreu.com\/en\/entorn\/","url":"https:\/\/hostallacreu.com\/en\/entorn\/","name":"Entorn - Hostal Gastron\u00f2mic La Creu","isPartOf":{"@id":"https:\/\/hostallacreu.com\/#website"},"datePublished":"2023-11-28T15:49:30+00:00","dateModified":"2025-10-21T16:57:16+00:00","breadcrumb":{"@id":"https:\/\/hostallacreu.com\/en\/entorn\/#breadcrumb"},"inLanguage":"en-US","potentialAction":[{"@type":"ReadAction","target":["https:\/\/hostallacreu.com\/en\/entorn\/"]}]},{"@type":"BreadcrumbList","@id":"https:\/\/hostallacreu.com\/en\/entorn\/#breadcrumb","itemListElement":[{"@type":"ListItem","position":1,"name":"Home","item":"https:\/\/hostallacreu.com\/en\/"},{"@type":"ListItem","position":2,"name":"Entorn"}]},{"@type":"WebSite","@id":"https:\/\/hostallacreu.com\/#website","url":"https:\/\/hostallacreu.com\/","name":"Hostal Gastron\u00f2mic La Creu","description":"El teu allotjament i restaurant a la Ribera d&#039;Ebre","potentialAction":[{"@type":"SearchAction","target":{"@type":"EntryPoint","urlTemplate":"https:\/\/hostallacreu.com\/?s={search_term_string}"},"query-input":{"@type":"PropertyValueSpecification","valueRequired":true,"valueName":"search_term_string"}}],"inLanguage":"en-US"}]}},"_links":{"self":[{"href":"https:\/\/hostallacreu.com\/en\/wp-json\/wp\/v2\/pages\/3150","targetHints":{"allow":["GET"]}}],"collection":[{"href":"https:\/\/hostallacreu.com\/en\/wp-json\/wp\/v2\/pages"}],"about":[{"href":"https:\/\/hostallacreu.com\/en\/wp-json\/wp\/v2\/types\/page"}],"author":[{"embeddable":true,"href":"https:\/\/hostallacreu.com\/en\/wp-json\/wp\/v2\/users\/3"}],"replies":[{"embeddable":true,"href":"https:\/\/hostallacreu.com\/en\/wp-json\/wp\/v2\/comments?post=3150"}],"version-history":[{"count":2,"href":"https:\/\/hostallacreu.com\/en\/wp-json\/wp\/v2\/pages\/3150\/revisions"}],"predecessor-version":[{"id":3876,"href":"https:\/\/hostallacreu.com\/en\/wp-json\/wp\/v2\/pages\/3150\/revisions\/3876"}],"wp:attachment":[{"href":"https:\/\/hostallacreu.com\/en\/wp-json\/wp\/v2\/media?parent=3150"}],"curies":[{"name":"wp","href":"https:\/\/api.w.org\/{rel}","templated":true}]}}